{"id":9274,"date":"2020-11-04T12:49:36","date_gmt":"2020-11-04T11:49:36","guid":{"rendered":"https:\/\/serveiseducatius.xtec.cat\/cda-flix\/?page_id=9274"},"modified":"2024-10-28T11:28:35","modified_gmt":"2024-10-28T10:28:35","slug":"quines","status":"publish","type":"page","link":"https:\/\/serveiseducatius.xtec.cat\/cda-flix\/modalitats\/quines\/","title":{"rendered":"Quines?"},"content":{"rendered":"<p>El <span style=\"color: #008080;\"><strong>Camp d&#8217;aprenentatge de Flix<\/strong><\/span> comparteix quatre<strong>\u00a0modalitats<\/strong> amb els centres educatius:<\/p>\n<ol>\n<li style=\"text-align: justify;\"><span style=\"color: #800080;\"><strong>SORTIDES<\/strong><\/span>: s\u00f3n experi\u00e8ncies educatives d&#8217;un dia, que consten d&#8217;una o dues pr\u00e0ctiques d&#8217;aprenenatge (depenen del temps que estiguin l&#8217;alumnat estadant amb l&#8217;equip educatiu) i, que normalment es duen a terme amb centres propers o de comarques ve\u00efnes. (VEURE ELS APARTATS de Sortides Prim\u00e0ria i el de Sortides Secund\u00e0ria).<\/li>\n<li style=\"text-align: justify;\"><span style=\"color: #ff6600;\"><strong>ESTADES PRIM\u00c0RIA<\/strong>:<span style=\"color: #000000;\"> s\u00f3n experi\u00e8ncies educatives que comprenen de dos a cinc dies, segons la sol\u00b7licitud del centre educatiu. La seq\u00fc\u00e8ncia did\u00e0ctica tamb\u00e9 es dissenya conjuntament amb els centres, i aquest cop cal afegir, la coordinaci\u00f3 que s&#8217;estableix amb l&#8217;<a href=\"https:\/\/serveiseducatius.xtec.cat\/cda-flix\/el-camp\/allotjament\/\" target=\"_blank\" rel=\"noopener noreferrer\"><span style=\"color: #ff9900;\">alberg<\/span><\/a> local que ofereix l&#8217;<a href=\"https:\/\/serveiseducatius.xtec.cat\/cda-flix\/el-camp\/allotjament\/\" target=\"_blank\" rel=\"noopener noreferrer\"><span style=\"color: #339966;\">allotjament<\/span><\/a> als centres educatius estadants, aix\u00ed com la possibilitat d&#8217;escollir <span style=\"color: #ff0000;\">activitats complement\u00e0ries<\/span>\u00a0(VEURE L&#8217;APARTAT Estades Prim\u00e0ria).<\/span><\/span><\/li>\n<li style=\"text-align: justify;\"><strong><span style=\"color: #ff00ff;\">ESTADES SECUND\u00c0RIA: <\/span><\/strong><span style=\"color: #000000;\">s\u00f3n experi\u00e8ncies educatives en format d&#8217;itinerari d&#8217;aprenentatge, previ, durant i despr\u00e9s de l&#8217;estada. L&#8217;estada \u00e9s de tres dies i est\u00e0 orientada a alumnat de primer cicle o segon cicle de secund\u00e0ria amb un format ja definit, un orientat a la natura i l&#8217;altre a la Batalla de l&#8217;Ebre. (VEURE L&#8217;APARTAT Estades Secund\u00e0ria).\u00a0<\/span><\/li>\n<li style=\"text-align: justify;\"><span style=\"color: #008080;\"><strong>PROJECTES COMPARTITS<\/strong><\/span><span style=\"font-family: inherit; font-size: 1em;\">:\u00a0<\/span><span style=\"color: #000000;\">s\u00f3n experi\u00e8ncies educatives de nova creaci\u00f3 en <strong>entorns naturals comarcals<\/strong>, que consten d&#8217;un dia de presencialitat de l&#8217;equip educatiu al centre i a l&#8217;espai natural, i la durada final ve determinada per la inquietud de l&#8217;alumnat i els docents implicats. <strong><span style=\"color: #008080;\">Nom\u00e9s es realitzen en centres educatius pilot de la comarca de la Ribera d&#8217;Ebre<\/span><\/strong>. (VEURE LA PESTANYA PROJ. COMP.)<\/span><\/li>\n<\/ol>\n<h4><strong><span style=\"color: #ff0000;\">TROBADES DE COORDINACI\u00d3<\/span><\/strong><\/h4>\n<p style=\"text-align: justify;\"><span style=\"color: #000000;\">Per tal de dur a terme una seq\u00fc\u00e8ncia did\u00e0ctica qualitativa que pugui donar resposta a la confian\u00e7a dipositada en el nostre servei educatiu, considerem <span style=\"color: #ff0000;\"><strong>essencial\u00a0una adequada i constant coordinaci\u00f3<\/strong><\/span>, per tal de dissenyar la seq\u00fc\u00e8ncia did\u00e0ctica conjuntament, que doni resposta a les inquietuds de l&#8217;alumnat i, per tal preveure possibles adversitats, aix\u00ed com facilitar tota la informaci\u00f3 i recomanacions per part del nostre equip educatiu.<\/span><\/p>\n<p style=\"text-align: justify;\"><strong>Un cop us adjudiquem les dates de realitzaci\u00f3 de la seq\u00fc\u00e8ncia did\u00e0ctica i els centres les accepteu<\/strong>, el <strong><span style=\"color: #ff0000;\">primer contacte<\/span><\/strong> s&#8217;inicia a trav\u00e9s de les <strong><span style=\"color: #ff0000;\">Trobades de coordinaci\u00f3<\/span><\/strong>, amb format virtual i amb possibilitat de venir a visitar el Cda. S&#8217;adjudiquen segons la modalitat i nivell educatiu del qual vau realitzar la sol\u00b7licitud d&#8217;inscripci\u00f3. Aquestes trobades pretenen esdevenir com una presentaci\u00f3 i coneixen\u00e7a entre ambdues parts, aix\u00ed com per a resoldre molts dubtes inicials que pugueu tenir.<\/p>\n","protected":false},"excerpt":{"rendered":"<p>El Camp d&#8217;aprenentatge de Flix comparteix quatre\u00a0modalitats amb els centres educatius: SORTIDES: s\u00f3n experi\u00e8ncies educatives d&#8217;un dia, que consten d&#8217;una o dues pr\u00e0ctiques d&#8217;aprenenatge (depenen del temps que estiguin l&#8217;alumnat estadant amb l&#8217;equip educatiu) i, que normalment es duen a terme amb centres propers o de comarques ve\u00efnes. (VEURE ELS APARTATS de Sortides Prim\u00e0ria i [&hellip;]<\/p>\n","protected":false},"author":1,"featured_media":0,"parent":8260,"menu_order":1,"comment_status":"closed","ping_status":"closed","template":"page-templates\/side-menu.php","meta":{"_bbp_topic_count":0,"_bbp_reply_count":0,"_bbp_total_topic_count":0,"_bbp_total_reply_count":0,"_bbp_voice_count":0,"_bbp_anonymous_reply_count":0,"_bbp_topic_count_hidden":0,"_bbp_reply_count_hidden":0,"_bbp_forum_subforum_count":0,"site-sidebar-layout":"default","site-content-layout":"","ast-site-content-layout":"","site-content-style":"default","site-sidebar-style":"default","ast-global-header-display":"","ast-banner-title-visibility":"","ast-main-header-display":"","ast-hfb-above-header-display":"","ast-hfb-below-header-display":"","ast-hfb-mobile-header-display":"","site-post-title":"","ast-breadcrumbs-content":"","ast-featured-img":"","footer-sml-layout":"","theme-transparent-header-meta":"","adv-header-id-meta":"","stick-header-meta":"","header-above-stick-meta":"","header-main-stick-meta":"","header-below-stick-meta":"","astra-migrate-meta-layouts":"default","ast-page-background-enabled":"default","ast-page-background-meta":{"desktop":{"background-color":"var(--ast-global-color-4)","background-image":"","background-repeat":"repeat","background-position":"center center","background-size":"auto","background-attachment":"scroll","background-type":"","background-media":"","overlay-type":"","overlay-color":"","overlay-opacity":"","overlay-gradient":""},"tablet":{"background-color":"","background-image":"","background-repeat":"repeat","background-position":"center center","background-size":"auto","background-attachment":"scroll","background-type":"","background-media":"","overlay-type":"","overlay-color":"","overlay-opacity":"","overlay-gradient":""},"mobile":{"background-color":"","background-image":"","background-repeat":"repeat","background-position":"center center","background-size":"auto","background-attachment":"scroll","background-type":"","background-media":"","overlay-type":"","overlay-color":"","overlay-opacity":"","overlay-gradient":""}},"ast-content-background-meta":{"desktop":{"background-color":"var(--ast-global-color-5)","background-image":"","background-repeat":"repeat","background-position":"center center","background-size":"auto","background-attachment":"scroll","background-type":"","background-media":"","overlay-type":"","overlay-color":"","overlay-opacity":"","overlay-gradient":""},"tablet":{"background-color":"var(--ast-global-color-5)","background-image":"","background-repeat":"repeat","background-position":"center center","background-size":"auto","background-attachment":"scroll","background-type":"","background-media":"","overlay-type":"","overlay-color":"","overlay-opacity":"","overlay-gradient":""},"mobile":{"background-color":"var(--ast-global-color-5)","background-image":"","background-repeat":"repeat","background-position":"center center","background-size":"auto","background-attachment":"scroll","background-type":"","background-media":"","overlay-type":"","overlay-color":"","overlay-opacity":"","overlay-gradient":""}},"footnotes":""},"class_list":["post-9274","page","type-page","status-publish","hentry"],"post_mailing_queue_ids":[],"_links":{"self":[{"href":"https:\/\/serveiseducatius.xtec.cat\/cda-flix\/wp-json\/wp\/v2\/pages\/9274","targetHints":{"allow":["GET"]}}],"collection":[{"href":"https:\/\/serveiseducatius.xtec.cat\/cda-flix\/wp-json\/wp\/v2\/pages"}],"about":[{"href":"https:\/\/serveiseducatius.xtec.cat\/cda-flix\/wp-json\/wp\/v2\/types\/page"}],"author":[{"embeddable":true,"href":"https:\/\/serveiseducatius.xtec.cat\/cda-flix\/wp-json\/wp\/v2\/users\/1"}],"replies":[{"embeddable":true,"href":"https:\/\/serveiseducatius.xtec.cat\/cda-flix\/wp-json\/wp\/v2\/comments?post=9274"}],"version-history":[{"count":7,"href":"https:\/\/serveiseducatius.xtec.cat\/cda-flix\/wp-json\/wp\/v2\/pages\/9274\/revisions"}],"predecessor-version":[{"id":11595,"href":"https:\/\/serveiseducatius.xtec.cat\/cda-flix\/wp-json\/wp\/v2\/pages\/9274\/revisions\/11595"}],"up":[{"embeddable":true,"href":"https:\/\/serveiseducatius.xtec.cat\/cda-flix\/wp-json\/wp\/v2\/pages\/8260"}],"wp:attachment":[{"href":"https:\/\/serveiseducatius.xtec.cat\/cda-flix\/wp-json\/wp\/v2\/media?parent=9274"}],"curies":[{"name":"wp","href":"https:\/\/api.w.org\/{rel}","templated":true}]}}