{"id":8897,"date":"2019-11-27T19:40:43","date_gmt":"2019-11-27T18:40:43","guid":{"rendered":"https:\/\/serveiseducatius.xtec.cat\/cda-flix\/?page_id=8897"},"modified":"2022-10-19T10:23:21","modified_gmt":"2022-10-19T08:23:21","slug":"educacio-360","status":"publish","type":"page","link":"https:\/\/serveiseducatius.xtec.cat\/cda-flix\/el-camp\/educacio-360\/","title":{"rendered":"Educaci\u00f3 360"},"content":{"rendered":"<p><a href=\"https:\/\/serveiseducatius.xtec.cat\/cda-flix\/wp-content\/uploads\/usu1373\/2019\/11\/Adhesi\u00f3-CdA-a-E360.png\" target=\"_blank\" rel=\"noopener noreferrer\"><img loading=\"lazy\" decoding=\"async\" class=\"alignleft wp-image-8898 size-medium\" src=\"https:\/\/serveiseducatius.xtec.cat\/cda-flix\/wp-content\/uploads\/usu1373\/2019\/11\/Adhesi\u00f3-CdA-a-E360-300x146.png\" alt=\"\" width=\"300\" height=\"146\" srcset=\"https:\/\/serveiseducatius.xtec.cat\/cda-flix\/wp-content\/uploads\/usu1373\/2019\/11\/Adhesi\u00f3-CdA-a-E360-300x146.png 300w, https:\/\/serveiseducatius.xtec.cat\/cda-flix\/wp-content\/uploads\/usu1373\/2019\/11\/Adhesi\u00f3-CdA-a-E360-768x373.png 768w, https:\/\/serveiseducatius.xtec.cat\/cda-flix\/wp-content\/uploads\/usu1373\/2019\/11\/Adhesi\u00f3-CdA-a-E360.png 895w\" sizes=\"auto, (max-width: 300px) 100vw, 300px\" \/><\/a><\/p>\n<p style=\"text-align: justify;\">A ra\u00f3 de l&#8217;elecci\u00f3 de l&#8217;Escola de Flix com a centre membre de la <em>Crida E360, <\/em>es va obrir l&#8217;oportunitat de participar i con\u00e8ixer de primera m\u00e0, en qu\u00e8 consistia aquesta alian\u00e7a. Des d&#8217;un primer moment, tots els agents educatius locals ens vam voler sumar al projecte engegat i anomenat <strong><em>Fem xarxa, tots sumem!<\/em><\/strong> . A trav\u00e9s d&#8217;accions concretes, promogudes des del CONSELL MUNICIPAL D\u2019EDUCACI\u00d3 es vetllar\u00e0 per la detecci\u00f3 de necessitats, es\u00a0 co-crearan solucions compartint reptes \u00a0i \u00a0s\u2019aportaran\u00a0 respostes \u00a0organitzatives, \u00a0convenis \u00a0i \u00a0col\u00b7laboracions \u00a0de manera planificada, canalitzades a trav\u00e9s d&#8217;aquest espai com a centre de planificaci\u00f3 estrat\u00e8gica, des d\u2019on actuar de manera compartida i comunit\u00e0ria: enxarxats, sumant i treballant des d\u2019un enfocament de pla estrat\u00e8gic d\u2019entorn, de territori i <strong>COMUNITAT\u00a0<\/strong>on cada pe\u00e7a compti.<\/p>\n<p style=\"text-align: justify;\">Tamb\u00e9 formem part del <strong><span style=\"color: #008080;\">Grup Coordinador de la Xarxa Territorial E360 de Terres de l&#8217;Ebre<\/span><\/strong><span style=\"color: #000000;\">, conjuntament amb altres centres, entitats i associacions del territori, els quals compartim reptes i aquesta mirada educativa, inclusiva i integradora.<\/span><\/p>\n<p><img loading=\"lazy\" decoding=\"async\" class=\"aligncenter wp-image-9174 size-medium\" src=\"https:\/\/serveiseducatius.xtec.cat\/cda-flix\/wp-content\/uploads\/usu1373\/2020\/07\/E360-Terres-de-lEbre-300x80.png\" alt=\"\" width=\"300\" height=\"80\" srcset=\"https:\/\/serveiseducatius.xtec.cat\/cda-flix\/wp-content\/uploads\/usu1373\/2020\/07\/E360-Terres-de-lEbre-300x80.png 300w, https:\/\/serveiseducatius.xtec.cat\/cda-flix\/wp-content\/uploads\/usu1373\/2020\/07\/E360-Terres-de-lEbre.png 598w\" sizes=\"auto, (max-width: 300px) 100vw, 300px\" \/><\/p>\n<p style=\"text-align: justify;\">L&#8217;alian\u00e7a <a href=\"https:\/\/www.educacio360.cat\/\"><strong><span style=\"color: #008080;\">Educaci\u00f3 360<\/span><\/strong><\/a>, \u00e9s un projecte impulsat per la Fundaci\u00f3 Jaume Bofill, la Federaci\u00f3 de Moviments de Renovaci\u00f3 Pedag\u00f2gica de Catalunya i la Diputaci\u00f3 de Barcelona, i que es marca el repte seg\u00fcent:<\/p>\n<div class=\"text-left float-left\">\n<p style=\"text-align: justify;\"><b><span style=\"color: #33cccc;\"><em>Volem que tothom tingui m\u00e9s i millors oportunitats educatives en tots els temps i espais de la seva vida i connectar l\u2019educaci\u00f3 i els aprenentatges entre el temps lectiu i el no lectiu. Volem que cada infant i jove construeixi el seu propi itinerari vital amb equitat i sense exclusions.<\/em><\/span><a href=\"https:\/\/serveiseducatius.xtec.cat\/cda-flix\/wp-content\/uploads\/usu1373\/2019\/11\/Sin-t\u00edtulo-1.png\" target=\"_blank\" rel=\"noopener noreferrer\"><img loading=\"lazy\" decoding=\"async\" class=\"alignright wp-image-8904 size-full\" src=\"https:\/\/serveiseducatius.xtec.cat\/cda-flix\/wp-content\/uploads\/usu1373\/2019\/11\/Sin-t\u00edtulo-1.png\" alt=\"\" width=\"500\" height=\"129\" srcset=\"https:\/\/serveiseducatius.xtec.cat\/cda-flix\/wp-content\/uploads\/usu1373\/2019\/11\/Sin-t\u00edtulo-1.png 500w, https:\/\/serveiseducatius.xtec.cat\/cda-flix\/wp-content\/uploads\/usu1373\/2019\/11\/Sin-t\u00edtulo-1-300x77.png 300w\" sizes=\"auto, (max-width: 500px) 100vw, 500px\" \/><\/a><\/b><\/p>\n<p>El manifest de l\u2019alian\u00e7a Educaci\u00f3 360 \u00e9s el seg\u00fcent:<\/p>\n<p><span style=\"color: #008080;\"><strong>MANIFEST DE CONVOCAT\u00d2RIA<\/strong><\/span><br \/>\n<span style=\"color: #008080;\"><strong>M\u00e9s i millors oportunitats educatives per a tothom.<\/strong><\/span><br \/>\n<strong><span style=\"color: #ff6600;\">1.<\/span><\/strong> <strong><span style=\"color: #ff6600;\">Els nois i noies aprenen en tots els espais de la seva vida quotidiana<\/span><\/strong><br \/>\nA l\u2019escola i a l\u2019institut, amb la fam\u00edlia, a casa, als carrers i a les places. Al esplai o al cau i quan fan esport o marxen de col\u00f2nies. Tamb\u00e9 quan son davant les pantalles. \u201cEducaci\u00f3360.Educaci\u00f3 a temps complet\u201d proposa una perspectiva global de l\u2019educaci\u00f3 que tingui en compte que s\u2019apr\u00e8n i s\u2019educa arreu.<\/p>\n<p style=\"text-align: justify;\"><strong><span style=\"color: #339966;\">2.<\/span><\/strong> <strong><span style=\"color: #339966;\">S\u2019eduquen en tots els seus temps. Al llarg i al ample de la vida.<\/span><\/strong><br \/>\nEl temps no lectiu dins l\u2019escola representa m\u00e9s d\u2019una tercera part de la jornada. Les vacances escolars suposen una quarta part de la vida de l\u2019infant. Els caps de setmana tenen un munt de possibilitats. \u201cEducaci\u00f3360. Educaci\u00f3 a temps complet\u201d afirma que si situem l\u2019infant i el jove al centre del proc\u00e9s educatiu ens n\u2019hem ocupar en tots els seus temps vitals.<\/p>\n<p style=\"text-align: justify;\"><strong><span style=\"color: #0000ff;\">3.<\/span><\/strong> <strong><span style=\"color: #0000ff;\">Les oportunitats educatives d\u2019arreu s\u00f3n cabdals en l\u2019itinerari personal.<\/span><\/strong><br \/>\nLa recerca internacional ens diu que les oportunitats educatives m\u00e9s enll\u00e0 del temps lectiu s\u00f3n decisives en la formaci\u00f3 i l\u2019itinerari vital i professional de les persones. \u201cEducaci\u00f3360.Educaci\u00f3 a temps complet\u201d proposa ajudar-les a fer un recorregut de forma personalitzada en funci\u00f3 dels interessos i capacitats de cadascuna.<\/p>\n<p style=\"text-align: justify;\"><strong><span style=\"color: #ff9900;\">4. Garantir el proc\u00e9s educatiu \u00e9s tamb\u00e9 alinear i connectar els aprenentatges.<\/span><\/strong><br \/>\nEducaci\u00f3 i aprenentatges estan fragmentats. Hi ha massa separaci\u00f3 entre la vida i els aprenentatges, entre els interessos i les obligacions. \u201cEducacio360.Educaci\u00f3 a temps complet\u201d vol assolir un doble repte: que els espais no lectius de l\u2019escola i l\u2019institut formin part del Projecte Educatiu del Centre i que all\u00f2 que s\u2019apr\u00e8n fora dels centres educatius sigui reconegut i hi estigui connectat.<\/p>\n<p style=\"text-align: justify;\"><strong><span style=\"color: #ff0000;\">5. L\u2019equitat \u00e9s el principal repte en l\u2019acc\u00e9s a les noves oportunitats educatives<\/span><\/strong><br \/>\nNo tothom te les mateixes possibilitats d\u2019acc\u00e9s a aquestes oportunitats educatives ja sigui per raons econ\u00f2miques o socioculturals. El temps de lleure \u00e9s l\u2019espai desigualtat per excel\u00b7l\u00e8ncia. \u201cEducacio360.Educaci\u00f3 a temps complet\u201d aposta per garantir l\u2019equitat i la igualtat d\u2019oportunitats en els espais i l\u2019educaci\u00f3 no formal.<\/p>\n<p style=\"text-align: justify;\"><span style=\"color: #cc99ff;\"><strong>6. Convertir l\u2019educaci\u00f3 dels espais i temps no lectius en pol\u00edtica p\u00fablica.<\/strong><\/span><br \/>\nL\u2019\u00e0mbit local \u00e9s l\u2019espai idoni per garantir les oportunitats educatives i la coordinaci\u00f3 dels actors de la comunitat. Tamb\u00e9 la cohesi\u00f3 social i la formaci\u00f3 de ciutadans. Els ajuntaments s\u00f3n un actor privilegiat en el lideratge educatiu. \u201cEducaci\u00f3360.Educaci\u00f3 a temps complet\u201d proposa que m\u00e9s enll\u00e0 de les bones experi\u00e8ncies, la pol\u00edtica educativa transcendeixi l\u2019ensenyament reglat i garanteixi m\u00e9s i millors oportunitats per a tothom.<\/p>\n<p style=\"text-align: justify;\"><span style=\"color: #008080;\"><strong>7. El canvi educatiu ha d\u2019incorporar la mirada de l\u2019Educaci\u00f3360.<\/strong><\/span><br \/>\nUna mirada 360, que traspassa els l\u00edmits dels temps i els espais, que reconeix els aprenentatges d\u2019arreu i connecta l\u2019educaci\u00f3, l\u2019escola, les fam\u00edlies i la comunitat. \u201cEducaci\u00f3360.Educaci\u00f3 a temps complet\u201d aporta una mirada global i inclusiva i que demana la complicitat de tot el municipi i de tots els actors de la comunitat educativa.<\/p>\n<p>&nbsp;<\/p>\n<\/div>\n","protected":false},"excerpt":{"rendered":"<p>A ra\u00f3 de l&#8217;elecci\u00f3 de l&#8217;Escola de Flix com a centre membre de la Crida E360, es va obrir l&#8217;oportunitat de participar i con\u00e8ixer de primera m\u00e0, en qu\u00e8 consistia aquesta alian\u00e7a. Des d&#8217;un primer moment, tots els agents educatius locals ens vam voler sumar al projecte engegat i anomenat Fem xarxa, tots sumem! . [&hellip;]<\/p>\n","protected":false},"author":1,"featured_media":0,"parent":8225,"menu_order":5,"comment_status":"closed","ping_status":"closed","template":"page-templates\/side-menu.php","meta":{"_bbp_topic_count":0,"_bbp_reply_count":0,"_bbp_total_topic_count":0,"_bbp_total_reply_count":0,"_bbp_voice_count":0,"_bbp_anonymous_reply_count":0,"_bbp_topic_count_hidden":0,"_bbp_reply_count_hidden":0,"_bbp_forum_subforum_count":0,"site-sidebar-layout":"default","site-content-layout":"","ast-site-content-layout":"","site-content-style":"default","site-sidebar-style":"default","ast-global-header-display":"","ast-banner-title-visibility":"","ast-main-header-display":"","ast-hfb-above-header-display":"","ast-hfb-below-header-display":"","ast-hfb-mobile-header-display":"","site-post-title":"","ast-breadcrumbs-content":"","ast-featured-img":"","footer-sml-layout":"","theme-transparent-header-meta":"","adv-header-id-meta":"","stick-header-meta":"","header-above-stick-meta":"","header-main-stick-meta":"","header-below-stick-meta":"","astra-migrate-meta-layouts":"default","ast-page-background-enabled":"default","ast-page-background-meta":{"desktop":{"background-color":"var(--ast-global-color-4)","background-image":"","background-repeat":"repeat","background-position":"center center","background-size":"auto","background-attachment":"scroll","background-type":"","background-media":"","overlay-type":"","overlay-color":"","overlay-opacity":"","overlay-gradient":""},"tablet":{"background-color":"","background-image":"","background-repeat":"repeat","background-position":"center center","background-size":"auto","background-attachment":"scroll","background-type":"","background-media":"","overlay-type":"","overlay-color":"","overlay-opacity":"","overlay-gradient":""},"mobile":{"background-color":"","background-image":"","background-repeat":"repeat","background-position":"center center","background-size":"auto","background-attachment":"scroll","background-type":"","background-media":"","overlay-type":"","overlay-color":"","overlay-opacity":"","overlay-gradient":""}},"ast-content-background-meta":{"desktop":{"background-color":"var(--ast-global-color-5)","background-image":"","background-repeat":"repeat","background-position":"center center","background-size":"auto","background-attachment":"scroll","background-type":"","background-media":"","overlay-type":"","overlay-color":"","overlay-opacity":"","overlay-gradient":""},"tablet":{"background-color":"var(--ast-global-color-5)","background-image":"","background-repeat":"repeat","background-position":"center center","background-size":"auto","background-attachment":"scroll","background-type":"","background-media":"","overlay-type":"","overlay-color":"","overlay-opacity":"","overlay-gradient":""},"mobile":{"background-color":"var(--ast-global-color-5)","background-image":"","background-repeat":"repeat","background-position":"center center","background-size":"auto","background-attachment":"scroll","background-type":"","background-media":"","overlay-type":"","overlay-color":"","overlay-opacity":"","overlay-gradient":""}},"footnotes":""},"class_list":["post-8897","page","type-page","status-publish","hentry"],"post_mailing_queue_ids":[],"_links":{"self":[{"href":"https:\/\/serveiseducatius.xtec.cat\/cda-flix\/wp-json\/wp\/v2\/pages\/8897","targetHints":{"allow":["GET"]}}],"collection":[{"href":"https:\/\/serveiseducatius.xtec.cat\/cda-flix\/wp-json\/wp\/v2\/pages"}],"about":[{"href":"https:\/\/serveiseducatius.xtec.cat\/cda-flix\/wp-json\/wp\/v2\/types\/page"}],"author":[{"embeddable":true,"href":"https:\/\/serveiseducatius.xtec.cat\/cda-flix\/wp-json\/wp\/v2\/users\/1"}],"replies":[{"embeddable":true,"href":"https:\/\/serveiseducatius.xtec.cat\/cda-flix\/wp-json\/wp\/v2\/comments?post=8897"}],"version-history":[{"count":3,"href":"https:\/\/serveiseducatius.xtec.cat\/cda-flix\/wp-json\/wp\/v2\/pages\/8897\/revisions"}],"predecessor-version":[{"id":9240,"href":"https:\/\/serveiseducatius.xtec.cat\/cda-flix\/wp-json\/wp\/v2\/pages\/8897\/revisions\/9240"}],"up":[{"embeddable":true,"href":"https:\/\/serveiseducatius.xtec.cat\/cda-flix\/wp-json\/wp\/v2\/pages\/8225"}],"wp:attachment":[{"href":"https:\/\/serveiseducatius.xtec.cat\/cda-flix\/wp-json\/wp\/v2\/media?parent=8897"}],"curies":[{"name":"wp","href":"https:\/\/api.w.org\/{rel}","templated":true}]}}