{"id":8582,"date":"2019-04-27T20:57:43","date_gmt":"2019-04-27T18:57:43","guid":{"rendered":"http:\/\/serveiseducatius.xtec.cat\/cda-flix\/\/?page_id=8582"},"modified":"2025-04-22T10:36:18","modified_gmt":"2025-04-22T08:36:18","slug":"entorn-energetic","status":"publish","type":"page","link":"https:\/\/serveiseducatius.xtec.cat\/cda-flix\/ambits\/entorn-energetic\/","title":{"rendered":"ENTORN ENERG\u00c8TIC"},"content":{"rendered":"<p style=\"text-align: center;\"><strong><span style=\"color: #ffcc00;\"><em>&#8220;Coneixent els nostres recursos energ\u00e8tics, albirem un \u00fas m\u00e9s racional i sostenible a les nostres mans.&#8221;<\/em><\/span><\/strong><\/p>\n<p>Les activitats did\u00e0ctiques a continuaci\u00f3 descrites, <strong>es duen a terme a l&#8217;espai del Centre d&#8217;Informaci\u00f3 de l&#8217;Energia de la Central Nuclear d&#8217;Asc\u00f3<\/strong>.<\/p>\n<p><strong style=\"color: #ff6600; font-size: 1.125em;\"><span style=\"color: #ff6600;\"><span style=\"font-size: 18px;\"><b>SORTIDA CICLE SUPERIOR CENTRAL NUCLEAR D&#8217;ASC\u00d3<\/b><\/span><\/span> \u00a0 \u00a0<\/strong><em style=\"color: #ff6600; font-size: 1.125em; font-weight: bold;\">Activitat did\u00e0ctica orientada a CS<\/em><\/p>\n<p style=\"text-align: justify;\"><a href=\"https:\/\/serveiseducatius.xtec.cat\/cda-flix\/\/wp-content\/uploads\/usu1373\/2019\/05\/IMG_5017.jpg\"><img loading=\"lazy\" decoding=\"async\" class=\"size-medium wp-image-8670 alignleft\" src=\"https:\/\/serveiseducatius.xtec.cat\/cda-flix\/\/wp-content\/uploads\/usu1373\/2019\/05\/IMG_5017-300x225.jpg\" alt=\"\" width=\"300\" height=\"225\" srcset=\"https:\/\/serveiseducatius.xtec.cat\/cda-flix\/wp-content\/uploads\/usu1373\/2019\/05\/IMG_5017-300x225.jpg 300w, https:\/\/serveiseducatius.xtec.cat\/cda-flix\/wp-content\/uploads\/usu1373\/2019\/05\/IMG_5017-768x576.jpg 768w, https:\/\/serveiseducatius.xtec.cat\/cda-flix\/wp-content\/uploads\/usu1373\/2019\/05\/IMG_5017-1024x768.jpg 1024w, https:\/\/serveiseducatius.xtec.cat\/cda-flix\/wp-content\/uploads\/usu1373\/2019\/05\/IMG_5017-200x150.jpg 200w, https:\/\/serveiseducatius.xtec.cat\/cda-flix\/wp-content\/uploads\/usu1373\/2019\/05\/IMG_5017.jpg 2016w\" sizes=\"auto, (max-width: 300px) 100vw, 300px\" \/><\/a>Participarem d\u2019una activitat l\u00fadica i did\u00e0ctica, dins d\u2019un espai divulgatiu, el Centre d&#8217;Informaci\u00f3 de l&#8217;Energia, a les instal\u00b7lacions de la Central Nuclear d\u2019Asc\u00f3, dedicat al m\u00f3n de l\u2019energia.\u00a0Gaudirem tamb\u00e9 d\u2019un museu interactiu on poder-nos apropar i\/o aprofundir en el coneixement de l\u2019energia en general i la d\u2019origen nuclear en particular. Hi ha moltes preguntes a les quals podrem trobar resposta amb aquesta visita i, per qu\u00e8 no, plantejar-nos-en de noves..<span style=\"color: #ff0000;\"><strong>Grup m\u00e0xim d&#8217;alumnat per dia de sortida: 40 alumnes<\/strong>.<\/span> <strong>En casos amb el que es vol venir amb major nombre d&#8217;alumnat, cal anotar-ho a l&#8217;apartat d&#8217;observacions de la sol\u00b7licitud de sortida, i aix\u00ed previ consens amb el Centre d&#8217;Informaci\u00f3 de l&#8217;Energia, es proposar\u00e0 venir amb dies consecutius. Si per raons organitzatives del centre educatiu l&#8217;alumnat de 4t ha de venir, cal informar-ne pr\u00e8viament.<\/strong><\/p>\n<table style=\"border-collapse: collapse; width: 100%;\">\n<tbody>\n<tr>\n<td style=\"width: 6.0241%;\">\u00c0REA<\/td>\n<td style=\"width: 31.6265%;\">Coneixement del Medi Natural, Social i Cultural<\/td>\n<td style=\"width: 21.3855%;\">COMPET\u00c8NCIA ESPEC\u00cdFICA<\/td>\n<td style=\"width: 40.9639%;\">6<\/td>\n<\/tr>\n<\/tbody>\n<\/table>\n<p>&nbsp;<\/p>\n<p><span style=\"color: #000000;\"><span style=\"font-size: 18px;\"><b>SORTIDA ESO CENTRAL NUCLEAR D&#8217;ASC\u00d3<\/b><\/span><\/span><\/p>\n<p style=\"text-align: justify;\">Participarem d\u2019una activitat l\u00fadica i did\u00e0ctica, dins d\u2019un espai divulgatiu, el Centre d&#8217;Informaci\u00f3 de l&#8217;Energia, a les instal\u00b7lacions de la Central Nuclear d\u2019Asc\u00f3, dedicat al m\u00f3n de l\u2019energia.<img loading=\"lazy\" decoding=\"async\" class=\"wp-image-11346 alignright\" src=\"https:\/\/serveiseducatius.xtec.cat\/cda-flix\/wp-content\/uploads\/usu1373\/2024\/04\/ASCO-1024x576.jpg\" alt=\"\" width=\"307\" height=\"172\" srcset=\"https:\/\/serveiseducatius.xtec.cat\/cda-flix\/wp-content\/uploads\/usu1373\/2024\/04\/ASCO-1024x576.jpg 1024w, https:\/\/serveiseducatius.xtec.cat\/cda-flix\/wp-content\/uploads\/usu1373\/2024\/04\/ASCO-300x169.jpg 300w, https:\/\/serveiseducatius.xtec.cat\/cda-flix\/wp-content\/uploads\/usu1373\/2024\/04\/ASCO-768x432.jpg 768w, https:\/\/serveiseducatius.xtec.cat\/cda-flix\/wp-content\/uploads\/usu1373\/2024\/04\/ASCO.jpg 1280w\" sizes=\"auto, (max-width: 307px) 100vw, 307px\" \/> Gaudirem tamb\u00e9 d\u2019un museu interactiu on poder-nos apropar i\/o aprofundir en el coneixement de l\u2019energia en general i la d\u2019origen nuclear en particular. Hi ha moltes preguntes a les quals podrem trobar resposta amb aquesta visita i, per qu\u00e8 no, plantejar-nos-en de noves. <span style=\"color: #ff0000;\"><strong>Grup m\u00e0xim d&#8217;alumnat per dia de sortida: 40 alumnes<\/strong>.<\/span> <strong>En casos amb el que es vol venir amb major nombre d&#8217;alumnat, cal anotar-ho a l&#8217;apartat d&#8217;observacions de la sol\u00b7licitud de sortida, i aix\u00ed previ consens amb el Centre d&#8217;Informaci\u00f3 de l&#8217;Energia, es proposar\u00e0 venir amb dies consecutius.<\/strong><\/p>\n<table style=\"border-collapse: collapse; width: 100%;\">\n<tbody>\n<tr>\n<td style=\"width: 7.93173%;\">MAT\u00c8RIA<\/td>\n<td style=\"width: 29.7189%;\">F\u00edsica i Qu\u00edmica<\/td>\n<td style=\"width: 21.3855%;\">COMPET\u00c8NCIA ESPEC\u00cdFICA<\/td>\n<td style=\"width: 40.9639%;\">6<\/td>\n<\/tr>\n<\/tbody>\n<\/table>\n","protected":false},"excerpt":{"rendered":"<p>&#8220;Coneixent els nostres recursos energ\u00e8tics, albirem un \u00fas m\u00e9s racional i sostenible a les nostres mans.&#8221; Les activitats did\u00e0ctiques a continuaci\u00f3 descrites, es duen a terme a l&#8217;espai del Centre d&#8217;Informaci\u00f3 de l&#8217;Energia de la Central Nuclear d&#8217;Asc\u00f3. SORTIDA CICLE SUPERIOR CENTRAL NUCLEAR D&#8217;ASC\u00d3 \u00a0 \u00a0Activitat did\u00e0ctica orientada a CS Participarem d\u2019una activitat l\u00fadica i [&hellip;]<\/p>\n","protected":false},"author":1,"featured_media":0,"parent":8235,"menu_order":6,"comment_status":"closed","ping_status":"closed","template":"","meta":{"_bbp_topic_count":0,"_bbp_reply_count":0,"_bbp_total_topic_count":0,"_bbp_total_reply_count":0,"_bbp_voice_count":0,"_bbp_anonymous_reply_count":0,"_bbp_topic_count_hidden":0,"_bbp_reply_count_hidden":0,"_bbp_forum_subforum_count":0,"site-sidebar-layout":"default","site-content-layout":"","ast-site-content-layout":"default","site-content-style":"default","site-sidebar-style":"default","ast-global-header-display":"","ast-banner-title-visibility":"","ast-main-header-display":"","ast-hfb-above-header-display":"","ast-hfb-below-header-display":"","ast-hfb-mobile-header-display":"","site-post-title":"","ast-breadcrumbs-content":"","ast-featured-img":"","footer-sml-layout":"","theme-transparent-header-meta":"default","adv-header-id-meta":"","stick-header-meta":"","header-above-stick-meta":"","header-main-stick-meta":"","header-below-stick-meta":"","astra-migrate-meta-layouts":"set","ast-page-background-enabled":"default","ast-page-background-meta":{"desktop":{"background-color":"var(--ast-global-color-4)","background-image":"","background-repeat":"repeat","background-position":"center center","background-size":"auto","background-attachment":"scroll","background-type":"","background-media":"","overlay-type":"","overlay-color":"","overlay-opacity":"","overlay-gradient":""},"tablet":{"background-color":"","background-image":"","background-repeat":"repeat","background-position":"center center","background-size":"auto","background-attachment":"scroll","background-type":"","background-media":"","overlay-type":"","overlay-color":"","overlay-opacity":"","overlay-gradient":""},"mobile":{"background-color":"","background-image":"","background-repeat":"repeat","background-position":"center center","background-size":"auto","background-attachment":"scroll","background-type":"","background-media":"","overlay-type":"","overlay-color":"","overlay-opacity":"","overlay-gradient":""}},"ast-content-background-meta":{"desktop":{"background-color":"var(--ast-global-color-5)","background-image":"","background-repeat":"repeat","background-position":"center center","background-size":"auto","background-attachment":"scroll","background-type":"","background-media":"","overlay-type":"","overlay-color":"","overlay-opacity":"","overlay-gradient":""},"tablet":{"background-color":"var(--ast-global-color-5)","background-image":"","background-repeat":"repeat","background-position":"center center","background-size":"auto","background-attachment":"scroll","background-type":"","background-media":"","overlay-type":"","overlay-color":"","overlay-opacity":"","overlay-gradient":""},"mobile":{"background-color":"var(--ast-global-color-5)","background-image":"","background-repeat":"repeat","background-position":"center center","background-size":"auto","background-attachment":"scroll","background-type":"","background-media":"","overlay-type":"","overlay-color":"","overlay-opacity":"","overlay-gradient":""}},"footnotes":""},"class_list":["post-8582","page","type-page","status-publish","hentry"],"post_mailing_queue_ids":[],"_links":{"self":[{"href":"https:\/\/serveiseducatius.xtec.cat\/cda-flix\/wp-json\/wp\/v2\/pages\/8582","targetHints":{"allow":["GET"]}}],"collection":[{"href":"https:\/\/serveiseducatius.xtec.cat\/cda-flix\/wp-json\/wp\/v2\/pages"}],"about":[{"href":"https:\/\/serveiseducatius.xtec.cat\/cda-flix\/wp-json\/wp\/v2\/types\/page"}],"author":[{"embeddable":true,"href":"https:\/\/serveiseducatius.xtec.cat\/cda-flix\/wp-json\/wp\/v2\/users\/1"}],"replies":[{"embeddable":true,"href":"https:\/\/serveiseducatius.xtec.cat\/cda-flix\/wp-json\/wp\/v2\/comments?post=8582"}],"version-history":[{"count":6,"href":"https:\/\/serveiseducatius.xtec.cat\/cda-flix\/wp-json\/wp\/v2\/pages\/8582\/revisions"}],"predecessor-version":[{"id":11803,"href":"https:\/\/serveiseducatius.xtec.cat\/cda-flix\/wp-json\/wp\/v2\/pages\/8582\/revisions\/11803"}],"up":[{"embeddable":true,"href":"https:\/\/serveiseducatius.xtec.cat\/cda-flix\/wp-json\/wp\/v2\/pages\/8235"}],"wp:attachment":[{"href":"https:\/\/serveiseducatius.xtec.cat\/cda-flix\/wp-json\/wp\/v2\/media?parent=8582"}],"curies":[{"name":"wp","href":"https:\/\/api.w.org\/{rel}","templated":true}]}}