{"id":8580,"date":"2019-04-27T20:57:24","date_gmt":"2019-04-27T18:57:24","guid":{"rendered":"http:\/\/serveiseducatius.xtec.cat\/cda-flix\/\/?page_id=8580"},"modified":"2024-11-07T12:00:44","modified_gmt":"2024-11-07T11:00:44","slug":"entorn-historic","status":"publish","type":"page","link":"https:\/\/serveiseducatius.xtec.cat\/cda-flix\/ambits\/entorn-historic\/","title":{"rendered":"ENTORN HIST\u00d2RIC"},"content":{"rendered":"<p style=\"text-align: center;\"><span style=\"color: #808000;\"><strong><em>&#8220;Descobrint el nostre passat, constru\u00efm un millor present, en horitz\u00f3 de futur.&#8221;<\/em><\/strong><\/span><\/p>\n<p>Les activitats did\u00e0ctiques a continuaci\u00f3 descrites, <strong>es duen a terme en espais de la poblaci\u00f3 de Flix (Pas de barca, Refugi antiaeri St Josep, Refugi dels pontoners i Castell Nou) i\/o en espais de la Batalla de l&#8217;Ebre d&#8217;altres poblacions ve\u00efnes (Centre d&#8217;Interpretaci\u00f3 115 dies, Museu La Trinxera i Cota 402)<\/strong>, segons les caracter\u00edstiques que ofereix el disseny de seq\u00fc\u00e8ncia did\u00e0ctica concreta de cada estada o sortida.<\/p>\n<p>&nbsp;<\/p>\n<p><strong style=\"color: #339966; font-size: 1.125em;\">DESCOBRIM EL POBLE I\u00a0 \u00a0 <\/strong><span style=\"font-family: inherit; font-size: 1em;\">\u00a0<\/span><em style=\"color: #339966; font-size: 1.125em; font-weight: bold;\">Activitat did\u00e0ctica orientada a C.I\u00a0 i 1CM<\/em><\/p>\n<p style=\"text-align: justify;\"><img loading=\"lazy\" decoding=\"async\" class=\"alignleft size-medium wp-image-10230\" src=\"https:\/\/serveiseducatius.xtec.cat\/cda-flix\/wp-content\/uploads\/usu1373\/2022\/01\/refugi-fo-300x220.jpg\" alt=\"\" width=\"300\" height=\"220\" srcset=\"https:\/\/serveiseducatius.xtec.cat\/cda-flix\/wp-content\/uploads\/usu1373\/2022\/01\/refugi-fo-300x220.jpg 300w, https:\/\/serveiseducatius.xtec.cat\/cda-flix\/wp-content\/uploads\/usu1373\/2022\/01\/refugi-fo-1024x753.jpg 1024w, https:\/\/serveiseducatius.xtec.cat\/cda-flix\/wp-content\/uploads\/usu1373\/2022\/01\/refugi-fo-768x564.jpg 768w, https:\/\/serveiseducatius.xtec.cat\/cda-flix\/wp-content\/uploads\/usu1373\/2022\/01\/refugi-fo.jpg 1132w\" sizes=\"auto, (max-width: 300px) 100vw, 300px\" \/>Fer una ullada enrere en el temps, ens ajuda a comprendre d\u2019on venim. D&#8217;aquesta manera, obrim el calaix del temps visitant dos espais emblem\u00e0tics locals. Un joc de preguntes, ens interpel\u00b7lar\u00e0 a con\u00e8ixer singularitats del refugi antiaeri del Carrer Sant Josep de Flix a vista d&#8217;infant, i acabem descobrint zona del Pas de barca, on una activitat ens acompanyar\u00e0 amb la descoberta d&#8217;un dels dos \u00fanics passos de barca actius al tram final de l&#8217;Ebre.<\/p>\n<table style=\"border-collapse: collapse; width: 100%;\">\n<tbody>\n<tr>\n<td style=\"width: 6.0241%;\">\u00c0REA<\/td>\n<td style=\"width: 31.6265%;\">Educaci\u00f3 en Valors C\u00edvics i \u00c8tics<\/td>\n<td style=\"width: 21.3855%;\">COMPET\u00c8NCIA ESPEC\u00cdFICA<\/td>\n<td style=\"width: 40.9639%;\">2<\/td>\n<\/tr>\n<\/tbody>\n<\/table>\n<p>&nbsp;<\/p>\n<p><strong style=\"color: #ff6600; font-size: 1.125em;\">DESCOBRIM EL POBLE II\u00a0 \u00a0 \u00a0<\/strong><em style=\"color: #ff6600; font-size: 1.125em; font-weight: bold;\">Activitat did\u00e0ctica orientada a\u00a0 2CM i CS<\/em><\/p>\n<p style=\"text-align: justify;\"><a href=\"https:\/\/serveiseducatius.xtec.cat\/cda-flix\/\/wp-content\/uploads\/usu1373\/2019\/05\/IMG_5867.jpg\"><img loading=\"lazy\" decoding=\"async\" class=\"size-medium wp-image-8671 alignleft\" src=\"https:\/\/serveiseducatius.xtec.cat\/cda-flix\/\/wp-content\/uploads\/usu1373\/2019\/05\/IMG_5867-300x225.jpg\" alt=\"\" width=\"300\" height=\"225\" srcset=\"https:\/\/serveiseducatius.xtec.cat\/cda-flix\/wp-content\/uploads\/usu1373\/2019\/05\/IMG_5867-300x225.jpg 300w, https:\/\/serveiseducatius.xtec.cat\/cda-flix\/wp-content\/uploads\/usu1373\/2019\/05\/IMG_5867-768x576.jpg 768w, https:\/\/serveiseducatius.xtec.cat\/cda-flix\/wp-content\/uploads\/usu1373\/2019\/05\/IMG_5867-1024x768.jpg 1024w, https:\/\/serveiseducatius.xtec.cat\/cda-flix\/wp-content\/uploads\/usu1373\/2019\/05\/IMG_5867-200x150.jpg 200w, https:\/\/serveiseducatius.xtec.cat\/cda-flix\/wp-content\/uploads\/usu1373\/2019\/05\/IMG_5867.jpg 1632w\" sizes=\"auto, (max-width: 300px) 100vw, 300px\" \/><\/a>Qu\u00e8 en sabem de les guerres? Com afecten a la poblaci\u00f3? En aquesta activitat farem una introducci\u00f3 al que signific\u00e0 la Batalla de l\u2019Ebre per una poblaci\u00f3 com era Flix l\u2019any 1938. Anirem a la descoberta i interactuarem amb els espais del patrimoni hist\u00f2ric local com s\u00f3n el refugi antiaeri de Flix i l\u2019ic\u00f2nic Castell Nou, tot descobrint-ne els secrets que alberguen al seu interior.<\/p>\n<table style=\"border-collapse: collapse; width: 100%;\">\n<tbody>\n<tr>\n<td style=\"width: 6.0241%;\">\u00c0REA<\/td>\n<td style=\"width: 31.6265%;\">Coneixement del Medi Natural, Social i Cultural<\/td>\n<td style=\"width: 21.3855%;\">COMPET\u00c8NCIA ESPEC\u00cdFICA<\/td>\n<td style=\"width: 40.9639%;\">7<\/td>\n<\/tr>\n<tr>\n<td style=\"width: 6.0241%;\">\u00c0REA<\/td>\n<td style=\"width: 31.6265%;\">Educaci\u00f3 en Valors C\u00edvics i \u00c8tics<\/td>\n<td style=\"width: 21.3855%;\">COMPET\u00c8NCIA ESPEC\u00cdFICA<\/td>\n<td style=\"width: 40.9639%;\">2<\/td>\n<\/tr>\n<\/tbody>\n<\/table>\n<p>&nbsp;<\/p>\n<p><span style=\"color: #800080;\"><span style=\"font-size: 18px;\"><b>SORTIDA ESO LA BATALLA DE L&#8217;EBRE<\/b><\/span><\/span><\/p>\n<p style=\"text-align: justify;\">La nit del 23 de Febrer de 1937, Flix va sofrir el primer bombardeig sobre poblaci\u00f3 civil de Catalunya durant la guerra<a href=\"https:\/\/serveiseducatius.xtec.cat\/cda-flix\/\/wp-content\/uploads\/usu1373\/2019\/05\/IMG_6090.jpg\"><img loading=\"lazy\" decoding=\"async\" class=\"size-medium wp-image-8672 alignright\" src=\"https:\/\/serveiseducatius.xtec.cat\/cda-flix\/\/wp-content\/uploads\/usu1373\/2019\/05\/IMG_6090-300x225.jpg\" alt=\"\" width=\"300\" height=\"225\" srcset=\"https:\/\/serveiseducatius.xtec.cat\/cda-flix\/wp-content\/uploads\/usu1373\/2019\/05\/IMG_6090-300x225.jpg 300w, https:\/\/serveiseducatius.xtec.cat\/cda-flix\/wp-content\/uploads\/usu1373\/2019\/05\/IMG_6090-768x576.jpg 768w, https:\/\/serveiseducatius.xtec.cat\/cda-flix\/wp-content\/uploads\/usu1373\/2019\/05\/IMG_6090-1024x768.jpg 1024w, https:\/\/serveiseducatius.xtec.cat\/cda-flix\/wp-content\/uploads\/usu1373\/2019\/05\/IMG_6090-200x150.jpg 200w, https:\/\/serveiseducatius.xtec.cat\/cda-flix\/wp-content\/uploads\/usu1373\/2019\/05\/IMG_6090.jpg 2016w\" sizes=\"auto, (max-width: 300px) 100vw, 300px\" \/><\/a> civil espanyola, a causa de la seva posici\u00f3 estrat\u00e8gica durant el conflicte, i cabdal en el s\u00ed de la Batalla de l\u2019Ebre, un dels episodis m\u00e9s crus. Tractarem de reviure, i descobrir els seus escenaris (refugi St Josep, Castell Nou i refugi del Pontoners), des d\u2019una mirada actual, imparcial i constructiva, a fi de generar consci\u00e8ncia i debat sobre els conflictes armats. <span style=\"color: #ff0000;\"><strong>Grup m\u00e0xim d\u2019alumnat per dia de sortida: 50 alumnes<\/strong><\/span>.\u00a0<strong>En casos amb el que es vol venir amb major nombre d\u2019alumnat, cal anotar-ho a l\u2019apartat d\u2019observacions de la sol\u00b7licitud de sortida, i aix\u00ed es proposar\u00e0 venir amb dies consecutius.<\/strong><\/p>\n<table style=\"border-collapse: collapse; width: 100%;\">\n<tbody>\n<tr>\n<td style=\"width: 7.93173%;\">MAT\u00c8RIA<\/td>\n<td style=\"width: 29.7189%;\">Ci\u00e8ncies Socials: Geografia i Hist\u00f2ria<\/td>\n<td style=\"width: 21.3855%;\">COMPET\u00c8NCIA ESPEC\u00cdFICA<\/td>\n<td style=\"width: 40.9639%;\">3 &#8211; 5<\/td>\n<\/tr>\n<tr>\n<td style=\"width: 7.93173%;\">MAT\u00c8RIA<\/td>\n<td style=\"width: 29.7189%;\">Educaci\u00f3 en Valors C\u00edvics i \u00c8tics<\/td>\n<td style=\"width: 21.3855%;\">COMPET\u00c8NCIA ESPEC\u00cdFICA<\/td>\n<td style=\"width: 40.9639%;\">2<\/td>\n<\/tr>\n<\/tbody>\n<\/table>\n<p>&nbsp;<\/p>\n","protected":false},"excerpt":{"rendered":"<p>&#8220;Descobrint el nostre passat, constru\u00efm un millor present, en horitz\u00f3 de futur.&#8221; Les activitats did\u00e0ctiques a continuaci\u00f3 descrites, es duen a terme en espais de la poblaci\u00f3 de Flix (Pas de barca, Refugi antiaeri St Josep, Refugi dels pontoners i Castell Nou) i\/o en espais de la Batalla de l&#8217;Ebre d&#8217;altres poblacions ve\u00efnes (Centre d&#8217;Interpretaci\u00f3 [&hellip;]<\/p>\n","protected":false},"author":1,"featured_media":0,"parent":8235,"menu_order":5,"comment_status":"closed","ping_status":"closed","template":"page-templates\/side-menu.php","meta":{"_bbp_topic_count":0,"_bbp_reply_count":0,"_bbp_total_topic_count":0,"_bbp_total_reply_count":0,"_bbp_voice_count":0,"_bbp_anonymous_reply_count":0,"_bbp_topic_count_hidden":0,"_bbp_reply_count_hidden":0,"_bbp_forum_subforum_count":0,"site-sidebar-layout":"default","site-content-layout":"","ast-site-content-layout":"","site-content-style":"default","site-sidebar-style":"default","ast-global-header-display":"","ast-banner-title-visibility":"","ast-main-header-display":"","ast-hfb-above-header-display":"","ast-hfb-below-header-display":"","ast-hfb-mobile-header-display":"","site-post-title":"","ast-breadcrumbs-content":"","ast-featured-img":"","footer-sml-layout":"","theme-transparent-header-meta":"","adv-header-id-meta":"","stick-header-meta":"","header-above-stick-meta":"","header-main-stick-meta":"","header-below-stick-meta":"","astra-migrate-meta-layouts":"default","ast-page-background-enabled":"default","ast-page-background-meta":{"desktop":{"background-color":"var(--ast-global-color-4)","background-image":"","background-repeat":"repeat","background-position":"center center","background-size":"auto","background-attachment":"scroll","background-type":"","background-media":"","overlay-type":"","overlay-color":"","overlay-opacity":"","overlay-gradient":""},"tablet":{"background-color":"","background-image":"","background-repeat":"repeat","background-position":"center center","background-size":"auto","background-attachment":"scroll","background-type":"","background-media":"","overlay-type":"","overlay-color":"","overlay-opacity":"","overlay-gradient":""},"mobile":{"background-color":"","background-image":"","background-repeat":"repeat","background-position":"center center","background-size":"auto","background-attachment":"scroll","background-type":"","background-media":"","overlay-type":"","overlay-color":"","overlay-opacity":"","overlay-gradient":""}},"ast-content-background-meta":{"desktop":{"background-color":"var(--ast-global-color-5)","background-image":"","background-repeat":"repeat","background-position":"center center","background-size":"auto","background-attachment":"scroll","background-type":"","background-media":"","overlay-type":"","overlay-color":"","overlay-opacity":"","overlay-gradient":""},"tablet":{"background-color":"var(--ast-global-color-5)","background-image":"","background-repeat":"repeat","background-position":"center center","background-size":"auto","background-attachment":"scroll","background-type":"","background-media":"","overlay-type":"","overlay-color":"","overlay-opacity":"","overlay-gradient":""},"mobile":{"background-color":"var(--ast-global-color-5)","background-image":"","background-repeat":"repeat","background-position":"center center","background-size":"auto","background-attachment":"scroll","background-type":"","background-media":"","overlay-type":"","overlay-color":"","overlay-opacity":"","overlay-gradient":""}},"footnotes":""},"class_list":["post-8580","page","type-page","status-publish","hentry"],"post_mailing_queue_ids":[],"_links":{"self":[{"href":"https:\/\/serveiseducatius.xtec.cat\/cda-flix\/wp-json\/wp\/v2\/pages\/8580","targetHints":{"allow":["GET"]}}],"collection":[{"href":"https:\/\/serveiseducatius.xtec.cat\/cda-flix\/wp-json\/wp\/v2\/pages"}],"about":[{"href":"https:\/\/serveiseducatius.xtec.cat\/cda-flix\/wp-json\/wp\/v2\/types\/page"}],"author":[{"embeddable":true,"href":"https:\/\/serveiseducatius.xtec.cat\/cda-flix\/wp-json\/wp\/v2\/users\/1"}],"replies":[{"embeddable":true,"href":"https:\/\/serveiseducatius.xtec.cat\/cda-flix\/wp-json\/wp\/v2\/comments?post=8580"}],"version-history":[{"count":6,"href":"https:\/\/serveiseducatius.xtec.cat\/cda-flix\/wp-json\/wp\/v2\/pages\/8580\/revisions"}],"predecessor-version":[{"id":11617,"href":"https:\/\/serveiseducatius.xtec.cat\/cda-flix\/wp-json\/wp\/v2\/pages\/8580\/revisions\/11617"}],"up":[{"embeddable":true,"href":"https:\/\/serveiseducatius.xtec.cat\/cda-flix\/wp-json\/wp\/v2\/pages\/8235"}],"wp:attachment":[{"href":"https:\/\/serveiseducatius.xtec.cat\/cda-flix\/wp-json\/wp\/v2\/media?parent=8580"}],"curies":[{"name":"wp","href":"https:\/\/api.w.org\/{rel}","templated":true}]}}