{"id":8578,"date":"2019-04-27T20:57:04","date_gmt":"2019-04-27T18:57:04","guid":{"rendered":"http:\/\/serveiseducatius.xtec.cat\/cda-flix\/\/?page_id=8578"},"modified":"2024-11-07T11:01:26","modified_gmt":"2024-11-07T10:01:26","slug":"entorn-natural-aigua","status":"publish","type":"page","link":"https:\/\/serveiseducatius.xtec.cat\/cda-flix\/ambits\/entorn-natural-aigua\/","title":{"rendered":"ENTORN NATURAL: Aigua"},"content":{"rendered":"<p style=\"text-align: center;\"><span style=\"color: #00ccff;\"><strong><em>&#8220;Vivint els processos naturals d&#8217;un espai tant singular, cultivem consci\u00e8ncia mediambiental.&#8221;<\/em><\/strong><\/span><\/p>\n<p>Les activitats did\u00e0ctiques a continuaci\u00f3 descrites, <strong>es duen a terme en espais de la Reserva Natural de Sebes i a la zona del Meandre de Flix<\/strong> (espai protegit on es troba empla\u00e7at l&#8217;alberg), segons les caracter\u00edstiques que ofereix el disseny de seq\u00fc\u00e8ncia did\u00e0ctica concreta de cada estada o sortida.<\/p>\n<p>&nbsp;<\/p>\n<p><strong style=\"color: #339966; font-size: 1.125em;\">LA SALUT DE L&#8217;AIGUA I\u00a0 \u00a0\u00a0<\/strong><span style=\"font-family: inherit; font-size: 1em;\">\u00a0<\/span><em style=\"color: #339966; font-size: 1.125em; font-weight: bold;\">Activitat did\u00e0ctica orientada a C.I\u00a0 i 1CM<\/em><\/p>\n<p>Podem saber si l\u2019aigua del riu est\u00e0 contaminada a simple vista? Realitzarem una visita a una zona del riu, i a trav\u00e9s de mostres d\u2019aigua que<img loading=\"lazy\" decoding=\"async\" class=\"alignright wp-image-10236 size-medium\" src=\"https:\/\/serveiseducatius.xtec.cat\/cda-flix\/wp-content\/uploads\/usu1373\/2022\/01\/abb3913c-5f20-43a6-9181-f358870bebbc-300x146.jpg\" alt=\"\" width=\"300\" height=\"146\" srcset=\"https:\/\/serveiseducatius.xtec.cat\/cda-flix\/wp-content\/uploads\/usu1373\/2022\/01\/abb3913c-5f20-43a6-9181-f358870bebbc-300x146.jpg 300w, https:\/\/serveiseducatius.xtec.cat\/cda-flix\/wp-content\/uploads\/usu1373\/2022\/01\/abb3913c-5f20-43a6-9181-f358870bebbc-1024x498.jpg 1024w, https:\/\/serveiseducatius.xtec.cat\/cda-flix\/wp-content\/uploads\/usu1373\/2022\/01\/abb3913c-5f20-43a6-9181-f358870bebbc-768x373.jpg 768w, https:\/\/serveiseducatius.xtec.cat\/cda-flix\/wp-content\/uploads\/usu1373\/2022\/01\/abb3913c-5f20-43a6-9181-f358870bebbc-1536x747.jpg 1536w, https:\/\/serveiseducatius.xtec.cat\/cda-flix\/wp-content\/uploads\/usu1373\/2022\/01\/abb3913c-5f20-43a6-9181-f358870bebbc.jpg 2016w\" sizes=\"auto, (max-width: 300px) 100vw, 300px\" \/> agafarem, tot jugant amb els nostres sentits, i mitjan\u00e7ant un seguit d\u2019experiments, abordarem la problem\u00e0tica de la contaminaci\u00f3 de l\u2019aigua, i en reflexionarem.<\/p>\n<table style=\"border-collapse: collapse; width: 100%;\">\n<tbody>\n<tr>\n<td style=\"width: 6.0241%;\">\u00c0REA<\/td>\n<td style=\"width: 31.6265%;\">Coneixement del Medi Natural, Social i Cultural<\/td>\n<td style=\"width: 21.3855%;\">COMPET\u00c8NCIA ESPEC\u00cdFICA<\/td>\n<td style=\"width: 40.9639%;\">2 &#8211; 5 &#8211; 6<\/td>\n<\/tr>\n<tr>\n<td style=\"width: 6.0241%;\">\u00c0REA<\/td>\n<td style=\"width: 31.6265%;\">Educaci\u00f3 en Valors C\u00edvics i \u00c8tics<\/td>\n<td style=\"width: 21.3855%;\">COMPET\u00c8NCIA ESPEC\u00cdFICA<\/td>\n<td style=\"width: 40.9639%;\">3<\/td>\n<\/tr>\n<\/tbody>\n<\/table>\n<p>&nbsp;<\/p>\n<p>&nbsp;<\/p>\n<p><strong style=\"color: #ff6600; font-size: 1.125em;\">LA SALUT DE L&#8217;AIGUA II\u00a0 \u00a0 \u00a0<\/strong><em style=\"color: #ff6600; font-size: 1.125em; font-weight: bold;\">Activitat did\u00e0ctica orientada a\u00a0 2CM i CS<\/em><\/p>\n<p><a href=\"https:\/\/serveiseducatius.xtec.cat\/cda-flix\/\/wp-content\/uploads\/usu1373\/2019\/05\/YLEA2524.jpg\"><img loading=\"lazy\" decoding=\"async\" class=\"size-medium wp-image-8669 alignleft\" src=\"https:\/\/serveiseducatius.xtec.cat\/cda-flix\/\/wp-content\/uploads\/usu1373\/2019\/05\/YLEA2524-225x300.jpg\" alt=\"\" width=\"225\" height=\"300\" srcset=\"https:\/\/serveiseducatius.xtec.cat\/cda-flix\/wp-content\/uploads\/usu1373\/2019\/05\/YLEA2524-225x300.jpg 225w, https:\/\/serveiseducatius.xtec.cat\/cda-flix\/wp-content\/uploads\/usu1373\/2019\/05\/YLEA2524-768x1024.jpg 768w, https:\/\/serveiseducatius.xtec.cat\/cda-flix\/wp-content\/uploads\/usu1373\/2019\/05\/YLEA2524.jpg 1000w\" sizes=\"auto, (max-width: 225px) 100vw, 225px\" \/><\/a>Som conscients de la situaci\u00f3 actual general de la salut de l\u2019aigua? Coneixem el cicle integral de l&#8217;aigua urbana? A partir del plantejament d\u2019unes quantes situacions-problema vers el riu, gr\u00e0cies a l&#8217;an\u00e0lisi d&#8217;aigua del riu de diferents elements presents, esdevindrem petits cient\u00edfics i cient\u00edfiques, cercarem respostes i en reflexionarem.<\/p>\n<table style=\"border-collapse: collapse; width: 100%;\">\n<tbody>\n<tr>\n<td style=\"width: 6.0241%;\">\u00c0REA<\/td>\n<td style=\"width: 31.6265%;\">Coneixement del Medi Natural, Social i Cultural<\/td>\n<td style=\"width: 21.3855%;\">COMPET\u00c8NCIA ESPEC\u00cdFICA<\/td>\n<td style=\"width: 40.9639%;\">2 &#8211; 5 &#8211; 6<\/td>\n<\/tr>\n<tr>\n<td style=\"width: 6.0241%;\">\u00c0REA<\/td>\n<td style=\"width: 31.6265%;\">Educaci\u00f3 en Valors C\u00edvics i \u00c8tics<\/td>\n<td style=\"width: 21.3855%;\">COMPET\u00c8NCIA ESPEC\u00cdFICA<\/td>\n<td style=\"width: 40.9639%;\">3<\/td>\n<\/tr>\n<\/tbody>\n<\/table>\n","protected":false},"excerpt":{"rendered":"<p>&#8220;Vivint els processos naturals d&#8217;un espai tant singular, cultivem consci\u00e8ncia mediambiental.&#8221; Les activitats did\u00e0ctiques a continuaci\u00f3 descrites, es duen a terme en espais de la Reserva Natural de Sebes i a la zona del Meandre de Flix (espai protegit on es troba empla\u00e7at l&#8217;alberg), segons les caracter\u00edstiques que ofereix el disseny de seq\u00fc\u00e8ncia did\u00e0ctica concreta [&hellip;]<\/p>\n","protected":false},"author":1,"featured_media":0,"parent":8235,"menu_order":4,"comment_status":"closed","ping_status":"closed","template":"page-templates\/side-menu.php","meta":{"_bbp_topic_count":0,"_bbp_reply_count":0,"_bbp_total_topic_count":0,"_bbp_total_reply_count":0,"_bbp_voice_count":0,"_bbp_anonymous_reply_count":0,"_bbp_topic_count_hidden":0,"_bbp_reply_count_hidden":0,"_bbp_forum_subforum_count":0,"site-sidebar-layout":"default","site-content-layout":"","ast-site-content-layout":"","site-content-style":"default","site-sidebar-style":"default","ast-global-header-display":"","ast-banner-title-visibility":"","ast-main-header-display":"","ast-hfb-above-header-display":"","ast-hfb-below-header-display":"","ast-hfb-mobile-header-display":"","site-post-title":"","ast-breadcrumbs-content":"","ast-featured-img":"","footer-sml-layout":"","theme-transparent-header-meta":"","adv-header-id-meta":"","stick-header-meta":"","header-above-stick-meta":"","header-main-stick-meta":"","header-below-stick-meta":"","astra-migrate-meta-layouts":"default","ast-page-background-enabled":"default","ast-page-background-meta":{"desktop":{"background-color":"var(--ast-global-color-4)","background-image":"","background-repeat":"repeat","background-position":"center center","background-size":"auto","background-attachment":"scroll","background-type":"","background-media":"","overlay-type":"","overlay-color":"","overlay-opacity":"","overlay-gradient":""},"tablet":{"background-color":"","background-image":"","background-repeat":"repeat","background-position":"center center","background-size":"auto","background-attachment":"scroll","background-type":"","background-media":"","overlay-type":"","overlay-color":"","overlay-opacity":"","overlay-gradient":""},"mobile":{"background-color":"","background-image":"","background-repeat":"repeat","background-position":"center center","background-size":"auto","background-attachment":"scroll","background-type":"","background-media":"","overlay-type":"","overlay-color":"","overlay-opacity":"","overlay-gradient":""}},"ast-content-background-meta":{"desktop":{"background-color":"var(--ast-global-color-5)","background-image":"","background-repeat":"repeat","background-position":"center center","background-size":"auto","background-attachment":"scroll","background-type":"","background-media":"","overlay-type":"","overlay-color":"","overlay-opacity":"","overlay-gradient":""},"tablet":{"background-color":"var(--ast-global-color-5)","background-image":"","background-repeat":"repeat","background-position":"center center","background-size":"auto","background-attachment":"scroll","background-type":"","background-media":"","overlay-type":"","overlay-color":"","overlay-opacity":"","overlay-gradient":""},"mobile":{"background-color":"var(--ast-global-color-5)","background-image":"","background-repeat":"repeat","background-position":"center center","background-size":"auto","background-attachment":"scroll","background-type":"","background-media":"","overlay-type":"","overlay-color":"","overlay-opacity":"","overlay-gradient":""}},"footnotes":""},"class_list":["post-8578","page","type-page","status-publish","hentry"],"post_mailing_queue_ids":[],"_links":{"self":[{"href":"https:\/\/serveiseducatius.xtec.cat\/cda-flix\/wp-json\/wp\/v2\/pages\/8578","targetHints":{"allow":["GET"]}}],"collection":[{"href":"https:\/\/serveiseducatius.xtec.cat\/cda-flix\/wp-json\/wp\/v2\/pages"}],"about":[{"href":"https:\/\/serveiseducatius.xtec.cat\/cda-flix\/wp-json\/wp\/v2\/types\/page"}],"author":[{"embeddable":true,"href":"https:\/\/serveiseducatius.xtec.cat\/cda-flix\/wp-json\/wp\/v2\/users\/1"}],"replies":[{"embeddable":true,"href":"https:\/\/serveiseducatius.xtec.cat\/cda-flix\/wp-json\/wp\/v2\/comments?post=8578"}],"version-history":[{"count":7,"href":"https:\/\/serveiseducatius.xtec.cat\/cda-flix\/wp-json\/wp\/v2\/pages\/8578\/revisions"}],"predecessor-version":[{"id":11610,"href":"https:\/\/serveiseducatius.xtec.cat\/cda-flix\/wp-json\/wp\/v2\/pages\/8578\/revisions\/11610"}],"up":[{"embeddable":true,"href":"https:\/\/serveiseducatius.xtec.cat\/cda-flix\/wp-json\/wp\/v2\/pages\/8235"}],"wp:attachment":[{"href":"https:\/\/serveiseducatius.xtec.cat\/cda-flix\/wp-json\/wp\/v2\/media?parent=8578"}],"curies":[{"name":"wp","href":"https:\/\/api.w.org\/{rel}","templated":true}]}}