{"id":8576,"date":"2019-04-27T20:56:25","date_gmt":"2019-04-27T18:56:25","guid":{"rendered":"http:\/\/serveiseducatius.xtec.cat\/cda-flix\/\/?page_id=8576"},"modified":"2025-04-22T12:31:44","modified_gmt":"2025-04-22T10:31:44","slug":"entorn-natural-fauna","status":"publish","type":"page","link":"https:\/\/serveiseducatius.xtec.cat\/cda-flix\/ambits\/entorn-natural-fauna\/","title":{"rendered":"ENTORN NATURAL: Fauna"},"content":{"rendered":"<p style=\"text-align: center;\"><span style=\"color: #993300;\"><strong><em>&#8220;Vivint els processos naturals d&#8217;un espai tant singular, cultivem consci\u00e8ncia mediamabiental.&#8221;<\/em><\/strong><\/span><\/p>\n<p>Les activitats did\u00e0ctiques a continuaci\u00f3 descrites, <strong>es duen a terme en espais de la Reserva Natural de Sebes o a la zona del Meandre de Flix<\/strong> (espai protegit on es troba empla\u00e7at l&#8217;alberg), segons les caracter\u00edstiques que ofereix el disseny de seq\u00fc\u00e8ncia did\u00e0ctica concreta de cada estada o visita.<\/p>\n<p>&nbsp;<\/p>\n<p><strong style=\"color: #339966; font-size: 1.125em;\">LLEGIM LA NATURA\u00a0 \u00a0\u00a0<\/strong><span style=\"font-family: inherit; font-size: 1em;\">\u00a0<\/span><em style=\"color: #339966; font-size: 1.125em; font-weight: bold;\">Activitat did\u00e0ctica orientada a C.I\u00a0 i 1CM<\/em><\/p>\n<p><a href=\"https:\/\/serveiseducatius.xtec.cat\/cda-flix\/\/wp-content\/uploads\/usu1373\/2019\/05\/IMG_6622.jpg\"><img loading=\"lazy\" decoding=\"async\" class=\" wp-image-8674 alignleft\" src=\"https:\/\/serveiseducatius.xtec.cat\/cda-flix\/\/wp-content\/uploads\/usu1373\/2019\/05\/IMG_6622-300x225.jpg\" alt=\"\" width=\"261\" height=\"196\" srcset=\"https:\/\/serveiseducatius.xtec.cat\/cda-flix\/wp-content\/uploads\/usu1373\/2019\/05\/IMG_6622-300x225.jpg 300w, https:\/\/serveiseducatius.xtec.cat\/cda-flix\/wp-content\/uploads\/usu1373\/2019\/05\/IMG_6622-768x576.jpg 768w, https:\/\/serveiseducatius.xtec.cat\/cda-flix\/wp-content\/uploads\/usu1373\/2019\/05\/IMG_6622-1024x768.jpg 1024w, https:\/\/serveiseducatius.xtec.cat\/cda-flix\/wp-content\/uploads\/usu1373\/2019\/05\/IMG_6622-200x150.jpg 200w, https:\/\/serveiseducatius.xtec.cat\/cda-flix\/wp-content\/uploads\/usu1373\/2019\/05\/IMG_6622.jpg 2016w\" sizes=\"auto, (max-width: 261px) 100vw, 261px\" \/><\/a>Gr\u00e0cies a la recerca d\u2019unes pistes, realitzarem un seguiment de rastres que ens far\u00e0 convertir-nos en petits rastrejadors, ens familiaritzarem amb una guia d\u2019identificaci\u00f3 (amb petjades, plomes, restes de menjar i excrements) en deduirem els seus h\u00e0bits alimentaris, n\u2019investigarem caus i nius i sabrem si s\u00f3n animals vertebrats o no.<\/p>\n<table style=\"border-collapse: collapse; width: 100%;\">\n<tbody>\n<tr>\n<td style=\"width: 6.0241%;\">\u00c0REA<\/td>\n<td style=\"width: 31.6265%;\">Coneixement del Medi Natural, Social i Cultural<\/td>\n<td style=\"width: 21.3855%;\">COMPET\u00c8NCIA ESPEC\u00cdFICA<\/td>\n<td style=\"width: 40.9639%;\">2 &#8211; 5 &#8211; 6<\/td>\n<\/tr>\n<tr>\n<td style=\"width: 6.0241%;\">\u00c0REA<\/td>\n<td style=\"width: 31.6265%;\">Educaci\u00f3 en Valors C\u00edvics i \u00c8tics<\/td>\n<td style=\"width: 21.3855%;\">COMPET\u00c8NCIA ESPEC\u00cdFICA<\/td>\n<td style=\"width: 40.9639%;\">3<\/td>\n<\/tr>\n<\/tbody>\n<\/table>\n<p>&nbsp;<\/p>\n<p><strong style=\"color: #ff6600; font-size: 1.125em;\">ELS ECOSISTEMES\u00a0 \u00a0 \u00a0 <\/strong><em style=\"color: #ff6600; font-size: 1.125em; font-weight: bold;\">Activitat did\u00e0ctica orientada a\u00a0 2CM i CS<\/em><\/p>\n<p><img loading=\"lazy\" decoding=\"async\" class=\"alignleft wp-image-10241\" src=\"https:\/\/serveiseducatius.xtec.cat\/cda-flix\/wp-content\/uploads\/usu1373\/2022\/01\/Sin-titulo-1-300x197.jpg\" alt=\"\" width=\"286\" height=\"188\" srcset=\"https:\/\/serveiseducatius.xtec.cat\/cda-flix\/wp-content\/uploads\/usu1373\/2022\/01\/Sin-titulo-1-300x197.jpg 300w, https:\/\/serveiseducatius.xtec.cat\/cda-flix\/wp-content\/uploads\/usu1373\/2022\/01\/Sin-titulo-1-1024x671.jpg 1024w, https:\/\/serveiseducatius.xtec.cat\/cda-flix\/wp-content\/uploads\/usu1373\/2022\/01\/Sin-titulo-1-768x503.jpg 768w, https:\/\/serveiseducatius.xtec.cat\/cda-flix\/wp-content\/uploads\/usu1373\/2022\/01\/Sin-titulo-1-1536x1007.jpg 1536w, https:\/\/serveiseducatius.xtec.cat\/cda-flix\/wp-content\/uploads\/usu1373\/2022\/01\/Sin-titulo-1.jpg 1668w\" sizes=\"auto, (max-width: 286px) 100vw, 286px\" \/>La situaci\u00f3 estrat\u00e8gica de la Reserva Natural, ofereix un entorn d\u2019aprenentatge privilegiat en el qual, en q\u00fcesti\u00f3 de pocs metres, gaudim de diferents ecosistemes (aqu\u00e0tics, terrestres i mixtes) on divertir-nos investigant la diversitat de fauna que hi habita, les relacions entre ells i amb el propi medi on viuen.<\/p>\n<table style=\"border-collapse: collapse; width: 100%;\">\n<tbody>\n<tr>\n<td style=\"width: 6.0241%;\">\u00c0REA<\/td>\n<td style=\"width: 31.6265%;\">Coneixement del Medi Natural, Social i Cultural<\/td>\n<td style=\"width: 21.3855%;\">COMPET\u00c8NCIA ESPEC\u00cdFICA<\/td>\n<td style=\"width: 40.9639%;\">5 &#8211; 6 &#8211; 7<\/td>\n<\/tr>\n<tr>\n<td style=\"width: 6.0241%;\">\u00c0REA<\/td>\n<td style=\"width: 31.6265%;\">Educaci\u00f3 en Valors C\u00edvics i \u00c8tics<\/td>\n<td style=\"width: 21.3855%;\">COMPET\u00c8NCIA ESPEC\u00cdFICA<\/td>\n<td style=\"width: 40.9639%;\">3<\/td>\n<\/tr>\n<\/tbody>\n<\/table>\n","protected":false},"excerpt":{"rendered":"<p>&#8220;Vivint els processos naturals d&#8217;un espai tant singular, cultivem consci\u00e8ncia mediamabiental.&#8221; Les activitats did\u00e0ctiques a continuaci\u00f3 descrites, es duen a terme en espais de la Reserva Natural de Sebes o a la zona del Meandre de Flix (espai protegit on es troba empla\u00e7at l&#8217;alberg), segons les caracter\u00edstiques que ofereix el disseny de seq\u00fc\u00e8ncia did\u00e0ctica concreta [&hellip;]<\/p>\n","protected":false},"author":1,"featured_media":0,"parent":8235,"menu_order":3,"comment_status":"closed","ping_status":"closed","template":"","meta":{"_bbp_topic_count":0,"_bbp_reply_count":0,"_bbp_total_topic_count":0,"_bbp_total_reply_count":0,"_bbp_voice_count":0,"_bbp_anonymous_reply_count":0,"_bbp_topic_count_hidden":0,"_bbp_reply_count_hidden":0,"_bbp_forum_subforum_count":0,"site-sidebar-layout":"default","site-content-layout":"","ast-site-content-layout":"default","site-content-style":"default","site-sidebar-style":"default","ast-global-header-display":"","ast-banner-title-visibility":"","ast-main-header-display":"","ast-hfb-above-header-display":"","ast-hfb-below-header-display":"","ast-hfb-mobile-header-display":"","site-post-title":"","ast-breadcrumbs-content":"","ast-featured-img":"","footer-sml-layout":"","theme-transparent-header-meta":"default","adv-header-id-meta":"","stick-header-meta":"","header-above-stick-meta":"","header-main-stick-meta":"","header-below-stick-meta":"","astra-migrate-meta-layouts":"set","ast-page-background-enabled":"default","ast-page-background-meta":{"desktop":{"background-color":"var(--ast-global-color-4)","background-image":"","background-repeat":"repeat","background-position":"center center","background-size":"auto","background-attachment":"scroll","background-type":"","background-media":"","overlay-type":"","overlay-color":"","overlay-opacity":"","overlay-gradient":""},"tablet":{"background-color":"","background-image":"","background-repeat":"repeat","background-position":"center center","background-size":"auto","background-attachment":"scroll","background-type":"","background-media":"","overlay-type":"","overlay-color":"","overlay-opacity":"","overlay-gradient":""},"mobile":{"background-color":"","background-image":"","background-repeat":"repeat","background-position":"center center","background-size":"auto","background-attachment":"scroll","background-type":"","background-media":"","overlay-type":"","overlay-color":"","overlay-opacity":"","overlay-gradient":""}},"ast-content-background-meta":{"desktop":{"background-color":"var(--ast-global-color-5)","background-image":"","background-repeat":"repeat","background-position":"center center","background-size":"auto","background-attachment":"scroll","background-type":"","background-media":"","overlay-type":"","overlay-color":"","overlay-opacity":"","overlay-gradient":""},"tablet":{"background-color":"var(--ast-global-color-5)","background-image":"","background-repeat":"repeat","background-position":"center center","background-size":"auto","background-attachment":"scroll","background-type":"","background-media":"","overlay-type":"","overlay-color":"","overlay-opacity":"","overlay-gradient":""},"mobile":{"background-color":"var(--ast-global-color-5)","background-image":"","background-repeat":"repeat","background-position":"center center","background-size":"auto","background-attachment":"scroll","background-type":"","background-media":"","overlay-type":"","overlay-color":"","overlay-opacity":"","overlay-gradient":""}},"footnotes":""},"class_list":["post-8576","page","type-page","status-publish","hentry"],"post_mailing_queue_ids":[],"_links":{"self":[{"href":"https:\/\/serveiseducatius.xtec.cat\/cda-flix\/wp-json\/wp\/v2\/pages\/8576","targetHints":{"allow":["GET"]}}],"collection":[{"href":"https:\/\/serveiseducatius.xtec.cat\/cda-flix\/wp-json\/wp\/v2\/pages"}],"about":[{"href":"https:\/\/serveiseducatius.xtec.cat\/cda-flix\/wp-json\/wp\/v2\/types\/page"}],"author":[{"embeddable":true,"href":"https:\/\/serveiseducatius.xtec.cat\/cda-flix\/wp-json\/wp\/v2\/users\/1"}],"replies":[{"embeddable":true,"href":"https:\/\/serveiseducatius.xtec.cat\/cda-flix\/wp-json\/wp\/v2\/comments?post=8576"}],"version-history":[{"count":7,"href":"https:\/\/serveiseducatius.xtec.cat\/cda-flix\/wp-json\/wp\/v2\/pages\/8576\/revisions"}],"predecessor-version":[{"id":11805,"href":"https:\/\/serveiseducatius.xtec.cat\/cda-flix\/wp-json\/wp\/v2\/pages\/8576\/revisions\/11805"}],"up":[{"embeddable":true,"href":"https:\/\/serveiseducatius.xtec.cat\/cda-flix\/wp-json\/wp\/v2\/pages\/8235"}],"wp:attachment":[{"href":"https:\/\/serveiseducatius.xtec.cat\/cda-flix\/wp-json\/wp\/v2\/media?parent=8576"}],"curies":[{"name":"wp","href":"https:\/\/api.w.org\/{rel}","templated":true}]}}