{"id":8480,"date":"2016-11-03T13:34:59","date_gmt":"2016-11-03T12:34:59","guid":{"rendered":"http:\/\/serveiseducatius.xtec.cat\/cda-flix\/\/?page_id=8480"},"modified":"2024-10-29T12:41:45","modified_gmt":"2024-10-29T11:41:45","slug":"enllacos","status":"publish","type":"page","link":"https:\/\/serveiseducatius.xtec.cat\/cda-flix\/el-camp\/enllacos\/","title":{"rendered":"Enlla\u00e7os"},"content":{"rendered":"<ul>\n<li><span style=\"color: #008000;\"><a style=\"color: #008000;\" href=\"http:\/\/xtec.gencat.cat\/ca\/serveis\/sesc\/cda\/\" target=\"_blank\" rel=\"noopener noreferrer\">Camps i Entorns d&#8217;aprenentatge<\/a><\/span><\/li>\n<li><span style=\"color: #008000;\"><a style=\"color: #008000;\" href=\"https:\/\/projectes.xtec.cat\/camps\/\" target=\"_blank\" rel=\"noopener\">NODES Camps i Entorns d&#8217;aprenentatge<\/a><\/span><\/li>\n<li><span style=\"color: #008000;\"><a style=\"color: #008000;\" href=\"http:\/\/www.sebes.cat\/\">Reserva Natural de Sebes i Meandre de Flix<\/a><\/span><\/li>\n<li><span style=\"color: #008000;\"><a style=\"color: #008000;\" href=\"https:\/\/www.freixe.cat\/\" target=\"_blank\" rel=\"noopener noreferrer\">Grup de Natura Freixe<\/a><\/span><\/li>\n<li><span style=\"color: #008000;\"><a style=\"color: #008000;\" href=\"http:\/\/flix.cat\/ca\/\" target=\"_blank\" rel=\"noopener noreferrer\">Ajuntament de Flix<\/a><\/span><\/li>\n<li><span style=\"color: #008000;\"><a style=\"color: #008000;\" href=\"http:\/\/www.vilarriudebaix.com\/?idioma=ca\" target=\"_blank\" rel=\"noopener noreferrer\">Resort Rural Vilar Riu de Baix<\/a><\/span><\/li>\n<li><span style=\"color: #008000;\"><a style=\"color: #008000;\" href=\"http:\/\/flixturisme.blogspot.com.es\/\" target=\"_blank\" rel=\"noopener noreferrer\">Associaci\u00f3 La Cana<\/a><\/span><\/li>\n<li><a href=\"https:\/\/terresdelebre.travel\/que-fer\/cultura\/batalla-de-lebre\/exposicio-la-trinxera\" target=\"_blank\" rel=\"noopener\">Exposici\u00f3 Guerra Civil La Trinxera<\/a><\/li>\n<li><span style=\"color: #008000;\"><a style=\"color: #008000;\" href=\"https:\/\/www.educacio360.cat\/\">Educaci\u00f3 360<\/a><\/span><\/li>\n<li><span style=\"color: #008000;\"><a style=\"color: #008000;\" href=\"http:\/\/agora.xtec.cat\/ceipflix\/\" target=\"_blank\" rel=\"noopener noreferrer\">Escola Enric Grau Fontser\u00e9 de Flix<\/a><\/span><\/li>\n<li><span style=\"color: #008000;\"><a style=\"color: #008000;\" href=\"http:\/\/www.iesflix.cat\/\" target=\"_blank\" rel=\"noopener noreferrer\">Institut de Flix<\/a><\/span><\/li>\n<li><span style=\"color: #008000;\"><a style=\"color: #008000;\" href=\"https:\/\/serveiseducatius.xtec.cat\/riberadebre\/categoria\/crp\/\" target=\"_blank\" rel=\"noopener noreferrer\">Centre de Recursos Pedag\u00f2gics de la Ribera d&#8217;Ebre<\/a><\/span><\/li>\n<\/ul>\n","protected":false},"excerpt":{"rendered":"<p>Camps i Entorns d&#8217;aprenentatge NODES Camps i Entorns d&#8217;aprenentatge Reserva Natural de Sebes i Meandre de Flix Grup de Natura Freixe Ajuntament de Flix Resort Rural Vilar Riu de Baix Associaci\u00f3 La Cana Exposici\u00f3 Guerra Civil La Trinxera Educaci\u00f3 360 Escola Enric Grau Fontser\u00e9 de Flix Institut de Flix Centre de Recursos Pedag\u00f2gics de la [&hellip;]<\/p>\n","protected":false},"author":1,"featured_media":0,"parent":8225,"menu_order":6,"comment_status":"closed","ping_status":"closed","template":"page-templates\/side-menu.php","meta":{"_bbp_topic_count":0,"_bbp_reply_count":0,"_bbp_total_topic_count":0,"_bbp_total_reply_count":0,"_bbp_voice_count":0,"_bbp_anonymous_reply_count":0,"_bbp_topic_count_hidden":0,"_bbp_reply_count_hidden":0,"_bbp_forum_subforum_count":0,"site-sidebar-layout":"default","site-content-layout":"","ast-site-content-layout":"","site-content-style":"default","site-sidebar-style":"default","ast-global-header-display":"","ast-banner-title-visibility":"","ast-main-header-display":"","ast-hfb-above-header-display":"","ast-hfb-below-header-display":"","ast-hfb-mobile-header-display":"","site-post-title":"","ast-breadcrumbs-content":"","ast-featured-img":"","footer-sml-layout":"","theme-transparent-header-meta":"","adv-header-id-meta":"","stick-header-meta":"","header-above-stick-meta":"","header-main-stick-meta":"","header-below-stick-meta":"","astra-migrate-meta-layouts":"default","ast-page-background-enabled":"default","ast-page-background-meta":{"desktop":{"background-color":"var(--ast-global-color-4)","background-image":"","background-repeat":"repeat","background-position":"center center","background-size":"auto","background-attachment":"scroll","background-type":"","background-media":"","overlay-type":"","overlay-color":"","overlay-opacity":"","overlay-gradient":""},"tablet":{"background-color":"","background-image":"","background-repeat":"repeat","background-position":"center center","background-size":"auto","background-attachment":"scroll","background-type":"","background-media":"","overlay-type":"","overlay-color":"","overlay-opacity":"","overlay-gradient":""},"mobile":{"background-color":"","background-image":"","background-repeat":"repeat","background-position":"center center","background-size":"auto","background-attachment":"scroll","background-type":"","background-media":"","overlay-type":"","overlay-color":"","overlay-opacity":"","overlay-gradient":""}},"ast-content-background-meta":{"desktop":{"background-color":"var(--ast-global-color-5)","background-image":"","background-repeat":"repeat","background-position":"center center","background-size":"auto","background-attachment":"scroll","background-type":"","background-media":"","overlay-type":"","overlay-color":"","overlay-opacity":"","overlay-gradient":""},"tablet":{"background-color":"var(--ast-global-color-5)","background-image":"","background-repeat":"repeat","background-position":"center center","background-size":"auto","background-attachment":"scroll","background-type":"","background-media":"","overlay-type":"","overlay-color":"","overlay-opacity":"","overlay-gradient":""},"mobile":{"background-color":"var(--ast-global-color-5)","background-image":"","background-repeat":"repeat","background-position":"center center","background-size":"auto","background-attachment":"scroll","background-type":"","background-media":"","overlay-type":"","overlay-color":"","overlay-opacity":"","overlay-gradient":""}},"footnotes":""},"class_list":["post-8480","page","type-page","status-publish","hentry"],"post_mailing_queue_ids":[],"_links":{"self":[{"href":"https:\/\/serveiseducatius.xtec.cat\/cda-flix\/wp-json\/wp\/v2\/pages\/8480","targetHints":{"allow":["GET"]}}],"collection":[{"href":"https:\/\/serveiseducatius.xtec.cat\/cda-flix\/wp-json\/wp\/v2\/pages"}],"about":[{"href":"https:\/\/serveiseducatius.xtec.cat\/cda-flix\/wp-json\/wp\/v2\/types\/page"}],"author":[{"embeddable":true,"href":"https:\/\/serveiseducatius.xtec.cat\/cda-flix\/wp-json\/wp\/v2\/users\/1"}],"replies":[{"embeddable":true,"href":"https:\/\/serveiseducatius.xtec.cat\/cda-flix\/wp-json\/wp\/v2\/comments?post=8480"}],"version-history":[{"count":4,"href":"https:\/\/serveiseducatius.xtec.cat\/cda-flix\/wp-json\/wp\/v2\/pages\/8480\/revisions"}],"predecessor-version":[{"id":11601,"href":"https:\/\/serveiseducatius.xtec.cat\/cda-flix\/wp-json\/wp\/v2\/pages\/8480\/revisions\/11601"}],"up":[{"embeddable":true,"href":"https:\/\/serveiseducatius.xtec.cat\/cda-flix\/wp-json\/wp\/v2\/pages\/8225"}],"wp:attachment":[{"href":"https:\/\/serveiseducatius.xtec.cat\/cda-flix\/wp-json\/wp\/v2\/media?parent=8480"}],"curies":[{"name":"wp","href":"https:\/\/api.w.org\/{rel}","templated":true}]}}