{"id":8235,"date":"2016-06-20T17:26:18","date_gmt":"2016-06-20T16:26:18","guid":{"rendered":"http:\/\/serveiseducatius.xtec.cat\/cda-flix\/\/?page_id=8235"},"modified":"2024-10-28T11:39:54","modified_gmt":"2024-10-28T10:39:54","slug":"ambits","status":"publish","type":"page","link":"https:\/\/serveiseducatius.xtec.cat\/cda-flix\/ambits\/","title":{"rendered":"TEM\u00c0TIQUES"},"content":{"rendered":"<p><span style=\"color: #339966;\"><span style=\"color: #000000;\">El<\/span><strong style=\"color: #339966;\"> Camp d&#8217;Aprenentatge de Flix <\/strong><\/span>constantment estem immersos en un proc\u00e9s de renovaci\u00f3, revisi\u00f3 i adequaci\u00f3 dels nostres materials did\u00e0ctics, a ra\u00f3 de poder donar una major resposta als nostres <a href=\"https:\/\/serveiseducatius.xtec.cat\/cda-flix\/\/wp-content\/uploads\/usu1373\/2019\/04\/Prop%C3%B2sits-i-pr%C3%A0ctqiues_page-0001.jpg\"><span style=\"color: #ff6600;\">prop\u00f2sits educatius<\/span><\/a>, i directament als nous reptes educatius dels centres i alumnes que ens visiten, marc que conforma les nostres <a href=\"https:\/\/serveiseducatius.xtec.cat\/cda-flix\/\/wp-content\/uploads\/usu1373\/2019\/04\/Prop%C3%B2sits-i-pr%C3%A0ctqiues_page-0001.jpg\"><span style=\"color: #ff0000;\">pr\u00e0ctiques d&#8217;aprenentatge<\/span><\/a>. les quals, s&#8217;emmarquen en <strong>tres tem\u00e0tiques concretes<\/strong>:<\/p>\n<ul style=\"list-style-type: square;\">\n<li><span style=\"color: #99cc00;\"><strong>ENTORN NATURAL<\/strong>:<\/span> <span style=\"color: #99cc00;\"><a href=\"https:\/\/serveiseducatius.xtec.cat\/cda-flix\/\/ambits\/entorn-natural-flora\/\"><strong><span style=\"color: #008000;\">flora<\/span><\/strong><\/a>, <a href=\"https:\/\/serveiseducatius.xtec.cat\/cda-flix\/\/ambits\/entorn-natural-fauna\/\"><span style=\"color: #993300;\"><strong>fauna<\/strong><\/span><\/a> i <a href=\"https:\/\/serveiseducatius.xtec.cat\/cda-flix\/\/ambits\/entorn-natural-aigua\/\"><span style=\"color: #33cccc;\"><strong>aigua<\/strong><\/span><\/a><\/span>. &#8220;<em>Vivint els processos naturals d&#8217;un espai tan singular, cultivem consci\u00e8ncia mediambiental.&#8221;<\/em><\/li>\n<li><strong><span style=\"color: #800000;\"><span style=\"color: #808000;\">ENTORN HIST\u00d2RIC<\/span>\u00a0<\/span><\/strong><em><span style=\"color: #800000;\"><span style=\"color: #000000;\">&#8220;Descobrint el nostre passat, constru\u00efm un millor present, en horitz\u00f3 de futur.&#8221;<\/span><\/span><\/em><\/li>\n<li><strong><span style=\"color: #ffcc00;\">ENTORN ENERG\u00c8TIC\u00a0<\/span><\/strong><em><span style=\"color: #ffcc00;\"><span style=\"color: #000000;\">&#8220;Coneixent els nostres recursos energ\u00e8tics, albirem un \u00fas m\u00e9s racional i sostenible a les nostres mans.&#8221;<\/span><\/span><\/em><\/li>\n<\/ul>\n<p class=\"Estilo10\" align=\"justify\">Amb la seva respectiva proposta d&#8217;<em><strong><span style=\"color: #ff0000;\">orientaci\u00f3 d&#8217;activitats did\u00e0ctiques<\/span><\/strong><\/em>.<\/p>\n<p><a href=\"https:\/\/serveiseducatius.xtec.cat\/cda-flix\/wp-content\/uploads\/usu1373\/2024\/10\/Orientacio-activitats-didactiques-web.png\"><img loading=\"lazy\" decoding=\"async\" class=\"aligncenter wp-image-11509 size-full\" src=\"https:\/\/serveiseducatius.xtec.cat\/cda-flix\/wp-content\/uploads\/usu1373\/2024\/10\/Orientacio-activitats-didactiques-web.png\" alt=\"\" width=\"2000\" height=\"1414\" srcset=\"https:\/\/serveiseducatius.xtec.cat\/cda-flix\/wp-content\/uploads\/usu1373\/2024\/10\/Orientacio-activitats-didactiques-web.png 2000w, https:\/\/serveiseducatius.xtec.cat\/cda-flix\/wp-content\/uploads\/usu1373\/2024\/10\/Orientacio-activitats-didactiques-web-300x212.png 300w, https:\/\/serveiseducatius.xtec.cat\/cda-flix\/wp-content\/uploads\/usu1373\/2024\/10\/Orientacio-activitats-didactiques-web-1024x724.png 1024w, https:\/\/serveiseducatius.xtec.cat\/cda-flix\/wp-content\/uploads\/usu1373\/2024\/10\/Orientacio-activitats-didactiques-web-768x543.png 768w, https:\/\/serveiseducatius.xtec.cat\/cda-flix\/wp-content\/uploads\/usu1373\/2024\/10\/Orientacio-activitats-didactiques-web-1536x1086.png 1536w\" sizes=\"auto, (max-width: 2000px) 100vw, 2000px\" \/><\/a><\/p>\n<p>&nbsp;<\/p>\n","protected":false},"excerpt":{"rendered":"<p>El Camp d&#8217;Aprenentatge de Flix constantment estem immersos en un proc\u00e9s de renovaci\u00f3, revisi\u00f3 i adequaci\u00f3 dels nostres materials did\u00e0ctics, a ra\u00f3 de poder donar una major resposta als nostres prop\u00f2sits educatius, i directament als nous reptes educatius dels centres i alumnes que ens visiten, marc que conforma les nostres pr\u00e0ctiques d&#8217;aprenentatge. les quals, s&#8217;emmarquen [&hellip;]<\/p>\n","protected":false},"author":1,"featured_media":0,"parent":0,"menu_order":0,"comment_status":"closed","ping_status":"closed","template":"page-templates\/side-menu.php","meta":{"_bbp_topic_count":0,"_bbp_reply_count":0,"_bbp_total_topic_count":0,"_bbp_total_reply_count":0,"_bbp_voice_count":0,"_bbp_anonymous_reply_count":0,"_bbp_topic_count_hidden":0,"_bbp_reply_count_hidden":0,"_bbp_forum_subforum_count":0,"site-sidebar-layout":"default","site-content-layout":"","ast-site-content-layout":"","site-content-style":"default","site-sidebar-style":"default","ast-global-header-display":"","ast-banner-title-visibility":"","ast-main-header-display":"","ast-hfb-above-header-display":"","ast-hfb-below-header-display":"","ast-hfb-mobile-header-display":"","site-post-title":"","ast-breadcrumbs-content":"","ast-featured-img":"","footer-sml-layout":"","theme-transparent-header-meta":"","adv-header-id-meta":"","stick-header-meta":"","header-above-stick-meta":"","header-main-stick-meta":"","header-below-stick-meta":"","astra-migrate-meta-layouts":"default","ast-page-background-enabled":"default","ast-page-background-meta":{"desktop":{"background-color":"var(--ast-global-color-4)","background-image":"","background-repeat":"repeat","background-position":"center center","background-size":"auto","background-attachment":"scroll","background-type":"","background-media":"","overlay-type":"","overlay-color":"","overlay-opacity":"","overlay-gradient":""},"tablet":{"background-color":"","background-image":"","background-repeat":"repeat","background-position":"center center","background-size":"auto","background-attachment":"scroll","background-type":"","background-media":"","overlay-type":"","overlay-color":"","overlay-opacity":"","overlay-gradient":""},"mobile":{"background-color":"","background-image":"","background-repeat":"repeat","background-position":"center center","background-size":"auto","background-attachment":"scroll","background-type":"","background-media":"","overlay-type":"","overlay-color":"","overlay-opacity":"","overlay-gradient":""}},"ast-content-background-meta":{"desktop":{"background-color":"var(--ast-global-color-5)","background-image":"","background-repeat":"repeat","background-position":"center center","background-size":"auto","background-attachment":"scroll","background-type":"","background-media":"","overlay-type":"","overlay-color":"","overlay-opacity":"","overlay-gradient":""},"tablet":{"background-color":"var(--ast-global-color-5)","background-image":"","background-repeat":"repeat","background-position":"center center","background-size":"auto","background-attachment":"scroll","background-type":"","background-media":"","overlay-type":"","overlay-color":"","overlay-opacity":"","overlay-gradient":""},"mobile":{"background-color":"var(--ast-global-color-5)","background-image":"","background-repeat":"repeat","background-position":"center center","background-size":"auto","background-attachment":"scroll","background-type":"","background-media":"","overlay-type":"","overlay-color":"","overlay-opacity":"","overlay-gradient":""}},"footnotes":""},"class_list":["post-8235","page","type-page","status-publish","hentry"],"post_mailing_queue_ids":[],"_links":{"self":[{"href":"https:\/\/serveiseducatius.xtec.cat\/cda-flix\/wp-json\/wp\/v2\/pages\/8235","targetHints":{"allow":["GET"]}}],"collection":[{"href":"https:\/\/serveiseducatius.xtec.cat\/cda-flix\/wp-json\/wp\/v2\/pages"}],"about":[{"href":"https:\/\/serveiseducatius.xtec.cat\/cda-flix\/wp-json\/wp\/v2\/types\/page"}],"author":[{"embeddable":true,"href":"https:\/\/serveiseducatius.xtec.cat\/cda-flix\/wp-json\/wp\/v2\/users\/1"}],"replies":[{"embeddable":true,"href":"https:\/\/serveiseducatius.xtec.cat\/cda-flix\/wp-json\/wp\/v2\/comments?post=8235"}],"version-history":[{"count":6,"href":"https:\/\/serveiseducatius.xtec.cat\/cda-flix\/wp-json\/wp\/v2\/pages\/8235\/revisions"}],"predecessor-version":[{"id":11598,"href":"https:\/\/serveiseducatius.xtec.cat\/cda-flix\/wp-json\/wp\/v2\/pages\/8235\/revisions\/11598"}],"wp:attachment":[{"href":"https:\/\/serveiseducatius.xtec.cat\/cda-flix\/wp-json\/wp\/v2\/media?parent=8235"}],"curies":[{"name":"wp","href":"https:\/\/api.w.org\/{rel}","templated":true}]}}