{"id":8225,"date":"2016-06-20T17:21:25","date_gmt":"2016-06-20T16:21:25","guid":{"rendered":"http:\/\/serveiseducatius.xtec.cat\/cda-flix\/\/?page_id=8225"},"modified":"2024-10-28T11:39:24","modified_gmt":"2024-10-28T10:39:24","slug":"el-camp","status":"publish","type":"page","link":"https:\/\/serveiseducatius.xtec.cat\/cda-flix\/el-camp\/","title":{"rendered":"EL CAMP"},"content":{"rendered":"<p><span style=\"color: #000000;\">El <\/span><strong><span style=\"color: #339966;\">Camp d&#8217;aprenentatge de Flix<\/span><\/strong>\u00a0(<a href=\"http:\/\/www.turismeriberaebre.org\/\"><span style=\"color: #99cc00;\">Ribera d&#8217;Ebre<\/span><\/a>) \u00e9s un servei educatiu de suport curricular del <span style=\"color: #99cc00;\"><a style=\"color: #99cc00;\" href=\"http:\/\/xtec.gencat.cat\/ca\/serveis\/cda\/\">Departament d\u2019Educaci\u00f3<\/a><\/span> de la <a href=\"http:\/\/web.gencat.cat\/ca\/inici\/\"><span style=\"color: #99cc00;\">Generalitat de Catalunya<\/span><\/a>, de car\u00e0cter interterritorial que treballa conjuntament amb els centres educatius. Funciona gr\u00e0cies al conveni signat entre el Departament d&#8217;Educaci\u00f3, l&#8217;<a href=\"http:\/\/flix.cat\/ca\/\"><span style=\"color: #99cc00;\">Ajuntament de Flix<\/span><\/a>\u00a0i el <a href=\"https:\/\/www.freixe.cat\/\" target=\"_blank\" rel=\"noopener noreferrer\"><span style=\"color: #99cc00;\">Grup de Natura Freixe<\/span><\/a>.<\/p>\n<p>El valor afegit dels camps i entorns d&#8217;aprenentatge (n&#8217;hi ha 21 a tota Catalunya) \u00e9s promoure l\u2019aprenentatge competencial dels alumnes a partir d\u2019activitats did\u00e0ctiques en entorns naturals, socials i culturals singulars de Catalunya. En el nostre cas, la <span style=\"color: #339966;\"><a style=\"color: #339966;\" href=\"http:\/\/www.reservanaturalsebes.org\/\"><strong>Reserva Natural de fauna salvatge de Sebes i Meandre de Flix<\/strong><\/a><\/span>, esdev\u00e9 un espai fluvial de contrastos que ens permet endinsar-nos en ecosistemes altament diferents (bosc de ribera, aiguamolls i garriga) que rep prop de deu\u00a0mil visitants l\u2019any.<\/p>\n<p><a href=\"https:\/\/serveiseducatius.xtec.cat\/cda-flix\/wp-content\/uploads\/usu1373\/2019\/11\/logoCdA2019.png\"><img loading=\"lazy\" decoding=\"async\" class=\"wp-image-8850 size-medium aligncenter\" src=\"https:\/\/serveiseducatius.xtec.cat\/cda-flix\/wp-content\/uploads\/usu1373\/2019\/11\/logoCdA2019-300x107.png\" alt=\"\" width=\"300\" height=\"107\" \/><\/a><\/p>\n<p>&nbsp;<\/p>\n<p>&nbsp;<\/p>\n","protected":false},"excerpt":{"rendered":"<p>El Camp d&#8217;aprenentatge de Flix\u00a0(Ribera d&#8217;Ebre) \u00e9s un servei educatiu de suport curricular del Departament d\u2019Educaci\u00f3 de la Generalitat de Catalunya, de car\u00e0cter interterritorial que treballa conjuntament amb els centres educatius. Funciona gr\u00e0cies al conveni signat entre el Departament d&#8217;Educaci\u00f3, l&#8217;Ajuntament de Flix\u00a0i el Grup de Natura Freixe. El valor afegit dels camps i entorns [&hellip;]<\/p>\n","protected":false},"author":1,"featured_media":0,"parent":0,"menu_order":0,"comment_status":"closed","ping_status":"closed","template":"page-templates\/side-menu.php","meta":{"_bbp_topic_count":0,"_bbp_reply_count":0,"_bbp_total_topic_count":0,"_bbp_total_reply_count":0,"_bbp_voice_count":0,"_bbp_anonymous_reply_count":0,"_bbp_topic_count_hidden":0,"_bbp_reply_count_hidden":0,"_bbp_forum_subforum_count":0,"site-sidebar-layout":"default","site-content-layout":"","ast-site-content-layout":"","site-content-style":"default","site-sidebar-style":"default","ast-global-header-display":"","ast-banner-title-visibility":"","ast-main-header-display":"","ast-hfb-above-header-display":"","ast-hfb-below-header-display":"","ast-hfb-mobile-header-display":"","site-post-title":"","ast-breadcrumbs-content":"","ast-featured-img":"","footer-sml-layout":"","theme-transparent-header-meta":"","adv-header-id-meta":"","stick-header-meta":"","header-above-stick-meta":"","header-main-stick-meta":"","header-below-stick-meta":"","astra-migrate-meta-layouts":"default","ast-page-background-enabled":"default","ast-page-background-meta":{"desktop":{"background-color":"var(--ast-global-color-4)","background-image":"","background-repeat":"repeat","background-position":"center center","background-size":"auto","background-attachment":"scroll","background-type":"","background-media":"","overlay-type":"","overlay-color":"","overlay-opacity":"","overlay-gradient":""},"tablet":{"background-color":"","background-image":"","background-repeat":"repeat","background-position":"center center","background-size":"auto","background-attachment":"scroll","background-type":"","background-media":"","overlay-type":"","overlay-color":"","overlay-opacity":"","overlay-gradient":""},"mobile":{"background-color":"","background-image":"","background-repeat":"repeat","background-position":"center center","background-size":"auto","background-attachment":"scroll","background-type":"","background-media":"","overlay-type":"","overlay-color":"","overlay-opacity":"","overlay-gradient":""}},"ast-content-background-meta":{"desktop":{"background-color":"var(--ast-global-color-5)","background-image":"","background-repeat":"repeat","background-position":"center center","background-size":"auto","background-attachment":"scroll","background-type":"","background-media":"","overlay-type":"","overlay-color":"","overlay-opacity":"","overlay-gradient":""},"tablet":{"background-color":"var(--ast-global-color-5)","background-image":"","background-repeat":"repeat","background-position":"center center","background-size":"auto","background-attachment":"scroll","background-type":"","background-media":"","overlay-type":"","overlay-color":"","overlay-opacity":"","overlay-gradient":""},"mobile":{"background-color":"var(--ast-global-color-5)","background-image":"","background-repeat":"repeat","background-position":"center center","background-size":"auto","background-attachment":"scroll","background-type":"","background-media":"","overlay-type":"","overlay-color":"","overlay-opacity":"","overlay-gradient":""}},"footnotes":""},"class_list":["post-8225","page","type-page","status-publish","hentry"],"post_mailing_queue_ids":[],"_links":{"self":[{"href":"https:\/\/serveiseducatius.xtec.cat\/cda-flix\/wp-json\/wp\/v2\/pages\/8225","targetHints":{"allow":["GET"]}}],"collection":[{"href":"https:\/\/serveiseducatius.xtec.cat\/cda-flix\/wp-json\/wp\/v2\/pages"}],"about":[{"href":"https:\/\/serveiseducatius.xtec.cat\/cda-flix\/wp-json\/wp\/v2\/types\/page"}],"author":[{"embeddable":true,"href":"https:\/\/serveiseducatius.xtec.cat\/cda-flix\/wp-json\/wp\/v2\/users\/1"}],"replies":[{"embeddable":true,"href":"https:\/\/serveiseducatius.xtec.cat\/cda-flix\/wp-json\/wp\/v2\/comments?post=8225"}],"version-history":[{"count":5,"href":"https:\/\/serveiseducatius.xtec.cat\/cda-flix\/wp-json\/wp\/v2\/pages\/8225\/revisions"}],"predecessor-version":[{"id":11597,"href":"https:\/\/serveiseducatius.xtec.cat\/cda-flix\/wp-json\/wp\/v2\/pages\/8225\/revisions\/11597"}],"wp:attachment":[{"href":"https:\/\/serveiseducatius.xtec.cat\/cda-flix\/wp-json\/wp\/v2\/media?parent=8225"}],"curies":[{"name":"wp","href":"https:\/\/api.w.org\/{rel}","templated":true}]}}