{"id":54,"date":"2013-11-14T18:56:33","date_gmt":"2013-11-14T17:56:33","guid":{"rendered":"http:\/\/blocs.xtec.cat\/plantillacda\/?page_id=54"},"modified":"2024-12-02T11:25:31","modified_gmt":"2024-12-02T10:25:31","slug":"el-cda-de-flix","status":"publish","type":"page","link":"https:\/\/serveiseducatius.xtec.cat\/cda-flix\/el-camp\/el-cda-de-flix\/","title":{"rendered":"El Cda de Flix"},"content":{"rendered":"<p style=\"text-align: justify;\"><span style=\"color: #000000;\"><img loading=\"lazy\" decoding=\"async\" class=\" wp-image-10921 alignleft\" src=\"https:\/\/serveiseducatius.xtec.cat\/cda-flix\/wp-content\/uploads\/usu1373\/2023\/04\/LOGO-CdA-DE-FLIX-2.png\" alt=\"\" width=\"258\" height=\"251\" srcset=\"https:\/\/serveiseducatius.xtec.cat\/cda-flix\/wp-content\/uploads\/usu1373\/2023\/04\/LOGO-CdA-DE-FLIX-2.png 445w, https:\/\/serveiseducatius.xtec.cat\/cda-flix\/wp-content\/uploads\/usu1373\/2023\/04\/LOGO-CdA-DE-FLIX-2-300x292.png 300w\" sizes=\"auto, (max-width: 258px) 100vw, 258px\" \/>El <\/span><span style=\"color: #008080;\"><strong>Camp d\u2019Aprenentatge<sup>1<\/sup>\u00a0de Flix\u00a0<\/strong><\/span>est\u00e0 situat a la Ribera d\u2019Ebre, en una zona d\u2019aiguamolls vora el riu Ebre, dins la\u00a0<strong><a href=\"http:\/\/www.sebes.cat\/\" target=\"_blank\" rel=\"noopener\"><span style=\"color: #99cc00;\">Reserva Natural de Sebes i Meandre de Flix (al Mas del Director)<\/span><\/a>. <\/strong>Aquest servei educatiu partint de la inquietud i la motivaci\u00f3 de l&#8217;equip que el conforma, i com a agent de transformaci\u00f3 educativa, s&#8217;encamina i creix tenint com a segell identitari: oferir espais d&#8217;aprenentatge i conviv\u00e8ncia, basats en el marc curricular vigent i, impregnats entre altres, amb els principis recollits al <em>Manual per a entorns d&#8217;aprenentage innovadors, <\/em>UOC-UNESCOCAT, (2018).<\/p>\n<p><a href=\"https:\/\/drive.google.com\/file\/d\/14hskLMDi94BBbgU0zKbioEjYMn1xE6sl\/view?usp=sharing\" target=\"_blank\" rel=\"noopener\"><img loading=\"lazy\" decoding=\"async\" class=\"alignleft wp-image-11658 \" src=\"https:\/\/serveiseducatius.xtec.cat\/cda-flix\/wp-content\/uploads\/usu1373\/2024\/12\/coneix-nos.png\" alt=\"\" width=\"239\" height=\"51\" \/><\/a><\/p>\n<p><a href=\"https:\/\/drive.google.com\/file\/d\/1ukJa8x6Fb1gNuriuk5Q5BDNYGNvG8rZu\/view?usp=sharing\" target=\"_blank\" rel=\"noopener\"><img loading=\"lazy\" decoding=\"async\" class=\"alignright wp-image-11659 \" src=\"https:\/\/serveiseducatius.xtec.cat\/cda-flix\/wp-content\/uploads\/usu1373\/2024\/12\/espais-dap.png\" alt=\"\" width=\"397\" height=\"53\" srcset=\"https:\/\/serveiseducatius.xtec.cat\/cda-flix\/wp-content\/uploads\/usu1373\/2024\/12\/espais-dap.png 412w, https:\/\/serveiseducatius.xtec.cat\/cda-flix\/wp-content\/uploads\/usu1373\/2024\/12\/espais-dap-300x40.png 300w\" sizes=\"auto, (max-width: 397px) 100vw, 397px\" \/><\/a><\/p>\n<p>&nbsp;<\/p>\n<p>&nbsp;<\/p>\n<p style=\"text-align: justify;\">\t\t\t\t\t\t<style>\r\n\t\t\t\t\r\n\t\t\t\t\t#tab_container_10919 {\r\n\toverflow:hidden;\r\n\tdisplay:block;\r\n\twidth:100%;\r\n\tborder:0px solid #ddd;\r\n\tmargin-bottom:30px;\r\n\t}\r\n\r\n#tab_container_10919 .tab-content{\r\n\tpadding:20px;\r\n\tborder: 1px solid #a1db72 !important;\r\n\tmargin-top: 0px;\r\n\tbackground-color:#baf48b !important;\r\n\tcolor: #000000 !important;\r\n\tfont-size:16px !important;\r\n\tfont-family: Arial !important;\r\n\t\r\n\t\tborder: 1px solid #a1db72 !important;\r\n\t}\r\n#tab_container_10919 .wpsm_nav-tabs {\r\n    border-bottom: 0px solid #ddd;\r\n}\r\n#tab_container_10919 .wpsm_nav-tabs > li.active > a, #tab_container_10919 .wpsm_nav-tabs > li.active > a:hover, #tab_container_10919 .wpsm_nav-tabs > li.active > a:focus {\r\n\tcolor: #000000 !important;\r\n\tcursor: default;\r\n\tbackground-color: #ebf7cd !important;\r\n\tborder: 1px solid #d2deb4 !important;\r\n}\r\n\r\n#tab_container_10919 .wpsm_nav-tabs > li > a {\r\n    margin-right: 0px !important; \r\n    line-height: 1.42857143 !important;\r\n    border: 1px solid #8fc358 !important;\r\n    border-radius: 0px 0px 0 0 !important; \r\n\tbackground-color: #a2d66b !important;\r\n\tcolor: #000000 !important;\r\n\tpadding: 15px 18px 15px 18px !important;\r\n\ttext-decoration: none !important;\r\n\tfont-size: 16px !important;\r\n\ttext-align:center !important;\r\n\tfont-family: Arial !important;\r\n}\r\n#tab_container_10919 .wpsm_nav-tabs > li > a:focus {\r\noutline: 0px !important;\r\n}\r\n\r\n#tab_container_10919 .wpsm_nav-tabs > li > a:before {\r\n\tdisplay:none !important;\r\n}\r\n#tab_container_10919 .wpsm_nav-tabs > li > a:after {\r\n\tdisplay:none !important ;\r\n}\r\n#tab_container_10919 .wpsm_nav-tabs > li{\r\npadding:0px !important ;\r\nmargin:0px;\r\n}\r\n\r\n#tab_container_10919 .wpsm_nav-tabs > li > a:hover , #tab_container_10919 .wpsm_nav-tabs > li > a:focus {\r\n    color: #000000 !important;\r\n    background-color: #a2d66b !important;\r\n\tborder: 1px solid #8fc358 !important;\r\n\t\r\n}\r\n#tab_container_10919 .wpsm_nav-tabs > li > a .fa{\r\n\r\nmargin-right:5px !important;\r\n\r\nmargin-left:5px !important;\r\n\r\n\r\n}\r\n\r\n\t\t#tab_container_10919 .wpsm_nav-tabs a{\r\n\t\t\tbackground-image: none;\r\n\t\t\tbackground-position: 0 0;\r\n\t\t\tbackground-repeat: repeat-x;\r\n\t\t}\r\n\t\t\t\r\n\r\n\r\n#tab_container_10919 .wpsm_nav-tabs > li {\r\n    float: left;\r\n    margin-bottom: -1px !important;\r\n\tmargin-right:0px !important; \r\n}\r\n\r\n\r\n#tab_container_10919 .tab-content{\r\noverflow:hidden !important;\r\n}\r\n\r\n\r\n@media (min-width: 769px) {\r\n\r\n\t#tab_container_10919 .wpsm_nav-tabs > li{\r\n\t\tfloat:left !important ;\r\n\t\t\t\tmargin-right:-1px !important;\r\n\t\t\t\t\t}\r\n\t#tab_container_10919 .wpsm_nav-tabs{\r\n\t\tfloat:none !important;\r\n\t\tmargin:0px !important;\r\n\t}\r\n\r\n\t#tab_container_10919 .wpsm_nav-tabs > li {\r\n\t\t\t\t\r\n\t}\r\n\t#tab_container_10919 .wpsm_nav{\r\n\t\t\t}\r\n\r\n}\r\n\r\n\r\n\r\n@media (max-width: 768px) {\r\n\t#tab_container_10919 .wpsm_nav-tabs > li {\r\n\t\t\t\t\r\n\t}\r\n\t#tab_container_10919 .wpsm_nav{\r\n\t\t\t}\r\n}\r\n\r\n\r\n\t.wpsm_nav-tabs li:before{\r\n\t\tdisplay:none !important;\r\n\t}\r\n\r\n\t@media (max-width: 768px) {\r\n\t\t\t\t\r\n\t\t\t\t.wpsm_nav-tabs{\r\n\t\t\tmargin-left:0px !important;\r\n\t\t\tmargin-right:0px !important; \r\n\t\t\t\r\n\t\t}\r\n\t\t\t\t#tab_container_10919 .wpsm_nav-tabs > li{\r\n\t\t\tfloat:none !important;\r\n\t\t}\r\n\t\t\t\r\n\t}\t\t\t\t<\/style>\r\n\t\t\t\t<div id=\"tab_container_10919\" >\r\n\t \r\n\t\t\t\t\t<ul class=\"wpsm_nav wpsm_nav-tabs\" role=\"tablist\" id=\"myTab_10919\">\r\n\t\t\t\t\t\t\t\r\n\t\t\t\t\t\t\t<li role=\"presentation\"  class=\"active\"  onclick=\"do_resize()\">\r\n\r\n\t\t\t\t\t\t\t\t<!-- XTEC ************ MODIFICAT - Disable scrolling on tab change. Fixes error in option \"Tabs Description Animation\" -->\r\n\t\t\t\t\t\t\t\t<!-- 2021.12.01 @aginard -->\r\n\t\t\t\t\t\t\t\t<a href=\"javascript:void(0);\" aria-controls=\"tabs_desc_10919_1\" role=\"tab\" data-toggle=\"tab\" data-target=\"#tabs_desc_10919_1\">\r\n\t\t\t\t\t\t\t\t<!-- ORIGINAL\r\n\t\t\t\t\t\t\t\t<a href=\"#tabs_desc_10919_1\" aria-controls=\"tabs_desc_10919_1\" role=\"tab\" data-toggle=\"tab\">\r\n\t\t\t\t\t\t\t\t-->\r\n\t\t\t\t\t\t\t\t<!-- ************ FI -->\r\n\t\t\t\t\t\t\t\t\t\r\n\t\t\t\t\t\t\t\t\t\t\t\t\t\t\t\t\t\t\t\t\t\t\t\t\t\t\t\t\t\t\t<i class=\"fa fa-child\"><\/i> \t\t\t\t\t\t\t\t\t\t\t\t\t\t\t\t\t\t\t\r\n\t\t\t\t\t\t\t\t\t\t\t\t\t\t\t\t\t\t\r\n\t\t\t\t\t\t\t\t\t<span>Qui som?<\/span>\r\n\t\t\t\t\t\t\t\t\t\r\n\t\t\t\t\t\t\t\t\t\t\t\t\t\t\t\t\t\t\r\n\t\t\t\t\t\t\t\t\t\t\t\t\t\t\t\t\t\t\t\t\r\n\t\t\t\t\t\t\t\t\t\r\n\t\t\t\t\t\t\t\t<\/a>\r\n\t\t\t\t\t\t\t<\/li>\r\n\t\t\t\t\t\t\t\r\n\t\t\t\t\t\t\t<li role=\"presentation\"  onclick=\"do_resize()\">\r\n\r\n\t\t\t\t\t\t\t\t<!-- XTEC ************ MODIFICAT - Disable scrolling on tab change. Fixes error in option \"Tabs Description Animation\" -->\r\n\t\t\t\t\t\t\t\t<!-- 2021.12.01 @aginard -->\r\n\t\t\t\t\t\t\t\t<a href=\"javascript:void(0);\" aria-controls=\"tabs_desc_10919_2\" role=\"tab\" data-toggle=\"tab\" data-target=\"#tabs_desc_10919_2\">\r\n\t\t\t\t\t\t\t\t<!-- ORIGINAL\r\n\t\t\t\t\t\t\t\t<a href=\"#tabs_desc_10919_2\" aria-controls=\"tabs_desc_10919_2\" role=\"tab\" data-toggle=\"tab\">\r\n\t\t\t\t\t\t\t\t-->\r\n\t\t\t\t\t\t\t\t<!-- ************ FI -->\r\n\t\t\t\t\t\t\t\t\t\r\n\t\t\t\t\t\t\t\t\t\t\t\t\t\t\t\t\t\t\t\t\t\t\t\t\t\t\t\t\t\t\t<i class=\"fa fa-check-square\"><\/i> \t\t\t\t\t\t\t\t\t\t\t\t\t\t\t\t\t\t\t\r\n\t\t\t\t\t\t\t\t\t\t\t\t\t\t\t\t\t\t\r\n\t\t\t\t\t\t\t\t\t<span>Prop\u00f2sits educatius<\/span>\r\n\t\t\t\t\t\t\t\t\t\r\n\t\t\t\t\t\t\t\t\t\t\t\t\t\t\t\t\t\t\r\n\t\t\t\t\t\t\t\t\t\t\t\t\t\t\t\t\t\t\t\t\r\n\t\t\t\t\t\t\t\t\t\r\n\t\t\t\t\t\t\t\t<\/a>\r\n\t\t\t\t\t\t\t<\/li>\r\n\t\t\t\t\t\t\t\r\n\t\t\t\t\t\t\t<li role=\"presentation\"  onclick=\"do_resize()\">\r\n\r\n\t\t\t\t\t\t\t\t<!-- XTEC ************ MODIFICAT - Disable scrolling on tab change. Fixes error in option \"Tabs Description Animation\" -->\r\n\t\t\t\t\t\t\t\t<!-- 2021.12.01 @aginard -->\r\n\t\t\t\t\t\t\t\t<a href=\"javascript:void(0);\" aria-controls=\"tabs_desc_10919_3\" role=\"tab\" data-toggle=\"tab\" data-target=\"#tabs_desc_10919_3\">\r\n\t\t\t\t\t\t\t\t<!-- ORIGINAL\r\n\t\t\t\t\t\t\t\t<a href=\"#tabs_desc_10919_3\" aria-controls=\"tabs_desc_10919_3\" role=\"tab\" data-toggle=\"tab\">\r\n\t\t\t\t\t\t\t\t-->\r\n\t\t\t\t\t\t\t\t<!-- ************ FI -->\r\n\t\t\t\t\t\t\t\t\t\r\n\t\t\t\t\t\t\t\t\t\t\t\t\t\t\t\t\t\t\t\t\t\t\t\t\t\t\t\t\t\t\t<i class=\"fa fa-gears\"><\/i> \t\t\t\t\t\t\t\t\t\t\t\t\t\t\t\t\t\t\t\r\n\t\t\t\t\t\t\t\t\t\t\t\t\t\t\t\t\t\t\r\n\t\t\t\t\t\t\t\t\t<span>Hist\u00f2ria<\/span>\r\n\t\t\t\t\t\t\t\t\t\r\n\t\t\t\t\t\t\t\t\t\t\t\t\t\t\t\t\t\t\r\n\t\t\t\t\t\t\t\t\t\t\t\t\t\t\t\t\t\t\t\t\r\n\t\t\t\t\t\t\t\t\t\r\n\t\t\t\t\t\t\t\t<\/a>\r\n\t\t\t\t\t\t\t<\/li>\r\n\t\t\t\t\t\t\t\r\n\t\t\t\t\t\t\t<li role=\"presentation\"  onclick=\"do_resize()\">\r\n\r\n\t\t\t\t\t\t\t\t<!-- XTEC ************ MODIFICAT - Disable scrolling on tab change. Fixes error in option \"Tabs Description Animation\" -->\r\n\t\t\t\t\t\t\t\t<!-- 2021.12.01 @aginard -->\r\n\t\t\t\t\t\t\t\t<a href=\"javascript:void(0);\" aria-controls=\"tabs_desc_10919_4\" role=\"tab\" data-toggle=\"tab\" data-target=\"#tabs_desc_10919_4\">\r\n\t\t\t\t\t\t\t\t<!-- ORIGINAL\r\n\t\t\t\t\t\t\t\t<a href=\"#tabs_desc_10919_4\" aria-controls=\"tabs_desc_10919_4\" role=\"tab\" data-toggle=\"tab\">\r\n\t\t\t\t\t\t\t\t-->\r\n\t\t\t\t\t\t\t\t<!-- ************ FI -->\r\n\t\t\t\t\t\t\t\t\t\r\n\t\t\t\t\t\t\t\t\t\t\t\t\t\t\t\t\t\t\t\t\t\t\t\t\t\t\t\t\t\t\t<i class=\"fa fa-location-arrow\"><\/i> \t\t\t\t\t\t\t\t\t\t\t\t\t\t\t\t\t\t\t\r\n\t\t\t\t\t\t\t\t\t\t\t\t\t\t\t\t\t\t\r\n\t\t\t\t\t\t\t\t\t<span>Com arribar-hi<\/span>\r\n\t\t\t\t\t\t\t\t\t\r\n\t\t\t\t\t\t\t\t\t\t\t\t\t\t\t\t\t\t\r\n\t\t\t\t\t\t\t\t\t\t\t\t\t\t\t\t\t\t\t\t\r\n\t\t\t\t\t\t\t\t\t\r\n\t\t\t\t\t\t\t\t<\/a>\r\n\t\t\t\t\t\t\t<\/li>\r\n\t\t\t\t\t\t\t\t\t\t\t <\/ul>\r\n\r\n\t\t\t\t\t  <!-- Tab panes -->\r\n\t\t\t\t\t  <div class=\"tab-content\" id=\"tab-content_10919\">\r\n\t\t\t\t\t\t\t\t\t\t\t\t <div role=\"tabpanel\" class=\"tab-pane  in active \" id=\"tabs_desc_10919_1\">\r\n\t\t\t\t\t\t\t\t<p style=\"text-align: justify\">L\u2019<span style=\"color: #008080\"><strong>equip educatiu<\/strong><\/span>, est\u00e0 integrat per dos mestres del Departament d\u2019Educaci\u00f3 de la Generalitat de Catalunya i una educadora ambiental de la Reserva Natural de Sebes. La nostra tasca docent amb els alumnes es desenvolupa seguint l\u2019horari escolar, aproximadament des de les 9h del mat\u00ed fins a les 17h de la tarda.<\/p>\n<p style=\"text-align: justify\">A m\u00e9s a m\u00e9s, es compta amb l\u2019assessorament i la col\u00b7laboraci\u00f3 del\u00a0<strong><a href=\"https:\/\/www.freixe.cat\/\" target=\"_blank\" rel=\"noopener noreferrer\"><span style=\"color: #808000\">Grup Natura Freixe<\/span><\/a><\/strong>\u00a0en diferents \u00e0mbits i, es participa d\u2019activitats que organitzen des de la\u00a0<span style=\"color: #339966\"><a style=\"color: #339966\" href=\"http:\/\/www.sebes.cat\/\"><strong>Reserva Natural de Sebes<\/strong><\/a><\/span>\u00a0per la comunitat educativa de la comarca (Festa de la Cigonya, Setmanatura, Cursa de les Cigonyes i jornades de voluntariat ambiental).<\/p>\n<p><img loading=\"lazy\" decoding=\"async\" class=\"size-full wp-image-9267 aligncenter\" src=\"https:\/\/serveiseducatius.xtec.cat\/cda-flix\/wp-content\/uploads\/usu1373\/2020\/11\/CdA-Reserva-GNF-web.png\" alt=\"\" width=\"500\" height=\"108\" srcset=\"https:\/\/serveiseducatius.xtec.cat\/cda-flix\/wp-content\/uploads\/usu1373\/2020\/11\/CdA-Reserva-GNF-web.png 500w, https:\/\/serveiseducatius.xtec.cat\/cda-flix\/wp-content\/uploads\/usu1373\/2020\/11\/CdA-Reserva-GNF-web-300x65.png 300w\" sizes=\"auto, (max-width: 500px) 100vw, 500px\" \/><\/p>\n\t\t\t\t\t\t <\/div>\r\n\t\t\t\t\t\t\t\t\t\t\t\t <div role=\"tabpanel\" class=\"tab-pane \" id=\"tabs_desc_10919_2\">\r\n\t\t\t\t\t\t\t\t<ul>\n<li><span style=\"color: #008080\"><strong>Gaudir<\/strong><\/span>\u00a0d\u2019experi\u00e8ncies\u00a0d\u2019aprenentatge\u00a0empoderadores i rellevants.<a href=\"https:\/\/serveiseducatius.xtec.cat\/cda-flix\/\/wp-content\/uploads\/usu1373\/2019\/04\/Prop%C3%B2sits-i-pr%C3%A0ctqiues_page-0001.jpg\" target=\"_blank\" rel=\"noopener noreferrer\"><img loading=\"lazy\" decoding=\"async\" class=\"alignright size-medium wp-image-8550\" src=\"https:\/\/serveiseducatius.xtec.cat\/cda-flix\/\/wp-content\/uploads\/usu1373\/2019\/04\/Prop%C3%B2sits-i-pr%C3%A0ctqiues_page-0001-300x212.jpg\" alt=\"\" width=\"300\" height=\"212\" \/><\/a><\/li>\n<li><span style=\"color: #008080\"><strong>Cooperar<\/strong><\/span>\u00a0en el desenvolupament de compet\u00e8ncies per la vida.<\/li>\n<li><span style=\"color: #008080\"><strong>Cultivar<\/strong><\/span>\u00a0consci\u00e8ncia mediambiental.<\/li>\n<li><span style=\"color: #008080\"><strong>Viure<\/strong><\/span>\u00a0un espai natural.<\/li>\n<li><span style=\"color: #008080\"><strong>Descobrir<\/strong><\/span>\u00a0el patrimoni hist\u00f2ric i energ\u00e8tic local.<\/li>\n<li><span style=\"color: #008080\"><strong>Enriquir<\/strong><\/span>\u00a0el CdA gr\u00e0cies a la visi\u00f3 dels estadants (alumnat i docents).<\/li>\n<\/ul>\n<p>Els quals emmarquen les nostres<span style=\"color: #ff6600\">\u00a0<a style=\"color: #ff6600\" href=\"https:\/\/serveiseducatius.xtec.cat\/cda-flix\/\/wp-content\/uploads\/usu1373\/2019\/04\/Prop%C3%B2sits-i-pr%C3%A0ctqiues_page-0001.jpg\" target=\"_blank\" rel=\"noopener noreferrer\"><strong><u>pr\u00e0ctiques d\u2019aprenentatge<\/u><\/strong><\/a>\u00a0<\/span>on:<\/p>\n<ul>\n<li><strong><span style=\"color: #ff6600\">L\u2019alumne<\/span><\/strong>\u00a0\u00e9s el protagonista de l\u2019aprenentatge i, generador de contingut de l\u2019activitat.<\/li>\n<li><span style=\"color: #ff6600\"><strong>El treball en equip<\/strong><\/span>\u00a0fomenta la construcci\u00f3 del coneixement col\u00b7laborativament.<\/li>\n<li><strong><span style=\"color: #ff6600\">Les din\u00e0miques<\/span><\/strong>\u00a0afavoreixen la coavaluaci\u00f3 i la posada en com\u00fa dels aprenentatges entre alumnes.<\/li>\n<\/ul>\n<p>Les activitats did\u00e0ctiques d\u2019aquest camp s\u00f3n adequades als alumnes dels seg\u00fcents nivells educatius:<\/p>\n<table class=\" alignleft\" style=\"width: 50.989%;height: 99px\" border=\"0\" width=\"404\" cellspacing=\"0\" cellpadding=\"0\" align=\"center\">\n<tbody>\n<tr style=\"height: 33px\" align=\"center\" valign=\"middle\" bgcolor=\"#F2F2F2\">\n<td style=\"height: 33px;width: 53.9604%\" colspan=\"3\" height=\"14\">Ed.Prim\u00e0ria<\/td>\n<td style=\"height: 33px;width: 45.5446%\" colspan=\"2\" height=\"14\">ESO<\/td>\n<\/tr>\n<tr style=\"height: 33px\" align=\"center\" valign=\"middle\" bgcolor=\"#F2F2F2\">\n<td style=\"height: 33px;width: 14.8515%\" width=\"31\" height=\"14\">ci<\/td>\n<td style=\"height: 33px;width: 20.7921%\" width=\"43\" height=\"14\">cm<\/td>\n<td style=\"height: 33px;width: 18.3168%\" width=\"38\" height=\"14\">cs<\/td>\n<td style=\"height: 33px;width: 22.7723%\" width=\"45\" height=\"14\">1r cicle<\/td>\n<td style=\"height: 33px;width: 22.7723%\" width=\"40\" height=\"14\">2n cicle<\/td>\n<\/tr>\n<tr style=\"height: 33px\">\n<td style=\"height: 33px;width: 14.8515%\" align=\"center\" valign=\"middle\" bgcolor=\"#B05D0F\" width=\"31\">R<\/td>\n<td style=\"height: 33px;width: 20.7921%\" align=\"center\" valign=\"middle\" bgcolor=\"#B05D0F\" width=\"43\">R<\/td>\n<td style=\"height: 33px;width: 18.3168%\" align=\"center\" valign=\"middle\" bgcolor=\"#B05D0F\" width=\"38\">R<\/td>\n<td style=\"height: 33px;width: 22.7723%\" align=\"center\" valign=\"middle\" bgcolor=\"#B05D0F\" width=\"45\">R<\/td>\n<td style=\"height: 33px;width: 22.7723%\" align=\"center\" valign=\"middle\" bgcolor=\"#B05D0F\" width=\"40\">R<\/td>\n<\/tr>\n<\/tbody>\n<\/table>\n<table border=\"0\" width=\"268\" cellspacing=\"0\" cellpadding=\"0\" align=\"center\">\n<tbody>\n<tr>\n<td bgcolor=\"#B05D0F\" height=\"17\">R<\/td>\n<td bgcolor=\"#FFFFFF\">Oferta recomanada per a sortides i estades<\/td>\n<\/tr>\n<\/tbody>\n<\/table>\n\t\t\t\t\t\t <\/div>\r\n\t\t\t\t\t\t\t\t\t\t\t\t <div role=\"tabpanel\" class=\"tab-pane \" id=\"tabs_desc_10919_3\">\r\n\t\t\t\t\t\t\t\t<p style=\"text-align: justify\">L\u2019<span style=\"color: #99cc00\"><strong>Entorn d\u2019Aprenentatge de Sebes i Meandre de Flix<\/strong><\/span>\u00a0neix durant el curs 2008, arran d\u2019un acord pioner entre\u00a0<strong><span style=\"color: #000000\"><a style=\"color: #000000\" href=\"http:\/\/ensenyament.gencat.cat\/ca\/inici\" target=\"_blank\" rel=\"noopener noreferrer\">Departament d\u2019Educaci\u00f3<\/a><\/span><\/strong>, l\u2019<strong><span style=\"color: #800080\"><a style=\"color: #800080\" href=\"https:\/\/www.flix.cat\/\" target=\"_blank\" rel=\"noopener noreferrer\">Ajuntament de Flix<\/a><\/span><\/strong>\u00a0i el<span style=\"color: #808000\">\u00a0<strong><a style=\"color: #808000\" href=\"https:\/\/www.freixe.cat\/\" target=\"_blank\" rel=\"noopener noreferrer\">Grup<\/a><a style=\"color: #808000\" href=\"https:\/\/www.freixe.cat\/\" target=\"_blank\" rel=\"noopener noreferrer\">\u00a0Natura Freixe<\/a><\/strong><\/span> (gestors de la Reserva Natural de Sebes).<\/p>\n<p style=\"text-align: justify\"><strong>L\u2019any 2019<\/strong>, es rep la consideraci\u00f3 de <span style=\"color: #008080\"><strong>Camp d'aprenentatge de Flix<\/strong><\/span>, a partir de la suma de voluntats i esfor\u00e7os de les parts implicades i, de la presentaci\u00f3 d'una nova proposta en forma de projecte educatiu amb una visi\u00f3 integrada entre passat, present i futur com a servei educatiu, que dibuixa nous horitzons col\u00b7laboratius, participatius, i sobretot pedag\u00f2gics, m\u00e9s emmarcats i dirigits cap a la transformaci\u00f3 educativa que s'est\u00e0 vivint a Catalunya. \u00c9s el primer Eda que passa a ser Cda.<\/p>\n<p><img loading=\"lazy\" decoding=\"async\" class=\"aligncenter wp-image-9177\" src=\"https:\/\/serveiseducatius.xtec.cat\/cda-flix\/wp-content\/uploads\/usu1373\/2020\/07\/Imagen1-1024x195.png\" alt=\"\" width=\"550\" height=\"105\" srcset=\"https:\/\/serveiseducatius.xtec.cat\/cda-flix\/wp-content\/uploads\/usu1373\/2020\/07\/Imagen1-1024x195.png 1024w, https:\/\/serveiseducatius.xtec.cat\/cda-flix\/wp-content\/uploads\/usu1373\/2020\/07\/Imagen1-300x57.png 300w, https:\/\/serveiseducatius.xtec.cat\/cda-flix\/wp-content\/uploads\/usu1373\/2020\/07\/Imagen1-768x146.png 768w, https:\/\/serveiseducatius.xtec.cat\/cda-flix\/wp-content\/uploads\/usu1373\/2020\/07\/Imagen1.png 1269w\" sizes=\"auto, (max-width: 550px) 100vw, 550px\" \/><\/p>\n\t\t\t\t\t\t <\/div>\r\n\t\t\t\t\t\t\t\t\t\t\t\t <div role=\"tabpanel\" class=\"tab-pane \" id=\"tabs_desc_10919_4\">\r\n\t\t\t\t\t\t\t\t<p style=\"text-align: justify\">L\u2019equip educatiu a la proposta de cronograma, sempre us enviar\u00e0 un <span style=\"color: #0000ff\"><strong>punt d\u2019encontre<\/strong><\/span> per al dia de la vostra arribada, tamb\u00e9 us facilitar\u00e0 un<strong> <span style=\"color: #ff0000\">n\u00famero de tel\u00e8fon<\/span> per a que abans de la vostra arribada truqueu, <span style=\"color: #800080\">i us acompanyar\u00e0<\/span><\/strong> a l\u2019alberg o fins a la seu del Cda. Al Camp d\u2019Aprenentatge de Flix s\u2019hi accedeix <strong>a trav\u00e9s de l\u2019Eix de l\u2019Ebre (C-12)<\/strong>, a la\u00a0<strong>sortida\/entrada de Flix\u00a0<\/strong>pel pol\u00edgon industrial La Devesa, a trav\u00e9s d'un cam\u00ed de terra que en 2 km us dur\u00e0 al Centre d\u2019Informaci\u00f3 Mas del Director (Reserva Natural de Sebes).<\/p>\n\t\t\t\t\t\t <\/div>\r\n\t\t\t\t\t\t\t\r\n\t\t\t\t\t <\/div>\r\n\t\t\t\t\t \r\n\t\t\t\t <\/div>\r\n <script>\r\n\t\tjQuery(function () {\r\n\t\t\tjQuery('#myTab_10919 a:first').tab('show')\r\n\t\t});\r\n\t\t\r\n\t\t\t\tjQuery(function(){\r\n\t\t\tvar b=\"fadeIn\";\r\n\t\t\tvar c;\r\n\t\t\tvar a;\r\n\t\t\td(jQuery(\"#myTab_10919 a\"),jQuery(\"#tab-content_10919\"));function d(e,f,g){\r\n\t\t\t\te.click(function(i){\r\n\t\t\t\t\ti.preventDefault();\r\n\t\t\t\t\tjQuery(this).tab(\"show\");\r\n\t\t\t\t\tvar h=jQuery(this).data(\"easein\");\r\n\t\t\t\t\tif(c){c.removeClass(a);}\r\n\t\t\t\t\tif(h){f.find(\"div.active\").addClass(\"animated \"+h);a=h;}\r\n\t\t\t\t\telse{if(g){f.find(\"div.active\").addClass(\"animated \"+g);a=g;}else{f.find(\"div.active\").addClass(\"animated \"+b);a=b;}}c=f.find(\"div.active\");\r\n\t\t\t\t});\r\n\t\t\t}\r\n\t\t});\r\n\t\t\r\n\r\n\t\tfunction do_resize(){\r\n\r\n\t\t\tvar width=jQuery( '.tab-content .tab-pane iframe' ).width();\r\n\t\t\tvar height=jQuery( '.tab-content .tab-pane iframe' ).height();\r\n\r\n\t\t\tvar toggleSize = true;\r\n\t\t\tjQuery('iframe').animate({\r\n\t\t\t    width: toggleSize ? width : 640,\r\n\t\t\t    height: toggleSize ? height : 360\r\n\t\t\t  }, 250);\r\n\r\n\t\t\t  toggleSize = !toggleSize;\r\n\t\t}\r\n\r\n\r\n\t<\/script>\r\n\t\t\t\t\r\n\t\t\t<\/p>\n<div class=\"h5p-iframe-wrapper\"><iframe id=\"h5p-iframe-1\" class=\"h5p-iframe\" data-content-id=\"1\" style=\"height:1px\" src=\"about:blank\" frameBorder=\"0\" scrolling=\"no\" title=\"Espais del Camp d&#039;Aprenentatge de Flix\"><\/iframe><\/div>\n<hr \/>\n<p style=\"text-align: justify;\"><sup>1 <\/sup>Els camps i entorns d\u2019aprenentatge (CdA\/EdA) s\u00f3n serveis educatius de suport curricular i de car\u00e0cter interterritorial que treballen conjuntament amb els centres educatius. El valor afegit dels camps i entorns\u00a0 d\u2019aprenentatge \u00e9s promoure l\u2019aprenentatge competencial dels alumnes a partir d\u2019activitats did\u00e0ctiques en entorns naturals, socials i culturals singulars de Catalunya. Podeu trobar m\u00e9s informaci\u00f3 a:<\/p>\n<p><a href=\"http:\/\/xtec.gencat.cat\/ca\/serveis\/sesc\/cda\/\" target=\"_blank\" rel=\"noopener noreferrer\">http:\/\/xtec.gencat.cat\/ca\/serveis\/sesc\/cda\/<\/a><\/p>\n<p>&nbsp;<\/p>\n","protected":false},"excerpt":{"rendered":"<p>El Camp d\u2019Aprenentatge1\u00a0de Flix\u00a0est\u00e0 situat a la Ribera d\u2019Ebre, en una zona d\u2019aiguamolls vora el riu Ebre, dins la\u00a0Reserva Natural de Sebes i Meandre de Flix (al Mas del Director). Aquest servei educatiu partint de la inquietud i la motivaci\u00f3 de l&#8217;equip que el conforma, i com a agent de transformaci\u00f3 educativa, s&#8217;encamina i creix [&hellip;]<\/p>\n","protected":false},"author":1,"featured_media":0,"parent":8225,"menu_order":1,"comment_status":"closed","ping_status":"closed","template":"page-templates\/side-menu.php","meta":{"_bbp_topic_count":0,"_bbp_reply_count":0,"_bbp_total_topic_count":0,"_bbp_total_reply_count":0,"_bbp_voice_count":0,"_bbp_anonymous_reply_count":0,"_bbp_topic_count_hidden":0,"_bbp_reply_count_hidden":0,"_bbp_forum_subforum_count":0,"site-sidebar-layout":"default","site-content-layout":"","ast-site-content-layout":"","site-content-style":"default","site-sidebar-style":"default","ast-global-header-display":"","ast-banner-title-visibility":"","ast-main-header-display":"","ast-hfb-above-header-display":"","ast-hfb-below-header-display":"","ast-hfb-mobile-header-display":"","site-post-title":"","ast-breadcrumbs-content":"","ast-featured-img":"","footer-sml-layout":"","theme-transparent-header-meta":"","adv-header-id-meta":"","stick-header-meta":"","header-above-stick-meta":"","header-main-stick-meta":"","header-below-stick-meta":"","astra-migrate-meta-layouts":"default","ast-page-background-enabled":"default","ast-page-background-meta":{"desktop":{"background-color":"var(--ast-global-color-4)","background-image":"","background-repeat":"repeat","background-position":"center center","background-size":"auto","background-attachment":"scroll","background-type":"","background-media":"","overlay-type":"","overlay-color":"","overlay-opacity":"","overlay-gradient":""},"tablet":{"background-color":"","background-image":"","background-repeat":"repeat","background-position":"center center","background-size":"auto","background-attachment":"scroll","background-type":"","background-media":"","overlay-type":"","overlay-color":"","overlay-opacity":"","overlay-gradient":""},"mobile":{"background-color":"","background-image":"","background-repeat":"repeat","background-position":"center center","background-size":"auto","background-attachment":"scroll","background-type":"","background-media":"","overlay-type":"","overlay-color":"","overlay-opacity":"","overlay-gradient":""}},"ast-content-background-meta":{"desktop":{"background-color":"var(--ast-global-color-5)","background-image":"","background-repeat":"repeat","background-position":"center center","background-size":"auto","background-attachment":"scroll","background-type":"","background-media":"","overlay-type":"","overlay-color":"","overlay-opacity":"","overlay-gradient":""},"tablet":{"background-color":"var(--ast-global-color-5)","background-image":"","background-repeat":"repeat","background-position":"center center","background-size":"auto","background-attachment":"scroll","background-type":"","background-media":"","overlay-type":"","overlay-color":"","overlay-opacity":"","overlay-gradient":""},"mobile":{"background-color":"var(--ast-global-color-5)","background-image":"","background-repeat":"repeat","background-position":"center center","background-size":"auto","background-attachment":"scroll","background-type":"","background-media":"","overlay-type":"","overlay-color":"","overlay-opacity":"","overlay-gradient":""}},"footnotes":""},"class_list":["post-54","page","type-page","status-publish","hentry"],"post_mailing_queue_ids":[],"_links":{"self":[{"href":"https:\/\/serveiseducatius.xtec.cat\/cda-flix\/wp-json\/wp\/v2\/pages\/54","targetHints":{"allow":["GET"]}}],"collection":[{"href":"https:\/\/serveiseducatius.xtec.cat\/cda-flix\/wp-json\/wp\/v2\/pages"}],"about":[{"href":"https:\/\/serveiseducatius.xtec.cat\/cda-flix\/wp-json\/wp\/v2\/types\/page"}],"author":[{"embeddable":true,"href":"https:\/\/serveiseducatius.xtec.cat\/cda-flix\/wp-json\/wp\/v2\/users\/1"}],"replies":[{"embeddable":true,"href":"https:\/\/serveiseducatius.xtec.cat\/cda-flix\/wp-json\/wp\/v2\/comments?post=54"}],"version-history":[{"count":5,"href":"https:\/\/serveiseducatius.xtec.cat\/cda-flix\/wp-json\/wp\/v2\/pages\/54\/revisions"}],"predecessor-version":[{"id":11661,"href":"https:\/\/serveiseducatius.xtec.cat\/cda-flix\/wp-json\/wp\/v2\/pages\/54\/revisions\/11661"}],"up":[{"embeddable":true,"href":"https:\/\/serveiseducatius.xtec.cat\/cda-flix\/wp-json\/wp\/v2\/pages\/8225"}],"wp:attachment":[{"href":"https:\/\/serveiseducatius.xtec.cat\/cda-flix\/wp-json\/wp\/v2\/media?parent=54"}],"curies":[{"name":"wp","href":"https:\/\/api.w.org\/{rel}","templated":true}]}}