{"id":11880,"date":"2025-05-15T14:00:06","date_gmt":"2025-05-15T12:00:06","guid":{"rendered":"https:\/\/serveiseducatius.xtec.cat\/cda-flix\/?page_id=11880"},"modified":"2025-05-16T12:30:28","modified_gmt":"2025-05-16T10:30:28","slug":"estades-secundaria-esb","status":"publish","type":"page","link":"https:\/\/serveiseducatius.xtec.cat\/cda-flix\/modalitats\/estades\/estades-secundaria-esb\/","title":{"rendered":"Estades Secund\u00e0ria"},"content":{"rendered":"\n<p><strong>Les estades de Secund\u00e0ria <mark style=\"background-color:rgba(0, 0, 0, 0)\" class=\"has-inline-color has-ast-global-color-1-color\">tenen una estructura tancada i clarament definida que tot seguit us detallem, i persegueixen conciliar espai per a la descoberta, recerca i aprenentatge de l&#8217;alumnat, amb una part m\u00e9s l\u00fadica i vivencial que atorguen les experi\u00e8ncies educatives plantejades en la seq\u00fc\u00e8ncia did\u00e0ctica.<\/mark><\/strong> Aquesta definici\u00f3, neix despr\u00e9s de recollir les propostes i impressions de l&#8217;alumnat i docents dels centres estadants d&#8217;educaci\u00f3 secund\u00e0ria al llarg d&#8217;aquests \u00faltims anys, resultat d&#8217;un intens i profund debat de l&#8217;equip educatiu.<\/p>\n\n\n\n<div class=\"wp-block-getwid-tabs\" data-active-tab=\"0\"><ul class=\"wp-block-getwid-tabs__nav-links\"><\/ul>\n<div class=\"wp-block-getwid-tabs__nav-link\"><h6 class=\"wp-block-getwid-tabs__title-wrapper\"><a href=\"#\"><span class=\"wp-block-getwid-tabs__title\"><strong><mark style=\"background-color:rgba(0, 0, 0, 0)\" class=\"has-inline-color has-ast-global-color-1-color\">L&#8217;estada<\/mark><\/strong><\/span><\/a><\/h6><\/div><div class=\"wp-block-getwid-tabs__tab-content-wrapper\"><div class=\"wp-block-getwid-tabs__tab-content\">\n<h2 class=\"wp-block-heading has-medium-font-size\"><mark style=\"background-color:rgba(0, 0, 0, 0)\" class=\"has-inline-color has-ast-global-color-1-color\"><strong>Caracter\u00edstiques de l&#8217;estada<\/strong><\/mark><\/h2>\n\n\n\n<ul class=\"wp-block-list\">\n<li style=\"font-size:15px\">El <strong><mark style=\"background-color:rgba(0, 0, 0, 0)\" class=\"has-inline-color has-ast-global-color-1-color\">CdA de Flix<\/mark><\/strong> ofereix als centres <mark style=\"background-color:rgba(0, 0, 0, 0)\" class=\"has-inline-color has-ast-global-color-1-color\"><strong>estades adre\u00e7ades a alumnat d&#8217;educaci\u00f3 <\/strong> <strong>Secund\u00e0ria<\/strong> <strong>de dos i tres dies<\/strong><\/mark> amb allotjament a les instal\u00b7lacions de l&#8217;<a href=\"https:\/\/serveiseducatius.xtec.cat\/cda-flix\/\/el-camp\/allotjament\/\"><strong><mark style=\"background-color:rgba(0, 0, 0, 0);color:#fac38c\" class=\"has-inline-color\">Alberg Vilar Riu de Baix<\/mark><\/strong><\/a>.<\/li>\n\n\n\n<li style=\"font-size:15px\">Es poden atendre <mark style=\"background-color:rgba(0, 0, 0, 0)\" class=\"has-inline-color has-ast-global-color-0-color\"><strong>2 grups en un mateix torn d&#8217;estada de 24 alumnes, per tant, <\/strong><\/mark><strong><mark style=\"background-color:var(--ast-global-color-0);color:#ffffff\" class=\"has-inline-color\">un m\u00e0xim de 48 alumnes per torn d&#8217;estada<\/mark><\/strong><mark style=\"background-color:rgba(0, 0, 0, 0)\" class=\"has-inline-color has-ast-global-color-0-color\">.<\/mark> En el cas de ser un grup m\u00e9s nombr\u00f3s, es pot estudiar cada cas amb l&#8217;equip educatiu i aix\u00ed, <strong>ubicar un torn consecutiu m\u00e9s en el calendari (segons les possibilitats), o buscar alguna altra soluci\u00f3 consensuada.<\/strong><\/li>\n\n\n\n<li style=\"font-size:15px\">Les activitats es realitzen entre les <strong><mark style=\"background-color:rgba(0, 0, 0, 0);color:#3366ff\" class=\"has-inline-color\">9:00<\/mark>&nbsp;<\/strong>i les<strong> <mark style=\"background-color:rgba(0, 0, 0, 0);color:#3366ff\" class=\"has-inline-color\">17:00<\/mark>&nbsp;<\/strong>h aproximadament, adaptant-se a cada cas concret.<\/li>\n\n\n\n<li style=\"font-size:15px\">El <strong><mark style=\"background-color:rgba(0, 0, 0, 0);color:#00b36f\" class=\"has-inline-color\">cost<\/mark><\/strong> \u00e9s de <mark style=\"background-color:rgba(0, 0, 0, 0);color:#00b36f\" class=\"has-inline-color\"><strong>3<\/strong>&nbsp;<strong>\u20ac<\/strong><\/mark> per alumne (\u00e9s igual a tots els camps d&#8217;aprenentatge), i en el qual podeu gaudir d&#8217;exempcions i\/o bonificacions en aquesta tarifa, segons estableix l&#8217;<a href=\"https:\/\/dogc.gencat.cat\/ca\/pdogc_canals_interns\/pdogc_resultats_fitxa\/?action=fitxa&amp;documentId=743883&amp;language=ca_ES\" target=\"_blank\" rel=\"noreferrer noopener\">ORDRE\/ENS\/163\/2016<\/a> (com per exemple alumnes de fam\u00edlies monoparentals, nombroses\u2026). <strong><mark style=\"background-color:rgba(0, 0, 0, 0);color:#00b36f\" class=\"has-inline-color\">Finalment cal sumar-li<\/mark><\/strong> la<a href=\"https:\/\/serveiseducatius.xtec.cat\/cda-flix\/el-camp\/allotjament\/\" target=\"_blank\" rel=\"noreferrer noopener\"><strong> quota d&#8217;allotjament<\/strong><\/a> (ho podeu consultar a la pestanya <a href=\"https:\/\/serveiseducatius.xtec.cat\/cda-flix\/\/el-camp\/allotjament\/\"><em>Allotjament<\/em><\/a> ). <strong><mark style=\"background-color:rgba(0, 0, 0, 0);color:#00b36f\" class=\"has-inline-color\">Si el centre decidiu realitzar activitats complement\u00e0ries<\/mark><\/strong>, caldr\u00e0 sumar el preu d&#8217;aquestes tamb\u00e9 (ho podeu consultar a la pestanya <a href=\"https:\/\/serveiseducatius.xtec.cat\/cda-flix\/modalitats\/estades\/activitats-complementaries\/\" target=\"_blank\" rel=\"noreferrer noopener\"><em>Actv Compl<\/em><\/a> ).<\/li>\n\n\n\n<li style=\"font-size:15px\">El <strong><mark style=\"background-color:rgba(0, 0, 0, 0);color:#ff9900\" class=\"has-inline-color\">centre educatiu \u00e9s el responsable<\/mark><\/strong> del despla\u00e7ament d&#8217;anada i tornada al Camp d&#8217;aprenentatge.<\/li>\n\n\n\n<li style=\"font-size:15px\"><mark style=\"background-color:rgba(0, 0, 0, 0);color:#cc0000\" class=\"has-inline-color\"><strong>Cal fer una lectura<\/strong>&nbsp;<strong>compartida<\/strong><\/mark> amb l&#8217;equip docent que assistir\u00e0 a l&#8217;estada del <strong>document<a href=\"http:\/\/xtec.gencat.cat\/web\/.content\/serveis\/cda\/inscripcio\/documents\/Revisio-Responsabilitats_centre_cda-eda-juliol-2020.pdf\" target=\"_blank\" rel=\"noreferrer noopener\"> <mark style=\"background-color:rgba(0, 0, 0, 0);color:#0000ff\" class=\"has-inline-color\">(clicar aqu\u00ed)<\/mark><\/a><\/strong>&nbsp;<strong><em>Responsabilitats del centre, del seu professorat, dels alumnes i dels professionals dels Cda\/Eda<\/em><\/strong>.<\/li>\n<\/ul>\n<\/div><\/div>\n\n\n\n<div class=\"wp-block-getwid-tabs__nav-link\"><h6 class=\"wp-block-getwid-tabs__title-wrapper\"><a href=\"#\"><span class=\"wp-block-getwid-tabs__title\"><strong><mark style=\"background-color:rgba(0, 0, 0, 0)\" class=\"has-inline-color has-ast-global-color-1-color\">Itineraris<\/mark><\/strong><\/span><\/a><\/h6><\/div><div class=\"wp-block-getwid-tabs__tab-content-wrapper\"><div class=\"wp-block-getwid-tabs__tab-content\">\n<h2 class=\"wp-block-heading has-medium-font-size\"><mark style=\"background-color:rgba(0, 0, 0, 0)\" class=\"has-inline-color has-ast-global-color-1-color\"><strong>Itineraris d&#8217;aprenentatge<\/strong><\/mark><\/h2>\n\n\n\n<ul class=\"wp-block-list\">\n<li style=\"font-size:15px\">Oferim <strong><mark style=\"background-color:rgba(0, 0, 0, 0)\" class=\"has-inline-color has-ast-global-color-1-color\">dues possibilitats d&#8217;itinerari d&#8217;aprenentatge a escollir segons la tem\u00e0tica que us interessa<\/mark><\/strong>, i es poden dur a terme amb primer cicle o segon cicle d&#8217;ESO. Tot i compartir nom i estructura cada cicle t\u00e9 el seu propi contingut.\n<ul class=\"wp-block-list\">\n<li style=\"font-size:14px\"><em style=\"color: rgb(147, 191, 2); font-weight: bold;\"><mark style=\"background-color: rgba(0, 0, 0, 0);color:#418300\" class=\"has-inline-color\">EL CRIT DE LA NATURA. EL SENTS?&nbsp;<\/mark><\/em><font color=\"#93bf02\"><mark style=\"background-color: rgba(0, 0, 0, 0);color:#418300\" class=\"has-inline-color\"><b>(es pot realitzar als mesos d&#8217;abril (final de mes), maig, juny, setembre i inicis d&#8217;octubre)<\/b><\/mark><\/font><mark style=\"background-color: rgba(0, 0, 0, 0);\" class=\"has-inline-color\"><font color=\"#93bf02\"><b>.<\/b><\/font><\/mark> <em>Detall d&#8217;informaci\u00f3<\/em> <em><a href=\"https:\/\/view.genially.com\/6825bdbdcd39bf92338ab711\" data-type=\"link\" data-id=\"https:\/\/drive.google.com\/file\/d\/1nNYtWXarQqFWuWb1XTkbDwbjC28bBrjK\/view?usp=drive_link\" target=\"_blank\" rel=\"noreferrer noopener\">1r CICLE<\/a><\/em> i <em><a href=\"https:\/\/view.genially.com\/6825bdc6e469fc4749f930ff\" data-type=\"link\" data-id=\"https:\/\/view.genially.com\/6825bdc6e469fc4749f930ff\" target=\"_blank\" rel=\"noreferrer noopener\">2N CICLE<\/a><\/em><\/li>\n\n\n\n<li style=\"font-size:14px\"><strong><mark style=\"background-color:rgba(0, 0, 0, 0);color:#830202\" class=\"has-inline-color\">ITINERARI D&#8217;APRENENTATGE <em>L&#8217;EBRE, LA FRONTERA DE LA BATALLA?&nbsp;<\/em>(es pot realitzar al mes de novembre en commemoraci\u00f3 de l&#8217;aniversari de la fi de la Batalla de l&#8217;Ebre).<\/mark><\/strong> <em>Detall d&#8217;informaci\u00f3<\/em> <em><a href=\"https:\/\/view.genially.com\/6825bdcd174ec72ed5c782a8\" data-type=\"link\" data-id=\"https:\/\/view.genially.com\/6825bdcd174ec72ed5c782a8\" target=\"_blank\" rel=\"noreferrer noopener\">1r CICLE<\/a><\/em> i <em><a href=\"https:\/\/view.genially.com\/6825bdcd174ec72ed5c782a8\" data-type=\"link\" data-id=\"https:\/\/view.genially.com\/6825bdcd174ec72ed5c782a8\" target=\"_blank\" rel=\"noreferrer noopener\">2N CICLE<\/a><\/em><\/li>\n<\/ul>\n<\/li>\n\n\n\n<li style=\"font-size:15px\">Cada itinerari d&#8217;aprenentatge present a l&#8217;estada <strong><mark style=\"background-color:rgba(0, 0, 0, 0)\" class=\"has-inline-color has-ast-global-color-1-color\">consta d&#8217;un conjunt<\/mark><\/strong> <strong><mark style=\"background-color:rgba(0, 0, 0, 0)\" class=\"has-inline-color has-ast-global-color-1-color\">d&#8217;activitats virtuals d&#8217;aprenentatge:<\/mark><\/strong> un seguit de propostes did\u00e0ctiques amb format <em>Genially<\/em> que s&#8217;han creat expl\u00edcitament per a que siguin l&#8217;eix vertebrador de la seq\u00fc\u00e8ncia did\u00e0ctica. Estan <strong>plantejades per a realitzar-se abans i despr\u00e9s de l&#8217;estada, algunes s\u00f3n de car\u00e0cter obligatori i d&#8217;altres s\u00f3n d&#8217;ampliaci\u00f3<\/strong>. Tanmateix trobem activitats en catal\u00e0, castell\u00e0 i angl\u00e8s. <mark style=\"background-color:rgba(0, 0, 0, 0)\" class=\"has-inline-color has-ast-global-color-0-color\"><strong>CAL<\/strong> <strong>UN COMPROM\u00cdS EXPL\u00cdCIT de l&#8217;equip docent del centre estadant<\/strong><\/mark> de que aquest material did\u00e0ctic es tindr\u00e0 en compte amb el seu alumnat, seguint les recomanacions i\/o orientacions de realitzaci\u00f3 que els oferir\u00e0 l&#8217;equip educatiu del Cda de Flix.<\/li>\n<\/ul>\n<\/div><\/div>\n\n\n\n<div class=\"wp-block-getwid-tabs__nav-link\"><h6 class=\"wp-block-getwid-tabs__title-wrapper\"><a href=\"#\"><span class=\"wp-block-getwid-tabs__title\"><strong><mark style=\"background-color:rgba(0, 0, 0, 0)\" class=\"has-inline-color has-ast-global-color-1-color\">Seq\u00fc\u00e8ncia<\/mark><\/strong><\/span><\/a><\/h6><\/div><div class=\"wp-block-getwid-tabs__tab-content-wrapper\"><div class=\"wp-block-getwid-tabs__tab-content\">\n<h2 class=\"wp-block-heading has-medium-font-size\"><strong><mark style=\"background-color:rgba(0, 0, 0, 0)\" class=\"has-inline-color has-ast-global-color-1-color\">Seq\u00fc\u00e8ncia did\u00e0ctica<\/mark><\/strong><\/h2>\n\n\n\n<ul class=\"wp-block-list\">\n<li style=\"font-size:15px\"><mark style=\"background-color:rgba(0, 0, 0, 0);color:#08b6fa\" class=\"has-inline-color\"><strong>El disseny de la seq\u00fc\u00e8ncia did\u00e0ctica est\u00e0 pensat per una estada de tres dies, per\u00f2 hi ha la possibilitat d&#8217;adaptar-la a dos dies<\/strong>.<\/mark> Finalitza el mat\u00ed del tercer dia, i d\u2019aquesta manera si es vol es pot venir amb un altre grup consecutivament (sempre que s\u2019hagi realitzat la sol\u00b7licitud corresponent al per\u00edode d\u2019inscripci\u00f3 habilitat pel Departament d\u2019Educaci\u00f3, i les caracter\u00edstiques del Cda de Flix el puguin acollir). <strong>El mat\u00ed del primer dia es destina a l&#8217;arribada al punt de trobada, presentaci\u00f3 i instal\u00b7laci\u00f3 a l&#8217;alberg Vilar Riu de Baix.<\/strong> <em>A la pestanya seg\u00fcent, titulada Estructura, trobareu dues imatges de l&#8217;estructura d&#8217;estada de tres dies corresponent a cada itinerari d&#8217;aprenentatge.<\/em><\/li>\n\n\n\n<li style=\"font-size:15px\"><strong><mark style=\"background-color:rgba(0, 0, 0, 0)\" class=\"has-inline-color has-ast-global-color-1-color\">Activitats did\u00e0ctiques a l\u2019estada a Flix:<\/mark><\/strong>\u00a0seguint amb el fil conductor de la seq\u00fc\u00e8ncia did\u00e0ctica (itinerari d&#8217;aprenentatge escollit), els dies de l&#8217;estada es realitzaran activitats que fomentin la interacci\u00f3 amb el medi on t\u00e9 lloc l\u2019acci\u00f3 educativa, emmarcades amb la filosofia del Cda de Flix: <strong>materials reutilitzables i sostenibles, treball cooperatiu i construcci\u00f3 de l\u2019aprenentatge de manera col\u00b7laborativa<\/strong>, sempre sota una mirada l\u00fadicodid\u00e0ctica, i comptant amb la participaci\u00f3 de l\u2019equip docent del centre educatiu acompanyant l\u2019alumnat.<\/li>\n<\/ul>\n<\/div><\/div>\n\n\n\n<div class=\"wp-block-getwid-tabs__nav-link\"><h6 class=\"wp-block-getwid-tabs__title-wrapper\"><a href=\"#\"><span class=\"wp-block-getwid-tabs__title\"><strong><mark style=\"background-color:rgba(0, 0, 0, 0)\" class=\"has-inline-color has-ast-global-color-1-color\">Estructura<\/mark><\/strong><\/span><\/a><\/h6><\/div><div class=\"wp-block-getwid-tabs__tab-content-wrapper\"><div class=\"wp-block-getwid-tabs__tab-content\">\n<h2 class=\"wp-block-heading has-medium-font-size\"><strong><mark style=\"background-color:rgba(0, 0, 0, 0)\" class=\"has-inline-color has-ast-global-color-1-color\">Estructura de l&#8217;estada de cada itinerari <\/mark><\/strong><\/h2>\n\n\n\n<p class=\"has-text-align-center\" style=\"font-size:16px\"><strong><mark style=\"background-color:#6bc5a3\" class=\"has-inline-color has-ast-global-color-2-color\">ITINERARI <em>EL CRIT DE LA NATURA. EL SENTS?<\/em><\/mark><\/strong><\/p>\n\n\n\n<figure class=\"wp-block-image aligncenter size-full is-resized\"><a href=\"https:\/\/serveiseducatius.xtec.cat\/cda-flix\/wp-content\/uploads\/usu1373\/2025\/05\/SEC-1.png\"><img loading=\"lazy\" decoding=\"async\" width=\"1020\" height=\"676\" src=\"https:\/\/serveiseducatius.xtec.cat\/cda-flix\/wp-content\/uploads\/usu1373\/2025\/05\/SEC-1.png\" alt=\"\" class=\"wp-image-11884\" style=\"width:684px\" srcset=\"https:\/\/serveiseducatius.xtec.cat\/cda-flix\/wp-content\/uploads\/usu1373\/2025\/05\/SEC-1.png 1020w, https:\/\/serveiseducatius.xtec.cat\/cda-flix\/wp-content\/uploads\/usu1373\/2025\/05\/SEC-1-300x199.png 300w, https:\/\/serveiseducatius.xtec.cat\/cda-flix\/wp-content\/uploads\/usu1373\/2025\/05\/SEC-1-768x509.png 768w\" sizes=\"auto, (max-width: 1020px) 100vw, 1020px\" \/><\/a><\/figure>\n\n\n\n<hr class=\"wp-block-separator has-alpha-channel-opacity is-style-dots\"\/>\n\n\n\n<p class=\"has-text-align-center\" style=\"padding-top:0;padding-bottom:0;font-size:16px\"><strong><mark style=\"background-color:#857402;color:#ffffff\" class=\"has-inline-color\">ITINERARI <em>L<\/em>&#8216;<em>EBRE LA FRONTERA DE LA BATALLA?<\/em><\/mark><\/strong><\/p>\n\n\n\n<figure class=\"wp-block-image aligncenter size-full is-resized\"><a href=\"https:\/\/serveiseducatius.xtec.cat\/cda-flix\/wp-content\/uploads\/usu1373\/2025\/05\/SEC-2.png\"><img loading=\"lazy\" decoding=\"async\" width=\"1020\" height=\"703\" src=\"https:\/\/serveiseducatius.xtec.cat\/cda-flix\/wp-content\/uploads\/usu1373\/2025\/05\/SEC-2.png\" alt=\"\" class=\"wp-image-11885\" style=\"width:684px\" srcset=\"https:\/\/serveiseducatius.xtec.cat\/cda-flix\/wp-content\/uploads\/usu1373\/2025\/05\/SEC-2.png 1020w, https:\/\/serveiseducatius.xtec.cat\/cda-flix\/wp-content\/uploads\/usu1373\/2025\/05\/SEC-2-300x207.png 300w, https:\/\/serveiseducatius.xtec.cat\/cda-flix\/wp-content\/uploads\/usu1373\/2025\/05\/SEC-2-768x529.png 768w\" sizes=\"auto, (max-width: 1020px) 100vw, 1020px\" \/><\/a><\/figure>\n<\/div><\/div>\n\n\n\n<div class=\"wp-block-getwid-tabs__nav-link\"><h6 class=\"wp-block-getwid-tabs__title-wrapper\"><a href=\"#\"><span class=\"wp-block-getwid-tabs__title\"><strong><mark style=\"background-color:rgba(0, 0, 0, 0)\" class=\"has-inline-color has-ast-global-color-1-color\">Actv Compl<\/mark><\/strong><\/span><\/a><\/h6><\/div><div class=\"wp-block-getwid-tabs__tab-content-wrapper\"><div class=\"wp-block-getwid-tabs__tab-content\">\n<h2 class=\"wp-block-heading has-medium-font-size\"><strong><mark style=\"background-color:rgba(0, 0, 0, 0)\" class=\"has-inline-color has-ast-global-color-1-color\">Activitats Complement\u00e0ries<\/mark><\/strong><\/h2>\n\n\n\n<ul class=\"wp-block-list\">\n<li style=\"font-size:15px\"><mark style=\"background-color:rgba(0, 0, 0, 0);color:#ff6600\" class=\"has-inline-color\"><strong>Activitats complement\u00e0ries (amb preu extra per alumne)<\/strong>:<\/mark> <strong>ambdues seq\u00fc\u00e8ncies did\u00e0ctiques finalitzen l&#8217;\u00faltim dia amb una activitat complement\u00e0ria<\/strong> molt significativa, que gr\u00e0cies al seu car\u00e0cter pedag\u00f2gic s&#8217;inclou dins horari lectiu al mat\u00ed.<\/li>\n\n\n\n<li style=\"font-size:15px\"><strong><mark style=\"background-color:rgba(0, 0, 0, 0);color:#ff6600\" class=\"has-inline-color\">Tamb\u00e9 se&#8217;n poden afegir a les tardes i nits de la vostra estada<\/mark><\/strong>, un cop acabada l&#8217;activitat lectiva amb l&#8217;equip educatiu del Cda. Ho parlareu amb l&#8217;equip educatiu del Cda a l&#8217;inici de la coordinaci\u00f3 de la vostra estada. <em><a href=\"https:\/\/serveiseducatius.xtec.cat\/cda-flix\/modalitats\/estades\/activitats-complementaries\/\" data-type=\"page\" data-id=\"9372\" target=\"_blank\" rel=\"noreferrer noopener\">Us emplacem a visitar l&#8217;apartat titulat Activitats Complement\u00e0ries<\/a><\/em>.<\/li>\n<\/ul>\n<\/div><\/div>\n\n\n\n<div class=\"wp-block-getwid-tabs__nav-link\"><h6 class=\"wp-block-getwid-tabs__title-wrapper\"><a href=\"#\"><span class=\"wp-block-getwid-tabs__title\"><strong><mark style=\"background-color:rgba(0, 0, 0, 0)\" class=\"has-inline-color has-ast-global-color-1-color\">Alberg<\/mark><\/strong><\/span><\/a><\/h6><\/div><div class=\"wp-block-getwid-tabs__tab-content-wrapper\"><div class=\"wp-block-getwid-tabs__tab-content\">\n<h2 class=\"wp-block-heading has-medium-font-size\"><strong><mark style=\"background-color:rgba(0, 0, 0, 0)\" class=\"has-inline-color has-ast-global-color-1-color\">Allotjament<\/mark><\/strong><\/h2>\n\n\n\n<ul class=\"wp-block-list\">\n<li style=\"font-size:15px\"><strong><mark style=\"background-color:rgba(0, 0, 0, 0);color:#fac38c\" class=\"has-inline-color\">Al llarg de  la vostra estada us allotjareu a l&#8217;Alberg Vilar Riu de Baix<\/mark><\/strong>. Per tal d&#8217;evitar interfer\u00e8ncies innecess\u00e0ries, si l&#8217;equip educatiu del Cda de Flix us hem assignat l&#8217;estada, aquest apartat el gestionareu directament amb el coordinador de l&#8217;alberg: aspectes com les al\u00b7l\u00e8rgies i intoler\u00e0ncies aliment\u00e0ries, men\u00fas, serveis&#8230; Per a m\u00e9s informaci\u00f3, <a href=\"https:\/\/serveiseducatius.xtec.cat\/cda-flix\/el-camp\/allotjament-2\/\" data-type=\"page\" data-id=\"11838\"><em>us emplacem a visitar l&#8217;apartat titulat<\/em> <em>Allotjament<\/em>.<\/a><\/li>\n<\/ul>\n<\/div><\/div>\n<\/div>\n","protected":false},"excerpt":{"rendered":"<p>Les estades de Secund\u00e0ria tenen una estructura tancada i clarament definida que tot seguit us detallem, i persegueixen conciliar espai per a la descoberta, recerca i aprenentatge de l&#8217;alumnat, amb una part m\u00e9s l\u00fadica i vivencial que atorguen les experi\u00e8ncies educatives plantejades en la seq\u00fc\u00e8ncia did\u00e0ctica. Aquesta definici\u00f3, neix despr\u00e9s de recollir les propostes i [&hellip;]<\/p>\n","protected":false},"author":1,"featured_media":0,"parent":157,"menu_order":7,"comment_status":"closed","ping_status":"closed","template":"","meta":{"_bbp_topic_count":0,"_bbp_reply_count":0,"_bbp_total_topic_count":0,"_bbp_total_reply_count":0,"_bbp_voice_count":0,"_bbp_anonymous_reply_count":0,"_bbp_topic_count_hidden":0,"_bbp_reply_count_hidden":0,"_bbp_forum_subforum_count":0,"site-sidebar-layout":"default","site-content-layout":"","ast-site-content-layout":"default","site-content-style":"default","site-sidebar-style":"default","ast-global-header-display":"","ast-banner-title-visibility":"","ast-main-header-display":"","ast-hfb-above-header-display":"","ast-hfb-below-header-display":"","ast-hfb-mobile-header-display":"","site-post-title":"","ast-breadcrumbs-content":"","ast-featured-img":"","footer-sml-layout":"","theme-transparent-header-meta":"","adv-header-id-meta":"","stick-header-meta":"","header-above-stick-meta":"","header-main-stick-meta":"","header-below-stick-meta":"","astra-migrate-meta-layouts":"set","ast-page-background-enabled":"default","ast-page-background-meta":{"desktop":{"background-color":"var(--ast-global-color-4)","background-image":"","background-repeat":"repeat","background-position":"center center","background-size":"auto","background-attachment":"scroll","background-type":"","background-media":"","overlay-type":"","overlay-color":"","overlay-opacity":"","overlay-gradient":""},"tablet":{"background-color":"","background-image":"","background-repeat":"repeat","background-position":"center center","background-size":"auto","background-attachment":"scroll","background-type":"","background-media":"","overlay-type":"","overlay-color":"","overlay-opacity":"","overlay-gradient":""},"mobile":{"background-color":"","background-image":"","background-repeat":"repeat","background-position":"center center","background-size":"auto","background-attachment":"scroll","background-type":"","background-media":"","overlay-type":"","overlay-color":"","overlay-opacity":"","overlay-gradient":""}},"ast-content-background-meta":{"desktop":{"background-color":"var(--ast-global-color-5)","background-image":"","background-repeat":"repeat","background-position":"center center","background-size":"auto","background-attachment":"scroll","background-type":"","background-media":"","overlay-type":"","overlay-color":"","overlay-opacity":"","overlay-gradient":""},"tablet":{"background-color":"var(--ast-global-color-5)","background-image":"","background-repeat":"repeat","background-position":"center center","background-size":"auto","background-attachment":"scroll","background-type":"","background-media":"","overlay-type":"","overlay-color":"","overlay-opacity":"","overlay-gradient":""},"mobile":{"background-color":"var(--ast-global-color-5)","background-image":"","background-repeat":"repeat","background-position":"center center","background-size":"auto","background-attachment":"scroll","background-type":"","background-media":"","overlay-type":"","overlay-color":"","overlay-opacity":"","overlay-gradient":""}},"footnotes":""},"class_list":["post-11880","page","type-page","status-publish","hentry"],"post_mailing_queue_ids":[],"_links":{"self":[{"href":"https:\/\/serveiseducatius.xtec.cat\/cda-flix\/wp-json\/wp\/v2\/pages\/11880","targetHints":{"allow":["GET"]}}],"collection":[{"href":"https:\/\/serveiseducatius.xtec.cat\/cda-flix\/wp-json\/wp\/v2\/pages"}],"about":[{"href":"https:\/\/serveiseducatius.xtec.cat\/cda-flix\/wp-json\/wp\/v2\/types\/page"}],"author":[{"embeddable":true,"href":"https:\/\/serveiseducatius.xtec.cat\/cda-flix\/wp-json\/wp\/v2\/users\/1"}],"replies":[{"embeddable":true,"href":"https:\/\/serveiseducatius.xtec.cat\/cda-flix\/wp-json\/wp\/v2\/comments?post=11880"}],"version-history":[{"count":6,"href":"https:\/\/serveiseducatius.xtec.cat\/cda-flix\/wp-json\/wp\/v2\/pages\/11880\/revisions"}],"predecessor-version":[{"id":11935,"href":"https:\/\/serveiseducatius.xtec.cat\/cda-flix\/wp-json\/wp\/v2\/pages\/11880\/revisions\/11935"}],"up":[{"embeddable":true,"href":"https:\/\/serveiseducatius.xtec.cat\/cda-flix\/wp-json\/wp\/v2\/pages\/157"}],"wp:attachment":[{"href":"https:\/\/serveiseducatius.xtec.cat\/cda-flix\/wp-json\/wp\/v2\/media?parent=11880"}],"curies":[{"name":"wp","href":"https:\/\/api.w.org\/{rel}","templated":true}]}}