{"id":11864,"date":"2025-05-15T11:54:55","date_gmt":"2025-05-15T09:54:55","guid":{"rendered":"https:\/\/serveiseducatius.xtec.cat\/cda-flix\/?page_id=11864"},"modified":"2025-05-16T13:14:00","modified_gmt":"2025-05-16T11:14:00","slug":"estades-primaria-esb","status":"publish","type":"page","link":"https:\/\/serveiseducatius.xtec.cat\/cda-flix\/modalitats\/estades\/estades-primaria-esb\/","title":{"rendered":"Estades Prim\u00e0ria"},"content":{"rendered":"\n<p><strong>Les estades de Prim\u00e0ria tenen lloc al llarg de tot el curs escolar<\/strong>.&nbsp;<strong><mark style=\"background-color:rgba(0, 0, 0, 0);color:#00b36f\" class=\"has-inline-color\">Persegueixen conciliar espai per a la descoberta, recerca i aprenentatge de l\u2019alumnat, amb una part m\u00e9s l\u00fadica i vivencial que atorguen les experi\u00e8ncies educatives plantejades en la seq\u00fc\u00e8ncia did\u00e0ctica.<\/mark><\/strong>&nbsp;La seq\u00fc\u00e8ncia did\u00e0ctica plantejada per l\u2019equip educatiu del Cda de Flix parteix de la petici\u00f3 d\u2019activitats did\u00e0ctiques realitzada a la sol\u00b7licitud d\u2019inscripci\u00f3. A partir d\u2019aquesta, s\u2019intenta definir una seq\u00fc\u00e8ncia did\u00e0ctica el m\u00e9s coherent possible, amb un fil conductor que doni sentit a les pr\u00e0ctiques d\u2019aprenentatge que es realitzaran, aix\u00ed doncs, l\u2019equip educatiu del Cda a partir de la seva experi\u00e8ncia, estudia la viabilitat de la demanda i en defineix una proposta de cronograma que es compartida amb els centres per continuar codissenyant-la.<\/p>\n\n\n\n<div class=\"wp-block-getwid-tabs\" data-active-tab=\"0\"><ul class=\"wp-block-getwid-tabs__nav-links\"><\/ul>\n<div class=\"wp-block-getwid-tabs__nav-link\"><h6 class=\"wp-block-getwid-tabs__title-wrapper\"><a href=\"#\"><span class=\"wp-block-getwid-tabs__title\"><strong><mark style=\"background-color:rgba(0, 0, 0, 0)\" class=\"has-inline-color has-ast-global-color-0-color\">L&#8217;estada<\/mark><\/strong><\/span><\/a><\/h6><\/div><div class=\"wp-block-getwid-tabs__tab-content-wrapper\"><div class=\"wp-block-getwid-tabs__tab-content\">\n<h2 class=\"wp-block-heading has-medium-font-size\"><mark style=\"background-color:rgba(0, 0, 0, 0)\" class=\"has-inline-color has-ast-global-color-0-color\">Caracter\u00edstiques de l&#8217;estada<\/mark><\/h2>\n\n\n\n<ul class=\"wp-block-list\">\n<li style=\"font-size:15px\">El <strong><mark style=\"background-color:rgba(0, 0, 0, 0)\" class=\"has-inline-color has-ast-global-color-1-color\">CdA de Flix<\/mark><\/strong> ofereix als centres <mark style=\"background-color:rgba(0, 0, 0, 0)\" class=\"has-inline-color has-ast-global-color-1-color\"><strong>estades adre\u00e7ades a alumnat d&#8217;educaci\u00f3 Prim\u00e0ria<\/strong> <strong>de dos i tres dies<\/strong><\/mark> amb allotjament a les instal\u00b7lacions de l&#8217;<a href=\"https:\/\/serveiseducatius.xtec.cat\/cda-flix\/\/el-camp\/allotjament\/\"><strong><mark style=\"background-color:rgba(0, 0, 0, 0);color:#fac38c\" class=\"has-inline-color\">Alberg Vilar Riu de Baix<\/mark><\/strong><\/a>.<\/li>\n\n\n\n<li style=\"font-size:15px\">Es poden atendre <mark style=\"background-color:rgba(0, 0, 0, 0)\" class=\"has-inline-color has-ast-global-color-0-color\"><strong>2 grups en un mateix torn d&#8217;estada de 24 alumnes, per tant, un m\u00e0xim de 48 alumnes per torn d&#8217;estada<\/strong>.<\/mark> En el cas de ser un grup m\u00e9s nombr\u00f3s, es pot estudiar cada cas amb l&#8217;equip educatiu i aix\u00ed, <strong>ubicar un torn consecutiu m\u00e9s en el calendari (segons les possibilitats), o buscar alguna altra soluci\u00f3 consensuada.<\/strong><\/li>\n\n\n\n<li style=\"font-size:15px\">Les activitats es realitzen entre les <strong><mark style=\"background-color:rgba(0, 0, 0, 0);color:#3366ff\" class=\"has-inline-color\">9:00<\/mark>&nbsp;<\/strong>i les<strong> <mark style=\"background-color:rgba(0, 0, 0, 0);color:#3366ff\" class=\"has-inline-color\">17:00<\/mark>&nbsp;<\/strong>h aproximadament, adaptant-se a cada cas concret.<\/li>\n\n\n\n<li style=\"font-size:15px\">El <strong><mark style=\"background-color:rgba(0, 0, 0, 0);color:#00b36f\" class=\"has-inline-color\">cost<\/mark><\/strong> \u00e9s de <mark style=\"background-color:rgba(0, 0, 0, 0);color:#00b36f\" class=\"has-inline-color\"><strong>3<\/strong>&nbsp;<strong>\u20ac<\/strong><\/mark> per alumne (\u00e9s igual a tots els camps d&#8217;aprenentatge), i en el qual podeu gaudir d&#8217;exempcions i\/o bonificacions en aquesta tarifa, segons estableix l&#8217;<a href=\"https:\/\/dogc.gencat.cat\/ca\/pdogc_canals_interns\/pdogc_resultats_fitxa\/?action=fitxa&amp;documentId=743883&amp;language=ca_ES\" target=\"_blank\" rel=\"noreferrer noopener\">ORDRE\/ENS\/163\/2016<\/a> (com per exemple alumnes de fam\u00edlies monoparentals, nombroses\u2026). <strong><mark style=\"background-color:rgba(0, 0, 0, 0);color:#00b36f\" class=\"has-inline-color\">Finalment cal sumar-li<\/mark><\/strong> la<a href=\"https:\/\/serveiseducatius.xtec.cat\/cda-flix\/el-camp\/allotjament\/\" target=\"_blank\" rel=\"noreferrer noopener\"><strong> quota d&#8217;allotjament<\/strong><\/a> (ho podeu consultar a la pestanya <a href=\"https:\/\/serveiseducatius.xtec.cat\/cda-flix\/\/el-camp\/allotjament\/\"><em>Allotjament<\/em><\/a> ). <strong><mark style=\"background-color:rgba(0, 0, 0, 0);color:#00b36f\" class=\"has-inline-color\">Si el centre decidiu realitzar activitats complement\u00e0ries<\/mark><\/strong>, caldr\u00e0 sumar el preu d&#8217;aquestes tamb\u00e9 (ho podeu consultar a la pestanya <a href=\"https:\/\/serveiseducatius.xtec.cat\/cda-flix\/modalitats\/estades\/activitats-complementaries\/\" target=\"_blank\" rel=\"noreferrer noopener\"><em>Actv Compl<\/em><\/a> ).<\/li>\n\n\n\n<li style=\"font-size:15px\">El <strong><mark style=\"background-color:rgba(0, 0, 0, 0);color:#ff9900\" class=\"has-inline-color\">centre educatiu \u00e9s el responsable<\/mark><\/strong> del despla\u00e7ament d&#8217;anada i tornada al Camp d&#8217;aprenentatge.<\/li>\n\n\n\n<li style=\"font-size:15px\"><mark style=\"background-color:rgba(0, 0, 0, 0);color:#cc0000\" class=\"has-inline-color\"><strong>Cal fer una lectura<\/strong>&nbsp;<strong>compartida<\/strong><\/mark> amb l&#8217;equip docent que assistir\u00e0 a l&#8217;estada del <strong>document<a href=\"http:\/\/xtec.gencat.cat\/web\/.content\/serveis\/cda\/inscripcio\/documents\/Revisio-Responsabilitats_centre_cda-eda-juliol-2020.pdf\" target=\"_blank\" rel=\"noreferrer noopener\"> <mark style=\"background-color:rgba(0, 0, 0, 0);color:#0000ff\" class=\"has-inline-color\">(clicar aqu\u00ed)<\/mark><\/a><\/strong>&nbsp;<strong><em>Responsabilitats del centre, del seu professorat, dels alumnes i dels professionals dels Cda\/Eda<\/em><\/strong>.<\/li>\n<\/ul>\n<\/div><\/div>\n\n\n\n<div class=\"wp-block-getwid-tabs__nav-link\"><h6 class=\"wp-block-getwid-tabs__title-wrapper\"><a href=\"#\"><span class=\"wp-block-getwid-tabs__title\"><strong><mark style=\"background-color:rgba(0, 0, 0, 0)\" class=\"has-inline-color has-ast-global-color-0-color\">Seq\u00fc\u00e8ncia<\/mark><\/strong><\/span><\/a><\/h6><\/div><div class=\"wp-block-getwid-tabs__tab-content-wrapper\"><div class=\"wp-block-getwid-tabs__tab-content\">\n<h2 class=\"wp-block-heading has-medium-font-size\"><mark style=\"background-color:rgba(0, 0, 0, 0)\" class=\"has-inline-color has-ast-global-color-0-color\">Seq\u00fc\u00e8ncia did\u00e0ctica<\/mark><\/h2>\n\n\n\n<ul class=\"wp-block-list\">\n<li style=\"font-size:15px\"><mark style=\"background-color:rgba(0, 0, 0, 0);color:#08b6fa\" class=\"has-inline-color\"><strong>El disseny de la seq\u00fc\u00e8ncia did\u00e0ctica generalment \u00e9s d\u2019estada de tres dies, per\u00f2 hi ha la possibilitat de dos dies<\/strong>.<\/mark> Finalitza el mat\u00ed del tercer dia, i d\u2019aquesta manera si es vol es pot venir amb un altre grup consecutivament (sempre que s\u2019hagi realitzat la sol\u00b7licitud corresponent al per\u00edode d\u2019inscripci\u00f3 habilitat pel Departament d\u2019Educaci\u00f3, i les caracter\u00edstiques del Cda de Flix el puguin acollir). <strong>Segons l\u2019hora d\u2019arribada a ra\u00f3 de la dist\u00e0ncia del centre<\/strong>&nbsp;<strong>educatiu i la poblaci\u00f3 de Flix<\/strong> es planifica activitat did\u00e0ctica el mat\u00ed del primer dia (exclusivament amb els centres educatius propers), o no, i es destina a l&#8217;arribada i instal\u00b7laci\u00f3 a l&#8217;alberg Vilar Riu de Baix. <em>Aqu\u00ed teniu l&#8217;exemple de tipus d&#8217;organitzaci\u00f3 d&#8217;estada de tres dies.<\/em><\/li>\n<\/ul>\n\n\n\n<figure class=\"wp-block-image aligncenter size-full is-resized\"><a href=\"https:\/\/serveiseducatius.xtec.cat\/cda-flix\/wp-content\/uploads\/usu1373\/2025\/05\/PRI.png\"><img loading=\"lazy\" decoding=\"async\" width=\"1020\" height=\"676\" src=\"https:\/\/serveiseducatius.xtec.cat\/cda-flix\/wp-content\/uploads\/usu1373\/2025\/05\/PRI.png\" alt=\"\" class=\"wp-image-11876\" style=\"width:684px\" srcset=\"https:\/\/serveiseducatius.xtec.cat\/cda-flix\/wp-content\/uploads\/usu1373\/2025\/05\/PRI.png 1020w, https:\/\/serveiseducatius.xtec.cat\/cda-flix\/wp-content\/uploads\/usu1373\/2025\/05\/PRI-300x199.png 300w, https:\/\/serveiseducatius.xtec.cat\/cda-flix\/wp-content\/uploads\/usu1373\/2025\/05\/PRI-768x509.png 768w\" sizes=\"auto, (max-width: 1020px) 100vw, 1020px\" \/><\/a><\/figure>\n<\/div><\/div>\n\n\n\n<div class=\"wp-block-getwid-tabs__nav-link\"><h6 class=\"wp-block-getwid-tabs__title-wrapper\"><a href=\"#\"><span class=\"wp-block-getwid-tabs__title\"><strong><mark style=\"background-color:rgba(0, 0, 0, 0)\" class=\"has-inline-color has-ast-global-color-0-color\">Tem\u00e0tiques<\/mark><\/strong><\/span><\/a><\/h6><\/div><div class=\"wp-block-getwid-tabs__tab-content-wrapper\"><div class=\"wp-block-getwid-tabs__tab-content\">\n<h2 class=\"wp-block-heading has-medium-font-size\"><mark style=\"background-color:rgba(0, 0, 0, 0)\" class=\"has-inline-color has-ast-global-color-0-color\">Tem\u00e0tiques<\/mark><\/h2>\n\n\n\n<ul class=\"wp-block-list\">\n<li style=\"font-size:15px\"><strong><mark style=\"background-color:rgba(0, 0, 0, 0)\" class=\"has-inline-color has-ast-global-color-1-color\">\u00c9s molt important observar l\u2019apartat <a href=\"https:\/\/serveiseducatius.xtec.cat\/cda-flix\/ambits\/\" data-type=\"page\" data-id=\"8235\" target=\"_blank\" rel=\"noreferrer noopener\">TEM\u00c0TIQUES<\/a><\/mark><\/strong> per tal d\u2019escollir activitats did\u00e0ctiques que s\u2019adeq\u00fcin al nivell educatiu de l\u2019alumnat amb qui es vol participar amb modalitat d&#8217;estada al Cda de Flix, <strong>abans de fer la sol\u00b7licitud d\u2019inscripci\u00f3<\/strong>. De no ser aix\u00ed, l\u2019equip educatiu ser\u00e0 qui determinar\u00e0 quines activitats s\u2019adeq\u00fcen m\u00e9s a cada situaci\u00f3 concreta.<\/li>\n\n\n\n<li style=\"font-size:15px\"><strong><mark style=\"background-color:rgba(0, 0, 0, 0)\" class=\"has-inline-color has-ast-global-color-1-color\">Activitats did\u00e0ctiques a l\u2019estada a Flix:<\/mark><\/strong>&nbsp;seguint amb el fil conductor de la seq\u00fc\u00e8ncia did\u00e0ctica, els dies de l&#8217;estada es realitzaran activitats que fomentin la interacci\u00f3 amb el medi on t\u00e9 lloc l\u2019acci\u00f3 educativa, emmarcades amb la filosofia del Cda de Flix: <strong>materials reutilitzables i sostenibles, treball cooperatiu i construcci\u00f3 de l\u2019aprenentatge de manera col\u00b7laborativa<\/strong>, sempre sota una mirada l\u00fadicodid\u00e0ctica, i comptant amb la participaci\u00f3 de l\u2019equip docent del centre educatiu acompanyant l\u2019alumnat.<\/li>\n<\/ul>\n<\/div><\/div>\n\n\n\n<div class=\"wp-block-getwid-tabs__nav-link\"><h6 class=\"wp-block-getwid-tabs__title-wrapper\"><a href=\"#\"><span class=\"wp-block-getwid-tabs__title\"><strong><mark style=\"background-color:rgba(0, 0, 0, 0)\" class=\"has-inline-color has-ast-global-color-0-color\">Act Compl<\/mark><\/strong><\/span><\/a><\/h6><\/div><div class=\"wp-block-getwid-tabs__tab-content-wrapper\"><div class=\"wp-block-getwid-tabs__tab-content\">\n<h2 class=\"wp-block-heading has-medium-font-size\"><mark style=\"background-color:rgba(0, 0, 0, 0)\" class=\"has-inline-color has-ast-global-color-0-color\">Activitats Complement\u00e0ries<\/mark><\/h2>\n\n\n\n<ul class=\"wp-block-list\">\n<li style=\"font-size:15px\"><mark style=\"background-color:rgba(0, 0, 0, 0);color:#ff6600\" class=\"has-inline-color\"><strong>Activitats complement\u00e0ries (amb preu extra per alumne)<\/strong>:<\/mark> generalment <strong>la majoria de centres educatius, demanen que la seq\u00fc\u00e8ncia did\u00e0ctica de l&#8217;estada finalitzi l\u2019\u00faltim dia amb una activitat complement\u00e0ria<\/strong> molt significativa que gr\u00e0cies al seu car\u00e0cter pedag\u00f2gic, que s\u2019inclou dins horari lectiu al mat\u00ed:<em> Petits anelladors<\/em> (anellament cient\u00edfic d&#8217;ocells) o <em>Sortida amb caiacs pel meandre de Flix<\/em>. Tanmateix si un centre no vol seguir aquest format, s&#8217;ofereix una proposta d&#8217;activitat did\u00e0ctica que no tingui cost addicional per l&#8217;alumnat. <\/li>\n\n\n\n<li style=\"font-size:15px\"><strong><mark style=\"background-color:rgba(0, 0, 0, 0);color:#ff6600\" class=\"has-inline-color\">Tamb\u00e9 se&#8217;n poden afegir a les tardes i nits de la vostra estada<\/mark><\/strong>, un cop acabada l&#8217;activitat lectiva amb l&#8217;equip educatiu del Cda. Ho parlareu amb l&#8217;equip educatiu del Cda a l&#8217;inici de la coordinaci\u00f3 de la vostra estada. <em><a href=\"https:\/\/serveiseducatius.xtec.cat\/cda-flix\/modalitats\/estades\/activitats-complementaries\/\" data-type=\"page\" data-id=\"9372\" target=\"_blank\" rel=\"noreferrer noopener\">Us emplacem a visitar l&#8217;apartat titulat Activitats Complement\u00e0ries<\/a><\/em>.<\/li>\n<\/ul>\n<\/div><\/div>\n\n\n\n<div class=\"wp-block-getwid-tabs__nav-link\"><h6 class=\"wp-block-getwid-tabs__title-wrapper\"><a href=\"#\"><span class=\"wp-block-getwid-tabs__title\"><strong><mark style=\"background-color:rgba(0, 0, 0, 0)\" class=\"has-inline-color has-ast-global-color-0-color\">Explora!<\/mark><\/strong><\/span><\/a><\/h6><\/div><div class=\"wp-block-getwid-tabs__tab-content-wrapper\"><div class=\"wp-block-getwid-tabs__tab-content\">\n<h2 class=\"wp-block-heading has-medium-font-size\"><mark style=\"background-color:rgba(0, 0, 0, 0)\" class=\"has-inline-color has-ast-global-color-0-color\">Explora!<\/mark><\/h2>\n\n\n\n<ul class=\"wp-block-list\">\n<li style=\"font-size:15px\"><mark style=\"background-color:rgba(0, 0, 0, 0);color:#ba2dfd\" class=\"has-inline-color\"><strong>Abans de la vostra arribada, us facilitarem acc\u00e9s a alguna\/algunes activitats virtuals d\u2019aprenentatge<\/strong> <strong>pr\u00e8vies<\/strong><\/mark> del nostre espai EXPLORA!, aix\u00ed d\u2019aquesta manera ajudar-vos a presentar i\/o anticipar conceptes que complementaran les activitats de la vostra estada. <strong>\u00c9s necessari que les realitzeu<\/strong>. <strong>Cal tenir en compte<\/strong>, que no totes les activitats did\u00e0ctiques que fareu amb nosaltres a l&#8217;estada tenen necess\u00e0riament lligada una activitat virtual d&#8217;aprenentatge pr\u00e8via. Per a m\u00e9s informaci\u00f3, <em><a href=\"https:\/\/serveiseducatius.xtec.cat\/cda-flix\/explora\/que-es-lespai-explora\/\" data-type=\"page\" data-id=\"10269\">us emplacem a visitar l&#8217;apartat titulat EXPLORA!<\/a><\/em><\/li>\n<\/ul>\n<\/div><\/div>\n\n\n\n<div class=\"wp-block-getwid-tabs__nav-link\"><h6 class=\"wp-block-getwid-tabs__title-wrapper\"><a href=\"#\"><span class=\"wp-block-getwid-tabs__title\"><strong><mark style=\"background-color:rgba(0, 0, 0, 0)\" class=\"has-inline-color has-ast-global-color-0-color\">Alberg<\/mark><\/strong><\/span><\/a><\/h6><\/div><div class=\"wp-block-getwid-tabs__tab-content-wrapper\"><div class=\"wp-block-getwid-tabs__tab-content\">\n<h2 class=\"wp-block-heading has-medium-font-size\"><mark style=\"background-color:rgba(0, 0, 0, 0)\" class=\"has-inline-color has-ast-global-color-0-color\">Allotjament<\/mark><\/h2>\n\n\n\n<ul class=\"wp-block-list\">\n<li style=\"font-size:15px\"><strong><mark style=\"background-color:rgba(0, 0, 0, 0);color:#fac38c\" class=\"has-inline-color\">Al llarg de  la vostra estada us allotjareu a l&#8217;Alberg Vilar Riu de Baix<\/mark><\/strong>. Per tal d&#8217;evitar interfer\u00e8ncies innecess\u00e0ries, si l&#8217;equip educatiu del Cda de Flix us hem assignat l&#8217;estada, aquest apartat el gestionareu directament amb el coordinador de l&#8217;alberg: aspectes com les al\u00b7l\u00e8rgies i intoler\u00e0ncies aliment\u00e0ries, men\u00fas, serveis&#8230; Per a m\u00e9s informaci\u00f3, <a href=\"https:\/\/serveiseducatius.xtec.cat\/cda-flix\/el-camp\/allotjament-2\/\" data-type=\"page\" data-id=\"11838\"><em>us emplacem a visitar l&#8217;apartat titulat<\/em> <em>Allotjament<\/em>.<\/a><\/li>\n<\/ul>\n<\/div><\/div>\n<\/div>\n","protected":false},"excerpt":{"rendered":"<p>Les estades de Prim\u00e0ria tenen lloc al llarg de tot el curs escolar.&nbsp;Persegueixen conciliar espai per a la descoberta, recerca i aprenentatge de l\u2019alumnat, amb una part m\u00e9s l\u00fadica i vivencial que atorguen les experi\u00e8ncies educatives plantejades en la seq\u00fc\u00e8ncia did\u00e0ctica.&nbsp;La seq\u00fc\u00e8ncia did\u00e0ctica plantejada per l\u2019equip educatiu del Cda de Flix parteix de la petici\u00f3 [&hellip;]<\/p>\n","protected":false},"author":1,"featured_media":0,"parent":157,"menu_order":6,"comment_status":"closed","ping_status":"closed","template":"","meta":{"_bbp_topic_count":0,"_bbp_reply_count":0,"_bbp_total_topic_count":0,"_bbp_total_reply_count":0,"_bbp_voice_count":0,"_bbp_anonymous_reply_count":0,"_bbp_topic_count_hidden":0,"_bbp_reply_count_hidden":0,"_bbp_forum_subforum_count":0,"site-sidebar-layout":"default","site-content-layout":"","ast-site-content-layout":"default","site-content-style":"default","site-sidebar-style":"default","ast-global-header-display":"","ast-banner-title-visibility":"","ast-main-header-display":"","ast-hfb-above-header-display":"","ast-hfb-below-header-display":"","ast-hfb-mobile-header-display":"","site-post-title":"","ast-breadcrumbs-content":"","ast-featured-img":"","footer-sml-layout":"","theme-transparent-header-meta":"","adv-header-id-meta":"","stick-header-meta":"","header-above-stick-meta":"","header-main-stick-meta":"","header-below-stick-meta":"","astra-migrate-meta-layouts":"set","ast-page-background-enabled":"default","ast-page-background-meta":{"desktop":{"background-color":"var(--ast-global-color-4)","background-image":"","background-repeat":"repeat","background-position":"center center","background-size":"auto","background-attachment":"scroll","background-type":"","background-media":"","overlay-type":"","overlay-color":"","overlay-opacity":"","overlay-gradient":""},"tablet":{"background-color":"","background-image":"","background-repeat":"repeat","background-position":"center center","background-size":"auto","background-attachment":"scroll","background-type":"","background-media":"","overlay-type":"","overlay-color":"","overlay-opacity":"","overlay-gradient":""},"mobile":{"background-color":"","background-image":"","background-repeat":"repeat","background-position":"center center","background-size":"auto","background-attachment":"scroll","background-type":"","background-media":"","overlay-type":"","overlay-color":"","overlay-opacity":"","overlay-gradient":""}},"ast-content-background-meta":{"desktop":{"background-color":"var(--ast-global-color-5)","background-image":"","background-repeat":"repeat","background-position":"center center","background-size":"auto","background-attachment":"scroll","background-type":"","background-media":"","overlay-type":"","overlay-color":"","overlay-opacity":"","overlay-gradient":""},"tablet":{"background-color":"var(--ast-global-color-5)","background-image":"","background-repeat":"repeat","background-position":"center center","background-size":"auto","background-attachment":"scroll","background-type":"","background-media":"","overlay-type":"","overlay-color":"","overlay-opacity":"","overlay-gradient":""},"mobile":{"background-color":"var(--ast-global-color-5)","background-image":"","background-repeat":"repeat","background-position":"center center","background-size":"auto","background-attachment":"scroll","background-type":"","background-media":"","overlay-type":"","overlay-color":"","overlay-opacity":"","overlay-gradient":""}},"footnotes":""},"class_list":["post-11864","page","type-page","status-publish","hentry"],"post_mailing_queue_ids":[],"_links":{"self":[{"href":"https:\/\/serveiseducatius.xtec.cat\/cda-flix\/wp-json\/wp\/v2\/pages\/11864","targetHints":{"allow":["GET"]}}],"collection":[{"href":"https:\/\/serveiseducatius.xtec.cat\/cda-flix\/wp-json\/wp\/v2\/pages"}],"about":[{"href":"https:\/\/serveiseducatius.xtec.cat\/cda-flix\/wp-json\/wp\/v2\/types\/page"}],"author":[{"embeddable":true,"href":"https:\/\/serveiseducatius.xtec.cat\/cda-flix\/wp-json\/wp\/v2\/users\/1"}],"replies":[{"embeddable":true,"href":"https:\/\/serveiseducatius.xtec.cat\/cda-flix\/wp-json\/wp\/v2\/comments?post=11864"}],"version-history":[{"count":6,"href":"https:\/\/serveiseducatius.xtec.cat\/cda-flix\/wp-json\/wp\/v2\/pages\/11864\/revisions"}],"predecessor-version":[{"id":11941,"href":"https:\/\/serveiseducatius.xtec.cat\/cda-flix\/wp-json\/wp\/v2\/pages\/11864\/revisions\/11941"}],"up":[{"embeddable":true,"href":"https:\/\/serveiseducatius.xtec.cat\/cda-flix\/wp-json\/wp\/v2\/pages\/157"}],"wp:attachment":[{"href":"https:\/\/serveiseducatius.xtec.cat\/cda-flix\/wp-json\/wp\/v2\/media?parent=11864"}],"curies":[{"name":"wp","href":"https:\/\/api.w.org\/{rel}","templated":true}]}}