{"id":11838,"date":"2025-05-12T10:56:13","date_gmt":"2025-05-12T08:56:13","guid":{"rendered":"https:\/\/serveiseducatius.xtec.cat\/cda-flix\/?page_id=11838"},"modified":"2025-05-12T11:04:15","modified_gmt":"2025-05-12T09:04:15","slug":"allotjament-2","status":"publish","type":"page","link":"https:\/\/serveiseducatius.xtec.cat\/cda-flix\/el-camp\/allotjament-2\/","title":{"rendered":"Allotjament"},"content":{"rendered":"\n<figure class=\"wp-block-image size-large\"><a href=\"https:\/\/serveiseducatius.xtec.cat\/cda-flix\/wp-content\/uploads\/usu1373\/2025\/05\/slide18.jpg\"><img loading=\"lazy\" decoding=\"async\" width=\"1024\" height=\"442\" src=\"https:\/\/serveiseducatius.xtec.cat\/cda-flix\/wp-content\/uploads\/usu1373\/2025\/05\/slide18-1024x442.jpg\" alt=\"\" class=\"wp-image-11839\" srcset=\"https:\/\/serveiseducatius.xtec.cat\/cda-flix\/wp-content\/uploads\/usu1373\/2025\/05\/slide18-1024x442.jpg 1024w, https:\/\/serveiseducatius.xtec.cat\/cda-flix\/wp-content\/uploads\/usu1373\/2025\/05\/slide18-300x129.jpg 300w, https:\/\/serveiseducatius.xtec.cat\/cda-flix\/wp-content\/uploads\/usu1373\/2025\/05\/slide18-768x331.jpg 768w, https:\/\/serveiseducatius.xtec.cat\/cda-flix\/wp-content\/uploads\/usu1373\/2025\/05\/slide18-1536x662.jpg 1536w, https:\/\/serveiseducatius.xtec.cat\/cda-flix\/wp-content\/uploads\/usu1373\/2025\/05\/slide18.jpg 2048w\" sizes=\"auto, (max-width: 1024px) 100vw, 1024px\" \/><\/a><\/figure>\n\n\n\n<p>Els vostres alumnes s\u2019allotjaran a l\u2019<strong><mark style=\"background-color:rgba(0, 0, 0, 0)\" class=\"has-inline-color has-ast-global-color-0-color\">Alberg Vilar Riu de Baix<\/mark><\/strong>, a Flix (Ribera d\u2019Ebre), el qual forma part del&nbsp;<mark style=\"background-color:rgba(0, 0, 0, 0)\" class=\"has-inline-color has-ast-global-color-2-color\"><em>Resort Rural Vilar Riu de Baix<\/em><\/mark>, que t\u00e9 un hotel de quatre estrelles, dos masies rurals i l\u2019esmentat alberg. L\u2019empla\u00e7ament es troba en un paratge \u00fanic i una ubicaci\u00f3 privilegiada, el&nbsp;<strong><mark style=\"background-color:rgba(0, 0, 0, 0)\" class=\"has-inline-color has-ast-global-color-1-color\">Meandre de Flix<\/mark><\/strong>. Les ribes del qual s\u00f3n part de la&nbsp;<strong><mark style=\"background-color:rgba(0, 0, 0, 0)\" class=\"has-inline-color has-ast-global-color-1-color\">Reserva Natural de Sebes<\/mark><\/strong>,&nbsp;aix\u00ed doncs, gaudeixen tamb\u00e9 de la condici\u00f3 d\u2019espai protegit,&nbsp;on hi conviu la vegetaci\u00f3 t\u00edpica de la zona (canyissars, bosc de ribera, garrigues\u2026) i la fauna aut\u00f2ctona. Aquest entorn tan favorable i ple de possibilitats en clau educativa, possibilita la realitzaci\u00f3 de pr\u00e0ctiques d\u2019aprenentatge amb els estadants a les seves instal\u00b7lacions i rodalia.<\/p>\n\n\n\n<div class=\"wp-block-getwid-tabs\" data-active-tab=\"0\"><ul class=\"wp-block-getwid-tabs__nav-links\"><\/ul>\n<div class=\"wp-block-getwid-tabs__nav-link\"><span class=\"wp-block-getwid-tabs__title-wrapper\"><a href=\"#\"><span class=\"wp-block-getwid-tabs__title\"><strong>Capacitat <\/strong><\/span><\/a><\/span><\/div><div class=\"wp-block-getwid-tabs__tab-content-wrapper\"><div class=\"wp-block-getwid-tabs__tab-content\">\n<h2 class=\"wp-block-heading has-medium-font-size\"><mark style=\"background-color:rgba(0, 0, 0, 0)\" class=\"has-inline-color has-ast-global-color-0-color\">Capacitat<\/mark><\/h2>\n\n\n\n<p class=\"has-small-font-size\">L&#8217;espai est\u00e0 pensat per a que l&#8217;alumnat experimenti una conviv\u00e8ncia relaxada a la natura, formant-se i aprenent a respectar-la. Aquest <strong>es divideix en dos m\u00f2duls: el de nit i el de dia<\/strong>.<\/p>\n\n\n\n<p class=\"has-small-font-size\"><em>El  m\u00f2dul de nit,<\/em> compta amb infermeria, els banys i habitacions de diferents capacitats (2,4,6 i 8 places) fins a un total de <strong>48 +2 mestres<\/strong>. <strong>Per grups m\u00e9s grans, cal parlar amb l\u2019equip educatiu del CdA<\/strong>, ja que si hi ha possibilitat es pot plantejar l\u2019estada en dos torns consecutius. <em>El m\u00f2dul de dia<\/em>, t\u00e9 un menjador gran i llumin\u00f3s i una sala per a jocs i tallers. La cuina, espaiosa i preparada, vetllar\u00e0 per els \u00e0pats de tothom.<\/p>\n<\/div><\/div>\n\n\n\n<div class=\"wp-block-getwid-tabs__nav-link\"><span class=\"wp-block-getwid-tabs__title-wrapper\"><a href=\"#\"><span class=\"wp-block-getwid-tabs__title\"><strong><mark style=\"background-color:rgba(0, 0, 0, 0)\" class=\"has-inline-color has-ast-global-color-0-color\">Quotes<\/mark><\/strong><\/span><\/a><\/span><\/div><div class=\"wp-block-getwid-tabs__tab-content-wrapper\"><div class=\"wp-block-getwid-tabs__tab-content\">\n<h2 class=\"wp-block-heading has-medium-font-size\"><mark style=\"background-color:rgba(0, 0, 0, 0)\" class=\"has-inline-color has-ast-global-color-0-color\">Quotes d&#8217;allotjament i manutenci\u00f3<\/mark><\/h2>\n\n\n\n<p class=\"has-small-font-size\"><strong>Un cop realitzada la vostra sol\u00b7licitud d&#8217;estada dins el per\u00edode d&#8217;inscripci\u00f3, si se us adjudica al Cda de Flix<\/strong>, ens sereu informats. Un cop iniciada la coordinaci\u00f3 amb l&#8217;equip educatiu del Cda, la&nbsp;coordinaci\u00f3 de l\u2019alberg&nbsp;us orientar\u00e0 i atendr\u00e0, enfront a qualsevol dubte referent a l\u2019allotjament dels vostres alumnes (distribuci\u00f3, instal\u00b7lacions, equipaments, al\u00b7l\u00e8rgies i\/o intoler\u00e0ncies aiment\u00e0ries\u2026).<\/p>\n\n\n\n<p class=\"has-small-font-size\">Al ser un alberg de titularitat privada,&nbsp;<strong>no hi ha possibilitat d\u2019exempcions ni bonificacions<\/strong> <strong>a la quota d&#8217;allotjament i manutenci\u00f3.<\/strong> Els preus de refer\u00e8ncia s\u2019estableixen amb l\u2019Ag\u00e8ncia Catalana de la Joventut amb unes quotes de promoci\u00f3 especial, inferiors a les del p\u00fablic en general, dels albergs XANASCAT. Aquests preus s\u00f3n els de refer\u00e8ncia per a totes les altres entitats col\u00b7laboradores.<\/p>\n\n\n\n<figure class=\"wp-block-image size-large\"><a href=\"https:\/\/serveiseducatius.xtec.cat\/cda-flix\/wp-content\/uploads\/usu1373\/2025\/05\/Quotes-allotjament-i-manutencio-NOVES-WEB_page-0001.jpg\"><img loading=\"lazy\" decoding=\"async\" width=\"1024\" height=\"270\" src=\"https:\/\/serveiseducatius.xtec.cat\/cda-flix\/wp-content\/uploads\/usu1373\/2025\/05\/Quotes-allotjament-i-manutencio-NOVES-WEB_page-0001-1024x270.jpg\" alt=\"\" class=\"wp-image-11842\" srcset=\"https:\/\/serveiseducatius.xtec.cat\/cda-flix\/wp-content\/uploads\/usu1373\/2025\/05\/Quotes-allotjament-i-manutencio-NOVES-WEB_page-0001-1024x270.jpg 1024w, https:\/\/serveiseducatius.xtec.cat\/cda-flix\/wp-content\/uploads\/usu1373\/2025\/05\/Quotes-allotjament-i-manutencio-NOVES-WEB_page-0001-300x79.jpg 300w, https:\/\/serveiseducatius.xtec.cat\/cda-flix\/wp-content\/uploads\/usu1373\/2025\/05\/Quotes-allotjament-i-manutencio-NOVES-WEB_page-0001-768x202.jpg 768w, https:\/\/serveiseducatius.xtec.cat\/cda-flix\/wp-content\/uploads\/usu1373\/2025\/05\/Quotes-allotjament-i-manutencio-NOVES-WEB_page-0001-1536x405.jpg 1536w, https:\/\/serveiseducatius.xtec.cat\/cda-flix\/wp-content\/uploads\/usu1373\/2025\/05\/Quotes-allotjament-i-manutencio-NOVES-WEB_page-0001.jpg 1541w\" sizes=\"auto, (max-width: 1024px) 100vw, 1024px\" \/><\/a><\/figure>\n<\/div><\/div>\n\n\n\n<div class=\"wp-block-getwid-tabs__nav-link\"><span class=\"wp-block-getwid-tabs__title-wrapper\"><a href=\"#\"><span class=\"wp-block-getwid-tabs__title\"><strong><mark style=\"background-color:rgba(0, 0, 0, 0)\" class=\"has-inline-color has-ast-global-color-0-color\">Serveis<\/mark><\/strong><\/span><\/a><\/span><\/div><div class=\"wp-block-getwid-tabs__tab-content-wrapper\"><div class=\"wp-block-getwid-tabs__tab-content\">\n<h2 class=\"wp-block-heading has-medium-font-size\"><mark style=\"background-color:rgba(0, 0, 0, 0)\" class=\"has-inline-color has-ast-global-color-0-color\">Serveis<\/mark><\/h2>\n\n\n\n<p class=\"has-small-font-size\">L&#8217;Alberg compta amb equipaments i comoditats per a que les estades siguin una barreja d&#8217;educaci\u00f3, conviv\u00e8ncia i diversi\u00f3. L&#8217;espai exterior que l&#8217;envolta compta amb un camp de gespa natural amb porteries i un petit parc infantil,  des de l&#8217;alberg, es posa a disposici\u00f3 dels centres estadants pilotes i una TV a la sala d&#8217;activitats.<\/p>\n\n\n\n<p class=\"has-small-font-size\"><strong>A partir de les 23h i fins a les 7h del mat\u00ed<\/strong>&nbsp;no hi haur\u00e0 a l&#8217;alberg del personal de servei, i per tant, estareu sols. El municipi de Flix disposa d\u2019un Centre d\u2019Atenci\u00f3 Prim\u00e0ria (24 hores), aix\u00ed com Gu\u00e0rdia Urbana.<\/p>\n\n\n\n<div class=\"wp-block-getwid-images-slider has-arrows-outside has-dots-outside has-captions captions-style-light captions-bottom-center has-images-center has-cropped-images\"><div class=\"wp-block-getwid-images-slider__wrapper\" data-effect=\"slide\" data-slides-show=\"1\" data-slides-show-laptop=\"1\" data-slides-show-tablet=\"1\" data-slides-show-mobile=\"1\" data-slides-scroll=\"1\" data-autoplay=\"true\" data-pause-hover=\"true\" data-autoplay-speed=\"6000\" data-infinite=\"true\" data-animation-speed=\"800\" data-center-mode=\"false\" data-variable-width=\"false\" data-arrows=\"outside\" data-dots=\"outside\" data-spacing=\"none\"><div class=\"wp-block-getwid-images-slider__item\"><figure><img loading=\"lazy\" decoding=\"async\" width=\"800\" height=\"534\" src=\"https:\/\/serveiseducatius.xtec.cat\/cda-flix\/wp-content\/uploads\/usu1373\/2025\/05\/Parc-infantil.jpg\" alt=\"\" data-id=\"11852\" data-link=\"https:\/\/serveiseducatius.xtec.cat\/cda-flix\/el-camp\/allotjament-2\/attachment\/parc-infantil\/\" data-original-link=\"https:\/\/serveiseducatius.xtec.cat\/cda-flix\/wp-content\/uploads\/usu1373\/2025\/05\/Parc-infantil.jpg\" class=\"wp-block-getwid-images-slider__image wp-image-11852\" srcset=\"https:\/\/serveiseducatius.xtec.cat\/cda-flix\/wp-content\/uploads\/usu1373\/2025\/05\/Parc-infantil.jpg 800w, https:\/\/serveiseducatius.xtec.cat\/cda-flix\/wp-content\/uploads\/usu1373\/2025\/05\/Parc-infantil-300x200.jpg 300w, https:\/\/serveiseducatius.xtec.cat\/cda-flix\/wp-content\/uploads\/usu1373\/2025\/05\/Parc-infantil-768x513.jpg 768w\" sizes=\"auto, (max-width: 800px) 100vw, 800px\" \/><\/figure><\/div><div class=\"wp-block-getwid-images-slider__item\"><figure><img loading=\"lazy\" decoding=\"async\" width=\"799\" height=\"533\" src=\"https:\/\/serveiseducatius.xtec.cat\/cda-flix\/wp-content\/uploads\/usu1373\/2025\/05\/Camp-desports.jpg\" alt=\"\" data-id=\"11851\" data-link=\"https:\/\/serveiseducatius.xtec.cat\/cda-flix\/el-camp\/allotjament-2\/attachment\/camp-desports\/\" data-original-link=\"https:\/\/serveiseducatius.xtec.cat\/cda-flix\/wp-content\/uploads\/usu1373\/2025\/05\/Camp-desports.jpg\" class=\"wp-block-getwid-images-slider__image wp-image-11851\" srcset=\"https:\/\/serveiseducatius.xtec.cat\/cda-flix\/wp-content\/uploads\/usu1373\/2025\/05\/Camp-desports.jpg 799w, https:\/\/serveiseducatius.xtec.cat\/cda-flix\/wp-content\/uploads\/usu1373\/2025\/05\/Camp-desports-300x200.jpg 300w, https:\/\/serveiseducatius.xtec.cat\/cda-flix\/wp-content\/uploads\/usu1373\/2025\/05\/Camp-desports-768x512.jpg 768w\" sizes=\"auto, (max-width: 799px) 100vw, 799px\" \/><\/figure><\/div><div class=\"wp-block-getwid-images-slider__item\"><figure><img loading=\"lazy\" decoding=\"async\" width=\"800\" height=\"534\" src=\"https:\/\/serveiseducatius.xtec.cat\/cda-flix\/wp-content\/uploads\/usu1373\/2025\/05\/Habitacions.jpg\" alt=\"\" data-id=\"11850\" data-link=\"https:\/\/serveiseducatius.xtec.cat\/cda-flix\/el-camp\/allotjament-2\/attachment\/habitacions\/\" data-original-link=\"https:\/\/serveiseducatius.xtec.cat\/cda-flix\/wp-content\/uploads\/usu1373\/2025\/05\/Habitacions.jpg\" class=\"wp-block-getwid-images-slider__image wp-image-11850\" srcset=\"https:\/\/serveiseducatius.xtec.cat\/cda-flix\/wp-content\/uploads\/usu1373\/2025\/05\/Habitacions.jpg 800w, https:\/\/serveiseducatius.xtec.cat\/cda-flix\/wp-content\/uploads\/usu1373\/2025\/05\/Habitacions-300x200.jpg 300w, https:\/\/serveiseducatius.xtec.cat\/cda-flix\/wp-content\/uploads\/usu1373\/2025\/05\/Habitacions-768x513.jpg 768w\" sizes=\"auto, (max-width: 800px) 100vw, 800px\" \/><\/figure><\/div><div class=\"wp-block-getwid-images-slider__item\"><figure><img loading=\"lazy\" decoding=\"async\" width=\"800\" height=\"534\" src=\"https:\/\/serveiseducatius.xtec.cat\/cda-flix\/wp-content\/uploads\/usu1373\/2025\/05\/Menjador-1.jpg\" alt=\"\" data-id=\"11849\" data-link=\"https:\/\/serveiseducatius.xtec.cat\/cda-flix\/el-camp\/allotjament-2\/attachment\/menjador-1\/\" data-original-link=\"https:\/\/serveiseducatius.xtec.cat\/cda-flix\/wp-content\/uploads\/usu1373\/2025\/05\/Menjador-1.jpg\" class=\"wp-block-getwid-images-slider__image wp-image-11849\" srcset=\"https:\/\/serveiseducatius.xtec.cat\/cda-flix\/wp-content\/uploads\/usu1373\/2025\/05\/Menjador-1.jpg 800w, https:\/\/serveiseducatius.xtec.cat\/cda-flix\/wp-content\/uploads\/usu1373\/2025\/05\/Menjador-1-300x200.jpg 300w, https:\/\/serveiseducatius.xtec.cat\/cda-flix\/wp-content\/uploads\/usu1373\/2025\/05\/Menjador-1-768x513.jpg 768w\" sizes=\"auto, (max-width: 800px) 100vw, 800px\" \/><\/figure><\/div><div class=\"wp-block-getwid-images-slider__item\"><figure><img loading=\"lazy\" decoding=\"async\" width=\"799\" height=\"533\" src=\"https:\/\/serveiseducatius.xtec.cat\/cda-flix\/wp-content\/uploads\/usu1373\/2025\/05\/Moduls-de-dia-i-de-nit-1.jpg\" alt=\"\" data-id=\"11848\" data-link=\"https:\/\/serveiseducatius.xtec.cat\/cda-flix\/el-camp\/allotjament-2\/attachment\/moduls-de-dia-i-de-nit-1\/\" data-original-link=\"https:\/\/serveiseducatius.xtec.cat\/cda-flix\/wp-content\/uploads\/usu1373\/2025\/05\/Moduls-de-dia-i-de-nit-1.jpg\" class=\"wp-block-getwid-images-slider__image wp-image-11848\" srcset=\"https:\/\/serveiseducatius.xtec.cat\/cda-flix\/wp-content\/uploads\/usu1373\/2025\/05\/Moduls-de-dia-i-de-nit-1.jpg 799w, https:\/\/serveiseducatius.xtec.cat\/cda-flix\/wp-content\/uploads\/usu1373\/2025\/05\/Moduls-de-dia-i-de-nit-1-300x200.jpg 300w, https:\/\/serveiseducatius.xtec.cat\/cda-flix\/wp-content\/uploads\/usu1373\/2025\/05\/Moduls-de-dia-i-de-nit-1-768x512.jpg 768w\" sizes=\"auto, (max-width: 799px) 100vw, 799px\" \/><\/figure><\/div><\/div><\/div>\n<\/div><\/div>\n<\/div>\n","protected":false},"excerpt":{"rendered":"<p>Els vostres alumnes s\u2019allotjaran a l\u2019Alberg Vilar Riu de Baix, a Flix (Ribera d\u2019Ebre), el qual forma part del&nbsp;Resort Rural Vilar Riu de Baix, que t\u00e9 un hotel de quatre estrelles, dos masies rurals i l\u2019esmentat alberg. L\u2019empla\u00e7ament es troba en un paratge \u00fanic i una ubicaci\u00f3 privilegiada, el&nbsp;Meandre de Flix. Les ribes del qual [&hellip;]<\/p>\n","protected":false},"author":1,"featured_media":0,"parent":8225,"menu_order":2,"comment_status":"closed","ping_status":"close","template":"","meta":{"_bbp_topic_count":0,"_bbp_reply_count":0,"_bbp_total_topic_count":0,"_bbp_total_reply_count":0,"_bbp_voice_count":0,"_bbp_anonymous_reply_count":0,"_bbp_topic_count_hidden":0,"_bbp_reply_count_hidden":0,"_bbp_forum_subforum_count":0,"site-sidebar-layout":"default","site-content-layout":"","ast-site-content-layout":"default","site-content-style":"default","site-sidebar-style":"default","ast-global-header-display":"","ast-banner-title-visibility":"","ast-main-header-display":"","ast-hfb-above-header-display":"","ast-hfb-below-header-display":"","ast-hfb-mobile-header-display":"","site-post-title":"","ast-breadcrumbs-content":"","ast-featured-img":"","footer-sml-layout":"","theme-transparent-header-meta":"","adv-header-id-meta":"","stick-header-meta":"","header-above-stick-meta":"","header-main-stick-meta":"","header-below-stick-meta":"","astra-migrate-meta-layouts":"set","ast-page-background-enabled":"default","ast-page-background-meta":{"desktop":{"background-color":"var(--ast-global-color-4)","background-image":"","background-repeat":"repeat","background-position":"center center","background-size":"auto","background-attachment":"scroll","background-type":"","background-media":"","overlay-type":"","overlay-color":"","overlay-opacity":"","overlay-gradient":""},"tablet":{"background-color":"","background-image":"","background-repeat":"repeat","background-position":"center center","background-size":"auto","background-attachment":"scroll","background-type":"","background-media":"","overlay-type":"","overlay-color":"","overlay-opacity":"","overlay-gradient":""},"mobile":{"background-color":"","background-image":"","background-repeat":"repeat","background-position":"center center","background-size":"auto","background-attachment":"scroll","background-type":"","background-media":"","overlay-type":"","overlay-color":"","overlay-opacity":"","overlay-gradient":""}},"ast-content-background-meta":{"desktop":{"background-color":"var(--ast-global-color-5)","background-image":"","background-repeat":"repeat","background-position":"center center","background-size":"auto","background-attachment":"scroll","background-type":"","background-media":"","overlay-type":"","overlay-color":"","overlay-opacity":"","overlay-gradient":""},"tablet":{"background-color":"var(--ast-global-color-5)","background-image":"","background-repeat":"repeat","background-position":"center center","background-size":"auto","background-attachment":"scroll","background-type":"","background-media":"","overlay-type":"","overlay-color":"","overlay-opacity":"","overlay-gradient":""},"mobile":{"background-color":"var(--ast-global-color-5)","background-image":"","background-repeat":"repeat","background-position":"center center","background-size":"auto","background-attachment":"scroll","background-type":"","background-media":"","overlay-type":"","overlay-color":"","overlay-opacity":"","overlay-gradient":""}},"footnotes":""},"class_list":["post-11838","page","type-page","status-publish","hentry"],"post_mailing_queue_ids":[],"_links":{"self":[{"href":"https:\/\/serveiseducatius.xtec.cat\/cda-flix\/wp-json\/wp\/v2\/pages\/11838","targetHints":{"allow":["GET"]}}],"collection":[{"href":"https:\/\/serveiseducatius.xtec.cat\/cda-flix\/wp-json\/wp\/v2\/pages"}],"about":[{"href":"https:\/\/serveiseducatius.xtec.cat\/cda-flix\/wp-json\/wp\/v2\/types\/page"}],"author":[{"embeddable":true,"href":"https:\/\/serveiseducatius.xtec.cat\/cda-flix\/wp-json\/wp\/v2\/users\/1"}],"replies":[{"embeddable":true,"href":"https:\/\/serveiseducatius.xtec.cat\/cda-flix\/wp-json\/wp\/v2\/comments?post=11838"}],"version-history":[{"count":6,"href":"https:\/\/serveiseducatius.xtec.cat\/cda-flix\/wp-json\/wp\/v2\/pages\/11838\/revisions"}],"predecessor-version":[{"id":11863,"href":"https:\/\/serveiseducatius.xtec.cat\/cda-flix\/wp-json\/wp\/v2\/pages\/11838\/revisions\/11863"}],"up":[{"embeddable":true,"href":"https:\/\/serveiseducatius.xtec.cat\/cda-flix\/wp-json\/wp\/v2\/pages\/8225"}],"wp:attachment":[{"href":"https:\/\/serveiseducatius.xtec.cat\/cda-flix\/wp-json\/wp\/v2\/media?parent=11838"}],"curies":[{"name":"wp","href":"https:\/\/api.w.org\/{rel}","templated":true}]}}