{"id":10269,"date":"2022-02-04T13:33:13","date_gmt":"2022-02-04T12:33:13","guid":{"rendered":"https:\/\/serveiseducatius.xtec.cat\/cda-flix\/?page_id=10269"},"modified":"2025-05-15T11:53:56","modified_gmt":"2025-05-15T09:53:56","slug":"que-es-lespai-explora","status":"publish","type":"page","link":"https:\/\/serveiseducatius.xtec.cat\/cda-flix\/explora\/que-es-lespai-explora\/","title":{"rendered":"Qu\u00e8 \u00e9s l&#8217;espai EXPLORA! ?"},"content":{"rendered":"<p><img loading=\"lazy\" decoding=\"async\" class=\" wp-image-10970 alignleft\" src=\"https:\/\/serveiseducatius.xtec.cat\/cda-flix\/wp-content\/uploads\/usu1373\/2023\/05\/1-528x1024.png\" alt=\"\" width=\"325\" height=\"631\" srcset=\"https:\/\/serveiseducatius.xtec.cat\/cda-flix\/wp-content\/uploads\/usu1373\/2023\/05\/1-528x1024.png 528w, https:\/\/serveiseducatius.xtec.cat\/cda-flix\/wp-content\/uploads\/usu1373\/2023\/05\/1-155x300.png 155w, https:\/\/serveiseducatius.xtec.cat\/cda-flix\/wp-content\/uploads\/usu1373\/2023\/05\/1-768x1490.png 768w, https:\/\/serveiseducatius.xtec.cat\/cda-flix\/wp-content\/uploads\/usu1373\/2023\/05\/1-792x1536.png 792w, https:\/\/serveiseducatius.xtec.cat\/cda-flix\/wp-content\/uploads\/usu1373\/2023\/05\/1.png 800w\" sizes=\"auto, (max-width: 325px) 100vw, 325px\" \/><\/p>\n<p style=\"text-align: justify;\">L&#8217;<strong><span style=\"color: #008080;\">espai virtual d&#8217;aprenentatge<\/span><\/strong> <span style=\"color: #339966;\"><strong>EXPLORA!<\/strong><\/span> neix com a resposta d&#8217;una necessitat plantejada per vosaltres, els usuaris\/\u00e0ries del <span style=\"color: #008080;\"><strong>Cda de Flix<\/strong><\/span>. Aquesta necessitat fa refer\u00e8ncia a com pod\u00edem trobar un encaix per tal de poder realitzar <span style=\"color: #339966;\"><strong>activitats d&#8217;aprenentatge pr\u00e8vies<\/strong><\/span> a la vostra arribada, <span style=\"color: #339966;\"><strong>virtuals i enlla\u00e7ades<\/strong><\/span> directament amb les que veniu a realitzar al nostre servei educatiu, acordades en la seq\u00fc\u00e8ncia did\u00e0ctica del vostre cronograma.<\/p>\n<p style=\"text-align: justify;\">En el marc del <a href=\"https:\/\/educacio.gencat.cat\/ca\/departament\/linies-estrategiques\/pla-educacio-digital\/\" target=\"_blank\" rel=\"noopener\"><span style=\"color: #800080;\"><strong>Pla d&#8217;educaci\u00f3 digital de Catalunya (PEDC) 2020-2023<\/strong><\/span><\/a>, tot aprofitant la <span style=\"color: #00ccff;\">formaci\u00f3 rebuda<\/span> <span style=\"color: #000000;\"><em>Estrat\u00e8gies i eines tecnol\u00f2giques per a la virtualitzaci\u00f3 de les propostes formatives<\/em><\/span>, a c\u00e0rrec del\u00a0<strong><span style=\"color: #00ccff;\">Servei d\u2019Innovaci\u00f3, xarxes i serveis educatius<\/span>,<\/strong> hem cregut oport\u00fa crear aquest espai on anar-hi <span style=\"color: #ff6600;\"><strong>generant aquest tipus d&#8217;activitats<\/strong><\/span>, per tal de que signifiqui una <span style=\"color: #ff6600;\"><strong>primera aproximaci\u00f3 i contacte<\/strong><\/span>, amb aspectes rellevants que despr\u00e9s seran d&#8217;utilitat a l&#8217;alumnat quan realitzin l&#8217;estada o la sortida.<\/p>\n<p style=\"text-align: justify;\">A partir de les aportacions que ens realitzeu i de la reflexi\u00f3 del nostre equip educatiu, busquem generar pr\u00e0ctiques d&#8217;aprenentatge a trav\u00e9s de la plataforma <span style=\"color: #ff6600;\"><strong>Genially<\/strong><\/span>, que siguin <span style=\"color: #ff6600;\"><strong>\u00e0gils i did\u00e0ctiques<\/strong><\/span>, que es puguin fer en <span style=\"color: #ff6600;\"><strong>qualsevol tipus d&#8217;organitzaci\u00f3<\/strong><\/span> (en gran grup, per equips, en parelles&#8230;) i, amb un denominador com\u00fa, que l&#8217;alumne en pugui acabar observant la seva <strong><span style=\"color: #ff6600;\">funcionalitat en el proc\u00e9s d&#8217;aprenentatge<\/span><\/strong> amb nosaltres.<\/p>\n<p style=\"text-align: justify;\">D&#8217;aquesta manera preveiem al llarg d&#8217;aquest curs i el proper, anar creant i dissenyant tot el contingut d&#8217;aquest <strong><span style=\"color: #008080;\">espai virtual d&#8217;aprenentatge<\/span><\/strong>, que tot i que tenim present que caldr\u00e0 cuinar-lo a foc lent, som conscients de la necessitat de donar resposta com a servei educatiu, a les necessitats dels\/ de les estadants, tan alumnat com docents. Aqu\u00ed al costat us deixem la <span style=\"color: #ffcc00;\"><strong>guia d&#8217;utilitzaci\u00f3 de l&#8217;espai<\/strong><\/span>, que creiem que us pot resultar d&#8217;utilitat, que <span style=\"color: #ffcc00;\"><strong>tamb\u00e9 teniu al correu electr\u00f2nic<\/strong><\/span> que el coordinador\/a de l&#8217;activitat del vostre centre ha rebut.<\/p>\n<p style=\"text-align: justify;\">\n","protected":false},"excerpt":{"rendered":"<p>L&#8217;espai virtual d&#8217;aprenentatge EXPLORA! neix com a resposta d&#8217;una necessitat plantejada per vosaltres, els usuaris\/\u00e0ries del Cda de Flix. Aquesta necessitat fa refer\u00e8ncia a com pod\u00edem trobar un encaix per tal de poder realitzar activitats d&#8217;aprenentatge pr\u00e8vies a la vostra arribada, virtuals i enlla\u00e7ades directament amb les que veniu a realitzar al nostre servei educatiu, [&hellip;]<\/p>\n","protected":false},"author":1,"featured_media":0,"parent":10257,"menu_order":1,"comment_status":"closed","ping_status":"closed","template":"","meta":{"_bbp_topic_count":0,"_bbp_reply_count":0,"_bbp_total_topic_count":0,"_bbp_total_reply_count":0,"_bbp_voice_count":0,"_bbp_anonymous_reply_count":0,"_bbp_topic_count_hidden":0,"_bbp_reply_count_hidden":0,"_bbp_forum_subforum_count":0,"site-sidebar-layout":"default","site-content-layout":"","ast-site-content-layout":"default","site-content-style":"default","site-sidebar-style":"default","ast-global-header-display":"","ast-banner-title-visibility":"","ast-main-header-display":"","ast-hfb-above-header-display":"","ast-hfb-below-header-display":"","ast-hfb-mobile-header-display":"","site-post-title":"","ast-breadcrumbs-content":"","ast-featured-img":"","footer-sml-layout":"","theme-transparent-header-meta":"","adv-header-id-meta":"","stick-header-meta":"","header-above-stick-meta":"","header-main-stick-meta":"","header-below-stick-meta":"","astra-migrate-meta-layouts":"set","ast-page-background-enabled":"default","ast-page-background-meta":{"desktop":{"background-color":"var(--ast-global-color-4)","background-image":"","background-repeat":"repeat","background-position":"center center","background-size":"auto","background-attachment":"scroll","background-type":"","background-media":"","overlay-type":"","overlay-color":"","overlay-opacity":"","overlay-gradient":""},"tablet":{"background-color":"","background-image":"","background-repeat":"repeat","background-position":"center center","background-size":"auto","background-attachment":"scroll","background-type":"","background-media":"","overlay-type":"","overlay-color":"","overlay-opacity":"","overlay-gradient":""},"mobile":{"background-color":"","background-image":"","background-repeat":"repeat","background-position":"center center","background-size":"auto","background-attachment":"scroll","background-type":"","background-media":"","overlay-type":"","overlay-color":"","overlay-opacity":"","overlay-gradient":""}},"ast-content-background-meta":{"desktop":{"background-color":"var(--ast-global-color-5)","background-image":"","background-repeat":"repeat","background-position":"center center","background-size":"auto","background-attachment":"scroll","background-type":"","background-media":"","overlay-type":"","overlay-color":"","overlay-opacity":"","overlay-gradient":""},"tablet":{"background-color":"var(--ast-global-color-5)","background-image":"","background-repeat":"repeat","background-position":"center center","background-size":"auto","background-attachment":"scroll","background-type":"","background-media":"","overlay-type":"","overlay-color":"","overlay-opacity":"","overlay-gradient":""},"mobile":{"background-color":"var(--ast-global-color-5)","background-image":"","background-repeat":"repeat","background-position":"center center","background-size":"auto","background-attachment":"scroll","background-type":"","background-media":"","overlay-type":"","overlay-color":"","overlay-opacity":"","overlay-gradient":""}},"footnotes":""},"class_list":["post-10269","page","type-page","status-publish","hentry"],"post_mailing_queue_ids":[],"_links":{"self":[{"href":"https:\/\/serveiseducatius.xtec.cat\/cda-flix\/wp-json\/wp\/v2\/pages\/10269","targetHints":{"allow":["GET"]}}],"collection":[{"href":"https:\/\/serveiseducatius.xtec.cat\/cda-flix\/wp-json\/wp\/v2\/pages"}],"about":[{"href":"https:\/\/serveiseducatius.xtec.cat\/cda-flix\/wp-json\/wp\/v2\/types\/page"}],"author":[{"embeddable":true,"href":"https:\/\/serveiseducatius.xtec.cat\/cda-flix\/wp-json\/wp\/v2\/users\/1"}],"replies":[{"embeddable":true,"href":"https:\/\/serveiseducatius.xtec.cat\/cda-flix\/wp-json\/wp\/v2\/comments?post=10269"}],"version-history":[{"count":4,"href":"https:\/\/serveiseducatius.xtec.cat\/cda-flix\/wp-json\/wp\/v2\/pages\/10269\/revisions"}],"predecessor-version":[{"id":11877,"href":"https:\/\/serveiseducatius.xtec.cat\/cda-flix\/wp-json\/wp\/v2\/pages\/10269\/revisions\/11877"}],"up":[{"embeddable":true,"href":"https:\/\/serveiseducatius.xtec.cat\/cda-flix\/wp-json\/wp\/v2\/pages\/10257"}],"wp:attachment":[{"href":"https:\/\/serveiseducatius.xtec.cat\/cda-flix\/wp-json\/wp\/v2\/media?parent=10269"}],"curies":[{"name":"wp","href":"https:\/\/api.w.org\/{rel}","templated":true}]}}