{"id":9922,"date":"2019-10-07T11:56:08","date_gmt":"2019-10-07T09:56:08","guid":{"rendered":"http:\/\/serveiseducatius.xtec.cat\/cda-empuries\/?page_id=9922"},"modified":"2025-10-03T11:52:14","modified_gmt":"2025-10-03T09:52:14","slug":"treball-posterior-de-lactivitat-els-ecosistemes-dels-aiguamolls-de-lemporda","status":"publish","type":"page","link":"https:\/\/serveiseducatius.xtec.cat\/cda-empuries\/treball-posterior-de-lactivitat-els-ecosistemes-dels-aiguamolls-de-lemporda\/","title":{"rendered":"Treball posterior: Els ecosistemes dels Aiguamolls de l&#8217;Empord\u00e0"},"content":{"rendered":"<table style=\"height: 206px;\" width=\"1129\">\n<tbody>\n<tr style=\"height: 133px;\">\n<td style=\"height: 133px; width: 208px;\"><strong><a href=\"https:\/\/serveiseducatius.xtec.cat\/cda-empuries\/wp-content\/uploads\/usu1383\/2019\/06\/producte-final.png\"><img loading=\"lazy\" decoding=\"async\" class=\"alignnone size-full wp-image-9118\" src=\"https:\/\/serveiseducatius.xtec.cat\/cda-empuries\/wp-content\/uploads\/usu1383\/2019\/06\/producte-final.png\" alt=\"\" width=\"129\" height=\"130\" \/><\/a><\/strong><\/td>\n<td style=\"height: 133px; width: 913px;\">Si heu fet fotos:<\/p>\n<ol>\n<li>Per grups fer un p\u00f2ster visual amb moltes fotos i poc text, amb eines inform\u00e0tiques, PowerPoint, Glogster, Canva&#8230; com a resum de la sortida.<\/li>\n<li>Crear un itinerari virtual<\/li>\n<li>Fer una p\u00e0gina web o un genially, etc<\/li>\n<\/ol>\n<p>Podeu treballar un dossier a partir del <a href=\"https:\/\/serveiseducatius.xtec.cat\/cda-empuries\/wp-content\/uploads\/usu1383\/2025\/10\/Aiguamolls-ESO.pdf\">Quadern dels Aiguamolls ESO<\/a><\/p>\n<p>Tamb\u00e9 podeu:<\/p>\n<ol>\n<li>Fer un debat en grups de qu\u00e8 \u00e9s un Parc Natural, perqu\u00e8 s\u00f3n necessaris, si caldran tota la vida, etc<\/li>\n<li>Treballar sobre les esp\u00e8cies invasores a Catalunya i els danys que provoquen a la Biodiversitat<\/li>\n<\/ol>\n<p>&nbsp;<\/td>\n<\/tr>\n<\/tbody>\n<\/table>\n<p>Tornar a l&#8217;activitat:\u00a0<a href=\"https:\/\/serveiseducatius.xtec.cat\/cda-empuries\/els-ecosistemes-dels-aiguamolls-de-lemporda-eso\/\">Els ecosistemes dels Aiguamolls de l&#8217;Empord\u00e0<\/a><\/p>\n","protected":false},"excerpt":{"rendered":"<p>Si heu fet fotos: Per grups fer un p\u00f2ster visual amb moltes fotos i poc text, amb eines inform\u00e0tiques, PowerPoint, Glogster, Canva&#8230; com a resum de la sortida. Crear un itinerari virtual Fer una p\u00e0gina web o un genially, etc Podeu treballar un dossier a partir del Quadern dels Aiguamolls ESO Tamb\u00e9 podeu: Fer un [&hellip;]<\/p>\n","protected":false},"author":1,"featured_media":0,"parent":0,"menu_order":0,"comment_status":"closed","ping_status":"closed","template":"","meta":{"_bbp_topic_count":0,"_bbp_reply_count":0,"_bbp_total_topic_count":0,"_bbp_total_reply_count":0,"_bbp_voice_count":0,"_bbp_anonymous_reply_count":0,"_bbp_topic_count_hidden":0,"_bbp_reply_count_hidden":0,"_bbp_forum_subforum_count":0,"site-sidebar-layout":"default","site-content-layout":"","ast-site-content-layout":"default","site-content-style":"default","site-sidebar-style":"default","ast-global-header-display":"","ast-banner-title-visibility":"","ast-main-header-display":"","ast-hfb-above-header-display":"","ast-hfb-below-header-display":"","ast-hfb-mobile-header-display":"","site-post-title":"","ast-breadcrumbs-content":"","ast-featured-img":"","footer-sml-layout":"","theme-transparent-header-meta":"default","adv-header-id-meta":"","stick-header-meta":"","header-above-stick-meta":"","header-main-stick-meta":"","header-below-stick-meta":"","astra-migrate-meta-layouts":"set","ast-page-background-enabled":"default","ast-page-background-meta":{"desktop":{"background-color":"var(--ast-global-color-4)","background-image":"","background-repeat":"repeat","background-position":"center center","background-size":"auto","background-attachment":"scroll","background-type":"","background-media":"","overlay-type":"","overlay-color":"","overlay-opacity":"","overlay-gradient":""},"tablet":{"background-color":"","background-image":"","background-repeat":"repeat","background-position":"center center","background-size":"auto","background-attachment":"scroll","background-type":"","background-media":"","overlay-type":"","overlay-color":"","overlay-opacity":"","overlay-gradient":""},"mobile":{"background-color":"","background-image":"","background-repeat":"repeat","background-position":"center center","background-size":"auto","background-attachment":"scroll","background-type":"","background-media":"","overlay-type":"","overlay-color":"","overlay-opacity":"","overlay-gradient":""}},"ast-content-background-meta":{"desktop":{"background-color":"var(--ast-global-color-5)","background-image":"","background-repeat":"repeat","background-position":"center center","background-size":"auto","background-attachment":"scroll","background-type":"","background-media":"","overlay-type":"","overlay-color":"","overlay-opacity":"","overlay-gradient":""},"tablet":{"background-color":"var(--ast-global-color-5)","background-image":"","background-repeat":"repeat","background-position":"center center","background-size":"auto","background-attachment":"scroll","background-type":"","background-media":"","overlay-type":"","overlay-color":"","overlay-opacity":"","overlay-gradient":""},"mobile":{"background-color":"var(--ast-global-color-5)","background-image":"","background-repeat":"repeat","background-position":"center center","background-size":"auto","background-attachment":"scroll","background-type":"","background-media":"","overlay-type":"","overlay-color":"","overlay-opacity":"","overlay-gradient":""}},"footnotes":""},"class_list":["post-9922","page","type-page","status-publish","hentry"],"post_mailing_queue_ids":[],"_links":{"self":[{"href":"https:\/\/serveiseducatius.xtec.cat\/cda-empuries\/wp-json\/wp\/v2\/pages\/9922","targetHints":{"allow":["GET"]}}],"collection":[{"href":"https:\/\/serveiseducatius.xtec.cat\/cda-empuries\/wp-json\/wp\/v2\/pages"}],"about":[{"href":"https:\/\/serveiseducatius.xtec.cat\/cda-empuries\/wp-json\/wp\/v2\/types\/page"}],"author":[{"embeddable":true,"href":"https:\/\/serveiseducatius.xtec.cat\/cda-empuries\/wp-json\/wp\/v2\/users\/1"}],"replies":[{"embeddable":true,"href":"https:\/\/serveiseducatius.xtec.cat\/cda-empuries\/wp-json\/wp\/v2\/comments?post=9922"}],"version-history":[{"count":5,"href":"https:\/\/serveiseducatius.xtec.cat\/cda-empuries\/wp-json\/wp\/v2\/pages\/9922\/revisions"}],"predecessor-version":[{"id":12340,"href":"https:\/\/serveiseducatius.xtec.cat\/cda-empuries\/wp-json\/wp\/v2\/pages\/9922\/revisions\/12340"}],"wp:attachment":[{"href":"https:\/\/serveiseducatius.xtec.cat\/cda-empuries\/wp-json\/wp\/v2\/media?parent=9922"}],"curies":[{"name":"wp","href":"https:\/\/api.w.org\/{rel}","templated":true}]}}