{"id":9824,"date":"2019-09-18T12:21:15","date_gmt":"2019-09-18T10:21:15","guid":{"rendered":"http:\/\/serveiseducatius.xtec.cat\/cda-empuries\/?page_id=9824"},"modified":"2021-05-06T10:08:08","modified_gmt":"2021-05-06T08:08:08","slug":"activitats-de-lescala-per-nivells","status":"publish","type":"page","link":"https:\/\/serveiseducatius.xtec.cat\/cda-empuries\/activitats-de-lescala-per-nivells\/","title":{"rendered":"Activitats de l&#8217;Escala per nivells"},"content":{"rendered":"<p>En la vostra visita a L&#8217;Escala us volem mostrar el passat mariner d&#8217;aquesta poblaci\u00f3. Per aix\u00f2 us proposem visites a diferents espais: el MASLE, l&#8217;Alfol\u00ed de la Sal i per suposat un recorregut per les mateixes Cales de L&#8217;Escala. Vegeu el mapa del recorregut;<\/p>\n<p><iframe loading=\"lazy\" src=\"https:\/\/www.google.com\/maps\/d\/embed?mid=1K4A5RqV9ATo36u9BeAQOfzfN5g2QEMfQ&amp;hl=ca\" width=\"640\" height=\"480\"><\/iframe><\/p>\n<table style=\"width: 906px;\">\n<tbody>\n<tr>\n<td style=\"width: 356.667px;\"><span style=\"font-size: 16px;\">CM<\/span><\/td>\n<td style=\"width: 324.444px;\"><span style=\"font-size: 16px;\">CS PRIM\u00c0RIA<\/span><\/td>\n<td style=\"width: 217.778px;\">CS PRIM\u00c0RIA (nou)<\/td>\n<\/tr>\n<tr>\n<td style=\"width: 356.667px;\"><span style=\"font-size: 16px; background-color: #ffffff;\">L&#8217;Escala, un port obert a tramuntana\u00a0<\/span><\/td>\n<td style=\"width: 324.444px;\">L&#8217;Escala, vila marinera<\/td>\n<td style=\"width: 217.778px;\">Les Cales de L&#8217;Escala<\/td>\n<\/tr>\n<tr>\n<td style=\"width: 356.667px;\"><a href=\"https:\/\/serveiseducatius.xtec.cat\/cda-empuries\/lescala-un-port-obert-a-tramuntana\/\"><img loading=\"lazy\" decoding=\"async\" class=\"wp-image-9894 alignleft\" src=\"https:\/\/serveiseducatius.xtec.cat\/cda-empuries\/wp-content\/uploads\/usu1383\/2019\/09\/ESCALA.png\" alt=\"\" width=\"252\" height=\"234\" srcset=\"https:\/\/serveiseducatius.xtec.cat\/cda-empuries\/wp-content\/uploads\/usu1383\/2019\/09\/ESCALA.png 837w, https:\/\/serveiseducatius.xtec.cat\/cda-empuries\/wp-content\/uploads\/usu1383\/2019\/09\/ESCALA-300x278.png 300w, https:\/\/serveiseducatius.xtec.cat\/cda-empuries\/wp-content\/uploads\/usu1383\/2019\/09\/ESCALA-768x711.png 768w\" sizes=\"auto, (max-width: 252px) 100vw, 252px\" \/><\/a><\/td>\n<td style=\"width: 324.444px;\"><a href=\"https:\/\/serveiseducatius.xtec.cat\/cda-empuries\/lescala-vila-marinera\/\"><img loading=\"lazy\" decoding=\"async\" class=\"wp-image-9895 alignleft\" src=\"https:\/\/serveiseducatius.xtec.cat\/cda-empuries\/wp-content\/uploads\/usu1383\/2019\/09\/ESCALA-2.png\" alt=\"\" width=\"296\" height=\"223\" srcset=\"https:\/\/serveiseducatius.xtec.cat\/cda-empuries\/wp-content\/uploads\/usu1383\/2019\/09\/ESCALA-2.png 876w, https:\/\/serveiseducatius.xtec.cat\/cda-empuries\/wp-content\/uploads\/usu1383\/2019\/09\/ESCALA-2-300x226.png 300w, https:\/\/serveiseducatius.xtec.cat\/cda-empuries\/wp-content\/uploads\/usu1383\/2019\/09\/ESCALA-2-768x578.png 768w, https:\/\/serveiseducatius.xtec.cat\/cda-empuries\/wp-content\/uploads\/usu1383\/2019\/09\/ESCALA-2-200x150.png 200w\" sizes=\"auto, (max-width: 296px) 100vw, 296px\" \/><\/a><\/td>\n<td style=\"width: 217.778px;\"><a href=\"http:\/\/serveiseducatius.xtec.cat\/cda-empuries\/cales-de-lescala-lemprempta-dun-passat-mariner\/\" target=\"_blank\" rel=\"noopener noreferrer\"><img loading=\"lazy\" decoding=\"async\" class=\"wp-image-10769 aligncenter\" src=\"https:\/\/serveiseducatius.xtec.cat\/cda-empuries\/wp-content\/uploads\/usu1383\/2020\/11\/Cales-de-LEscala-lempremta-de-la-vida-marinera-300x295.jpg\" alt=\"\" width=\"246\" height=\"242\" srcset=\"https:\/\/serveiseducatius.xtec.cat\/cda-empuries\/wp-content\/uploads\/usu1383\/2020\/11\/Cales-de-LEscala-lempremta-de-la-vida-marinera-300x295.jpg 300w, https:\/\/serveiseducatius.xtec.cat\/cda-empuries\/wp-content\/uploads\/usu1383\/2020\/11\/Cales-de-LEscala-lempremta-de-la-vida-marinera.jpg 432w\" sizes=\"auto, (max-width: 246px) 100vw, 246px\" \/><\/a><\/td>\n<\/tr>\n<\/tbody>\n<\/table>\n<p>&nbsp;<\/p>\n<p>&nbsp;<\/p>\n<p>&nbsp;<\/p>\n<h2><\/h2>\n<h2><\/h2>\n<h4 style=\"text-align: center;\"><a href=\"https:\/\/serveiseducatius.xtec.cat\/cda-empuries\/oferta-pedagogica\/\">Torna a Activitats per \u00e0mbits<\/a><\/h4>\n","protected":false},"excerpt":{"rendered":"<p>En la vostra visita a L&#8217;Escala us volem mostrar el passat mariner d&#8217;aquesta poblaci\u00f3. Per aix\u00f2 us proposem visites a diferents espais: el MASLE, l&#8217;Alfol\u00ed de la Sal i per suposat un recorregut per les mateixes Cales de L&#8217;Escala. Vegeu el mapa del recorregut; CM CS PRIM\u00c0RIA CS PRIM\u00c0RIA (nou) L&#8217;Escala, un port obert a [&hellip;]<\/p>\n","protected":false},"author":1,"featured_media":0,"parent":0,"menu_order":0,"comment_status":"closed","ping_status":"closed","template":"","meta":{"_bbp_topic_count":0,"_bbp_reply_count":0,"_bbp_total_topic_count":0,"_bbp_total_reply_count":0,"_bbp_voice_count":0,"_bbp_anonymous_reply_count":0,"_bbp_topic_count_hidden":0,"_bbp_reply_count_hidden":0,"_bbp_forum_subforum_count":0,"site-sidebar-layout":"default","site-content-layout":"","ast-site-content-layout":"","site-content-style":"default","site-sidebar-style":"default","ast-global-header-display":"","ast-banner-title-visibility":"","ast-main-header-display":"","ast-hfb-above-header-display":"","ast-hfb-below-header-display":"","ast-hfb-mobile-header-display":"","site-post-title":"","ast-breadcrumbs-content":"","ast-featured-img":"","footer-sml-layout":"","theme-transparent-header-meta":"","adv-header-id-meta":"","stick-header-meta":"","header-above-stick-meta":"","header-main-stick-meta":"","header-below-stick-meta":"","astra-migrate-meta-layouts":"default","ast-page-background-enabled":"default","ast-page-background-meta":{"desktop":{"background-color":"var(--ast-global-color-4)","background-image":"","background-repeat":"repeat","background-position":"center center","background-size":"auto","background-attachment":"scroll","background-type":"","background-media":"","overlay-type":"","overlay-color":"","overlay-opacity":"","overlay-gradient":""},"tablet":{"background-color":"","background-image":"","background-repeat":"repeat","background-position":"center center","background-size":"auto","background-attachment":"scroll","background-type":"","background-media":"","overlay-type":"","overlay-color":"","overlay-opacity":"","overlay-gradient":""},"mobile":{"background-color":"","background-image":"","background-repeat":"repeat","background-position":"center center","background-size":"auto","background-attachment":"scroll","background-type":"","background-media":"","overlay-type":"","overlay-color":"","overlay-opacity":"","overlay-gradient":""}},"ast-content-background-meta":{"desktop":{"background-color":"var(--ast-global-color-5)","background-image":"","background-repeat":"repeat","background-position":"center center","background-size":"auto","background-attachment":"scroll","background-type":"","background-media":"","overlay-type":"","overlay-color":"","overlay-opacity":"","overlay-gradient":""},"tablet":{"background-color":"var(--ast-global-color-5)","background-image":"","background-repeat":"repeat","background-position":"center center","background-size":"auto","background-attachment":"scroll","background-type":"","background-media":"","overlay-type":"","overlay-color":"","overlay-opacity":"","overlay-gradient":""},"mobile":{"background-color":"var(--ast-global-color-5)","background-image":"","background-repeat":"repeat","background-position":"center center","background-size":"auto","background-attachment":"scroll","background-type":"","background-media":"","overlay-type":"","overlay-color":"","overlay-opacity":"","overlay-gradient":""}},"footnotes":""},"class_list":["post-9824","page","type-page","status-publish","hentry"],"post_mailing_queue_ids":[],"_links":{"self":[{"href":"https:\/\/serveiseducatius.xtec.cat\/cda-empuries\/wp-json\/wp\/v2\/pages\/9824","targetHints":{"allow":["GET"]}}],"collection":[{"href":"https:\/\/serveiseducatius.xtec.cat\/cda-empuries\/wp-json\/wp\/v2\/pages"}],"about":[{"href":"https:\/\/serveiseducatius.xtec.cat\/cda-empuries\/wp-json\/wp\/v2\/types\/page"}],"author":[{"embeddable":true,"href":"https:\/\/serveiseducatius.xtec.cat\/cda-empuries\/wp-json\/wp\/v2\/users\/1"}],"replies":[{"embeddable":true,"href":"https:\/\/serveiseducatius.xtec.cat\/cda-empuries\/wp-json\/wp\/v2\/comments?post=9824"}],"version-history":[{"count":4,"href":"https:\/\/serveiseducatius.xtec.cat\/cda-empuries\/wp-json\/wp\/v2\/pages\/9824\/revisions"}],"predecessor-version":[{"id":11313,"href":"https:\/\/serveiseducatius.xtec.cat\/cda-empuries\/wp-json\/wp\/v2\/pages\/9824\/revisions\/11313"}],"wp:attachment":[{"href":"https:\/\/serveiseducatius.xtec.cat\/cda-empuries\/wp-json\/wp\/v2\/media?parent=9824"}],"curies":[{"name":"wp","href":"https:\/\/api.w.org\/{rel}","templated":true}]}}