{"id":9791,"date":"2019-09-12T12:50:09","date_gmt":"2019-09-12T10:50:09","guid":{"rendered":"http:\/\/serveiseducatius.xtec.cat\/cda-empuries\/?page_id=9791"},"modified":"2025-10-23T09:57:32","modified_gmt":"2025-10-23T07:57:32","slug":"proposta-de-treball-despres-de-l","status":"publish","type":"page","link":"https:\/\/serveiseducatius.xtec.cat\/cda-empuries\/proposta-de-treball-despres-de-l\/","title":{"rendered":"Propostes de treball posterior de l&#8217;activitat: La cigonya Guita dels Aiguamolls de l&#8217;Empord\u00e0"},"content":{"rendered":"<table style=\"height: 131px;\" width=\"720\">\n<tbody>\n<tr style=\"height: 131px;\">\n<td style=\"height: 131px; width: 132.467px;\"><strong><a href=\"https:\/\/serveiseducatius.xtec.cat\/cda-empuries\/wp-content\/uploads\/usu1383\/2019\/06\/producte-final.png\"><img loading=\"lazy\" decoding=\"async\" class=\"size-full wp-image-9118 alignnone\" src=\"https:\/\/serveiseducatius.xtec.cat\/cda-empuries\/wp-content\/uploads\/usu1383\/2019\/06\/producte-final.png\" alt=\"\" width=\"129\" height=\"130\" \/><\/a><\/strong><\/td>\n<td style=\"height: 131px; width: 579.533px;\">Els alumnes poden:<\/p>\n<ol>\n<li>Fer un dibuix de l&#8217;ocell que m\u00e9s els ha agradat dels que han vist als Aiguamolls.<\/li>\n<li>Fer un petit escrit dirigit a la Guita, explicant qu\u00e8 han sentit, vist, apr\u00e8s.<\/li>\n<li>Buscar fotos i fer un mural dels Aiguamolls<\/li>\n<li>Respassar algunes de les <a href=\"https:\/\/serveiseducatius.xtec.cat\/cda-empuries\/moment-1-la-guita-i-els-seus-amics\/\">activitats<\/a> que es proposaven pr\u00e8viament com per exemple:<\/li>\n<\/ol>\n<\/td>\n<\/tr>\n<\/tbody>\n<\/table>\n<table style=\"width: 100%; border-collapse: collapse; border-style: solid; border-color: #000000;\">\n<tbody>\n<tr style=\"height: 73px;\">\n<td style=\"width: 20.383%; border-style: solid; border-color: #000000; height: 73px;\"><span style=\"font-size: 16px;\">LECTURA RECOMANADA<\/span><\/p>\n<p>Informaci\u00f3 detallada sobre les cigonyes<\/td>\n<td style=\"width: 19.5176%; border-style: solid; border-color: #000000; height: 73px;\"><span style=\"font-size: 16px;\">CANTEM<\/span><\/p>\n<p>La cigonya can\u00e7\u00f3 de&#8217;n\u00a0 Pep Verg\u00e9s Xifra<\/td>\n<td style=\"width: 20.383%; border-style: solid; border-color: #000000; height: 73px;\"><span style=\"font-size: 16px;\">OCELLS DEL DELTA DE L\u2019EBRE.<\/span><\/p>\n<p><span style=\"font-size: 16px;\">Quadernet per pintar<\/span><\/td>\n<\/tr>\n<tr style=\"height: 158px;\">\n<td style=\"width: 20.383%; border-style: solid; border-color: #000000; height: 158px;\"><span style=\"font-size: 16px; background-color: #ffffff;\"><a href=\"https:\/\/contesdeanimals.blogspot.com\/2017\/03\/la-cigonya.html\" target=\"_blank\" rel=\"noopener noreferrer\"><img loading=\"lazy\" decoding=\"async\" class=\"wp-image-9947 aligncenter\" src=\"https:\/\/serveiseducatius.xtec.cat\/cda-empuries\/wp-content\/uploads\/usu1383\/2019\/10\/cigonya-150x150.jpg\" alt=\"\" width=\"183\" height=\"183\" \/><\/a><\/span><\/td>\n<td style=\"width: 19.5176%; border-style: solid; border-color: #000000; height: 158px;\"><strong><a href=\"https:\/\/www.youtube.com\/watch?v=b2VZF2aouOA\" target=\"_blank\" rel=\"noopener noreferrer\"><img loading=\"lazy\" decoding=\"async\" class=\"wp-image-9652 aligncenter\" src=\"https:\/\/serveiseducatius.xtec.cat\/cda-empuries\/wp-content\/uploads\/usu1383\/2019\/07\/cigonya.png\" alt=\"\" width=\"228\" height=\"222\" \/><\/a><\/strong><\/td>\n<td style=\"width: 20.383%; border-style: solid; border-color: #000000; height: 158px;\"><a href=\"https:\/\/issuu.com\/pepgavalda\/docs\/ocells_delta_x_pintar_resum\" target=\"_blank\" rel=\"noopener noreferrer\"><img loading=\"lazy\" decoding=\"async\" class=\"wp-image-9949 aligncenter\" src=\"https:\/\/serveiseducatius.xtec.cat\/cda-empuries\/wp-content\/uploads\/usu1383\/2019\/10\/ocells-pintar.jpg\" alt=\"\" width=\"177\" height=\"251\" srcset=\"https:\/\/serveiseducatius.xtec.cat\/cda-empuries\/wp-content\/uploads\/usu1383\/2019\/10\/ocells-pintar.jpg 286w, https:\/\/serveiseducatius.xtec.cat\/cda-empuries\/wp-content\/uploads\/usu1383\/2019\/10\/ocells-pintar-212x300.jpg 212w\" sizes=\"auto, (max-width: 177px) 100vw, 177px\" \/><\/a><\/td>\n<\/tr>\n<\/tbody>\n<\/table>\n<p>&nbsp;<\/p>\n<p><a href=\"https:\/\/serveiseducatius.xtec.cat\/cda-empuries\/aiguamolls-de-lemporda\/\">Torna a l&#8217;activitat\u00a0 La cigonya Guita dels Aiguamolls<\/a><\/p>\n","protected":false},"excerpt":{"rendered":"<p>Els alumnes poden: Fer un dibuix de l&#8217;ocell que m\u00e9s els ha agradat dels que han vist als Aiguamolls. Fer un petit escrit dirigit a la Guita, explicant qu\u00e8 han sentit, vist, apr\u00e8s. Buscar fotos i fer un mural dels Aiguamolls Respassar algunes de les activitats que es proposaven pr\u00e8viament com per exemple: LECTURA RECOMANADA [&hellip;]<\/p>\n","protected":false},"author":1,"featured_media":0,"parent":0,"menu_order":0,"comment_status":"closed","ping_status":"closed","template":"","meta":{"_bbp_topic_count":0,"_bbp_reply_count":0,"_bbp_total_topic_count":0,"_bbp_total_reply_count":0,"_bbp_voice_count":0,"_bbp_anonymous_reply_count":0,"_bbp_topic_count_hidden":0,"_bbp_reply_count_hidden":0,"_bbp_forum_subforum_count":0,"site-sidebar-layout":"default","site-content-layout":"","ast-site-content-layout":"default","site-content-style":"default","site-sidebar-style":"default","ast-global-header-display":"","ast-banner-title-visibility":"","ast-main-header-display":"","ast-hfb-above-header-display":"","ast-hfb-below-header-display":"","ast-hfb-mobile-header-display":"","site-post-title":"","ast-breadcrumbs-content":"","ast-featured-img":"","footer-sml-layout":"","theme-transparent-header-meta":"default","adv-header-id-meta":"","stick-header-meta":"","header-above-stick-meta":"","header-main-stick-meta":"","header-below-stick-meta":"","astra-migrate-meta-layouts":"set","ast-page-background-enabled":"default","ast-page-background-meta":{"desktop":{"background-color":"var(--ast-global-color-4)","background-image":"","background-repeat":"repeat","background-position":"center center","background-size":"auto","background-attachment":"scroll","background-type":"","background-media":"","overlay-type":"","overlay-color":"","overlay-opacity":"","overlay-gradient":""},"tablet":{"background-color":"","background-image":"","background-repeat":"repeat","background-position":"center center","background-size":"auto","background-attachment":"scroll","background-type":"","background-media":"","overlay-type":"","overlay-color":"","overlay-opacity":"","overlay-gradient":""},"mobile":{"background-color":"","background-image":"","background-repeat":"repeat","background-position":"center center","background-size":"auto","background-attachment":"scroll","background-type":"","background-media":"","overlay-type":"","overlay-color":"","overlay-opacity":"","overlay-gradient":""}},"ast-content-background-meta":{"desktop":{"background-color":"var(--ast-global-color-5)","background-image":"","background-repeat":"repeat","background-position":"center center","background-size":"auto","background-attachment":"scroll","background-type":"","background-media":"","overlay-type":"","overlay-color":"","overlay-opacity":"","overlay-gradient":""},"tablet":{"background-color":"var(--ast-global-color-5)","background-image":"","background-repeat":"repeat","background-position":"center center","background-size":"auto","background-attachment":"scroll","background-type":"","background-media":"","overlay-type":"","overlay-color":"","overlay-opacity":"","overlay-gradient":""},"mobile":{"background-color":"var(--ast-global-color-5)","background-image":"","background-repeat":"repeat","background-position":"center center","background-size":"auto","background-attachment":"scroll","background-type":"","background-media":"","overlay-type":"","overlay-color":"","overlay-opacity":"","overlay-gradient":""}},"footnotes":""},"class_list":["post-9791","page","type-page","status-publish","hentry"],"post_mailing_queue_ids":[],"_links":{"self":[{"href":"https:\/\/serveiseducatius.xtec.cat\/cda-empuries\/wp-json\/wp\/v2\/pages\/9791","targetHints":{"allow":["GET"]}}],"collection":[{"href":"https:\/\/serveiseducatius.xtec.cat\/cda-empuries\/wp-json\/wp\/v2\/pages"}],"about":[{"href":"https:\/\/serveiseducatius.xtec.cat\/cda-empuries\/wp-json\/wp\/v2\/types\/page"}],"author":[{"embeddable":true,"href":"https:\/\/serveiseducatius.xtec.cat\/cda-empuries\/wp-json\/wp\/v2\/users\/1"}],"replies":[{"embeddable":true,"href":"https:\/\/serveiseducatius.xtec.cat\/cda-empuries\/wp-json\/wp\/v2\/comments?post=9791"}],"version-history":[{"count":6,"href":"https:\/\/serveiseducatius.xtec.cat\/cda-empuries\/wp-json\/wp\/v2\/pages\/9791\/revisions"}],"predecessor-version":[{"id":12472,"href":"https:\/\/serveiseducatius.xtec.cat\/cda-empuries\/wp-json\/wp\/v2\/pages\/9791\/revisions\/12472"}],"wp:attachment":[{"href":"https:\/\/serveiseducatius.xtec.cat\/cda-empuries\/wp-json\/wp\/v2\/media?parent=9791"}],"curies":[{"name":"wp","href":"https:\/\/api.w.org\/{rel}","templated":true}]}}