{"id":9708,"date":"2019-07-11T19:47:30","date_gmt":"2019-07-11T17:47:30","guid":{"rendered":"http:\/\/serveiseducatius.xtec.cat\/cda-empuries\/?page_id=9708"},"modified":"2025-11-10T10:18:50","modified_gmt":"2025-11-10T09:18:50","slug":"moment-1-aiguamolls-eso","status":"publish","type":"page","link":"https:\/\/serveiseducatius.xtec.cat\/cda-empuries\/moment-1-aiguamolls-eso\/","title":{"rendered":"Qu\u00e8 cal preparar abans de venir?"},"content":{"rendered":"<header><\/header>\n<h6>Moment 1. Ecosistemes als Aiguamolls de l&#8217;Empord\u00e0 (ESO)<\/h6>\n<p>&nbsp;<\/p>\n<p>&nbsp;<\/p>\n<header><\/header>\n<header><\/header>\n<header><\/header>\n<header><\/header>\n<header><\/header>\n<header><\/header>\n<header><\/header>\n<header><\/header>\n<header class=\"entry-header\"><strong style=\"font-size: 1.5em;\">CONTINGUTS M\u00cdNIMS:<\/strong><\/header>\n<p>&nbsp;<\/p>\n<p><strong style=\"font-size: 16px;\">MATERIAL PER AL PROFESSORAT<\/strong><\/p>\n<div class=\"entry-content\">\n<p><a href=\"http:\/\/www.xtec.cat\/cda-empuries\/GCAiguamolls2.pdf\" target=\"_blank\" rel=\"noopener noreferrer\">Gui\u00f3 de Continguts<\/a><\/p>\n<p>&nbsp;<\/p>\n<p><strong>MATERIAL PER A L\u2019ALUMNAT<\/strong><\/p>\n<ul style=\"list-style-type: circle;\">\n<li><a href=\"https:\/\/docs.google.com\/presentation\/d\/1EHbduO8WmLqmD_jk_10TWZ-Knn2sHSzC\/edit?usp=sharing&amp;ouid=110692370880931138189&amp;rtpof=true&amp;sd=true\" target=\"_blank\" rel=\"noopener noreferrer\">Presentaci\u00f3 ppt<\/a><\/li>\n<\/ul>\n<table style=\"width: 100%; border-collapse: collapse; border-style: solid; border-color: #000000;\">\n<tbody>\n<tr style=\"height: 45px;\">\n<td style=\"width: 50%; border-style: solid; border-color: #000000; height: 45px;\">V\u00eddeo del programa Espai Terra de tv\u00b7 de 2:36 min sobrevolant Aiguamolls en primavera<\/p>\n<p><a href=\"https:\/\/www.3cat.cat\/3cat\/el-dron-sobrevola-els-aiguamolls-de-lemporda\/video\/5608858\/\"><img loading=\"lazy\" decoding=\"async\" class=\"alignnone wp-image-12541\" src=\"https:\/\/serveiseducatius.xtec.cat\/cda-empuries\/wp-content\/uploads\/usu1383\/2025\/11\/Dron-Aiguamolls-300x209.png\" alt=\"\" width=\"403\" height=\"281\" srcset=\"https:\/\/serveiseducatius.xtec.cat\/cda-empuries\/wp-content\/uploads\/usu1383\/2025\/11\/Dron-Aiguamolls-300x209.png 300w, https:\/\/serveiseducatius.xtec.cat\/cda-empuries\/wp-content\/uploads\/usu1383\/2025\/11\/Dron-Aiguamolls.png 693w\" sizes=\"auto, (max-width: 403px) 100vw, 403px\" \/><\/a><\/p>\n<p>&nbsp;<\/td>\n<td style=\"width: 50%; border-style: solid; border-color: #000000;\">V\u00eddeo de 16:43 descriptiu de sortida de camp de hivern als Aiguamolls (Bion\u00e0ries)<\/p>\n<div class=\"ast-oembed-container \" style=\"height: 100%;\"><iframe loading=\"lazy\" title=\"Parc Natural dels Aiguamolls de l&#039;Empord\u00e0 I SORTIDA DE CAMP\" width=\"500\" height=\"281\" src=\"https:\/\/www.youtube.com\/embed\/n2j90udfPqM?feature=oembed\" frameborder=\"0\" allow=\"accelerometer; autoplay; clipboard-write; encrypted-media; gyroscope; picture-in-picture; web-share\" referrerpolicy=\"strict-origin-when-cross-origin\" allowfullscreen><\/iframe><\/div>\n<p>&nbsp;<\/td>\n<\/tr>\n<tr>\n<td style=\"width: 50%; border-style: solid; border-color: #000000;\">V\u00eddeo Espai Terra del min 7 al 14 sobre les Closes de l&#8217;Empord\u00e0<\/p>\n<p><a href=\"https:\/\/www.3cat.cat\/3cat\/espai-terra-dilluns-21-de-maig\/video\/4099330\/\"><img loading=\"lazy\" decoding=\"async\" class=\"alignnone wp-image-12549 \" src=\"https:\/\/serveiseducatius.xtec.cat\/cda-empuries\/wp-content\/uploads\/usu1383\/2025\/11\/Les-closes-300x182.jpg\" alt=\"\" width=\"446\" height=\"271\" srcset=\"https:\/\/serveiseducatius.xtec.cat\/cda-empuries\/wp-content\/uploads\/usu1383\/2025\/11\/Les-closes-300x182.jpg 300w, https:\/\/serveiseducatius.xtec.cat\/cda-empuries\/wp-content\/uploads\/usu1383\/2025\/11\/Les-closes-1024x623.jpg 1024w, https:\/\/serveiseducatius.xtec.cat\/cda-empuries\/wp-content\/uploads\/usu1383\/2025\/11\/Les-closes-768x467.jpg 768w, https:\/\/serveiseducatius.xtec.cat\/cda-empuries\/wp-content\/uploads\/usu1383\/2025\/11\/Les-closes.jpg 1312w\" sizes=\"auto, (max-width: 446px) 100vw, 446px\" \/><\/a><\/td>\n<td style=\"width: 50%; border-style: solid; border-color: #000000;\">V\u00eddeo de 7 min de l&#8217;Espai terra tv3 Les cigonyes als Aiguamolls de l&#8217;Empord\u00e0<\/p>\n<p><a href=\"https:\/\/www.3cat.cat\/3cat\/cigonyes-als-aiguamolls-de-lemporda\/video\/5196071\/\"><img loading=\"lazy\" decoding=\"async\" class=\"alignnone wp-image-12547 \" src=\"https:\/\/serveiseducatius.xtec.cat\/cda-empuries\/wp-content\/uploads\/usu1383\/2025\/11\/CIGONYES-1-300x186.jpg\" alt=\"\" width=\"383\" height=\"238\" srcset=\"https:\/\/serveiseducatius.xtec.cat\/cda-empuries\/wp-content\/uploads\/usu1383\/2025\/11\/CIGONYES-1-300x186.jpg 300w, https:\/\/serveiseducatius.xtec.cat\/cda-empuries\/wp-content\/uploads\/usu1383\/2025\/11\/CIGONYES-1-1024x636.jpg 1024w, https:\/\/serveiseducatius.xtec.cat\/cda-empuries\/wp-content\/uploads\/usu1383\/2025\/11\/CIGONYES-1-768x477.jpg 768w, https:\/\/serveiseducatius.xtec.cat\/cda-empuries\/wp-content\/uploads\/usu1383\/2025\/11\/CIGONYES-1.jpg 1289w\" sizes=\"auto, (max-width: 383px) 100vw, 383px\" \/><\/a><\/td>\n<\/tr>\n<\/tbody>\n<\/table>\n<p>&nbsp;<\/p>\n<h3><strong>MATERIAL ADAPTAT PER A L&#8217;ALUMNAT NEURODIVERGENT (Lectura f\u00e0cil i pictogrames)<\/strong><\/h3>\n<p><a href=\"https:\/\/serveiseducatius.xtec.cat\/cda-empuries\/wp-content\/uploads\/usu1383\/2025\/10\/AiguamollspresentacioFacil.pdf\">Presentaci\u00f3 F\u00e0cil Aiguamolls<\/a><\/p>\n<p><a href=\"https:\/\/serveiseducatius.xtec.cat\/cda-empuries\/wp-content\/uploads\/usu1383\/2025\/10\/Els-amics-de-la-CigonyaGuaitaFacil.pdf\">Els amics de la Cigonya Guaita Lectura F\u00e0cil<\/a><\/p>\n<\/div>\n<p>&nbsp;<\/p>\n<div class=\"entry-content\">\n<h3><strong style=\"font-size: 1.5em;\">AMPLIACI\u00d3:<\/strong><\/h3>\n<p>Si voleu fer altres activitats d\u2019ampliaci\u00f3, aqu\u00ed us en proposem algunes:<\/p>\n<p>&nbsp;<\/p>\n<p><span style=\"font-size: 16px;\">INDICACIONS PER AL PROFESSORAT:<\/span><\/p>\n<\/div>\n<p><a href=\"https:\/\/drive.google.com\/file\/d\/1Pif8QkaT8P8LkxCqmbskffDhwiItNhe4\/view?usp=sharing\" target=\"_blank\" rel=\"noopener noreferrer\"><img loading=\"lazy\" decoding=\"async\" class=\"alignnone wp-image-9765\" src=\"https:\/\/serveiseducatius.xtec.cat\/cda-empuries\/wp-content\/uploads\/usu1383\/2019\/09\/PORTADA-AIGUAMOLLS.jpg\" alt=\"\" width=\"350\" height=\"211\" srcset=\"https:\/\/serveiseducatius.xtec.cat\/cda-empuries\/wp-content\/uploads\/usu1383\/2019\/09\/PORTADA-AIGUAMOLLS.jpg 709w, https:\/\/serveiseducatius.xtec.cat\/cda-empuries\/wp-content\/uploads\/usu1383\/2019\/09\/PORTADA-AIGUAMOLLS-300x181.jpg 300w\" sizes=\"auto, (max-width: 350px) 100vw, 350px\" \/><\/a><\/p>\n<p>&nbsp;<\/p>\n<p>FITXES PER ALS ALUMNES:<\/p>\n<p><a href=\"https:\/\/drive.google.com\/file\/d\/1wkzREffrGh1B2SlkB2rx71NujpyJgwiQ\/view?usp=sharing\" target=\"_blank\" rel=\"noopener noreferrer\"><img loading=\"lazy\" decoding=\"async\" class=\"alignnone wp-image-9981\" src=\"https:\/\/serveiseducatius.xtec.cat\/cda-empuries\/wp-content\/uploads\/usu1383\/2019\/10\/FITXES-ALUMNES-AIGUAMOLLS.jpg\" alt=\"\" width=\"295\" height=\"223\" srcset=\"https:\/\/serveiseducatius.xtec.cat\/cda-empuries\/wp-content\/uploads\/usu1383\/2019\/10\/FITXES-ALUMNES-AIGUAMOLLS.jpg 612w, https:\/\/serveiseducatius.xtec.cat\/cda-empuries\/wp-content\/uploads\/usu1383\/2019\/10\/FITXES-ALUMNES-AIGUAMOLLS-300x226.jpg 300w, https:\/\/serveiseducatius.xtec.cat\/cda-empuries\/wp-content\/uploads\/usu1383\/2019\/10\/FITXES-ALUMNES-AIGUAMOLLS-200x150.jpg 200w\" sizes=\"auto, (max-width: 295px) 100vw, 295px\" \/><\/a><\/p>\n<p>&nbsp;<\/p>\n<p>LES PLANTES DELS AIGUAMOLLS<\/p>\n<p><a href=\"https:\/\/drive.google.com\/file\/d\/1MXDYhDU9p8eEId-5_ygy0fgByyBOKRST\/view?usp=sharing\" target=\"_blank\" rel=\"noopener noreferrer\"><img loading=\"lazy\" decoding=\"async\" class=\" wp-image-10602 alignleft\" src=\"https:\/\/serveiseducatius.xtec.cat\/cda-empuries\/wp-content\/uploads\/usu1383\/2020\/06\/plantes-aiguamolls-1.jpg\" alt=\"\" width=\"175\" height=\"247\" \/><\/a><\/p>\n<p>Pode<span style=\"font-family: inherit; font-size: 1em;\">u estudiar les plantes abans de la vostra visita als aiguamolls. Aqu\u00ed teniu les fitxes de les plantes m\u00e9s\u00a0<\/span><span style=\"font-family: inherit; font-size: 1em;\">rellevants del n<\/span><span style=\"font-family: inherit; font-size: 1em;\">ostre itinerari des del Cortalet a Mas Mat\u00e0. <\/span><\/p>\n<p><span style=\"font-family: inherit; font-size: 1em;\">Ho presentem amb un sol pdf, si us interessa el format word per poder-les adaptar a les vostres necessitats ens ho podeu demanar.<\/span><\/p>\n<p>&nbsp;<\/p>\n<p>&nbsp;<\/p>\n<p>&nbsp;<\/p>\n<p>&nbsp;<\/p>\n<h2>ALTRES INFORMACIONS D&#8217;INTER\u00c8S:<\/h2>\n<table style=\"width: 90%; border-collapse: collapse; border-style: solid; border-color: #000000;\">\n<tbody>\n<tr>\n<td style=\"width: 33.3333%; border-style: solid; border-color: #000000;\">V\u00eddeo dels Aiguamolls de l&#8217;Empord\u00e0<\/p>\n<div class=\"ast-oembed-container \" style=\"height: 100%;\"><iframe loading=\"lazy\" title=\"Els Aiguamolls de l&#039;Empord\u00e0\u00a0(1)\" width=\"500\" height=\"375\" src=\"https:\/\/www.youtube.com\/embed\/FP9ZNw8PAmc?feature=oembed\" frameborder=\"0\" allow=\"accelerometer; autoplay; clipboard-write; encrypted-media; gyroscope; picture-in-picture; web-share\" referrerpolicy=\"strict-origin-when-cross-origin\" allowfullscreen><\/iframe><\/div>\n<p>&nbsp;<\/td>\n<td style=\"width: 33.3333%; border-style: solid; border-color: #000000;\">El coip\u00fa, una amena\u00e7a creixent als aiguamolls de l&#8217;Empord\u00e0\u00a0(not\u00edcia del Punt diari)<\/p>\n<p><a href=\"http:\/\/www.elpuntavui.cat\/territori\/article\/11-mediambient\/1134841-el-coipu-una-amenaca-creixent-als-aiguamolls-de-l-emporda.html\" target=\"_blank\" rel=\"noopener noreferrer\"><img loading=\"lazy\" decoding=\"async\" class=\"alignnone wp-image-9984\" src=\"https:\/\/serveiseducatius.xtec.cat\/cda-empuries\/wp-content\/uploads\/usu1383\/2019\/10\/COIP\u00da-1024x503.jpg\" alt=\"\" width=\"375\" height=\"185\" srcset=\"https:\/\/serveiseducatius.xtec.cat\/cda-empuries\/wp-content\/uploads\/usu1383\/2019\/10\/COIP\u00da-1024x503.jpg 1024w, https:\/\/serveiseducatius.xtec.cat\/cda-empuries\/wp-content\/uploads\/usu1383\/2019\/10\/COIP\u00da-300x147.jpg 300w, https:\/\/serveiseducatius.xtec.cat\/cda-empuries\/wp-content\/uploads\/usu1383\/2019\/10\/COIP\u00da-768x377.jpg 768w, https:\/\/serveiseducatius.xtec.cat\/cda-empuries\/wp-content\/uploads\/usu1383\/2019\/10\/COIP\u00da.jpg 1280w\" sizes=\"auto, (max-width: 375px) 100vw, 375px\" \/><\/a><\/td>\n<td style=\"width: 33.3333%; border-style: solid; border-color: #000000;\">Llibreta de Camp<\/p>\n<p><a href=\"https:\/\/parcs.diba.cat\/documents\/94993101\/169418198\/LlibretaCamp.pdf\/a1806a45-6455-4a8b-bc90-3ad8d26cd272\" target=\"_blank\" rel=\"noopener noreferrer\"><img loading=\"lazy\" decoding=\"async\" class=\"alignnone wp-image-9985\" src=\"https:\/\/serveiseducatius.xtec.cat\/cda-empuries\/wp-content\/uploads\/usu1383\/2019\/10\/Llibreta-de-camp.jpg\" alt=\"\" width=\"272\" height=\"196\" srcset=\"https:\/\/serveiseducatius.xtec.cat\/cda-empuries\/wp-content\/uploads\/usu1383\/2019\/10\/Llibreta-de-camp.jpg 776w, https:\/\/serveiseducatius.xtec.cat\/cda-empuries\/wp-content\/uploads\/usu1383\/2019\/10\/Llibreta-de-camp-300x216.jpg 300w, https:\/\/serveiseducatius.xtec.cat\/cda-empuries\/wp-content\/uploads\/usu1383\/2019\/10\/Llibreta-de-camp-768x554.jpg 768w\" sizes=\"auto, (max-width: 272px) 100vw, 272px\" \/><\/a><\/td>\n<\/tr>\n<\/tbody>\n<\/table>\n<p>&nbsp;<\/p>\n<p style=\"text-align: center;\"><a href=\"https:\/\/serveiseducatius.xtec.cat\/cda-empuries\/els-ecosistemes-dels-aiguamolls-de-lemporda-eso\/\">Torna a activitat Aiguamolls ESO<\/a><\/p>\n","protected":false},"excerpt":{"rendered":"<p>Moment 1. Ecosistemes als Aiguamolls de l&#8217;Empord\u00e0 (ESO) &nbsp; &nbsp; CONTINGUTS M\u00cdNIMS: &nbsp; MATERIAL PER AL PROFESSORAT Gui\u00f3 de Continguts &nbsp; MATERIAL PER A L\u2019ALUMNAT Presentaci\u00f3 ppt V\u00eddeo del programa Espai Terra de tv\u00b7 de 2:36 min sobrevolant Aiguamolls en primavera &nbsp; V\u00eddeo de 16:43 descriptiu de sortida de camp de hivern als Aiguamolls (Bion\u00e0ries) [&hellip;]<\/p>\n","protected":false},"author":1,"featured_media":0,"parent":0,"menu_order":0,"comment_status":"closed","ping_status":"closed","template":"","meta":{"_bbp_topic_count":0,"_bbp_reply_count":0,"_bbp_total_topic_count":0,"_bbp_total_reply_count":0,"_bbp_voice_count":0,"_bbp_anonymous_reply_count":0,"_bbp_topic_count_hidden":0,"_bbp_reply_count_hidden":0,"_bbp_forum_subforum_count":0,"site-sidebar-layout":"default","site-content-layout":"","ast-site-content-layout":"default","site-content-style":"default","site-sidebar-style":"default","ast-global-header-display":"","ast-banner-title-visibility":"","ast-main-header-display":"","ast-hfb-above-header-display":"","ast-hfb-below-header-display":"","ast-hfb-mobile-header-display":"","site-post-title":"","ast-breadcrumbs-content":"","ast-featured-img":"","footer-sml-layout":"","theme-transparent-header-meta":"default","adv-header-id-meta":"","stick-header-meta":"","header-above-stick-meta":"","header-main-stick-meta":"","header-below-stick-meta":"","astra-migrate-meta-layouts":"set","ast-page-background-enabled":"default","ast-page-background-meta":{"desktop":{"background-color":"var(--ast-global-color-4)","background-image":"","background-repeat":"repeat","background-position":"center center","background-size":"auto","background-attachment":"scroll","background-type":"","background-media":"","overlay-type":"","overlay-color":"","overlay-opacity":"","overlay-gradient":""},"tablet":{"background-color":"","background-image":"","background-repeat":"repeat","background-position":"center center","background-size":"auto","background-attachment":"scroll","background-type":"","background-media":"","overlay-type":"","overlay-color":"","overlay-opacity":"","overlay-gradient":""},"mobile":{"background-color":"","background-image":"","background-repeat":"repeat","background-position":"center center","background-size":"auto","background-attachment":"scroll","background-type":"","background-media":"","overlay-type":"","overlay-color":"","overlay-opacity":"","overlay-gradient":""}},"ast-content-background-meta":{"desktop":{"background-color":"var(--ast-global-color-5)","background-image":"","background-repeat":"repeat","background-position":"center center","background-size":"auto","background-attachment":"scroll","background-type":"","background-media":"","overlay-type":"","overlay-color":"","overlay-opacity":"","overlay-gradient":""},"tablet":{"background-color":"var(--ast-global-color-5)","background-image":"","background-repeat":"repeat","background-position":"center center","background-size":"auto","background-attachment":"scroll","background-type":"","background-media":"","overlay-type":"","overlay-color":"","overlay-opacity":"","overlay-gradient":""},"mobile":{"background-color":"var(--ast-global-color-5)","background-image":"","background-repeat":"repeat","background-position":"center center","background-size":"auto","background-attachment":"scroll","background-type":"","background-media":"","overlay-type":"","overlay-color":"","overlay-opacity":"","overlay-gradient":""}},"footnotes":""},"class_list":["post-9708","page","type-page","status-publish","hentry"],"post_mailing_queue_ids":[],"_links":{"self":[{"href":"https:\/\/serveiseducatius.xtec.cat\/cda-empuries\/wp-json\/wp\/v2\/pages\/9708","targetHints":{"allow":["GET"]}}],"collection":[{"href":"https:\/\/serveiseducatius.xtec.cat\/cda-empuries\/wp-json\/wp\/v2\/pages"}],"about":[{"href":"https:\/\/serveiseducatius.xtec.cat\/cda-empuries\/wp-json\/wp\/v2\/types\/page"}],"author":[{"embeddable":true,"href":"https:\/\/serveiseducatius.xtec.cat\/cda-empuries\/wp-json\/wp\/v2\/users\/1"}],"replies":[{"embeddable":true,"href":"https:\/\/serveiseducatius.xtec.cat\/cda-empuries\/wp-json\/wp\/v2\/comments?post=9708"}],"version-history":[{"count":6,"href":"https:\/\/serveiseducatius.xtec.cat\/cda-empuries\/wp-json\/wp\/v2\/pages\/9708\/revisions"}],"predecessor-version":[{"id":12552,"href":"https:\/\/serveiseducatius.xtec.cat\/cda-empuries\/wp-json\/wp\/v2\/pages\/9708\/revisions\/12552"}],"wp:attachment":[{"href":"https:\/\/serveiseducatius.xtec.cat\/cda-empuries\/wp-json\/wp\/v2\/media?parent=9708"}],"curies":[{"name":"wp","href":"https:\/\/api.w.org\/{rel}","templated":true}]}}