{"id":9675,"date":"2019-07-11T18:38:04","date_gmt":"2019-07-11T16:38:04","guid":{"rendered":"http:\/\/serveiseducatius.xtec.cat\/cda-empuries\/?page_id=9675"},"modified":"2025-11-10T09:20:39","modified_gmt":"2025-11-10T08:20:39","slug":"moment-1-aiguamolls-cs-de-primaria","status":"publish","type":"page","link":"https:\/\/serveiseducatius.xtec.cat\/cda-empuries\/moment-1-aiguamolls-cs-de-primaria\/","title":{"rendered":"Qu\u00e8 cal preparar abans de venir?"},"content":{"rendered":"<h6>Moment 1. Els aiguamolls de l&#8217;Empord\u00e0 CS<\/h6>\n<p>&nbsp;<\/p>\n<h2><strong>CONTINGUTS M\u00cdNIMS:<\/strong><\/h2>\n<p>&nbsp;<\/p>\n<ul>\n<li><strong>MATERIAL PER AL PROFESSORAT<\/strong><\/li>\n<\/ul>\n<p><a href=\"https:\/\/drive.google.com\/file\/d\/1KPt-HPH9eCdNrurN5Ym66vlzCSxJLpem\/view?usp=sharing\" target=\"_blank\" rel=\"noopener\">Gui\u00f3 de Continguts<\/a><\/p>\n<p>&nbsp;<\/p>\n<ul>\n<li><strong>MATERIAL PER A L&#8217;ALUMNAT <\/strong><\/li>\n<\/ul>\n<p><a href=\"https:\/\/docs.google.com\/presentation\/d\/1lEG-UGdS9zXmhLyFcBlzujy8ruC9Qzoh\/edit?usp=sharing&amp;ouid=110692370880931138189&amp;rtpof=true&amp;sd=true\" target=\"_blank\" rel=\"noopener noreferrer\">Presentaci\u00f3 ppt<\/a><\/p>\n<p>&nbsp;<\/p>\n<table style=\"width: 100%; border-collapse: collapse; border-style: solid; border-color: #000000; height: 45px;\">\n<tbody>\n<tr style=\"height: 45px;\">\n<td style=\"width: 50%; border-style: solid; border-color: #000000; height: 45px;\">V\u00eddeo del programa Espai Terra de tv\u00b7 de 2:36 min sobrevolant Aiguamolls en primavera<\/p>\n<p><a href=\"https:\/\/www.3cat.cat\/3cat\/el-dron-sobrevola-els-aiguamolls-de-lemporda\/video\/5608858\/\"><img loading=\"lazy\" decoding=\"async\" class=\"alignnone wp-image-12541\" src=\"https:\/\/serveiseducatius.xtec.cat\/cda-empuries\/wp-content\/uploads\/usu1383\/2025\/11\/Dron-Aiguamolls-300x209.png\" alt=\"\" width=\"378\" height=\"263\" srcset=\"https:\/\/serveiseducatius.xtec.cat\/cda-empuries\/wp-content\/uploads\/usu1383\/2025\/11\/Dron-Aiguamolls-300x209.png 300w, https:\/\/serveiseducatius.xtec.cat\/cda-empuries\/wp-content\/uploads\/usu1383\/2025\/11\/Dron-Aiguamolls.png 693w\" sizes=\"auto, (max-width: 378px) 100vw, 378px\" \/><\/a><\/p>\n<p>&nbsp;<\/td>\n<td style=\"width: 50%; border-style: solid; border-color: #000000; height: 45px;\">V\u00eddeo de 16:43 descriptiu de sortida de camp de hivern als Aiguamolls (Bion\u00e0ries)<\/p>\n<div class=\"ast-oembed-container \" style=\"height: 100%;\"><iframe loading=\"lazy\" title=\"Parc Natural dels Aiguamolls de l&#039;Empord\u00e0 I SORTIDA DE CAMP\" width=\"500\" height=\"281\" src=\"https:\/\/www.youtube.com\/embed\/n2j90udfPqM?feature=oembed\" frameborder=\"0\" allow=\"accelerometer; autoplay; clipboard-write; encrypted-media; gyroscope; picture-in-picture; web-share\" referrerpolicy=\"strict-origin-when-cross-origin\" allowfullscreen><\/iframe><\/div>\n<p>&nbsp;<\/td>\n<\/tr>\n<\/tbody>\n<\/table>\n<p>&nbsp;<\/p>\n<ul>\n<li><strong>MATERIAL ADAPTAT PER A L&#8217;ALUMNAT NEURODIVERGENT (Lectura f\u00e0cil i pictogrames)<\/strong>\n<ul style=\"list-style-type: circle;\">\n<li><a href=\"https:\/\/serveiseducatius.xtec.cat\/cda-empuries\/wp-content\/uploads\/usu1383\/2025\/10\/AiguamollspresentacioFacil.pdf\">Presentaci\u00f3 F\u00e0cil Aiguamolls<\/a><\/li>\n<li><a href=\"https:\/\/serveiseducatius.xtec.cat\/cda-empuries\/wp-content\/uploads\/usu1383\/2025\/10\/Els-amics-de-la-CigonyaGuaitaFacil.pdf\">Els amics de la Cigonya Guaita Lectura F\u00e0cil<\/a><\/li>\n<\/ul>\n<\/li>\n<\/ul>\n<p>&nbsp;<\/p>\n<h2><strong>AMPLIACI\u00d3<\/strong><\/h2>\n<p>Si voleu fer altres activitats d&#8217;ampliaci\u00f3, aqu\u00ed us en proposem algunes:<\/p>\n<table style=\"width: 70%; border-collapse: collapse; border-style: solid; border-color: #000000;\">\n<tbody>\n<tr>\n<td style=\"width: 50%; border-style: solid; border-color: #000000;\">Treballs previs per fer a l&#8217;aula<\/td>\n<td style=\"width: 50%; border-style: solid; border-color: #000000;\">Informaci\u00f3 del Parc Natural<\/td>\n<\/tr>\n<tr>\n<td style=\"width: 50%; border-style: solid; border-color: #000000;\"><a href=\"https:\/\/drive.google.com\/file\/d\/1Pif8QkaT8P8LkxCqmbskffDhwiItNhe4\/view?usp=sharing\" target=\"_blank\" rel=\"noopener noreferrer\"><img loading=\"lazy\" decoding=\"async\" class=\"alignnone wp-image-9765\" src=\"https:\/\/serveiseducatius.xtec.cat\/cda-empuries\/wp-content\/uploads\/usu1383\/2019\/09\/PORTADA-AIGUAMOLLS.jpg\" alt=\"\" width=\"329\" height=\"199\" srcset=\"https:\/\/serveiseducatius.xtec.cat\/cda-empuries\/wp-content\/uploads\/usu1383\/2019\/09\/PORTADA-AIGUAMOLLS.jpg 709w, https:\/\/serveiseducatius.xtec.cat\/cda-empuries\/wp-content\/uploads\/usu1383\/2019\/09\/PORTADA-AIGUAMOLLS-300x181.jpg 300w\" sizes=\"auto, (max-width: 329px) 100vw, 329px\" \/><\/a><\/td>\n<td style=\"width: 50%; border-style: solid; border-color: #000000;\"><a href=\"https:\/\/parcsnaturals.gencat.cat\/ca\/xarxa-de-parcs\/aiguamolls-emporda\/inici\/index.html\" target=\"_blank\" rel=\"noopener noreferrer\"><img loading=\"lazy\" decoding=\"async\" class=\"alignnone wp-image-8888\" src=\"https:\/\/serveiseducatius.xtec.cat\/cda-empuries\/wp-content\/uploads\/usu1383\/2019\/06\/PNAE.png\" alt=\"\" width=\"329\" height=\"217\" \/><\/a><\/td>\n<\/tr>\n<\/tbody>\n<\/table>\n<h2><\/h2>\n<h2><strong>SUPORTS per alumnat amb PI curricular i\/o metodol\u00f2gic\u00a0<\/strong><\/h2>\n<table style=\"height: 462px; width: 70.87%; border-style: solid; border-color: #000000;\">\n<tbody>\n<tr style=\"height: 73px;\">\n<td style=\"width: 19.5176%; border-style: solid; border-color: #000000; height: 73px;\"><span style=\"font-size: 16px;\">CANTEM<\/span><\/p>\n<p>La cigonya can\u00e7\u00f3 de&#8217;n\u00a0 Pep Verg\u00e9s Xifra<\/td>\n<td style=\"width: 20.383%; border-style: solid; border-color: #000000; height: 73px;\"><span style=\"font-size: 16px;\">OCELLS DEL DELTA DE L\u2019EBRE.<\/span><\/p>\n<p><span style=\"font-size: 16px;\">Quadernet per pintar<\/span><\/td>\n<\/tr>\n<tr style=\"height: 158px;\">\n<td style=\"width: 19.5176%; border-style: solid; border-color: #000000; height: 158px;\"><strong><a href=\"https:\/\/www.youtube.com\/watch?v=b2VZF2aouOA\" target=\"_blank\" rel=\"noopener noreferrer\"><img loading=\"lazy\" decoding=\"async\" class=\"wp-image-9652 aligncenter\" src=\"https:\/\/serveiseducatius.xtec.cat\/cda-empuries\/wp-content\/uploads\/usu1383\/2019\/07\/cigonya.png\" alt=\"\" width=\"228\" height=\"222\" \/><\/a><\/strong><\/td>\n<td style=\"width: 20.383%; border-style: solid; border-color: #000000; height: 158px;\"><a href=\"https:\/\/issuu.com\/pepgavalda\/docs\/ocells_delta_x_pintar_resum\" target=\"_blank\" rel=\"noopener noreferrer\"><img loading=\"lazy\" decoding=\"async\" class=\"wp-image-9949 aligncenter\" src=\"https:\/\/serveiseducatius.xtec.cat\/cda-empuries\/wp-content\/uploads\/usu1383\/2019\/10\/ocells-pintar.jpg\" alt=\"\" width=\"177\" height=\"251\" srcset=\"https:\/\/serveiseducatius.xtec.cat\/cda-empuries\/wp-content\/uploads\/usu1383\/2019\/10\/ocells-pintar.jpg 286w, https:\/\/serveiseducatius.xtec.cat\/cda-empuries\/wp-content\/uploads\/usu1383\/2019\/10\/ocells-pintar-212x300.jpg 212w\" sizes=\"auto, (max-width: 177px) 100vw, 177px\" \/><\/a><\/td>\n<\/tr>\n<\/tbody>\n<\/table>\n<h2><\/h2>\n<p>&nbsp;<\/p>\n<p style=\"text-align: center;\"><a href=\"https:\/\/serveiseducatius.xtec.cat\/cda-empuries\/el-parc-natural-dels-aiguamolls-de-lemporda-cs\/\" target=\"_blank\" rel=\"noopener noreferrer\">Torna a activitat Aiguamolls CS<\/a><\/p>\n","protected":false},"excerpt":{"rendered":"<p>Moment 1. Els aiguamolls de l&#8217;Empord\u00e0 CS &nbsp; CONTINGUTS M\u00cdNIMS: &nbsp; MATERIAL PER AL PROFESSORAT Gui\u00f3 de Continguts &nbsp; MATERIAL PER A L&#8217;ALUMNAT Presentaci\u00f3 ppt &nbsp; V\u00eddeo del programa Espai Terra de tv\u00b7 de 2:36 min sobrevolant Aiguamolls en primavera &nbsp; V\u00eddeo de 16:43 descriptiu de sortida de camp de hivern als Aiguamolls (Bion\u00e0ries) &nbsp; [&hellip;]<\/p>\n","protected":false},"author":1,"featured_media":0,"parent":0,"menu_order":0,"comment_status":"closed","ping_status":"closed","template":"","meta":{"_bbp_topic_count":0,"_bbp_reply_count":0,"_bbp_total_topic_count":0,"_bbp_total_reply_count":0,"_bbp_voice_count":0,"_bbp_anonymous_reply_count":0,"_bbp_topic_count_hidden":0,"_bbp_reply_count_hidden":0,"_bbp_forum_subforum_count":0,"site-sidebar-layout":"default","site-content-layout":"","ast-site-content-layout":"default","site-content-style":"default","site-sidebar-style":"default","ast-global-header-display":"","ast-banner-title-visibility":"","ast-main-header-display":"","ast-hfb-above-header-display":"","ast-hfb-below-header-display":"","ast-hfb-mobile-header-display":"","site-post-title":"","ast-breadcrumbs-content":"","ast-featured-img":"","footer-sml-layout":"","theme-transparent-header-meta":"default","adv-header-id-meta":"","stick-header-meta":"","header-above-stick-meta":"","header-main-stick-meta":"","header-below-stick-meta":"","astra-migrate-meta-layouts":"set","ast-page-background-enabled":"default","ast-page-background-meta":{"desktop":{"background-color":"var(--ast-global-color-4)","background-image":"","background-repeat":"repeat","background-position":"center center","background-size":"auto","background-attachment":"scroll","background-type":"","background-media":"","overlay-type":"","overlay-color":"","overlay-opacity":"","overlay-gradient":""},"tablet":{"background-color":"","background-image":"","background-repeat":"repeat","background-position":"center center","background-size":"auto","background-attachment":"scroll","background-type":"","background-media":"","overlay-type":"","overlay-color":"","overlay-opacity":"","overlay-gradient":""},"mobile":{"background-color":"","background-image":"","background-repeat":"repeat","background-position":"center center","background-size":"auto","background-attachment":"scroll","background-type":"","background-media":"","overlay-type":"","overlay-color":"","overlay-opacity":"","overlay-gradient":""}},"ast-content-background-meta":{"desktop":{"background-color":"var(--ast-global-color-5)","background-image":"","background-repeat":"repeat","background-position":"center center","background-size":"auto","background-attachment":"scroll","background-type":"","background-media":"","overlay-type":"","overlay-color":"","overlay-opacity":"","overlay-gradient":""},"tablet":{"background-color":"var(--ast-global-color-5)","background-image":"","background-repeat":"repeat","background-position":"center center","background-size":"auto","background-attachment":"scroll","background-type":"","background-media":"","overlay-type":"","overlay-color":"","overlay-opacity":"","overlay-gradient":""},"mobile":{"background-color":"var(--ast-global-color-5)","background-image":"","background-repeat":"repeat","background-position":"center center","background-size":"auto","background-attachment":"scroll","background-type":"","background-media":"","overlay-type":"","overlay-color":"","overlay-opacity":"","overlay-gradient":""}},"footnotes":""},"class_list":["post-9675","page","type-page","status-publish","hentry"],"post_mailing_queue_ids":[],"_links":{"self":[{"href":"https:\/\/serveiseducatius.xtec.cat\/cda-empuries\/wp-json\/wp\/v2\/pages\/9675","targetHints":{"allow":["GET"]}}],"collection":[{"href":"https:\/\/serveiseducatius.xtec.cat\/cda-empuries\/wp-json\/wp\/v2\/pages"}],"about":[{"href":"https:\/\/serveiseducatius.xtec.cat\/cda-empuries\/wp-json\/wp\/v2\/types\/page"}],"author":[{"embeddable":true,"href":"https:\/\/serveiseducatius.xtec.cat\/cda-empuries\/wp-json\/wp\/v2\/users\/1"}],"replies":[{"embeddable":true,"href":"https:\/\/serveiseducatius.xtec.cat\/cda-empuries\/wp-json\/wp\/v2\/comments?post=9675"}],"version-history":[{"count":6,"href":"https:\/\/serveiseducatius.xtec.cat\/cda-empuries\/wp-json\/wp\/v2\/pages\/9675\/revisions"}],"predecessor-version":[{"id":9677,"href":"https:\/\/serveiseducatius.xtec.cat\/cda-empuries\/wp-json\/wp\/v2\/pages\/9675\/revisions\/9677"}],"wp:attachment":[{"href":"https:\/\/serveiseducatius.xtec.cat\/cda-empuries\/wp-json\/wp\/v2\/media?parent=9675"}],"curies":[{"name":"wp","href":"https:\/\/api.w.org\/{rel}","templated":true}]}}