{"id":9672,"date":"2019-07-11T18:34:24","date_gmt":"2019-07-11T16:34:24","guid":{"rendered":"http:\/\/serveiseducatius.xtec.cat\/cda-empuries\/?page_id=9672"},"modified":"2025-10-03T10:17:47","modified_gmt":"2025-10-03T08:17:47","slug":"el-parc-natural-dels-aiguamolls-de-lemporda-cs","status":"publish","type":"page","link":"https:\/\/serveiseducatius.xtec.cat\/cda-empuries\/el-parc-natural-dels-aiguamolls-de-lemporda-cs\/","title":{"rendered":"El Parc Natural dels Aiguamolls de l&#8217;Empord\u00e0. CS"},"content":{"rendered":"<p class=\"Estilo2\"><strong>Nivell educatiu:<\/strong><span class=\"Estilo11\"> CS de Prim\u00e0ria<br \/>\n<\/span><\/p>\n<p class=\"Estilo2\"><strong>Codi de l\u2019activitat:<\/strong> Ns1<\/p>\n<p class=\"Estilo2\" align=\"justify\">Despr\u00e9s d\u2019anys de lluita contra l\u2019especulaci\u00f3 urban\u00edstica, es va aconseguir preservar aquesta zona humida, rica en diversitat d\u2019ecosistemes, on es poden observar esp\u00e8cies vegetals caracter\u00edstiques de cadascun d\u2019ells, a m\u00e9s de mam\u00edfers, aus, r\u00e8ptils, amfibis, insectes\u2026\u00a0A m\u00e9s, tamb\u00e9 es pot estudiar la formaci\u00f3 de la plana empordanesa i la dels mateixos aiguamolls.<\/p>\n<p class=\"Estilo2\" align=\"justify\">Recorregut des del mas Mat\u00e0 (observatori Senillosa) b\u00e9 fins al Bruel, b\u00e9 a la platja de can Comas o b\u00e9 fins a la desembocadura del Fluvi\u00e0, amb estudi dels tres ambients principals del parc natural. Observaci\u00f3 de les aus amb ajut d\u2019una guia i de prism\u00e0tics.<\/p>\n<p class=\"Estilo2\">La durada de la visita \u00e9s de 3 o 6 hores, segons el recorregut que es pacti.<\/p>\n<p>Per vincular a la programaci\u00f3 del centre<\/p>\n<table class=\" aligncenter\" style=\"width: 741px; border-style: solid; border-color: #000000;\" width=\"741\">\n<tbody>\n<tr>\n<td style=\"width: 137.183px; border-style: solid; border-color: #000000; text-align: left;\">\u00c0MBIT<\/td>\n<td style=\"width: 323.617px; border-style: solid; border-color: #000000; text-align: left;\">DIMENSI\u00d3<\/td>\n<td style=\"width: 270.2px; border-style: solid; border-color: #000000; text-align: left;\">COMPET\u00c8NCIA<\/td>\n<\/tr>\n<tr>\n<td style=\"width: 137.183px; border-style: solid; border-color: #000000; text-align: left;\">\n<h3>Coneixement del medi<\/h3>\n<\/td>\n<td style=\"width: 323.617px; border-style: solid; border-color: #000000; text-align: left;\">\n<h3>M\u00f3n actual.<\/h3>\n<h3><\/h3>\n<\/td>\n<td style=\"width: 270.2px; border-style: solid; border-color: #000000; text-align: left;\">\n<h3>Compet\u00e8ncia 4.<\/h3>\n<p>Analitzar paisatges i ecosistemes tenint en compte els factors socials i naturals que els configuren, per valorar les actuacions que els afecten<\/td>\n<\/tr>\n<tr>\n<td style=\"width: 462.8px; border-style: solid; border-color: #000000; text-align: left;\" colspan=\"2\"><strong>Objectius:<\/strong><\/td>\n<td style=\"width: 270.2px; border-style: solid; border-color: #000000; text-align: left;\">Continguts clau:<\/td>\n<\/tr>\n<tr>\n<td style=\"width: 462.8px; border-style: solid; border-color: #000000; text-align: left;\" colspan=\"2\">\n<ul>\n<li>Aprendre la funci\u00f3 de relaci\u00f3 a partir de l\u2019observaci\u00f3 d\u2019animals i plantes i relacionant aquests amb els seus h\u00e0bitats.<\/li>\n<li>Classificar els diferents grups d\u2019animals i plantes de l\u2019entorn proper.<\/li>\n<li>Interessar-se per l\u2019observaci\u00f3, cura i protecci\u00f3 d\u2019animals i plantes de l\u2019entorn proper.<\/li>\n<li>Con\u00e8ixer qu\u00e8 \u00e9s i com es gestiona un Parc Natural<\/li>\n<\/ul>\n<\/td>\n<td style=\"width: 270.2px; border-style: solid; border-color: #000000; text-align: left;\">\n<ul>\n<li>Biodiversitat i sostenibilitat<\/li>\n<li>Canvi i continu\u00eftat<\/li>\n<li>Espai geogr\u00e0fic.<\/li>\n<li>Ecosistema i paisatge.<\/li>\n<\/ul>\n<\/td>\n<\/tr>\n<\/tbody>\n<\/table>\n<p>&nbsp;<\/p>\n<p>Per dur a terme aquesta activitat partirem de la pregunta guia:<\/p>\n<p><a href=\"https:\/\/serveiseducatius.xtec.cat\/cda-empuries\/wp-content\/uploads\/usu1383\/2019\/07\/pregunta-aiguamolls-CS.jpg\"><img loading=\"lazy\" decoding=\"async\" class=\"alignnone size-full wp-image-9684\" src=\"https:\/\/serveiseducatius.xtec.cat\/cda-empuries\/wp-content\/uploads\/usu1383\/2019\/07\/pregunta-aiguamolls-CS.jpg\" alt=\"\" width=\"938\" height=\"140\" srcset=\"https:\/\/serveiseducatius.xtec.cat\/cda-empuries\/wp-content\/uploads\/usu1383\/2019\/07\/pregunta-aiguamolls-CS.jpg 938w, https:\/\/serveiseducatius.xtec.cat\/cda-empuries\/wp-content\/uploads\/usu1383\/2019\/07\/pregunta-aiguamolls-CS-300x45.jpg 300w, https:\/\/serveiseducatius.xtec.cat\/cda-empuries\/wp-content\/uploads\/usu1383\/2019\/07\/pregunta-aiguamolls-CS-768x115.jpg 768w\" sizes=\"auto, (max-width: 938px) 100vw, 938px\" \/><\/a><\/p>\n<p>\u00c9s important que mireu amb els alumnes la presentaci\u00f3 que us enllacem per tal de comen\u00e7ar a preparar el terreny i crear inter\u00e8s i curiositat.<\/p>\n<p><a href=\"https:\/\/serveiseducatius.xtec.cat\/cda-empuries\/moment-1-aiguamolls-cs-de-primaria\/\">\u00a0\u00a0<\/a> \u00a0 \u00a0 \u00a0 \u00a0 \u00a0 \u00a0 \u00a0 \u00a0 \u00a0 \u00a0 \u00a0 \u00a0 \u00a0 \u00a0 \u00a0 \u00a0\u00a0 \u00a0 \u00a0 \u00a0 \u00a0 \u00a0 <a href=\"https:\/\/serveiseducatius.xtec.cat\/cda-empuries\/moment-1-aiguamolls-cs-de-primaria\/\" target=\"_blank\" rel=\"noopener noreferrer\"><img loading=\"lazy\" decoding=\"async\" class=\"alignnone size-full wp-image-9050\" src=\"https:\/\/serveiseducatius.xtec.cat\/cda-empuries\/wp-content\/uploads\/usu1383\/2019\/06\/1.jpg\" alt=\"\" width=\"207\" height=\"289\" \/><\/a> \u00a0 \u00a0 <a href=\"https:\/\/serveiseducatius.xtec.cat\/cda-empuries\/?page_id=12310&amp;preview=true\"><img loading=\"lazy\" decoding=\"async\" class=\"alignnone wp-image-12302 size-full\" src=\"https:\/\/serveiseducatius.xtec.cat\/cda-empuries\/wp-content\/uploads\/usu1383\/2025\/10\/moment2senseQuadern2.jpg\" alt=\"\" width=\"206\" height=\"290\" \/><\/a>\u00a0 \u00a0 \u00a0<a href=\"https:\/\/serveiseducatius.xtec.cat\/cda-empuries\/moment-3-aiguamolls-cs\/\" target=\"_blank\" rel=\"noopener noreferrer\"><img loading=\"lazy\" decoding=\"async\" class=\"alignnone size-full wp-image-9052\" src=\"https:\/\/serveiseducatius.xtec.cat\/cda-empuries\/wp-content\/uploads\/usu1383\/2019\/06\/3.jpg\" alt=\"\" width=\"205\" height=\"289\" \/><\/a><\/p>\n<h3>IMPORTANT<\/h3>\n<p>Als aiguamolls \u00e9s imprescindible portar prism\u00e0tics. Tot i que al CdA intentem tenir un prism\u00e0tic per a cada alumne, se\u2019ns en fan malb\u00e9 molts per l\u2019\u00fas continuat que se\u2019n fa. Tots els alumnes i professors que tinguin prism\u00e0tics, seria bo que els portessin.; i aix\u00ed garantirem que cadasc\u00fa tingui uns prism\u00e0tics durant la visita.<\/p>\n<p>Cal anar preparar pels canvis sobtats de meteorologia en un mateix dia, \u00e9s imprescindible que els alumnes portin roba d\u2019abric i crema solar i\/o protector dels mosquits a partir de la primavera fins al mes de setembre.<\/p>\n<p>Un bon cal\u00e7at \u00e9s imprescindible per a gaudir d\u2019un dia als aiguamolls (les xancletes no s\u00f3n una bona opci\u00f3)<\/p>\n<p>&nbsp;<\/p>\n<p class=\"Estilo2\">Aquesta activitat est\u00e0 directament relacionada amb:<\/p>\n<ul>\n<li class=\"Estilo2\">L\u2019Empord\u00e0 a vol d\u2019ocell, Nord-Sud<\/li>\n<li class=\"Estilo2\">Riba dreta del Fluvi\u00e0 (curs baix)<\/li>\n<li class=\"Estilo2\">Sistema Dunar d\u2019Emp\u00faries<\/li>\n<\/ul>\n<p class=\"Estilo2\" align=\"center\"><img loading=\"lazy\" decoding=\"async\" class=\"\" src=\"http:\/\/www.xtec.cat\/cda-empuries\/Imatges\/ai01.JPG\" alt=\"\" width=\"170\" height=\"146\" \/><img loading=\"lazy\" decoding=\"async\" class=\"\" src=\"http:\/\/www.xtec.cat\/cda-empuries\/Imatges\/ai02.JPG\" alt=\"\" width=\"168\" height=\"145\" \/><img loading=\"lazy\" decoding=\"async\" class=\"\" src=\"http:\/\/www.xtec.cat\/cda-empuries\/Imatges\/ai03.jpg\" alt=\"\" width=\"177\" height=\"141\" \/><\/p>\n<p style=\"text-align: center;\"><a href=\"https:\/\/serveiseducatius.xtec.cat\/cda-empuries\/activitats-als-aiguamolls-per-nivells\/\">Torna a activitat dels Aiguamolls per nivells<\/a><\/p>\n","protected":false},"excerpt":{"rendered":"<p>Nivell educatiu: CS de Prim\u00e0ria Codi de l\u2019activitat: Ns1 Despr\u00e9s d\u2019anys de lluita contra l\u2019especulaci\u00f3 urban\u00edstica, es va aconseguir preservar aquesta zona humida, rica en diversitat d\u2019ecosistemes, on es poden observar esp\u00e8cies vegetals caracter\u00edstiques de cadascun d\u2019ells, a m\u00e9s de mam\u00edfers, aus, r\u00e8ptils, amfibis, insectes\u2026\u00a0A m\u00e9s, tamb\u00e9 es pot estudiar la formaci\u00f3 de la plana [&hellip;]<\/p>\n","protected":false},"author":1,"featured_media":0,"parent":0,"menu_order":0,"comment_status":"closed","ping_status":"closed","template":"","meta":{"_bbp_topic_count":0,"_bbp_reply_count":0,"_bbp_total_topic_count":0,"_bbp_total_reply_count":0,"_bbp_voice_count":0,"_bbp_anonymous_reply_count":0,"_bbp_topic_count_hidden":0,"_bbp_reply_count_hidden":0,"_bbp_forum_subforum_count":0,"site-sidebar-layout":"default","site-content-layout":"","ast-site-content-layout":"default","site-content-style":"default","site-sidebar-style":"default","ast-global-header-display":"","ast-banner-title-visibility":"","ast-main-header-display":"","ast-hfb-above-header-display":"","ast-hfb-below-header-display":"","ast-hfb-mobile-header-display":"","site-post-title":"","ast-breadcrumbs-content":"","ast-featured-img":"","footer-sml-layout":"","theme-transparent-header-meta":"default","adv-header-id-meta":"","stick-header-meta":"","header-above-stick-meta":"","header-main-stick-meta":"","header-below-stick-meta":"","astra-migrate-meta-layouts":"set","ast-page-background-enabled":"default","ast-page-background-meta":{"desktop":{"background-color":"var(--ast-global-color-4)","background-image":"","background-repeat":"repeat","background-position":"center center","background-size":"auto","background-attachment":"scroll","background-type":"","background-media":"","overlay-type":"","overlay-color":"","overlay-opacity":"","overlay-gradient":""},"tablet":{"background-color":"","background-image":"","background-repeat":"repeat","background-position":"center center","background-size":"auto","background-attachment":"scroll","background-type":"","background-media":"","overlay-type":"","overlay-color":"","overlay-opacity":"","overlay-gradient":""},"mobile":{"background-color":"","background-image":"","background-repeat":"repeat","background-position":"center center","background-size":"auto","background-attachment":"scroll","background-type":"","background-media":"","overlay-type":"","overlay-color":"","overlay-opacity":"","overlay-gradient":""}},"ast-content-background-meta":{"desktop":{"background-color":"var(--ast-global-color-5)","background-image":"","background-repeat":"repeat","background-position":"center center","background-size":"auto","background-attachment":"scroll","background-type":"","background-media":"","overlay-type":"","overlay-color":"","overlay-opacity":"","overlay-gradient":""},"tablet":{"background-color":"var(--ast-global-color-5)","background-image":"","background-repeat":"repeat","background-position":"center center","background-size":"auto","background-attachment":"scroll","background-type":"","background-media":"","overlay-type":"","overlay-color":"","overlay-opacity":"","overlay-gradient":""},"mobile":{"background-color":"var(--ast-global-color-5)","background-image":"","background-repeat":"repeat","background-position":"center center","background-size":"auto","background-attachment":"scroll","background-type":"","background-media":"","overlay-type":"","overlay-color":"","overlay-opacity":"","overlay-gradient":""}},"footnotes":""},"class_list":["post-9672","page","type-page","status-publish","hentry"],"post_mailing_queue_ids":[],"_links":{"self":[{"href":"https:\/\/serveiseducatius.xtec.cat\/cda-empuries\/wp-json\/wp\/v2\/pages\/9672","targetHints":{"allow":["GET"]}}],"collection":[{"href":"https:\/\/serveiseducatius.xtec.cat\/cda-empuries\/wp-json\/wp\/v2\/pages"}],"about":[{"href":"https:\/\/serveiseducatius.xtec.cat\/cda-empuries\/wp-json\/wp\/v2\/types\/page"}],"author":[{"embeddable":true,"href":"https:\/\/serveiseducatius.xtec.cat\/cda-empuries\/wp-json\/wp\/v2\/users\/1"}],"replies":[{"embeddable":true,"href":"https:\/\/serveiseducatius.xtec.cat\/cda-empuries\/wp-json\/wp\/v2\/comments?post=9672"}],"version-history":[{"count":6,"href":"https:\/\/serveiseducatius.xtec.cat\/cda-empuries\/wp-json\/wp\/v2\/pages\/9672\/revisions"}],"predecessor-version":[{"id":12312,"href":"https:\/\/serveiseducatius.xtec.cat\/cda-empuries\/wp-json\/wp\/v2\/pages\/9672\/revisions\/12312"}],"wp:attachment":[{"href":"https:\/\/serveiseducatius.xtec.cat\/cda-empuries\/wp-json\/wp\/v2\/media?parent=9672"}],"curies":[{"name":"wp","href":"https:\/\/api.w.org\/{rel}","templated":true}]}}