{"id":9665,"date":"2019-07-11T18:29:00","date_gmt":"2019-07-11T16:29:00","guid":{"rendered":"http:\/\/serveiseducatius.xtec.cat\/cda-empuries\/?page_id=9665"},"modified":"2025-11-07T10:34:56","modified_gmt":"2025-11-07T09:34:56","slug":"activitats-als-aiguamolls-per-nivells","status":"publish","type":"page","link":"https:\/\/serveiseducatius.xtec.cat\/cda-empuries\/activitats-als-aiguamolls-per-nivells\/","title":{"rendered":"Activitats als aiguamolls per nivells"},"content":{"rendered":"<p>&nbsp;<\/p>\n<p>&nbsp;<\/p>\n<table style=\"height: 257px; width: 898px; border-style: solid; border-color: #0a0a0a;\">\n<tbody>\n<tr style=\"height: 49px;\">\n<td style=\"width: 347.778px; height: 49px; border-style: solid; border-color: #141313;\">\n<h4><span style=\"font-size: 16px;\">CM Prim\u00e0ria<\/span><\/h4>\n<\/td>\n<td style=\"width: 300px; height: 49px; border-style: solid; border-color: #080707;\">\n<h4><span style=\"font-size: 16px;\">CS Prim\u00e0ria<\/span><\/h4>\n<\/td>\n<td style=\"width: 243.333px; height: 49px; border-style: solid; border-color: #050505;\">\n<h4><span style=\"font-size: 16px;\">ESO<\/span><\/h4>\n<\/td>\n<\/tr>\n<tr style=\"height: 51px;\">\n<td style=\"width: 347.778px; height: 51px; border-style: solid; border-color: #141313;\"><span style=\"font-size: 16px; background-color: #ffffff;\">La Cigonya Guita <\/span><\/p>\n<p><span style=\"font-size: 16px; background-color: #ffffff;\">dels Aiguamolls de l&#8217;Empord\u00e0.<\/span><\/td>\n<td style=\"width: 300px; height: 51px; border-style: solid; border-color: #080707;\"><span style=\"font-size: 16px; background-color: #ffffff;\">El Parc Natural <\/span><\/p>\n<p><span style=\"font-size: 16px; background-color: #ffffff;\">dels Aiguamolls de l&#8217;Empord\u00e0<\/span><\/td>\n<td style=\"width: 243.333px; height: 51px; border-style: solid; border-color: #050505;\"><span style=\"font-size: 16px; background-color: #ffffff;\">Ecosistemes <\/span><\/p>\n<p><span style=\"font-size: 16px; background-color: #ffffff;\">als Aiguamolls de l&#8217;Empord\u00e0<\/span><\/td>\n<\/tr>\n<tr style=\"height: 157px;\">\n<td style=\"width: 347.778px; height: 157px; border-style: solid; border-color: #141313;\"><a href=\"https:\/\/serveiseducatius.xtec.cat\/cda-empuries\/aiguamolls-de-lemporda\/\"><img loading=\"lazy\" decoding=\"async\" class=\"wp-image-9652 alignnone\" src=\"https:\/\/serveiseducatius.xtec.cat\/cda-empuries\/wp-content\/uploads\/usu1383\/2019\/07\/cigonya.png\" alt=\"\" width=\"197\" height=\"192\" \/><\/a><\/td>\n<td style=\"width: 300px; height: 157px; border-style: solid; border-color: #080707;\"><a href=\"https:\/\/serveiseducatius.xtec.cat\/cda-empuries\/el-parc-natural-dels-aiguamolls-de-lemporda-cs\/\"><img loading=\"lazy\" decoding=\"async\" class=\"alignnone wp-image-9666\" src=\"https:\/\/serveiseducatius.xtec.cat\/cda-empuries\/wp-content\/uploads\/usu1383\/2019\/07\/aiguamolls-CS.jpg\" alt=\"\" width=\"234\" height=\"195\" srcset=\"https:\/\/serveiseducatius.xtec.cat\/cda-empuries\/wp-content\/uploads\/usu1383\/2019\/07\/aiguamolls-CS.jpg 637w, https:\/\/serveiseducatius.xtec.cat\/cda-empuries\/wp-content\/uploads\/usu1383\/2019\/07\/aiguamolls-CS-300x250.jpg 300w\" sizes=\"auto, (max-width: 234px) 100vw, 234px\" \/><\/a><\/td>\n<td style=\"width: 243.333px; height: 157px; border-style: solid; border-color: #050505;\"><a href=\"https:\/\/serveiseducatius.xtec.cat\/cda-empuries\/els-ecosistemes-dels-aiguamolls-de-lemporda-eso\/\"><img loading=\"lazy\" decoding=\"async\" class=\"alignnone wp-image-9667\" src=\"https:\/\/serveiseducatius.xtec.cat\/cda-empuries\/wp-content\/uploads\/usu1383\/2019\/07\/aiguamolls-ESO.jpg\" alt=\"\" width=\"266\" height=\"233\" srcset=\"https:\/\/serveiseducatius.xtec.cat\/cda-empuries\/wp-content\/uploads\/usu1383\/2019\/07\/aiguamolls-ESO.jpg 825w, https:\/\/serveiseducatius.xtec.cat\/cda-empuries\/wp-content\/uploads\/usu1383\/2019\/07\/aiguamolls-ESO-300x263.jpg 300w, https:\/\/serveiseducatius.xtec.cat\/cda-empuries\/wp-content\/uploads\/usu1383\/2019\/07\/aiguamolls-ESO-768x674.jpg 768w\" sizes=\"auto, (max-width: 266px) 100vw, 266px\" \/><\/a><\/td>\n<\/tr>\n<\/tbody>\n<\/table>\n<p class=\"Estilo2\">Aquesta activitat est\u00e0 directament relacionada amb:<\/p>\n<ul>\n<li class=\"Estilo2\"><a href=\"https:\/\/serveiseducatius.xtec.cat\/cda-empuries\/lemporda-a-vista-docell-nord-sud\/\">L\u2019Empord\u00e0 a vol d\u2019ocell, Nord-Sud<\/a><\/li>\n<li class=\"Estilo2\"><a href=\"https:\/\/serveiseducatius.xtec.cat\/cda-empuries\/riba-dreta-del-riu-fluvia-curs-baix\/\">El curs baix del Fluvi\u00e0<\/a><\/li>\n<li class=\"Estilo2\"><a href=\"https:\/\/serveiseducatius.xtec.cat\/cda-empuries\/la-duna-dempuries\/\">Sistema Dunar d\u201dEmp\u00faries<\/a><\/li>\n<\/ul>\n<h2><\/h2>\n<h2 style=\"text-align: center;\"><a href=\"https:\/\/serveiseducatius.xtec.cat\/cda-empuries\/oferta-pedagogica\/\">Torna a activitats per \u00e0mbits<\/a><\/h2>\n","protected":false},"excerpt":{"rendered":"<p>&nbsp; &nbsp; CM Prim\u00e0ria CS Prim\u00e0ria ESO La Cigonya Guita dels Aiguamolls de l&#8217;Empord\u00e0. El Parc Natural dels Aiguamolls de l&#8217;Empord\u00e0 Ecosistemes als Aiguamolls de l&#8217;Empord\u00e0 Aquesta activitat est\u00e0 directament relacionada amb: L\u2019Empord\u00e0 a vol d\u2019ocell, Nord-Sud El curs baix del Fluvi\u00e0 Sistema Dunar d\u201dEmp\u00faries Torna a activitats per \u00e0mbits<\/p>\n","protected":false},"author":1,"featured_media":0,"parent":0,"menu_order":0,"comment_status":"closed","ping_status":"closed","template":"","meta":{"_bbp_topic_count":0,"_bbp_reply_count":0,"_bbp_total_topic_count":0,"_bbp_total_reply_count":0,"_bbp_voice_count":0,"_bbp_anonymous_reply_count":0,"_bbp_topic_count_hidden":0,"_bbp_reply_count_hidden":0,"_bbp_forum_subforum_count":0,"site-sidebar-layout":"default","site-content-layout":"","ast-site-content-layout":"default","site-content-style":"default","site-sidebar-style":"default","ast-global-header-display":"","ast-banner-title-visibility":"","ast-main-header-display":"","ast-hfb-above-header-display":"","ast-hfb-below-header-display":"","ast-hfb-mobile-header-display":"","site-post-title":"","ast-breadcrumbs-content":"","ast-featured-img":"","footer-sml-layout":"","theme-transparent-header-meta":"default","adv-header-id-meta":"","stick-header-meta":"","header-above-stick-meta":"","header-main-stick-meta":"","header-below-stick-meta":"","astra-migrate-meta-layouts":"set","ast-page-background-enabled":"default","ast-page-background-meta":{"desktop":{"background-color":"var(--ast-global-color-4)","background-image":"","background-repeat":"repeat","background-position":"center center","background-size":"auto","background-attachment":"scroll","background-type":"","background-media":"","overlay-type":"","overlay-color":"","overlay-opacity":"","overlay-gradient":""},"tablet":{"background-color":"","background-image":"","background-repeat":"repeat","background-position":"center center","background-size":"auto","background-attachment":"scroll","background-type":"","background-media":"","overlay-type":"","overlay-color":"","overlay-opacity":"","overlay-gradient":""},"mobile":{"background-color":"","background-image":"","background-repeat":"repeat","background-position":"center center","background-size":"auto","background-attachment":"scroll","background-type":"","background-media":"","overlay-type":"","overlay-color":"","overlay-opacity":"","overlay-gradient":""}},"ast-content-background-meta":{"desktop":{"background-color":"var(--ast-global-color-5)","background-image":"","background-repeat":"repeat","background-position":"center center","background-size":"auto","background-attachment":"scroll","background-type":"","background-media":"","overlay-type":"","overlay-color":"","overlay-opacity":"","overlay-gradient":""},"tablet":{"background-color":"var(--ast-global-color-5)","background-image":"","background-repeat":"repeat","background-position":"center center","background-size":"auto","background-attachment":"scroll","background-type":"","background-media":"","overlay-type":"","overlay-color":"","overlay-opacity":"","overlay-gradient":""},"mobile":{"background-color":"var(--ast-global-color-5)","background-image":"","background-repeat":"repeat","background-position":"center center","background-size":"auto","background-attachment":"scroll","background-type":"","background-media":"","overlay-type":"","overlay-color":"","overlay-opacity":"","overlay-gradient":""}},"footnotes":""},"class_list":["post-9665","page","type-page","status-publish","hentry"],"post_mailing_queue_ids":[],"_links":{"self":[{"href":"https:\/\/serveiseducatius.xtec.cat\/cda-empuries\/wp-json\/wp\/v2\/pages\/9665","targetHints":{"allow":["GET"]}}],"collection":[{"href":"https:\/\/serveiseducatius.xtec.cat\/cda-empuries\/wp-json\/wp\/v2\/pages"}],"about":[{"href":"https:\/\/serveiseducatius.xtec.cat\/cda-empuries\/wp-json\/wp\/v2\/types\/page"}],"author":[{"embeddable":true,"href":"https:\/\/serveiseducatius.xtec.cat\/cda-empuries\/wp-json\/wp\/v2\/users\/1"}],"replies":[{"embeddable":true,"href":"https:\/\/serveiseducatius.xtec.cat\/cda-empuries\/wp-json\/wp\/v2\/comments?post=9665"}],"version-history":[{"count":6,"href":"https:\/\/serveiseducatius.xtec.cat\/cda-empuries\/wp-json\/wp\/v2\/pages\/9665\/revisions"}],"predecessor-version":[{"id":12524,"href":"https:\/\/serveiseducatius.xtec.cat\/cda-empuries\/wp-json\/wp\/v2\/pages\/9665\/revisions\/12524"}],"wp:attachment":[{"href":"https:\/\/serveiseducatius.xtec.cat\/cda-empuries\/wp-json\/wp\/v2\/media?parent=9665"}],"curies":[{"name":"wp","href":"https:\/\/api.w.org\/{rel}","templated":true}]}}