{"id":9650,"date":"2019-07-09T17:06:40","date_gmt":"2019-07-09T15:06:40","guid":{"rendered":"http:\/\/serveiseducatius.xtec.cat\/cda-empuries\/?page_id=9650"},"modified":"2025-11-10T09:59:13","modified_gmt":"2025-11-10T08:59:13","slug":"moment-1-la-guita-i-els-seus-amics","status":"publish","type":"page","link":"https:\/\/serveiseducatius.xtec.cat\/cda-empuries\/moment-1-la-guita-i-els-seus-amics\/","title":{"rendered":"Qu\u00e8 cal preparar abans de venir?"},"content":{"rendered":"<h6>Moment 1. La Guita i els seus amics<\/h6>\n<p>&nbsp;<\/p>\n<h3><strong>CONTINGUTS M\u00cdNIMS:<\/strong><\/h3>\n<p>&nbsp;<\/p>\n<p><strong>MATERIAL PER AL PROFESSORAT<\/strong><\/p>\n<p><a href=\"https:\/\/drive.google.com\/file\/d\/1KPt-HPH9eCdNrurN5Ym66vlzCSxJLpem\/view?usp=sharing\" target=\"_blank\" rel=\"noopener\">Gui\u00f3 de Continguts<\/a><\/p>\n<p><strong>MATERIAL PER A L&#8217;ALUMNAT<\/strong><\/p>\n<p><a href=\"https:\/\/drive.google.com\/file\/d\/11JgXZn0crQ1ruR71QVmYH003WGKrRF3x\/view?usp=sharing\" target=\"_blank\" rel=\"noopener noreferrer\">Presentaci\u00f3 Aiguamolls ppt<\/a><\/p>\n<p><a href=\"https:\/\/youtu.be\/yV_ZT-nZ4Yc?si=KnQYdMTC7n9QvgOv\">V\u00eddeo<\/a> de 1:36 minuts d&#8217;imatges dels Aiguamolls<\/p>\n<p><a href=\"https:\/\/www.youtube.com\/watch?v=n2j90udfPqM\">V\u00eddeo<\/a> de 16:43 descriptiu de sortida de camp de hivern als Aiguamolls (Bion\u00e0ries)<\/p>\n<p><span style=\"font-size: 16px;\">CONTE per llegir:\u00a0<\/span><span style=\"font-size: 16px;\">La cigonya Guita\u00a0<\/span><\/p>\n<table style=\"border-collapse: collapse; width: 21.3946%; height: 114px;\">\n<tbody>\n<tr>\n<td style=\"width: 100%;\"><a href=\"https:\/\/drive.google.com\/file\/d\/1XG5OaABViIYxCo_9PRi70qQwGLGbCtIE\/view?usp=sharing\" target=\"_blank\" rel=\"noopener noreferrer\"><img loading=\"lazy\" decoding=\"async\" class=\"alignnone wp-image-11318\" src=\"https:\/\/serveiseducatius.xtec.cat\/cda-empuries\/wp-content\/uploads\/usu1383\/2021\/05\/CIGONYA-GUITA.jpg\" alt=\"\" width=\"149\" height=\"106\" srcset=\"https:\/\/serveiseducatius.xtec.cat\/cda-empuries\/wp-content\/uploads\/usu1383\/2021\/05\/CIGONYA-GUITA.jpg 665w, https:\/\/serveiseducatius.xtec.cat\/cda-empuries\/wp-content\/uploads\/usu1383\/2021\/05\/CIGONYA-GUITA-300x212.jpg 300w\" sizes=\"auto, (max-width: 149px) 100vw, 149px\" \/><\/a><\/td>\n<\/tr>\n<\/tbody>\n<\/table>\n<p><strong>MATERIAL ADAPTAT PER A L&#8217;ALUMNAT NEURODIVERGENT (Lectura f\u00e0cil i pictogrames)<\/strong><\/p>\n<p><a href=\"https:\/\/serveiseducatius.xtec.cat\/cda-empuries\/wp-content\/uploads\/usu1383\/2025\/10\/AiguamollspresentacioFacil.pdf\">Presentaci\u00f3 F\u00e0cil Aiguamolls<\/a><\/p>\n<p><a href=\"https:\/\/serveiseducatius.xtec.cat\/cda-empuries\/wp-content\/uploads\/usu1383\/2025\/10\/Els-amics-de-la-CigonyaGuaitaFacil.pdf\">Els amics de la Cigonya Guaita Lectura F\u00e0cil<\/a><\/p>\n<p>&nbsp;<\/p>\n<p>Aqu\u00ed teniu alguns enlla\u00e7os que us poden servir per ampliar els coneixements previs de la sortida amb els vostres alumnes,<\/p>\n<p>tant per a la motivaci\u00f3, com per tenir conceptes previs.<\/p>\n<table style=\"height: 462px; width: 70.87%; border-style: solid; border-color: #000000;\">\n<tbody>\n<tr style=\"height: 73px;\">\n<td style=\"width: 19.5176%; border-style: solid; border-color: #000000; height: 73px;\"><span style=\"font-size: 16px;\">CIGONYA GUAITA I ELS SEUS AMICS<\/span><\/p>\n<p><span style=\"font-size: 16px;\">Presentaci\u00f3 per classe<\/span><\/td>\n<td style=\"width: 20.383%; border-style: solid; border-color: #000000; height: 73px;\"><span style=\"font-size: 16px;\">LECTURA RECOMANADA<\/span><\/p>\n<p>Informaci\u00f3 detallada sobre les cigonyes<\/td>\n<\/tr>\n<tr style=\"height: 158px;\">\n<td style=\"width: 19.5176%; border-style: solid; border-color: #000000; height: 158px;\"><a href=\"https:\/\/drive.google.com\/file\/d\/1GBRPikO9KZsYzhlponszAcnj7CSTrCKK\/view?usp=sharing\" target=\"_blank\" rel=\"noopener noreferrer\"><img loading=\"lazy\" decoding=\"async\" class=\"aligncenter wp-image-9907\" style=\"font-size: 16px; background-color: #ffffff;\" src=\"https:\/\/serveiseducatius.xtec.cat\/cda-empuries\/wp-content\/uploads\/usu1383\/2019\/09\/Cigonya-Guita-150x150.jpg\" alt=\"\" width=\"194\" height=\"194\" \/><\/a><\/td>\n<td style=\"width: 20.383%; border-style: solid; border-color: #000000; height: 158px;\"><span style=\"font-size: 16px; background-color: #ffffff;\"><a href=\"https:\/\/contesdeanimals.blogspot.com\/2017\/03\/la-cigonya.html\" target=\"_blank\" rel=\"noopener noreferrer\"><img loading=\"lazy\" decoding=\"async\" class=\"wp-image-9947 aligncenter\" src=\"https:\/\/serveiseducatius.xtec.cat\/cda-empuries\/wp-content\/uploads\/usu1383\/2019\/10\/cigonya-150x150.jpg\" alt=\"\" width=\"183\" height=\"183\" \/><\/a><\/span><\/td>\n<\/tr>\n<tr style=\"height: 73px;\">\n<td style=\"width: 19.5176%; border-style: solid; border-color: #000000; height: 73px;\"><span style=\"font-size: 16px;\">CANTEM<\/span><\/p>\n<p>La cigonya can\u00e7\u00f3 de&#8217;n\u00a0 Pep Verg\u00e9s Xifra<\/td>\n<td style=\"width: 20.383%; border-style: solid; border-color: #000000; height: 73px;\"><span style=\"font-size: 16px;\">OCELLS DEL DELTA DE L\u2019EBRE.<\/span><\/p>\n<p><span style=\"font-size: 16px;\">Quadernet per pintar<\/span><\/td>\n<\/tr>\n<tr style=\"height: 158px;\">\n<td style=\"width: 19.5176%; border-style: solid; border-color: #000000; height: 158px;\"><strong><a href=\"https:\/\/www.youtube.com\/watch?v=b2VZF2aouOA\" target=\"_blank\" rel=\"noopener noreferrer\"><img loading=\"lazy\" decoding=\"async\" class=\"wp-image-9652 aligncenter\" src=\"https:\/\/serveiseducatius.xtec.cat\/cda-empuries\/wp-content\/uploads\/usu1383\/2019\/07\/cigonya.png\" alt=\"\" width=\"228\" height=\"222\" \/><\/a><\/strong><\/td>\n<td style=\"width: 20.383%; border-style: solid; border-color: #000000; height: 158px;\"><a href=\"https:\/\/issuu.com\/pepgavalda\/docs\/ocells_delta_x_pintar_resum\" target=\"_blank\" rel=\"noopener noreferrer\"><img loading=\"lazy\" decoding=\"async\" class=\"wp-image-9949 aligncenter\" src=\"https:\/\/serveiseducatius.xtec.cat\/cda-empuries\/wp-content\/uploads\/usu1383\/2019\/10\/ocells-pintar.jpg\" alt=\"\" width=\"177\" height=\"251\" srcset=\"https:\/\/serveiseducatius.xtec.cat\/cda-empuries\/wp-content\/uploads\/usu1383\/2019\/10\/ocells-pintar.jpg 286w, https:\/\/serveiseducatius.xtec.cat\/cda-empuries\/wp-content\/uploads\/usu1383\/2019\/10\/ocells-pintar-212x300.jpg 212w\" sizes=\"auto, (max-width: 177px) 100vw, 177px\" \/><\/a><\/td>\n<\/tr>\n<\/tbody>\n<\/table>\n<table style=\"width: 100%; border-collapse: collapse; border-style: solid; border-color: #000000;\">\n<tbody>\n<tr>\n<td style=\"width: 33.3333%; border-style: solid; border-color: #000000;\" colspan=\"3\">VIDEOS<\/td>\n<\/tr>\n<tr>\n<td style=\"width: 33.3333%; border-style: solid; border-color: #000000;\">Programa Espai Terra de tv3\u00b7 sobrevolant Aiguamolls<\/p>\n<p><a href=\"https:\/\/www.3cat.cat\/3cat\/el-dron-sobrevola-els-aiguamolls-de-lemporda\/video\/5608858\/\"><img loading=\"lazy\" decoding=\"async\" class=\"alignnone wp-image-12541\" src=\"https:\/\/serveiseducatius.xtec.cat\/cda-empuries\/wp-content\/uploads\/usu1383\/2025\/11\/Dron-Aiguamolls-300x209.png\" alt=\"\" width=\"314\" height=\"219\" srcset=\"https:\/\/serveiseducatius.xtec.cat\/cda-empuries\/wp-content\/uploads\/usu1383\/2025\/11\/Dron-Aiguamolls-300x209.png 300w, https:\/\/serveiseducatius.xtec.cat\/cda-empuries\/wp-content\/uploads\/usu1383\/2025\/11\/Dron-Aiguamolls.png 693w\" sizes=\"auto, (max-width: 314px) 100vw, 314px\" \/><\/a><\/p>\n<p><strong>\u00a0<\/strong><\/td>\n<td style=\"width: 33.3333%; border-style: solid; border-color: #000000;\">Video nom\u00e9s imatges sobre els aiguamolls<\/p>\n<div class=\"ast-oembed-container \" style=\"height: 100%;\"><iframe loading=\"lazy\" title=\"Parc Natural dels Aiguamolls de l\u2019Empord\u00e0\" width=\"500\" height=\"281\" src=\"https:\/\/www.youtube.com\/embed\/yV_ZT-nZ4Yc?feature=oembed\" frameborder=\"0\" allow=\"accelerometer; autoplay; clipboard-write; encrypted-media; gyroscope; picture-in-picture; web-share\" referrerpolicy=\"strict-origin-when-cross-origin\" allowfullscreen><\/iframe><\/div>\n<p>&nbsp;<\/td>\n<td style=\"width: 33.3333%; border-style: solid; border-color: #000000;\">Espai terra tv3 Les cigonyes als Aiguamolls de l&#8217;Empord\u00e0<\/p>\n<p><a href=\"https:\/\/www.3cat.cat\/3cat\/cigonyes-als-aiguamolls-de-lemporda\/video\/5196071\/\"><img loading=\"lazy\" decoding=\"async\" class=\"alignnone wp-image-12547 \" src=\"https:\/\/serveiseducatius.xtec.cat\/cda-empuries\/wp-content\/uploads\/usu1383\/2025\/11\/CIGONYES-1-300x186.jpg\" alt=\"\" width=\"348\" height=\"216\" srcset=\"https:\/\/serveiseducatius.xtec.cat\/cda-empuries\/wp-content\/uploads\/usu1383\/2025\/11\/CIGONYES-1-300x186.jpg 300w, https:\/\/serveiseducatius.xtec.cat\/cda-empuries\/wp-content\/uploads\/usu1383\/2025\/11\/CIGONYES-1-1024x636.jpg 1024w, https:\/\/serveiseducatius.xtec.cat\/cda-empuries\/wp-content\/uploads\/usu1383\/2025\/11\/CIGONYES-1-768x477.jpg 768w, https:\/\/serveiseducatius.xtec.cat\/cda-empuries\/wp-content\/uploads\/usu1383\/2025\/11\/CIGONYES-1.jpg 1289w\" sizes=\"auto, (max-width: 348px) 100vw, 348px\" \/><\/a><\/p>\n<p>&nbsp;<\/td>\n<\/tr>\n<\/tbody>\n<\/table>\n<p>&nbsp;<\/p>\n<p>&nbsp;<\/p>\n<p style=\"text-align: center;\"><a href=\"https:\/\/serveiseducatius.xtec.cat\/cda-empuries\/aiguamolls-de-lemporda\/\">Torna a activitat Aiguamolls CM<\/a><\/p>\n","protected":false},"excerpt":{"rendered":"<p>Moment 1. La Guita i els seus amics &nbsp; CONTINGUTS M\u00cdNIMS: &nbsp; MATERIAL PER AL PROFESSORAT Gui\u00f3 de Continguts MATERIAL PER A L&#8217;ALUMNAT Presentaci\u00f3 Aiguamolls ppt V\u00eddeo de 1:36 minuts d&#8217;imatges dels Aiguamolls V\u00eddeo de 16:43 descriptiu de sortida de camp de hivern als Aiguamolls (Bion\u00e0ries) CONTE per llegir:\u00a0La cigonya Guita\u00a0 MATERIAL ADAPTAT PER A [&hellip;]<\/p>\n","protected":false},"author":1,"featured_media":0,"parent":0,"menu_order":0,"comment_status":"closed","ping_status":"closed","template":"","meta":{"_bbp_topic_count":0,"_bbp_reply_count":0,"_bbp_total_topic_count":0,"_bbp_total_reply_count":0,"_bbp_voice_count":0,"_bbp_anonymous_reply_count":0,"_bbp_topic_count_hidden":0,"_bbp_reply_count_hidden":0,"_bbp_forum_subforum_count":0,"site-sidebar-layout":"default","site-content-layout":"","ast-site-content-layout":"default","site-content-style":"default","site-sidebar-style":"default","ast-global-header-display":"","ast-banner-title-visibility":"","ast-main-header-display":"","ast-hfb-above-header-display":"","ast-hfb-below-header-display":"","ast-hfb-mobile-header-display":"","site-post-title":"","ast-breadcrumbs-content":"","ast-featured-img":"","footer-sml-layout":"","theme-transparent-header-meta":"default","adv-header-id-meta":"","stick-header-meta":"","header-above-stick-meta":"","header-main-stick-meta":"","header-below-stick-meta":"","astra-migrate-meta-layouts":"set","ast-page-background-enabled":"default","ast-page-background-meta":{"desktop":{"background-color":"var(--ast-global-color-4)","background-image":"","background-repeat":"repeat","background-position":"center center","background-size":"auto","background-attachment":"scroll","background-type":"","background-media":"","overlay-type":"","overlay-color":"","overlay-opacity":"","overlay-gradient":""},"tablet":{"background-color":"","background-image":"","background-repeat":"repeat","background-position":"center center","background-size":"auto","background-attachment":"scroll","background-type":"","background-media":"","overlay-type":"","overlay-color":"","overlay-opacity":"","overlay-gradient":""},"mobile":{"background-color":"","background-image":"","background-repeat":"repeat","background-position":"center center","background-size":"auto","background-attachment":"scroll","background-type":"","background-media":"","overlay-type":"","overlay-color":"","overlay-opacity":"","overlay-gradient":""}},"ast-content-background-meta":{"desktop":{"background-color":"var(--ast-global-color-5)","background-image":"","background-repeat":"repeat","background-position":"center center","background-size":"auto","background-attachment":"scroll","background-type":"","background-media":"","overlay-type":"","overlay-color":"","overlay-opacity":"","overlay-gradient":""},"tablet":{"background-color":"var(--ast-global-color-5)","background-image":"","background-repeat":"repeat","background-position":"center center","background-size":"auto","background-attachment":"scroll","background-type":"","background-media":"","overlay-type":"","overlay-color":"","overlay-opacity":"","overlay-gradient":""},"mobile":{"background-color":"var(--ast-global-color-5)","background-image":"","background-repeat":"repeat","background-position":"center center","background-size":"auto","background-attachment":"scroll","background-type":"","background-media":"","overlay-type":"","overlay-color":"","overlay-opacity":"","overlay-gradient":""}},"footnotes":""},"class_list":["post-9650","page","type-page","status-publish","hentry"],"post_mailing_queue_ids":[],"_links":{"self":[{"href":"https:\/\/serveiseducatius.xtec.cat\/cda-empuries\/wp-json\/wp\/v2\/pages\/9650","targetHints":{"allow":["GET"]}}],"collection":[{"href":"https:\/\/serveiseducatius.xtec.cat\/cda-empuries\/wp-json\/wp\/v2\/pages"}],"about":[{"href":"https:\/\/serveiseducatius.xtec.cat\/cda-empuries\/wp-json\/wp\/v2\/types\/page"}],"author":[{"embeddable":true,"href":"https:\/\/serveiseducatius.xtec.cat\/cda-empuries\/wp-json\/wp\/v2\/users\/1"}],"replies":[{"embeddable":true,"href":"https:\/\/serveiseducatius.xtec.cat\/cda-empuries\/wp-json\/wp\/v2\/comments?post=9650"}],"version-history":[{"count":6,"href":"https:\/\/serveiseducatius.xtec.cat\/cda-empuries\/wp-json\/wp\/v2\/pages\/9650\/revisions"}],"predecessor-version":[{"id":12548,"href":"https:\/\/serveiseducatius.xtec.cat\/cda-empuries\/wp-json\/wp\/v2\/pages\/9650\/revisions\/12548"}],"wp:attachment":[{"href":"https:\/\/serveiseducatius.xtec.cat\/cda-empuries\/wp-json\/wp\/v2\/media?parent=9650"}],"curies":[{"name":"wp","href":"https:\/\/api.w.org\/{rel}","templated":true}]}}