{"id":9555,"date":"2019-07-08T18:26:42","date_gmt":"2019-07-08T16:26:42","guid":{"rendered":"http:\/\/serveiseducatius.xtec.cat\/cda-empuries\/?page_id=9555"},"modified":"2025-09-27T18:37:28","modified_gmt":"2025-09-27T16:37:28","slug":"sant-pere-de-roda-destinacio-sagrada-pels-pelegrins","status":"publish","type":"page","link":"https:\/\/serveiseducatius.xtec.cat\/cda-empuries\/sant-pere-de-roda-destinacio-sagrada-pels-pelegrins\/","title":{"rendered":"Sant Pere de Roda, destinaci\u00f3 sagrada pels pelegrins"},"content":{"rendered":"<p class=\"Estilo2\"><strong>Nivell educatiu:<\/strong> <span class=\"Estilo6\">Secund\u00e0ria (ESO i Batxillerat)<br \/>\n<\/span><\/p>\n<p class=\"Estilo2\"><strong>Codi de l\u2019activitat:<\/strong> Em2<\/p>\n<p class=\"Estilo2\" align=\"justify\">L\u2019entorn de Sant Pere de Rodes \u00e9s privilegiat per a l\u2019estudi de continguts socials, hist\u00f2rics i art\u00edstics especialment de l\u2019edat mitjana. La visita al monestir de Sant Pere i d\u2019alguns elements del seu entorn, especialment l\u2019esgl\u00e9sia de Santa Helena (a l\u2019antic poblat de\u00a0Santa Creu de Roda), juntament amb l\u2019observaci\u00f3 de la vall i del castell de Sant Salvador, permeten fer-se una idea de l\u2019organitzaci\u00f3 complexa de la vida social medieval.<\/p>\n<p>La visita i els despla\u00e7aments tenen una durada de 3 o 4 hores.<\/p>\n<table style=\"border-style: solid; border-color: #000000; width: 100%; height: 435px;\">\n<tbody>\n<tr style=\"height: 52px;\">\n<td style=\"width: 720.667px; border-style: solid; border-color: #000000; height: 52px;\" colspan=\"3\">Per vincular a la programaci\u00f3 del centre<\/td>\n<\/tr>\n<tr style=\"height: 52px;\">\n<td style=\"width: 151px; border-style: solid; border-color: #000000; height: 52px;\">\u00c0MBIT<\/td>\n<td style=\"width: 115.573px; border-style: solid; border-color: #000000; height: 52px;\">DIMENSI\u00d3<\/td>\n<td style=\"width: 454.094px; border-style: solid; border-color: #000000; height: 52px;\">COMPET\u00c8NCIA<\/td>\n<\/tr>\n<tr style=\"height: 112px;\">\n<td style=\"width: 151px; border-style: solid; border-color: #000000; height: 112px;\">Coneixement del medi<\/td>\n<td style=\"width: 115.573px; border-style: solid; border-color: #000000; height: 112px;\">M\u00f3n actual<\/td>\n<td style=\"width: 454.094px; border-style: solid; border-color: #000000; height: 112px;\">C2: Interpretar el present a partir de l\u2019an\u00e0lisi dels canvis i continu\u00eftats al llarg del temps, per comprendre la societat en qu\u00e8 vivim<\/td>\n<\/tr>\n<tr style=\"height: 219px;\">\n<td style=\"width: 151px; border-style: solid; border-color: #000000; height: 219px;\">Objectius:<\/td>\n<td style=\"width: 569.667px; border-style: solid; border-color: #000000; height: 219px;\" colspan=\"2\">1.\u00a0\u00a0\u00a0\u00a0\u00a0\u00a0\u00a0\u00a0 Con\u00e8ixer els diferents espais dels estaments medievals: poblat, Monestir i castell.<\/p>\n<p>2.\u00a0\u00a0\u00a0\u00a0\u00a0\u00a0\u00a0\u00a0 Entendre la complexa vida de la societat feudal.<\/p>\n<p>3.\u00a0\u00a0\u00a0\u00a0\u00a0\u00a0\u00a0\u00a0 Comprendre la import\u00e0ncia del monestir de St. Pere de Roda a partir de la observaci\u00f3 de la seva construcci\u00f3.<\/td>\n<\/tr>\n<\/tbody>\n<\/table>\n<p>Per dur a terme aquesta activitat partirem de la pregunta guia:<\/p>\n<p><a href=\"https:\/\/serveiseducatius.xtec.cat\/cda-empuries\/wp-content\/uploads\/usu1383\/2019\/07\/pregunta-SPR-ESO.png\"><img loading=\"lazy\" decoding=\"async\" class=\"alignnone size-full wp-image-9557\" src=\"https:\/\/serveiseducatius.xtec.cat\/cda-empuries\/wp-content\/uploads\/usu1383\/2019\/07\/pregunta-SPR-ESO.png\" alt=\"\" width=\"638\" height=\"119\" srcset=\"https:\/\/serveiseducatius.xtec.cat\/cda-empuries\/wp-content\/uploads\/usu1383\/2019\/07\/pregunta-SPR-ESO.png 638w, https:\/\/serveiseducatius.xtec.cat\/cda-empuries\/wp-content\/uploads\/usu1383\/2019\/07\/pregunta-SPR-ESO-300x56.png 300w\" sizes=\"auto, (max-width: 638px) 100vw, 638px\" \/><\/a><\/p>\n<p>Recomanem que mireu la presentaci\u00f3 que us enviem per tal de comen\u00e7ar a preparar el terreny i crear inter\u00e8s i curiositat.<\/p>\n<p>Els alumnes s\u2019hauran de plantejar noves preguntes i trobar respostes fins a poder resoldre la pregunta guia que els plantegem.<\/p>\n<p><a href=\"https:\/\/serveiseducatius.xtec.cat\/cda-empuries\/moment-1-sant-pere-de-roda-destinacio-sagrada-pels-pelegrins\/\"><img loading=\"lazy\" decoding=\"async\" class=\"alignnone size-full wp-image-9050\" src=\"https:\/\/serveiseducatius.xtec.cat\/cda-empuries\/wp-content\/uploads\/usu1383\/2019\/06\/1.jpg\" alt=\"\" width=\"207\" height=\"289\" \/><\/a> \u00a0 \u00a0 \u00a0 \u00a0\u00a0 <a href=\"https:\/\/drive.google.com\/open?id=1KZwCymzIQcK7TCwmcbH1QVJDLzge5wEo\" target=\"_blank\" rel=\"noopener noreferrer\"><img loading=\"lazy\" decoding=\"async\" class=\"alignnone size-full wp-image-9051\" src=\"https:\/\/serveiseducatius.xtec.cat\/cda-empuries\/wp-content\/uploads\/usu1383\/2019\/06\/2.jpg\" alt=\"\" width=\"206\" height=\"290\" \/><\/a> \u00a0 \u00a0 \u00a0 \u00a0 \u00a0 <a href=\"https:\/\/serveiseducatius.xtec.cat\/cda-empuries\/moment-3-sant-pere-de-roda-destinacio-sagrada-pels-pelegrins\/\"><img loading=\"lazy\" decoding=\"async\" class=\"alignnone size-full wp-image-9052\" src=\"https:\/\/serveiseducatius.xtec.cat\/cda-empuries\/wp-content\/uploads\/usu1383\/2019\/06\/3.jpg\" alt=\"\" width=\"205\" height=\"289\" \/><\/a><\/p>\n<p class=\"Estilo2\" align=\"justify\">L\u2019activitat a l\u2019entorn de Sant Pere de Rodes est\u00e0 directament relacionada amb:<\/p>\n<ul>\n<li class=\"Estilo2\"><a href=\"https:\/\/serveiseducatius.xtec.cat\/cda-empuries\/activitats-de-sant-marti-dempuries\/\" target=\"_blank\" rel=\"noopener noreferrer\">Sant Mart\u00ed d\u2019Emp\u00faries i Espig\u00f3 hel\u00b7len\u00edstic<\/a><\/li>\n<li class=\"Estilo2\">Castell del Montgr\u00ed<\/li>\n<li class=\"Estilo2\"><a href=\"https:\/\/serveiseducatius.xtec.cat\/cda-empuries\/lemporda-a-vista-docell-nord-sud\/\" target=\"_blank\" rel=\"noopener noreferrer\">L\u2019Empord\u00e0 a vol d\u2019ocell, Nord-Sud<\/a><\/li>\n<li class=\"Estilo2\"><a href=\"https:\/\/serveiseducatius.xtec.cat\/cda-empuries\/lemporda-loli-i-el-vi\/\" target=\"_blank\" rel=\"noopener noreferrer\">L\u2019Empord\u00e0, l\u2019oli i el vi<\/a><\/li>\n<\/ul>\n<h2 align=\"center\"><a href=\"https:\/\/serveiseducatius.xtec.cat\/cda-empuries\/activitats-a-sant-pere-de-roda\/\">Torna a Activitats a Sant Pere de Roda<\/a><\/h2>\n","protected":false},"excerpt":{"rendered":"<p>Nivell educatiu: Secund\u00e0ria (ESO i Batxillerat) Codi de l\u2019activitat: Em2 L\u2019entorn de Sant Pere de Rodes \u00e9s privilegiat per a l\u2019estudi de continguts socials, hist\u00f2rics i art\u00edstics especialment de l\u2019edat mitjana. La visita al monestir de Sant Pere i d\u2019alguns elements del seu entorn, especialment l\u2019esgl\u00e9sia de Santa Helena (a l\u2019antic poblat de\u00a0Santa Creu de [&hellip;]<\/p>\n","protected":false},"author":1,"featured_media":0,"parent":0,"menu_order":0,"comment_status":"closed","ping_status":"closed","template":"","meta":{"_bbp_topic_count":0,"_bbp_reply_count":0,"_bbp_total_topic_count":0,"_bbp_total_reply_count":0,"_bbp_voice_count":0,"_bbp_anonymous_reply_count":0,"_bbp_topic_count_hidden":0,"_bbp_reply_count_hidden":0,"_bbp_forum_subforum_count":0,"site-sidebar-layout":"default","site-content-layout":"","ast-site-content-layout":"default","site-content-style":"default","site-sidebar-style":"default","ast-global-header-display":"","ast-banner-title-visibility":"","ast-main-header-display":"","ast-hfb-above-header-display":"","ast-hfb-below-header-display":"","ast-hfb-mobile-header-display":"","site-post-title":"","ast-breadcrumbs-content":"","ast-featured-img":"","footer-sml-layout":"","theme-transparent-header-meta":"default","adv-header-id-meta":"","stick-header-meta":"","header-above-stick-meta":"","header-main-stick-meta":"","header-below-stick-meta":"","astra-migrate-meta-layouts":"set","ast-page-background-enabled":"default","ast-page-background-meta":{"desktop":{"background-color":"var(--ast-global-color-4)","background-image":"","background-repeat":"repeat","background-position":"center center","background-size":"auto","background-attachment":"scroll","background-type":"","background-media":"","overlay-type":"","overlay-color":"","overlay-opacity":"","overlay-gradient":""},"tablet":{"background-color":"","background-image":"","background-repeat":"repeat","background-position":"center center","background-size":"auto","background-attachment":"scroll","background-type":"","background-media":"","overlay-type":"","overlay-color":"","overlay-opacity":"","overlay-gradient":""},"mobile":{"background-color":"","background-image":"","background-repeat":"repeat","background-position":"center center","background-size":"auto","background-attachment":"scroll","background-type":"","background-media":"","overlay-type":"","overlay-color":"","overlay-opacity":"","overlay-gradient":""}},"ast-content-background-meta":{"desktop":{"background-color":"var(--ast-global-color-5)","background-image":"","background-repeat":"repeat","background-position":"center center","background-size":"auto","background-attachment":"scroll","background-type":"","background-media":"","overlay-type":"","overlay-color":"","overlay-opacity":"","overlay-gradient":""},"tablet":{"background-color":"var(--ast-global-color-5)","background-image":"","background-repeat":"repeat","background-position":"center center","background-size":"auto","background-attachment":"scroll","background-type":"","background-media":"","overlay-type":"","overlay-color":"","overlay-opacity":"","overlay-gradient":""},"mobile":{"background-color":"var(--ast-global-color-5)","background-image":"","background-repeat":"repeat","background-position":"center center","background-size":"auto","background-attachment":"scroll","background-type":"","background-media":"","overlay-type":"","overlay-color":"","overlay-opacity":"","overlay-gradient":""}},"footnotes":""},"class_list":["post-9555","page","type-page","status-publish","hentry"],"post_mailing_queue_ids":[],"_links":{"self":[{"href":"https:\/\/serveiseducatius.xtec.cat\/cda-empuries\/wp-json\/wp\/v2\/pages\/9555","targetHints":{"allow":["GET"]}}],"collection":[{"href":"https:\/\/serveiseducatius.xtec.cat\/cda-empuries\/wp-json\/wp\/v2\/pages"}],"about":[{"href":"https:\/\/serveiseducatius.xtec.cat\/cda-empuries\/wp-json\/wp\/v2\/types\/page"}],"author":[{"embeddable":true,"href":"https:\/\/serveiseducatius.xtec.cat\/cda-empuries\/wp-json\/wp\/v2\/users\/1"}],"replies":[{"embeddable":true,"href":"https:\/\/serveiseducatius.xtec.cat\/cda-empuries\/wp-json\/wp\/v2\/comments?post=9555"}],"version-history":[{"count":6,"href":"https:\/\/serveiseducatius.xtec.cat\/cda-empuries\/wp-json\/wp\/v2\/pages\/9555\/revisions"}],"predecessor-version":[{"id":12247,"href":"https:\/\/serveiseducatius.xtec.cat\/cda-empuries\/wp-json\/wp\/v2\/pages\/9555\/revisions\/12247"}],"wp:attachment":[{"href":"https:\/\/serveiseducatius.xtec.cat\/cda-empuries\/wp-json\/wp\/v2\/media?parent=9555"}],"curies":[{"name":"wp","href":"https:\/\/api.w.org\/{rel}","templated":true}]}}