{"id":9543,"date":"2019-07-08T18:12:05","date_gmt":"2019-07-08T16:12:05","guid":{"rendered":"http:\/\/serveiseducatius.xtec.cat\/cda-empuries\/?page_id=9543"},"modified":"2025-09-27T19:44:54","modified_gmt":"2025-09-27T17:44:54","slug":"activitats-a-sant-pere-de-roda","status":"publish","type":"page","link":"https:\/\/serveiseducatius.xtec.cat\/cda-empuries\/activitats-a-sant-pere-de-roda\/","title":{"rendered":"Activitats a Sant Pere de Roda"},"content":{"rendered":"<table style=\"border-collapse: collapse; width: 100%;\">\n<tbody>\n<tr>\n<td style=\"width: 50%;\">\n<h3 style=\"font-style: normal;\">PRIM\u00c0RIA<\/h3>\n<\/td>\n<td style=\"width: 50%;\">\n<h3>SECUND\u00c0RIA<\/h3>\n<\/td>\n<\/tr>\n<tr>\n<td style=\"width: 50%;\">\n<h3><a href=\"https:\/\/serveiseducatius.xtec.cat\/cda-empuries\/sant-pere-de-roda-2\/\"><img loading=\"lazy\" decoding=\"async\" class=\"wp-image-9544 aligncenter\" src=\"https:\/\/serveiseducatius.xtec.cat\/cda-empuries\/wp-content\/uploads\/usu1383\/2019\/07\/quadern-SPR-Prim\u00e0ria.png\" alt=\"\" width=\"293\" height=\"367\" srcset=\"https:\/\/serveiseducatius.xtec.cat\/cda-empuries\/wp-content\/uploads\/usu1383\/2019\/07\/quadern-SPR-Prim\u00e0ria.png 312w, https:\/\/serveiseducatius.xtec.cat\/cda-empuries\/wp-content\/uploads\/usu1383\/2019\/07\/quadern-SPR-Prim\u00e0ria-239x300.png 239w\" sizes=\"auto, (max-width: 293px) 100vw, 293px\" \/><\/a><\/h3>\n<\/td>\n<td style=\"width: 50%; text-align: left;\">\n<h3><a href=\"https:\/\/serveiseducatius.xtec.cat\/cda-empuries\/sant-pere-de-roda-destinacio-sagrada-pels-pelegrins\/\"><img loading=\"lazy\" decoding=\"async\" class=\"wp-image-9545 aligncenter\" src=\"https:\/\/serveiseducatius.xtec.cat\/cda-empuries\/wp-content\/uploads\/usu1383\/2019\/07\/SPR-secund\u00e0ria.png\" alt=\"\" width=\"298\" height=\"259\" srcset=\"https:\/\/serveiseducatius.xtec.cat\/cda-empuries\/wp-content\/uploads\/usu1383\/2019\/07\/SPR-secund\u00e0ria.png 640w, https:\/\/serveiseducatius.xtec.cat\/cda-empuries\/wp-content\/uploads\/usu1383\/2019\/07\/SPR-secund\u00e0ria-300x261.png 300w\" sizes=\"auto, (max-width: 298px) 100vw, 298px\" \/><\/a><\/h3>\n<\/td>\n<\/tr>\n<\/tbody>\n<\/table>\n<h3><\/h3>\n<p>&nbsp;<\/p>\n<h3><\/h3>\n<h3><\/h3>\n<h2 style=\"text-align: center;\"><a href=\"https:\/\/serveiseducatius.xtec.cat\/cda-empuries\/lemporda-medieval-2\/\">Torna a l&#8217;\u00e0mbit Empord\u00e0 medieval<\/a><\/h2>\n","protected":false},"excerpt":{"rendered":"<p>PRIM\u00c0RIA SECUND\u00c0RIA &nbsp; Torna a l&#8217;\u00e0mbit Empord\u00e0 medieval<\/p>\n","protected":false},"author":1,"featured_media":0,"parent":0,"menu_order":0,"comment_status":"closed","ping_status":"closed","template":"","meta":{"_bbp_topic_count":0,"_bbp_reply_count":0,"_bbp_total_topic_count":0,"_bbp_total_reply_count":0,"_bbp_voice_count":0,"_bbp_anonymous_reply_count":0,"_bbp_topic_count_hidden":0,"_bbp_reply_count_hidden":0,"_bbp_forum_subforum_count":0,"site-sidebar-layout":"default","site-content-layout":"","ast-site-content-layout":"default","site-content-style":"default","site-sidebar-style":"default","ast-global-header-display":"","ast-banner-title-visibility":"","ast-main-header-display":"","ast-hfb-above-header-display":"","ast-hfb-below-header-display":"","ast-hfb-mobile-header-display":"","site-post-title":"","ast-breadcrumbs-content":"","ast-featured-img":"","footer-sml-layout":"","theme-transparent-header-meta":"default","adv-header-id-meta":"","stick-header-meta":"","header-above-stick-meta":"","header-main-stick-meta":"","header-below-stick-meta":"","astra-migrate-meta-layouts":"set","ast-page-background-enabled":"default","ast-page-background-meta":{"desktop":{"background-color":"var(--ast-global-color-4)","background-image":"","background-repeat":"repeat","background-position":"center center","background-size":"auto","background-attachment":"scroll","background-type":"","background-media":"","overlay-type":"","overlay-color":"","overlay-opacity":"","overlay-gradient":""},"tablet":{"background-color":"","background-image":"","background-repeat":"repeat","background-position":"center center","background-size":"auto","background-attachment":"scroll","background-type":"","background-media":"","overlay-type":"","overlay-color":"","overlay-opacity":"","overlay-gradient":""},"mobile":{"background-color":"","background-image":"","background-repeat":"repeat","background-position":"center center","background-size":"auto","background-attachment":"scroll","background-type":"","background-media":"","overlay-type":"","overlay-color":"","overlay-opacity":"","overlay-gradient":""}},"ast-content-background-meta":{"desktop":{"background-color":"var(--ast-global-color-5)","background-image":"","background-repeat":"repeat","background-position":"center center","background-size":"auto","background-attachment":"scroll","background-type":"","background-media":"","overlay-type":"","overlay-color":"","overlay-opacity":"","overlay-gradient":""},"tablet":{"background-color":"var(--ast-global-color-5)","background-image":"","background-repeat":"repeat","background-position":"center center","background-size":"auto","background-attachment":"scroll","background-type":"","background-media":"","overlay-type":"","overlay-color":"","overlay-opacity":"","overlay-gradient":""},"mobile":{"background-color":"var(--ast-global-color-5)","background-image":"","background-repeat":"repeat","background-position":"center center","background-size":"auto","background-attachment":"scroll","background-type":"","background-media":"","overlay-type":"","overlay-color":"","overlay-opacity":"","overlay-gradient":""}},"footnotes":""},"class_list":["post-9543","page","type-page","status-publish","hentry"],"post_mailing_queue_ids":[],"_links":{"self":[{"href":"https:\/\/serveiseducatius.xtec.cat\/cda-empuries\/wp-json\/wp\/v2\/pages\/9543","targetHints":{"allow":["GET"]}}],"collection":[{"href":"https:\/\/serveiseducatius.xtec.cat\/cda-empuries\/wp-json\/wp\/v2\/pages"}],"about":[{"href":"https:\/\/serveiseducatius.xtec.cat\/cda-empuries\/wp-json\/wp\/v2\/types\/page"}],"author":[{"embeddable":true,"href":"https:\/\/serveiseducatius.xtec.cat\/cda-empuries\/wp-json\/wp\/v2\/users\/1"}],"replies":[{"embeddable":true,"href":"https:\/\/serveiseducatius.xtec.cat\/cda-empuries\/wp-json\/wp\/v2\/comments?post=9543"}],"version-history":[{"count":7,"href":"https:\/\/serveiseducatius.xtec.cat\/cda-empuries\/wp-json\/wp\/v2\/pages\/9543\/revisions"}],"predecessor-version":[{"id":12258,"href":"https:\/\/serveiseducatius.xtec.cat\/cda-empuries\/wp-json\/wp\/v2\/pages\/9543\/revisions\/12258"}],"wp:attachment":[{"href":"https:\/\/serveiseducatius.xtec.cat\/cda-empuries\/wp-json\/wp\/v2\/media?parent=9543"}],"curies":[{"name":"wp","href":"https:\/\/api.w.org\/{rel}","templated":true}]}}