{"id":9515,"date":"2019-07-08T17:02:49","date_gmt":"2019-07-08T15:02:49","guid":{"rendered":"http:\/\/serveiseducatius.xtec.cat\/cda-empuries\/?page_id=9515"},"modified":"2025-10-06T12:24:27","modified_gmt":"2025-10-06T10:24:27","slug":"sant-marti-dempuries-levolucio-dun-poble","status":"publish","type":"page","link":"https:\/\/serveiseducatius.xtec.cat\/cda-empuries\/sant-marti-dempuries-levolucio-dun-poble\/","title":{"rendered":"Sant Mart\u00ed d&#8217;Emp\u00faries, l&#8217;evoluci\u00f3 d&#8217;un poble"},"content":{"rendered":"<p><strong>Nivells educatius: <\/strong>ESO<\/p>\n<p><strong>Codi de l\u2019activitat:<\/strong> Em1<\/p>\n<p>Sant Mart\u00ed d\u2019Emp\u00faries actualment \u00e9s un petit nucli tur\u00edstic, per\u00f2 ocupa la primera zona on s\u2019establiren els grecs a la seva arribada al pa\u00eds i on fundaren la polis d\u2019Emp\u00f2rion al segle VI aC. Aquesta, despr\u00e9s del segle III d.C., quedaria com a \u00fanic nucli habitat d\u2019Emp\u00faries, i seria seu de bisbat i capital del comtat del mateix nom durant l\u2019edat mitjana.<\/p>\n<p>L\u2019activitat consisteix a fer un recorregut pel cam\u00ed forestal d&#8217;Emp\u00faries al llarg del qual s&#8217;identifiquen elements de diferents moments de la hist\u00f2ria i s&#8217;acaba amb la visita del nucli de l\u2019Emp\u00faries medieval i del lloc que ocupava l\u2019antic port d\u2019Emp\u00faries.<\/p>\n<table style=\"border-style: solid; width: 709px; border-color: #000000;\" width=\"709\">\n<tbody>\n<tr>\n<td style=\"border-style: solid; border-color: #000000;\" colspan=\"3\">Per vincular a la programaci\u00f3 del centre<\/td>\n<\/tr>\n<tr>\n<td style=\"border-style: solid; border-color: #000000;\">\u00c0MBIT<\/td>\n<td style=\"border-style: solid; border-color: #000000;\">DIMENSI\u00d3<\/td>\n<td style=\"border-style: solid; border-color: #000000;\">COMPET\u00c8NCIA<\/td>\n<\/tr>\n<tr>\n<td style=\"border-style: solid; border-color: #000000;\">Coneixement del medi<\/td>\n<td style=\"border-style: solid; border-color: #000000;\">M\u00f3n actual<\/td>\n<td style=\"border-style: solid; border-color: #000000;\">C2: Interpretar el present a partir de l\u2019an\u00e0lisi dels canvis i continu\u00eftats al llarg del temps, per comprendre la societat en qu\u00e8 vivim<\/td>\n<\/tr>\n<tr>\n<td style=\"border-style: solid; border-color: #000000;\">Objectius:<\/td>\n<td style=\"border-style: solid; border-color: #000000;\" colspan=\"2\">\u00b7\u00a0\u00a0\u00a0\u00a0\u00a0\u00a0\u00a0\u00a0 Con\u00e8ixer de primera m\u00e0 el primer establiment dels grecs a la costa catalana i el comtat medieval del qual Sant Mart\u00ed en fou la principal seu.<\/p>\n<p>\u00b7\u00a0\u00a0\u00a0\u00a0\u00a0\u00a0\u00a0\u00a0 Aprendre a valorar l\u2019her\u00e8ncia grega i medieval de la cultura catalana.<\/p>\n<p>\u00b7\u00a0\u00a0\u00a0\u00a0\u00a0\u00a0\u00a0\u00a0 Fer-se c\u00e0rrec del treball dels arque\u00f2legs i restauradors com a possible opci\u00f3 laboral de futur.<\/td>\n<\/tr>\n<\/tbody>\n<\/table>\n<p>Per dur a terme aquesta activitat partirem de la pregunta guia:<\/p>\n<p><a href=\"https:\/\/serveiseducatius.xtec.cat\/cda-empuries\/wp-content\/uploads\/usu1383\/2019\/07\/pregunta-SME-ESO-1.png\"><img loading=\"lazy\" decoding=\"async\" class=\"alignnone size-full wp-image-9517\" src=\"https:\/\/serveiseducatius.xtec.cat\/cda-empuries\/wp-content\/uploads\/usu1383\/2019\/07\/pregunta-SME-ESO-1.png\" alt=\"\" width=\"1021\" height=\"184\" srcset=\"https:\/\/serveiseducatius.xtec.cat\/cda-empuries\/wp-content\/uploads\/usu1383\/2019\/07\/pregunta-SME-ESO-1.png 1021w, https:\/\/serveiseducatius.xtec.cat\/cda-empuries\/wp-content\/uploads\/usu1383\/2019\/07\/pregunta-SME-ESO-1-300x54.png 300w, https:\/\/serveiseducatius.xtec.cat\/cda-empuries\/wp-content\/uploads\/usu1383\/2019\/07\/pregunta-SME-ESO-1-768x138.png 768w\" sizes=\"auto, (max-width: 1021px) 100vw, 1021px\" \/><\/a><\/p>\n<p>Recomanem que mireu la presentaci\u00f3 que us enviem per tal de comen\u00e7ar a preparar el terreny i crear inter\u00e8s i curiositat.<\/p>\n<p><a href=\"https:\/\/serveiseducatius.xtec.cat\/cda-empuries\/moment-1-sant-marti-dempuries-levolucio-dun-poble\/\" target=\"_blank\" rel=\"noopener noreferrer\"><img loading=\"lazy\" decoding=\"async\" class=\"alignnone size-full wp-image-9050\" src=\"https:\/\/serveiseducatius.xtec.cat\/cda-empuries\/wp-content\/uploads\/usu1383\/2019\/06\/1.jpg\" alt=\"\" width=\"207\" height=\"289\" \/><\/a> \u00a0 \u00a0 \u00a0\u00a0<img loading=\"lazy\" decoding=\"async\" class=\"alignnone size-full wp-image-9101\" src=\"https:\/\/serveiseducatius.xtec.cat\/cda-empuries\/wp-content\/uploads\/usu1383\/2019\/06\/moment-2-pina.png\" alt=\"\" width=\"214\" height=\"293\" \/> \u00a0\u00a0 \u00a0\u00a0 <a href=\"https:\/\/serveiseducatius.xtec.cat\/cda-empuries\/wp-admin\/post.php?post=12384&amp;action=edit\"><img loading=\"lazy\" decoding=\"async\" class=\"alignnone size-full wp-image-9052\" src=\"https:\/\/serveiseducatius.xtec.cat\/cda-empuries\/wp-content\/uploads\/usu1383\/2019\/06\/3.jpg\" alt=\"\" width=\"205\" height=\"289\" \/><\/a><\/p>\n<p>Aquesta activitat est\u00e0 relacionada directament amb:<\/p>\n<ul>\n<li>Jaciment grecorom\u00e0 d\u2019Emp\u00faries i Museu<\/li>\n<li>Emp\u00faries, de la m\u00e0 dels d\u00e9us (Mitologia a Emp\u00faries)<\/li>\n<li>Jaciment ib\u00e8ric d\u2019Ullastret i Museu<\/li>\n<li>Sistema Dunar d\u2019Emp\u00faries<\/li>\n<\/ul>\n<p><img loading=\"lazy\" decoding=\"async\" class=\"alignnone wp-image-1667\" src=\"http:\/\/blocs.xtec.cat\/cdaempuries\/files\/2016\/01\/Espig\u00f31735Petit.jpg\" alt=\"Espig\u00f31735Petit\" width=\"175\" height=\"133\" \/><\/p>\n<p style=\"text-align: center;\"><a href=\"https:\/\/serveiseducatius.xtec.cat\/cda-empuries\/activitats-de-sant-marti-dempuries\/\">Torna a activitats de Sant Mart\u00ed d&#8217;Emp\u00faries<\/a><\/p>\n","protected":false},"excerpt":{"rendered":"<p>Nivells educatius: ESO Codi de l\u2019activitat: Em1 Sant Mart\u00ed d\u2019Emp\u00faries actualment \u00e9s un petit nucli tur\u00edstic, per\u00f2 ocupa la primera zona on s\u2019establiren els grecs a la seva arribada al pa\u00eds i on fundaren la polis d\u2019Emp\u00f2rion al segle VI aC. Aquesta, despr\u00e9s del segle III d.C., quedaria com a \u00fanic nucli habitat d\u2019Emp\u00faries, i [&hellip;]<\/p>\n","protected":false},"author":1,"featured_media":0,"parent":0,"menu_order":0,"comment_status":"closed","ping_status":"closed","template":"","meta":{"_bbp_topic_count":0,"_bbp_reply_count":0,"_bbp_total_topic_count":0,"_bbp_total_reply_count":0,"_bbp_voice_count":0,"_bbp_anonymous_reply_count":0,"_bbp_topic_count_hidden":0,"_bbp_reply_count_hidden":0,"_bbp_forum_subforum_count":0,"site-sidebar-layout":"default","site-content-layout":"","ast-site-content-layout":"default","site-content-style":"default","site-sidebar-style":"default","ast-global-header-display":"","ast-banner-title-visibility":"","ast-main-header-display":"","ast-hfb-above-header-display":"","ast-hfb-below-header-display":"","ast-hfb-mobile-header-display":"","site-post-title":"","ast-breadcrumbs-content":"","ast-featured-img":"","footer-sml-layout":"","theme-transparent-header-meta":"default","adv-header-id-meta":"","stick-header-meta":"","header-above-stick-meta":"","header-main-stick-meta":"","header-below-stick-meta":"","astra-migrate-meta-layouts":"set","ast-page-background-enabled":"default","ast-page-background-meta":{"desktop":{"background-color":"var(--ast-global-color-4)","background-image":"","background-repeat":"repeat","background-position":"center center","background-size":"auto","background-attachment":"scroll","background-type":"","background-media":"","overlay-type":"","overlay-color":"","overlay-opacity":"","overlay-gradient":""},"tablet":{"background-color":"","background-image":"","background-repeat":"repeat","background-position":"center center","background-size":"auto","background-attachment":"scroll","background-type":"","background-media":"","overlay-type":"","overlay-color":"","overlay-opacity":"","overlay-gradient":""},"mobile":{"background-color":"","background-image":"","background-repeat":"repeat","background-position":"center center","background-size":"auto","background-attachment":"scroll","background-type":"","background-media":"","overlay-type":"","overlay-color":"","overlay-opacity":"","overlay-gradient":""}},"ast-content-background-meta":{"desktop":{"background-color":"var(--ast-global-color-5)","background-image":"","background-repeat":"repeat","background-position":"center center","background-size":"auto","background-attachment":"scroll","background-type":"","background-media":"","overlay-type":"","overlay-color":"","overlay-opacity":"","overlay-gradient":""},"tablet":{"background-color":"var(--ast-global-color-5)","background-image":"","background-repeat":"repeat","background-position":"center center","background-size":"auto","background-attachment":"scroll","background-type":"","background-media":"","overlay-type":"","overlay-color":"","overlay-opacity":"","overlay-gradient":""},"mobile":{"background-color":"var(--ast-global-color-5)","background-image":"","background-repeat":"repeat","background-position":"center center","background-size":"auto","background-attachment":"scroll","background-type":"","background-media":"","overlay-type":"","overlay-color":"","overlay-opacity":"","overlay-gradient":""}},"footnotes":""},"class_list":["post-9515","page","type-page","status-publish","hentry"],"post_mailing_queue_ids":[],"_links":{"self":[{"href":"https:\/\/serveiseducatius.xtec.cat\/cda-empuries\/wp-json\/wp\/v2\/pages\/9515","targetHints":{"allow":["GET"]}}],"collection":[{"href":"https:\/\/serveiseducatius.xtec.cat\/cda-empuries\/wp-json\/wp\/v2\/pages"}],"about":[{"href":"https:\/\/serveiseducatius.xtec.cat\/cda-empuries\/wp-json\/wp\/v2\/types\/page"}],"author":[{"embeddable":true,"href":"https:\/\/serveiseducatius.xtec.cat\/cda-empuries\/wp-json\/wp\/v2\/users\/1"}],"replies":[{"embeddable":true,"href":"https:\/\/serveiseducatius.xtec.cat\/cda-empuries\/wp-json\/wp\/v2\/comments?post=9515"}],"version-history":[{"count":6,"href":"https:\/\/serveiseducatius.xtec.cat\/cda-empuries\/wp-json\/wp\/v2\/pages\/9515\/revisions"}],"predecessor-version":[{"id":12391,"href":"https:\/\/serveiseducatius.xtec.cat\/cda-empuries\/wp-json\/wp\/v2\/pages\/9515\/revisions\/12391"}],"wp:attachment":[{"href":"https:\/\/serveiseducatius.xtec.cat\/cda-empuries\/wp-json\/wp\/v2\/media?parent=9515"}],"curies":[{"name":"wp","href":"https:\/\/api.w.org\/{rel}","templated":true}]}}