{"id":9443,"date":"2019-06-30T10:34:28","date_gmt":"2019-06-30T08:34:28","guid":{"rendered":"http:\/\/serveiseducatius.xtec.cat\/cda-empuries\/?page_id=9443"},"modified":"2019-06-30T10:35:55","modified_gmt":"2019-06-30T08:35:55","slug":"lemporda-loli-i-el-vi","status":"publish","type":"page","link":"https:\/\/serveiseducatius.xtec.cat\/cda-empuries\/lemporda-loli-i-el-vi\/","title":{"rendered":"L\u2019Empord\u00e0, l\u2019oli i el vi"},"content":{"rendered":"<div class=\"entry-content\">\n<p class=\"Estilo2\"><strong>Nivell educatiu:<\/strong> Cicle Superior de Prim\u00e0ria (adaptable) i ESO<\/p>\n<p class=\"Estilo2\"><strong>Codis de l\u2019activitat:<\/strong> Pn6<\/p>\n<p class=\"Estilo2\">L\u2019activitat pret\u00e9n donar a con\u00e8ixer els conreus tradicionals mediterranis de l\u2019olivera i la vinya, i tamb\u00e9 dels cereals. Primer de tot es visita un olivar on s\u2019identifiquen els tipus d\u2019oliveres, s\u2019observa el terreny, la vegetaci\u00f3 i es fa una lectura del paisatge. Tot seguit es visita una vinya on s\u2019identifiquen els tipus de vinyes i novament fem una observaci\u00f3 del terreny i de la vegetaci\u00f3. Per \u00faltim anem a les instal\u00b7lacions que la cooperativa Empord\u00e0lia t\u00e9 al poble de Pau. Aqu\u00ed visitarem un trull actual i un d\u2019antic i podrem entendre tot el proc\u00e9s de transformaci\u00f3 de l\u2019oliva en oli. Tamb\u00e9 visitarem el celler on podrem visualitzar el cicle del vi.<\/p>\n<p class=\"Estilo2\">L\u2019objectiu \u00e9s que l\u2019alumnat realitzi una primera aproximaci\u00f3 a les t\u00e8cniques agr\u00e0ries de casa nostra (antigues i modernes), als processos de transformaci\u00f3 dels productes agraris i a la nostra tradici\u00f3 aliment\u00e0ria (dieta mediterr\u00e0nia).<\/p>\n<p class=\"Estilo2\">La visita t\u00e9 una durada d\u2019unes 6 hores.<\/p>\n<p class=\"Estilo2\">Aquesta activitat est\u00e0 directament relacionada amb:<\/p>\n<ul>\n<li class=\"Estilo2\">L\u2019Empord\u00e0 a vol d\u2019ocell, Nord-Sud<\/li>\n<li class=\"Estilo2\">Sant Pere de Rodes<\/li>\n<\/ul>\n<p style=\"text-align: center;\"><a href=\"https:\/\/serveiseducatius.xtec.cat\/cda-empuries\/oferta-pedagogica\/\">Torna a activitats per \u00e0mbits<\/a><\/p>\n<\/div>\n","protected":false},"excerpt":{"rendered":"<p>Nivell educatiu: Cicle Superior de Prim\u00e0ria (adaptable) i ESO Codis de l\u2019activitat: Pn6 L\u2019activitat pret\u00e9n donar a con\u00e8ixer els conreus tradicionals mediterranis de l\u2019olivera i la vinya, i tamb\u00e9 dels cereals. Primer de tot es visita un olivar on s\u2019identifiquen els tipus d\u2019oliveres, s\u2019observa el terreny, la vegetaci\u00f3 i es fa una lectura del paisatge. [&hellip;]<\/p>\n","protected":false},"author":1,"featured_media":0,"parent":0,"menu_order":0,"comment_status":"closed","ping_status":"closed","template":"","meta":{"_bbp_topic_count":0,"_bbp_reply_count":0,"_bbp_total_topic_count":0,"_bbp_total_reply_count":0,"_bbp_voice_count":0,"_bbp_anonymous_reply_count":0,"_bbp_topic_count_hidden":0,"_bbp_reply_count_hidden":0,"_bbp_forum_subforum_count":0,"site-sidebar-layout":"default","site-content-layout":"","ast-site-content-layout":"","site-content-style":"default","site-sidebar-style":"default","ast-global-header-display":"","ast-banner-title-visibility":"","ast-main-header-display":"","ast-hfb-above-header-display":"","ast-hfb-below-header-display":"","ast-hfb-mobile-header-display":"","site-post-title":"","ast-breadcrumbs-content":"","ast-featured-img":"","footer-sml-layout":"","theme-transparent-header-meta":"","adv-header-id-meta":"","stick-header-meta":"","header-above-stick-meta":"","header-main-stick-meta":"","header-below-stick-meta":"","astra-migrate-meta-layouts":"default","ast-page-background-enabled":"default","ast-page-background-meta":{"desktop":{"background-color":"var(--ast-global-color-4)","background-image":"","background-repeat":"repeat","background-position":"center center","background-size":"auto","background-attachment":"scroll","background-type":"","background-media":"","overlay-type":"","overlay-color":"","overlay-opacity":"","overlay-gradient":""},"tablet":{"background-color":"","background-image":"","background-repeat":"repeat","background-position":"center center","background-size":"auto","background-attachment":"scroll","background-type":"","background-media":"","overlay-type":"","overlay-color":"","overlay-opacity":"","overlay-gradient":""},"mobile":{"background-color":"","background-image":"","background-repeat":"repeat","background-position":"center center","background-size":"auto","background-attachment":"scroll","background-type":"","background-media":"","overlay-type":"","overlay-color":"","overlay-opacity":"","overlay-gradient":""}},"ast-content-background-meta":{"desktop":{"background-color":"var(--ast-global-color-5)","background-image":"","background-repeat":"repeat","background-position":"center center","background-size":"auto","background-attachment":"scroll","background-type":"","background-media":"","overlay-type":"","overlay-color":"","overlay-opacity":"","overlay-gradient":""},"tablet":{"background-color":"var(--ast-global-color-5)","background-image":"","background-repeat":"repeat","background-position":"center center","background-size":"auto","background-attachment":"scroll","background-type":"","background-media":"","overlay-type":"","overlay-color":"","overlay-opacity":"","overlay-gradient":""},"mobile":{"background-color":"var(--ast-global-color-5)","background-image":"","background-repeat":"repeat","background-position":"center center","background-size":"auto","background-attachment":"scroll","background-type":"","background-media":"","overlay-type":"","overlay-color":"","overlay-opacity":"","overlay-gradient":""}},"footnotes":""},"class_list":["post-9443","page","type-page","status-publish","hentry"],"post_mailing_queue_ids":[],"_links":{"self":[{"href":"https:\/\/serveiseducatius.xtec.cat\/cda-empuries\/wp-json\/wp\/v2\/pages\/9443","targetHints":{"allow":["GET"]}}],"collection":[{"href":"https:\/\/serveiseducatius.xtec.cat\/cda-empuries\/wp-json\/wp\/v2\/pages"}],"about":[{"href":"https:\/\/serveiseducatius.xtec.cat\/cda-empuries\/wp-json\/wp\/v2\/types\/page"}],"author":[{"embeddable":true,"href":"https:\/\/serveiseducatius.xtec.cat\/cda-empuries\/wp-json\/wp\/v2\/users\/1"}],"replies":[{"embeddable":true,"href":"https:\/\/serveiseducatius.xtec.cat\/cda-empuries\/wp-json\/wp\/v2\/comments?post=9443"}],"version-history":[{"count":3,"href":"https:\/\/serveiseducatius.xtec.cat\/cda-empuries\/wp-json\/wp\/v2\/pages\/9443\/revisions"}],"predecessor-version":[{"id":9446,"href":"https:\/\/serveiseducatius.xtec.cat\/cda-empuries\/wp-json\/wp\/v2\/pages\/9443\/revisions\/9446"}],"wp:attachment":[{"href":"https:\/\/serveiseducatius.xtec.cat\/cda-empuries\/wp-json\/wp\/v2\/media?parent=9443"}],"curies":[{"name":"wp","href":"https:\/\/api.w.org\/{rel}","templated":true}]}}