{"id":9440,"date":"2019-06-30T10:31:38","date_gmt":"2019-06-30T08:31:38","guid":{"rendered":"http:\/\/serveiseducatius.xtec.cat\/cda-empuries\/?page_id=9440"},"modified":"2025-11-07T10:33:44","modified_gmt":"2025-11-07T09:33:44","slug":"lemporda-a-vista-docell-nord-sud","status":"publish","type":"page","link":"https:\/\/serveiseducatius.xtec.cat\/cda-empuries\/lemporda-a-vista-docell-nord-sud\/","title":{"rendered":"L\u2019Empord\u00e0 a vista d\u2019ocell, Nord-Sud"},"content":{"rendered":"<div class=\"entry-content\">\n<p class=\"Estilo2\"><strong>Nivell educatiu<\/strong>: <span class=\"Estilo11\">Cicle Mitj\u00e0 i adaptable a Cicle Superior de Prim\u00e0ria<\/span><\/p>\n<p class=\"Estilo2\"><strong>Codi de l\u2019activitat:<\/strong> Pn5<\/p>\n<p class=\"Estilo2\" align=\"justify\">Visita al Mas Vent\u00f3s, a la serra de Verdera, des d\u2019on hi ha una magn\u00edfica panor\u00e0mica de l\u2019Empord\u00e0 la qual cosa permet no nom\u00e9s fer la lectura del paisatge actual sin\u00f3 treballar tot el proc\u00e9s de formaci\u00f3 i evoluci\u00f3 de la plana deltaica; la formaci\u00f3 dels aiguamolls i descobrir-ne el seu sentit dels encara existents, aix\u00ed com la pressi\u00f3 humana sobre la zona. S\u2019aprofita\u00a0la visita per fer un petit estudi sobre la vegetaci\u00f3 de la zona.<\/p>\n<p class=\"Estilo2\" align=\"justify\">Es complementa amb l\u2019observaci\u00f3 de la costa nord \u2014molt retallada i rocosa\u2014 des de l\u2019antic poblat medieval de Sta. Creu de Roda.<\/p>\n<p class=\"Estilo2\">La durada de la visita \u00e9s d&#8217;unes 4 hores.<\/p>\n<table style=\"height: 438px; width: 822px;\" width=\"709\">\n<tbody>\n<tr style=\"height: 57px;\">\n<td style=\"height: 57px; width: 816px;\" colspan=\"3\">Per vincular a la programaci\u00f3 del centre<\/td>\n<\/tr>\n<tr style=\"height: 57px;\">\n<td style=\"height: 57px; width: 119.65px;\">\u00c0MBIT<\/td>\n<td style=\"height: 57px; width: 102.65px;\">DIMENSI\u00d3<\/td>\n<td style=\"height: 57px; width: 589.7px;\">COMPET\u00c8NCIA<\/td>\n<\/tr>\n<tr style=\"height: 80px;\">\n<td style=\"height: 80px; width: 119.65px;\">Coneixement del medi<\/td>\n<td style=\"height: 80px; width: 102.65px;\">M\u00f3n actual<\/td>\n<td style=\"height: 80px; width: 589.7px;\">C2: Interpretar el present a partir de l\u2019an\u00e0lisi dels canvis i continu\u00eftats al llarg del temps, per comprendre la societat en qu\u00e8 vivim<\/td>\n<\/tr>\n<tr style=\"height: 244px;\">\n<td style=\"height: 244px; width: 119.65px;\">Objectius:<\/td>\n<td style=\"height: 244px; width: 694.35px;\" colspan=\"2\">\n<ul style=\"list-style-type: disc;\">\n<li>Recon\u00e8ixer en el medi natural, social i cultural els canvis i les continu\u00eftats relacionats amb el pas del temps, comprendre algunes relacions de successi\u00f3 i simultane\u00eftat, de cronologia i de durada, i aplicar aquests coneixements en la interpretaci\u00f3 del present, la comprensi\u00f3 del passat i en la construcci\u00f3n del futur.<\/li>\n<li>Valorar la intervenci\u00f3 humana en el medi i el seu impacte al llarg del temps, i saber actuar per la millora del medi ambient i la preservaci\u00f3 del patrimoni cultural.<\/li>\n<li>\u00a0Identificar els principals elements de l\u2019entorn natural, social i\u00a0 cultural m\u00e9s proper.<\/li>\n<li>Utilitzar la llengua com a eina per construir coneixement, per comunicar-lo i per compartir-lo amb els altres, a partir del desenvolupament de les compet\u00e8ncies comunicatives.<\/li>\n<\/ul>\n<\/td>\n<\/tr>\n<\/tbody>\n<\/table>\n<p>Per dur a terme aquesta activitat partirem de la pregunta guia:<\/p>\n<p>A CM de Prim\u00e0ria:<br \/>\n<a href=\"https:\/\/serveiseducatius.xtec.cat\/cda-empuries\/wp-content\/uploads\/usu1383\/2019\/07\/pregunta-emporda-CM.png\"><img loading=\"lazy\" decoding=\"async\" class=\"alignnone size-full wp-image-9631\" src=\"https:\/\/serveiseducatius.xtec.cat\/cda-empuries\/wp-content\/uploads\/usu1383\/2019\/07\/pregunta-emporda-CM.png\" alt=\"\" width=\"568\" height=\"122\" srcset=\"https:\/\/serveiseducatius.xtec.cat\/cda-empuries\/wp-content\/uploads\/usu1383\/2019\/07\/pregunta-emporda-CM.png 568w, https:\/\/serveiseducatius.xtec.cat\/cda-empuries\/wp-content\/uploads\/usu1383\/2019\/07\/pregunta-emporda-CM-300x64.png 300w\" sizes=\"auto, (max-width: 568px) 100vw, 568px\" \/><\/a><\/p>\n<p>Recomanem que mireu la presentaci\u00f3 que us enviem per tal de comen\u00e7ar a preparar el terreny i crear inter\u00e8s i curiositat.<\/p>\n<p>Els alumnes s\u2019hauran de plantejar noves preguntes i trobar respostes fins a poder resoldre la pregunta guia que els plantegem.<\/p>\n<p>&nbsp;<\/p>\n<p><a href=\"https:\/\/serveiseducatius.xtec.cat\/cda-empuries\/moment-1-emporda-a-vista-docell\/\"><img loading=\"lazy\" decoding=\"async\" class=\"alignnone size-full wp-image-9050\" src=\"https:\/\/serveiseducatius.xtec.cat\/cda-empuries\/wp-content\/uploads\/usu1383\/2019\/06\/1.jpg\" alt=\"\" width=\"207\" height=\"289\" \/><\/a>\u00a0 \u00a0 \u00a0\u00a0 <a href=\"https:\/\/serveiseducatius.xtec.cat\/cda-empuries\/moment-2-emporda-a-vista-docell\/\"><img loading=\"lazy\" decoding=\"async\" class=\"alignnone size-full wp-image-9051\" src=\"https:\/\/serveiseducatius.xtec.cat\/cda-empuries\/wp-content\/uploads\/usu1383\/2019\/06\/2.jpg\" alt=\"\" width=\"206\" height=\"290\" \/><\/a> \u00a0 \u00a0 \u00a0 <a href=\"https:\/\/serveiseducatius.xtec.cat\/cda-empuries\/moment-3-emporda-a-vista-docell\/\"><img loading=\"lazy\" decoding=\"async\" class=\"alignnone size-full wp-image-9052\" src=\"https:\/\/serveiseducatius.xtec.cat\/cda-empuries\/wp-content\/uploads\/usu1383\/2019\/06\/3.jpg\" alt=\"\" width=\"205\" height=\"289\" \/><\/a><\/p>\n<p class=\"Estilo2\">Aquesta activitat est\u00e0 directament relacionada amb:<\/p>\n<ul>\n<li class=\"Estilo2\"><a href=\"https:\/\/serveiseducatius.xtec.cat\/cda-empuries\/activitats-als-aiguamolls-per-nivells\/\" target=\"_blank\" rel=\"noopener noreferrer\">Aiguamolls de l\u2019Empord\u00e0<\/a><\/li>\n<li class=\"Estilo2\"><a href=\"https:\/\/serveiseducatius.xtec.cat\/cda-empuries\/riba-dreta-del-riu-fluvia-curs-baix\/\" target=\"_blank\" rel=\"noopener noreferrer\">Riba dreta del Fluvia (curs baix)<\/a><\/li>\n<\/ul>\n<p class=\"Estilo2\" align=\"center\">\n<h2 style=\"text-align: center;\"><a href=\"https:\/\/serveiseducatius.xtec.cat\/cda-empuries\/oferta-pedagogica\/\">Torna a activitats per \u00e0mbits<\/a><\/h2>\n<\/div>\n","protected":false},"excerpt":{"rendered":"<p>Nivell educatiu: Cicle Mitj\u00e0 i adaptable a Cicle Superior de Prim\u00e0ria Codi de l\u2019activitat: Pn5 Visita al Mas Vent\u00f3s, a la serra de Verdera, des d\u2019on hi ha una magn\u00edfica panor\u00e0mica de l\u2019Empord\u00e0 la qual cosa permet no nom\u00e9s fer la lectura del paisatge actual sin\u00f3 treballar tot el proc\u00e9s de formaci\u00f3 i evoluci\u00f3 de [&hellip;]<\/p>\n","protected":false},"author":1,"featured_media":0,"parent":0,"menu_order":0,"comment_status":"closed","ping_status":"closed","template":"","meta":{"_bbp_topic_count":0,"_bbp_reply_count":0,"_bbp_total_topic_count":0,"_bbp_total_reply_count":0,"_bbp_voice_count":0,"_bbp_anonymous_reply_count":0,"_bbp_topic_count_hidden":0,"_bbp_reply_count_hidden":0,"_bbp_forum_subforum_count":0,"site-sidebar-layout":"default","site-content-layout":"","ast-site-content-layout":"default","site-content-style":"default","site-sidebar-style":"default","ast-global-header-display":"","ast-banner-title-visibility":"","ast-main-header-display":"","ast-hfb-above-header-display":"","ast-hfb-below-header-display":"","ast-hfb-mobile-header-display":"","site-post-title":"","ast-breadcrumbs-content":"","ast-featured-img":"","footer-sml-layout":"","theme-transparent-header-meta":"default","adv-header-id-meta":"","stick-header-meta":"","header-above-stick-meta":"","header-main-stick-meta":"","header-below-stick-meta":"","astra-migrate-meta-layouts":"set","ast-page-background-enabled":"default","ast-page-background-meta":{"desktop":{"background-color":"var(--ast-global-color-4)","background-image":"","background-repeat":"repeat","background-position":"center center","background-size":"auto","background-attachment":"scroll","background-type":"","background-media":"","overlay-type":"","overlay-color":"","overlay-opacity":"","overlay-gradient":""},"tablet":{"background-color":"","background-image":"","background-repeat":"repeat","background-position":"center center","background-size":"auto","background-attachment":"scroll","background-type":"","background-media":"","overlay-type":"","overlay-color":"","overlay-opacity":"","overlay-gradient":""},"mobile":{"background-color":"","background-image":"","background-repeat":"repeat","background-position":"center center","background-size":"auto","background-attachment":"scroll","background-type":"","background-media":"","overlay-type":"","overlay-color":"","overlay-opacity":"","overlay-gradient":""}},"ast-content-background-meta":{"desktop":{"background-color":"var(--ast-global-color-5)","background-image":"","background-repeat":"repeat","background-position":"center center","background-size":"auto","background-attachment":"scroll","background-type":"","background-media":"","overlay-type":"","overlay-color":"","overlay-opacity":"","overlay-gradient":""},"tablet":{"background-color":"var(--ast-global-color-5)","background-image":"","background-repeat":"repeat","background-position":"center center","background-size":"auto","background-attachment":"scroll","background-type":"","background-media":"","overlay-type":"","overlay-color":"","overlay-opacity":"","overlay-gradient":""},"mobile":{"background-color":"var(--ast-global-color-5)","background-image":"","background-repeat":"repeat","background-position":"center center","background-size":"auto","background-attachment":"scroll","background-type":"","background-media":"","overlay-type":"","overlay-color":"","overlay-opacity":"","overlay-gradient":""}},"footnotes":""},"class_list":["post-9440","page","type-page","status-publish","hentry"],"post_mailing_queue_ids":[],"_links":{"self":[{"href":"https:\/\/serveiseducatius.xtec.cat\/cda-empuries\/wp-json\/wp\/v2\/pages\/9440","targetHints":{"allow":["GET"]}}],"collection":[{"href":"https:\/\/serveiseducatius.xtec.cat\/cda-empuries\/wp-json\/wp\/v2\/pages"}],"about":[{"href":"https:\/\/serveiseducatius.xtec.cat\/cda-empuries\/wp-json\/wp\/v2\/types\/page"}],"author":[{"embeddable":true,"href":"https:\/\/serveiseducatius.xtec.cat\/cda-empuries\/wp-json\/wp\/v2\/users\/1"}],"replies":[{"embeddable":true,"href":"https:\/\/serveiseducatius.xtec.cat\/cda-empuries\/wp-json\/wp\/v2\/comments?post=9440"}],"version-history":[{"count":5,"href":"https:\/\/serveiseducatius.xtec.cat\/cda-empuries\/wp-json\/wp\/v2\/pages\/9440\/revisions"}],"predecessor-version":[{"id":12522,"href":"https:\/\/serveiseducatius.xtec.cat\/cda-empuries\/wp-json\/wp\/v2\/pages\/9440\/revisions\/12522"}],"wp:attachment":[{"href":"https:\/\/serveiseducatius.xtec.cat\/cda-empuries\/wp-json\/wp\/v2\/media?parent=9440"}],"curies":[{"name":"wp","href":"https:\/\/api.w.org\/{rel}","templated":true}]}}