{"id":9436,"date":"2019-06-30T10:27:55","date_gmt":"2019-06-30T08:27:55","guid":{"rendered":"http:\/\/serveiseducatius.xtec.cat\/cda-empuries\/?page_id=9436"},"modified":"2020-12-18T13:44:51","modified_gmt":"2020-12-18T12:44:51","slug":"montgri-castel-and-mountain","status":"publish","type":"page","link":"https:\/\/serveiseducatius.xtec.cat\/cda-empuries\/montgri-castel-and-mountain\/","title":{"rendered":"Montgri,  Mountain and Castle"},"content":{"rendered":"<div class=\"entry-content\">\n<p class=\"Estilo5\"><strong>Nivells educatius:<\/strong> Cicle Superior de Prim\u00e0ria i ESO<\/p>\n<p class=\"Estilo5\"><strong>Codi de l\u2019activitat:<\/strong> Em4<\/p>\n<p class=\"Estilo2\" align=\"justify\">Activitat en angl\u00e8s (especialment indicada per a centres que tinguin implementat un projecte de doc\u00e8ncia en aquest idioma).<\/p>\n<p class=\"Estilo2\" align=\"justify\">Itinerari des de\u00a0Torroella de Montgr\u00ed fins al castell, en qu\u00e8 es van revisant els elements de patrimoni natural i hist\u00f2ric relacionats amb el recorregut. Un cop al castell, aquest pren el protagonisme, des de les incid\u00e8ncies sobre la seva construcci\u00f3 inacabada, a la lectura de paisatge de tot l\u2019Empord\u00e0 i del mass\u00eds en si.<\/p>\n<p class=\"Estilo2\">La durada de l\u2019activitat \u00e9s d\u2019unes 4 o 5 hores. Cal tenir en compte que la pujada pot comportar una certa dificultat f\u00edsica.<\/p>\n<p>Per dur a terme aquesta activitat partirem de la pregunta guia:<\/p>\n<p><a href=\"https:\/\/serveiseducatius.xtec.cat\/cda-empuries\/wp-content\/uploads\/usu1383\/2020\/12\/pregunta-1.jpg\"><img loading=\"lazy\" decoding=\"async\" class=\"alignnone wp-image-10888\" src=\"https:\/\/serveiseducatius.xtec.cat\/cda-empuries\/wp-content\/uploads\/usu1383\/2020\/12\/pregunta-1.jpg\" alt=\"\" width=\"504\" height=\"118\" srcset=\"https:\/\/serveiseducatius.xtec.cat\/cda-empuries\/wp-content\/uploads\/usu1383\/2020\/12\/pregunta-1.jpg 684w, https:\/\/serveiseducatius.xtec.cat\/cda-empuries\/wp-content\/uploads\/usu1383\/2020\/12\/pregunta-1-300x70.jpg 300w\" sizes=\"auto, (max-width: 504px) 100vw, 504px\" \/><\/a><\/p>\n<p>Recomanem que mireu els materials del Moment 1 per tal de comen\u00e7ar a preparar el terreny, a assolir vocabulari en angl\u00e8s i crear inter\u00e8s i curiositat.<\/p>\n<p><a href=\"https:\/\/serveiseducatius.xtec.cat\/cda-empuries\/montgri-mountain-and-castle-before-the-trip\/\" target=\"_blank\" rel=\"noopener noreferrer\"><img loading=\"lazy\" decoding=\"async\" class=\"alignnone size-full wp-image-9050\" src=\"https:\/\/serveiseducatius.xtec.cat\/cda-empuries\/wp-content\/uploads\/usu1383\/2019\/06\/1.jpg\" alt=\"\" width=\"207\" height=\"289\" \/><\/a>\u00a0\u00a0 \u00a0 \u00a0 \u00a0\u00a0\u00a0<a href=\"https:\/\/drive.google.com\/file\/d\/1Ygvov4Gh4pPNl8gGwY3PJTGYi7VT7w3j\/view?usp=sharing\" target=\"_blank\" rel=\"noopener noreferrer\"><img loading=\"lazy\" decoding=\"async\" class=\"alignnone size-full wp-image-9051\" src=\"https:\/\/serveiseducatius.xtec.cat\/cda-empuries\/wp-content\/uploads\/usu1383\/2019\/06\/2.jpg\" alt=\"\" width=\"206\" height=\"290\" \/><\/a>\u00a0\u00a0 \u00a0 \u00a0 \u00a0 \u00a0\u00a0<a href=\"https:\/\/serveiseducatius.xtec.cat\/cda-empuries\/montgri-mountain-and-castle-after-the-trip\/\" target=\"_blank\" rel=\"noopener noreferrer\"><img loading=\"lazy\" decoding=\"async\" class=\"alignnone size-full wp-image-9052\" src=\"https:\/\/serveiseducatius.xtec.cat\/cda-empuries\/wp-content\/uploads\/usu1383\/2019\/06\/3.jpg\" alt=\"\" width=\"205\" height=\"289\" \/><\/a><\/p>\n<p class=\"Estilo2\">Aquesta activitat est\u00e0 directament relacionada amb:<\/p>\n<ul>\n<li class=\"Estilo2\">L\u2019Empord\u00e0 a vol d\u2019ocell, Nord-Sud<\/li>\n<li class=\"Estilo2\">Sant Pere de Roda<\/li>\n<\/ul>\n<p style=\"text-align: center;\"><a href=\"https:\/\/serveiseducatius.xtec.cat\/cda-empuries\/oferta-pedagogica\/\">Torna a activitats per \u00e0mbits<\/a><\/p>\n<\/div>\n","protected":false},"excerpt":{"rendered":"<p>Nivells educatius: Cicle Superior de Prim\u00e0ria i ESO Codi de l\u2019activitat: Em4 Activitat en angl\u00e8s (especialment indicada per a centres que tinguin implementat un projecte de doc\u00e8ncia en aquest idioma). Itinerari des de\u00a0Torroella de Montgr\u00ed fins al castell, en qu\u00e8 es van revisant els elements de patrimoni natural i hist\u00f2ric relacionats amb el recorregut. Un [&hellip;]<\/p>\n","protected":false},"author":1,"featured_media":0,"parent":0,"menu_order":0,"comment_status":"closed","ping_status":"closed","template":"","meta":{"_bbp_topic_count":0,"_bbp_reply_count":0,"_bbp_total_topic_count":0,"_bbp_total_reply_count":0,"_bbp_voice_count":0,"_bbp_anonymous_reply_count":0,"_bbp_topic_count_hidden":0,"_bbp_reply_count_hidden":0,"_bbp_forum_subforum_count":0,"site-sidebar-layout":"default","site-content-layout":"","ast-site-content-layout":"","site-content-style":"default","site-sidebar-style":"default","ast-global-header-display":"","ast-banner-title-visibility":"","ast-main-header-display":"","ast-hfb-above-header-display":"","ast-hfb-below-header-display":"","ast-hfb-mobile-header-display":"","site-post-title":"","ast-breadcrumbs-content":"","ast-featured-img":"","footer-sml-layout":"","theme-transparent-header-meta":"","adv-header-id-meta":"","stick-header-meta":"","header-above-stick-meta":"","header-main-stick-meta":"","header-below-stick-meta":"","astra-migrate-meta-layouts":"default","ast-page-background-enabled":"default","ast-page-background-meta":{"desktop":{"background-color":"var(--ast-global-color-4)","background-image":"","background-repeat":"repeat","background-position":"center center","background-size":"auto","background-attachment":"scroll","background-type":"","background-media":"","overlay-type":"","overlay-color":"","overlay-opacity":"","overlay-gradient":""},"tablet":{"background-color":"","background-image":"","background-repeat":"repeat","background-position":"center center","background-size":"auto","background-attachment":"scroll","background-type":"","background-media":"","overlay-type":"","overlay-color":"","overlay-opacity":"","overlay-gradient":""},"mobile":{"background-color":"","background-image":"","background-repeat":"repeat","background-position":"center center","background-size":"auto","background-attachment":"scroll","background-type":"","background-media":"","overlay-type":"","overlay-color":"","overlay-opacity":"","overlay-gradient":""}},"ast-content-background-meta":{"desktop":{"background-color":"var(--ast-global-color-5)","background-image":"","background-repeat":"repeat","background-position":"center center","background-size":"auto","background-attachment":"scroll","background-type":"","background-media":"","overlay-type":"","overlay-color":"","overlay-opacity":"","overlay-gradient":""},"tablet":{"background-color":"var(--ast-global-color-5)","background-image":"","background-repeat":"repeat","background-position":"center center","background-size":"auto","background-attachment":"scroll","background-type":"","background-media":"","overlay-type":"","overlay-color":"","overlay-opacity":"","overlay-gradient":""},"mobile":{"background-color":"var(--ast-global-color-5)","background-image":"","background-repeat":"repeat","background-position":"center center","background-size":"auto","background-attachment":"scroll","background-type":"","background-media":"","overlay-type":"","overlay-color":"","overlay-opacity":"","overlay-gradient":""}},"footnotes":""},"class_list":["post-9436","page","type-page","status-publish","hentry"],"post_mailing_queue_ids":[],"_links":{"self":[{"href":"https:\/\/serveiseducatius.xtec.cat\/cda-empuries\/wp-json\/wp\/v2\/pages\/9436","targetHints":{"allow":["GET"]}}],"collection":[{"href":"https:\/\/serveiseducatius.xtec.cat\/cda-empuries\/wp-json\/wp\/v2\/pages"}],"about":[{"href":"https:\/\/serveiseducatius.xtec.cat\/cda-empuries\/wp-json\/wp\/v2\/types\/page"}],"author":[{"embeddable":true,"href":"https:\/\/serveiseducatius.xtec.cat\/cda-empuries\/wp-json\/wp\/v2\/users\/1"}],"replies":[{"embeddable":true,"href":"https:\/\/serveiseducatius.xtec.cat\/cda-empuries\/wp-json\/wp\/v2\/comments?post=9436"}],"version-history":[{"count":4,"href":"https:\/\/serveiseducatius.xtec.cat\/cda-empuries\/wp-json\/wp\/v2\/pages\/9436\/revisions"}],"predecessor-version":[{"id":10905,"href":"https:\/\/serveiseducatius.xtec.cat\/cda-empuries\/wp-json\/wp\/v2\/pages\/9436\/revisions\/10905"}],"wp:attachment":[{"href":"https:\/\/serveiseducatius.xtec.cat\/cda-empuries\/wp-json\/wp\/v2\/media?parent=9436"}],"curies":[{"name":"wp","href":"https:\/\/api.w.org\/{rel}","templated":true}]}}