{"id":9432,"date":"2019-06-30T10:19:46","date_gmt":"2019-06-30T08:19:46","guid":{"rendered":"http:\/\/serveiseducatius.xtec.cat\/cda-empuries\/?page_id=9432"},"modified":"2020-12-21T17:12:58","modified_gmt":"2020-12-21T16:12:58","slug":"muntanya-i-castell-del-montgri","status":"publish","type":"page","link":"https:\/\/serveiseducatius.xtec.cat\/cda-empuries\/muntanya-i-castell-del-montgri\/","title":{"rendered":"Muntanya i Castell del Montgr\u00ed"},"content":{"rendered":"<div class=\"entry-content\">\n<p class=\"Estilo2\"><strong>Nivell educatiu:<\/strong> <span class=\"Estilo6\">Secund\u00e0ria<br \/>\n<\/span><\/p>\n<p class=\"Estilo2\"><strong>Codi de l\u2019activitat:<\/strong> Em3<\/p>\n<p class=\"Estilo2\" align=\"justify\">Itinerari des de\u00a0Torroella de Montgr\u00ed fins al castell, en qu\u00e8 es van revisant els elements de patrimoni natural i hist\u00f2ric relacionats amb el recorregut. Un cop al castell, aquest pren el protagonisme, des de les incid\u00e8ncies sobre la seva construcci\u00f3 inacabada, a la lectura de paisatge de tot l\u2019Empord\u00e0 i del mass\u00eds en si.<\/p>\n<p class=\"Estilo2\">La durada de l\u2019activitat \u00e9s d\u2019unes 4 o 5 hores. Cal tenir en compte que la pujada pot comportar una certa dificultat f\u00edsica.<\/p>\n<p>CCBB \u00a0de l\u2019\u00e0mbit cientificotecnol\u00f2gic<\/p>\n<p>&nbsp;<\/p>\n<table style=\"width: 819px; height: 243px;\" width=\"709\">\n<tbody>\n<tr style=\"height: 33px;\">\n<td style=\"width: 813px; height: 33px;\" colspan=\"3\">Per vincular a la programaci\u00f3 del centre de secund\u00e0ria<\/td>\n<\/tr>\n<tr style=\"height: 33px;\">\n<td style=\"width: 141px; height: 33px;\">\u00c0MBIT<\/td>\n<td style=\"width: 260px; height: 33px;\">DIMENSI\u00d3<\/td>\n<td style=\"width: 408px; height: 33px;\">COMPET\u00c8NCIA<\/td>\n<\/tr>\n<tr style=\"height: 65px;\">\n<td style=\"width: 141px; height: 65px;\">Cientificotecnol\u00f2gic<\/td>\n<td style=\"width: 260px; height: 65px;\">Indagaci\u00f3 de fen\u00f2mens naturals i de la vida quotidiana<\/td>\n<td style=\"width: 408px; height: 65px;\">Compet\u00e8ncia 2. Identificar i caracteritzar els sistemes biol\u00f2gics i geol\u00f2gics des de la perspectiva dels models, per comunicar i predir el comportament dels fen\u00f2mens naturals<\/td>\n<\/tr>\n<tr style=\"height: 177px;\">\n<td style=\"width: 141px; height: 112px;\">Objectius:<\/td>\n<td style=\"width: 670px; height: 112px;\" colspan=\"2\">\n<ol>\n<li>Con\u00e8ixer la geologia i la bot\u00e0nica del mass\u00eds del Montgr\u00ed<\/li>\n<li>Recon\u00e8ixer els elements del Castell del Montgr\u00ed<\/li>\n<li>Saber la hist\u00f2ria de la construcci\u00f3 inacabada del Castell<\/li>\n<li>Interpretar els elements del paisatge<\/li>\n<\/ol>\n<\/td>\n<\/tr>\n<\/tbody>\n<\/table>\n<p>Per dur a terme aquesta activitat partirem de la pregunta guia:<\/p>\n<p><a href=\"https:\/\/serveiseducatius.xtec.cat\/cda-empuries\/wp-content\/uploads\/usu1383\/2020\/12\/pregunta.jpg\"><img loading=\"lazy\" decoding=\"async\" class=\"alignnone wp-image-10879\" src=\"https:\/\/serveiseducatius.xtec.cat\/cda-empuries\/wp-content\/uploads\/usu1383\/2020\/12\/pregunta.jpg\" alt=\"\" width=\"605\" height=\"115\" srcset=\"https:\/\/serveiseducatius.xtec.cat\/cda-empuries\/wp-content\/uploads\/usu1383\/2020\/12\/pregunta.jpg 721w, https:\/\/serveiseducatius.xtec.cat\/cda-empuries\/wp-content\/uploads\/usu1383\/2020\/12\/pregunta-300x57.jpg 300w\" sizes=\"auto, (max-width: 605px) 100vw, 605px\" \/><\/a><\/p>\n<p>Recomanem que mireu la presentaci\u00f3 del Moment 1 per tal de comen\u00e7ar a preparar el terreny i crear inter\u00e8s i curiositat.<\/p>\n<p><img loading=\"lazy\" decoding=\"async\" class=\"alignnone size-full wp-image-9050\" src=\"https:\/\/serveiseducatius.xtec.cat\/cda-empuries\/wp-content\/uploads\/usu1383\/2019\/06\/1.jpg\" alt=\"\" width=\"207\" height=\"289\" \/> \u00a0 \u00a0 \u00a0 \u00a0\u00a0 <a href=\"https:\/\/drive.google.com\/file\/d\/11JayOpC3x3cUucBmn5FYGOuV9KA8nfbn\/view?usp=sharing\" target=\"_blank\" rel=\"noopener noreferrer\"><img loading=\"lazy\" decoding=\"async\" class=\"alignnone size-full wp-image-9051\" src=\"https:\/\/serveiseducatius.xtec.cat\/cda-empuries\/wp-content\/uploads\/usu1383\/2019\/06\/2.jpg\" alt=\"\" width=\"206\" height=\"290\" \/><\/a> \u00a0 \u00a0 \u00a0 \u00a0 \u00a0 <a href=\"https:\/\/drive.google.com\/file\/d\/1Vjq-vC8YgltI7aYhDyAKe-uLvyjquR3n\/view?usp=sharing\" target=\"_blank\" rel=\"noopener noreferrer\"><img loading=\"lazy\" decoding=\"async\" class=\"alignnone size-full wp-image-9052\" src=\"https:\/\/serveiseducatius.xtec.cat\/cda-empuries\/wp-content\/uploads\/usu1383\/2019\/06\/3.jpg\" alt=\"\" width=\"205\" height=\"289\" \/><\/a><\/p>\n<p class=\"Estilo2\" align=\"justify\">Aquesta activitat est\u00e0 directament relacionada amb:<\/p>\n<ul style=\"font-size: 16px; font-family: 'Helvetica Neue', Helvetica, Helvetica, Arial, sans-serif;\">\n<li class=\"Estilo2\">L\u2019Empord\u00e0 a vol d\u2019ocell, Nord-Sud<\/li>\n<li class=\"Estilo2\">Sant Pere de Roda<\/li>\n<\/ul>\n<p class=\"Estilo2\" align=\"center\"><img loading=\"lazy\" decoding=\"async\" class=\"\" src=\"http:\/\/www.xtec.cat\/cda-empuries\/Imatges\/rod02.jpg\" alt=\"\" width=\"180\" height=\"140\" \/><img loading=\"lazy\" decoding=\"async\" src=\"http:\/\/www.xtec.cat\/cda-empuries\/Imatges\/Rodes04.jpg\" alt=\"\" width=\"181\" height=\"138\" \/><img loading=\"lazy\" decoding=\"async\" src=\"http:\/\/www.xtec.cat\/cda-empuries\/Imatges\/rod01.jpg\" alt=\"\" width=\"181\" height=\"138\" \/><\/p>\n<h2 align=\"center\"><\/h2>\n<p class=\"Estilo2\" style=\"text-align: center;\"><img loading=\"lazy\" decoding=\"async\" class=\"\" src=\"http:\/\/www.xtec.cat\/cda-empuries\/Imatges\/cast02.jpg\" alt=\"\" width=\"180\" height=\"140\" \/><img loading=\"lazy\" decoding=\"async\" class=\"\" src=\"http:\/\/www.xtec.cat\/cda-empuries\/Imatges\/cast01.jpg\" alt=\"\" width=\"180\" height=\"140\" \/><img loading=\"lazy\" decoding=\"async\" class=\"\" src=\"http:\/\/www.xtec.cat\/cda-empuries\/Imatges\/cast03.jpg\" alt=\"\" width=\"180\" height=\"140\" \/><\/p>\n<p style=\"text-align: center;\"><a href=\"https:\/\/serveiseducatius.xtec.cat\/cda-empuries\/activitats-del-montgri-per-nivells\/\" target=\"_blank\" rel=\"noopener noreferrer\">Torna a activitats del Montgr\u00ed<\/a><\/p>\n<\/div>\n","protected":false},"excerpt":{"rendered":"<p>Nivell educatiu: Secund\u00e0ria Codi de l\u2019activitat: Em3 Itinerari des de\u00a0Torroella de Montgr\u00ed fins al castell, en qu\u00e8 es van revisant els elements de patrimoni natural i hist\u00f2ric relacionats amb el recorregut. Un cop al castell, aquest pren el protagonisme, des de les incid\u00e8ncies sobre la seva construcci\u00f3 inacabada, a la lectura de paisatge de tot [&hellip;]<\/p>\n","protected":false},"author":1,"featured_media":0,"parent":0,"menu_order":0,"comment_status":"closed","ping_status":"closed","template":"","meta":{"_bbp_topic_count":0,"_bbp_reply_count":0,"_bbp_total_topic_count":0,"_bbp_total_reply_count":0,"_bbp_voice_count":0,"_bbp_anonymous_reply_count":0,"_bbp_topic_count_hidden":0,"_bbp_reply_count_hidden":0,"_bbp_forum_subforum_count":0,"site-sidebar-layout":"default","site-content-layout":"","ast-site-content-layout":"","site-content-style":"default","site-sidebar-style":"default","ast-global-header-display":"","ast-banner-title-visibility":"","ast-main-header-display":"","ast-hfb-above-header-display":"","ast-hfb-below-header-display":"","ast-hfb-mobile-header-display":"","site-post-title":"","ast-breadcrumbs-content":"","ast-featured-img":"","footer-sml-layout":"","theme-transparent-header-meta":"","adv-header-id-meta":"","stick-header-meta":"","header-above-stick-meta":"","header-main-stick-meta":"","header-below-stick-meta":"","astra-migrate-meta-layouts":"default","ast-page-background-enabled":"default","ast-page-background-meta":{"desktop":{"background-color":"var(--ast-global-color-4)","background-image":"","background-repeat":"repeat","background-position":"center center","background-size":"auto","background-attachment":"scroll","background-type":"","background-media":"","overlay-type":"","overlay-color":"","overlay-opacity":"","overlay-gradient":""},"tablet":{"background-color":"","background-image":"","background-repeat":"repeat","background-position":"center center","background-size":"auto","background-attachment":"scroll","background-type":"","background-media":"","overlay-type":"","overlay-color":"","overlay-opacity":"","overlay-gradient":""},"mobile":{"background-color":"","background-image":"","background-repeat":"repeat","background-position":"center center","background-size":"auto","background-attachment":"scroll","background-type":"","background-media":"","overlay-type":"","overlay-color":"","overlay-opacity":"","overlay-gradient":""}},"ast-content-background-meta":{"desktop":{"background-color":"var(--ast-global-color-5)","background-image":"","background-repeat":"repeat","background-position":"center center","background-size":"auto","background-attachment":"scroll","background-type":"","background-media":"","overlay-type":"","overlay-color":"","overlay-opacity":"","overlay-gradient":""},"tablet":{"background-color":"var(--ast-global-color-5)","background-image":"","background-repeat":"repeat","background-position":"center center","background-size":"auto","background-attachment":"scroll","background-type":"","background-media":"","overlay-type":"","overlay-color":"","overlay-opacity":"","overlay-gradient":""},"mobile":{"background-color":"var(--ast-global-color-5)","background-image":"","background-repeat":"repeat","background-position":"center center","background-size":"auto","background-attachment":"scroll","background-type":"","background-media":"","overlay-type":"","overlay-color":"","overlay-opacity":"","overlay-gradient":""}},"footnotes":""},"class_list":["post-9432","page","type-page","status-publish","hentry"],"post_mailing_queue_ids":[],"_links":{"self":[{"href":"https:\/\/serveiseducatius.xtec.cat\/cda-empuries\/wp-json\/wp\/v2\/pages\/9432","targetHints":{"allow":["GET"]}}],"collection":[{"href":"https:\/\/serveiseducatius.xtec.cat\/cda-empuries\/wp-json\/wp\/v2\/pages"}],"about":[{"href":"https:\/\/serveiseducatius.xtec.cat\/cda-empuries\/wp-json\/wp\/v2\/types\/page"}],"author":[{"embeddable":true,"href":"https:\/\/serveiseducatius.xtec.cat\/cda-empuries\/wp-json\/wp\/v2\/users\/1"}],"replies":[{"embeddable":true,"href":"https:\/\/serveiseducatius.xtec.cat\/cda-empuries\/wp-json\/wp\/v2\/comments?post=9432"}],"version-history":[{"count":4,"href":"https:\/\/serveiseducatius.xtec.cat\/cda-empuries\/wp-json\/wp\/v2\/pages\/9432\/revisions"}],"predecessor-version":[{"id":10908,"href":"https:\/\/serveiseducatius.xtec.cat\/cda-empuries\/wp-json\/wp\/v2\/pages\/9432\/revisions\/10908"}],"wp:attachment":[{"href":"https:\/\/serveiseducatius.xtec.cat\/cda-empuries\/wp-json\/wp\/v2\/media?parent=9432"}],"curies":[{"name":"wp","href":"https:\/\/api.w.org\/{rel}","templated":true}]}}