{"id":9423,"date":"2019-06-30T10:06:11","date_gmt":"2019-06-30T08:06:11","guid":{"rendered":"http:\/\/serveiseducatius.xtec.cat\/cda-empuries\/?page_id=9423"},"modified":"2025-10-06T12:23:44","modified_gmt":"2025-10-06T10:23:44","slug":"sant-marti-dempuries-un-comtat-medieval","status":"publish","type":"page","link":"https:\/\/serveiseducatius.xtec.cat\/cda-empuries\/sant-marti-dempuries-un-comtat-medieval\/","title":{"rendered":"Sant Mart\u00ed d\u2019Emp\u00faries: un comtat medieval"},"content":{"rendered":"<div class=\"entry-content\">\n<p><strong>Nivells educatius: <\/strong>Cicles Mitj\u00e0 i Superior de Prim\u00e0ria<\/p>\n<p><strong>Codi de l\u2019activitat:<\/strong> Em1<\/p>\n<p>Sant Mart\u00ed d\u2019Emp\u00faries actualment \u00e9s un petit nucli tur\u00edstic, per\u00f2 ocupa la primera zona on s\u2019establiren els grecs a la seva arribada al pa\u00eds i on fundaren la polis d\u2019Emp\u00f2rion al segle VI aC. Aquesta, despr\u00e9s del segle III d.C., quedaria com a \u00fanic nucli habitat d\u2019Emp\u00faries, i seria seu de bisbat i capital del comtat del mateix nom durant l\u2019edat mitjana.<\/p>\n<p>Durant l\u2019activitat es visita el nucli de l\u2019antiga Emp\u00faries medieval i el lloc que ocupava l\u2019antic port d\u2019Emp\u00faries a partir d&#8217;un joc de pistes en qu\u00e8 els alumnes treballen en grups redu\u00efts de manera aut\u00f2noma.<\/p>\n<table style=\"height: 364px; width: 815px; border-style: solid; border-color: #000000;\" width=\"815\">\n<tbody>\n<tr style=\"height: 57px;\">\n<td style=\"width: 809px; height: 57px; border-style: solid; border-color: #000000;\" colspan=\"3\">Per vincular a la programaci\u00f3 del centre<\/td>\n<\/tr>\n<tr style=\"height: 57px;\">\n<td style=\"width: 119.633px; height: 57px; border-style: solid; border-color: #000000;\">\u00c0MBIT<\/td>\n<td style=\"width: 102.633px; height: 57px; border-style: solid; border-color: #000000;\">DIMENSI\u00d3<\/td>\n<td style=\"width: 582.733px; height: 57px; border-style: solid; border-color: #000000;\">COMPET\u00c8NCIA<\/td>\n<\/tr>\n<tr style=\"height: 80px;\">\n<td style=\"width: 119.633px; height: 80px; border-style: solid; border-color: #000000;\">Coneixement del medi<\/td>\n<td style=\"width: 102.633px; height: 80px; border-style: solid; border-color: #000000;\">M\u00f3n actual<\/td>\n<td style=\"width: 582.733px; height: 80px; border-style: solid; border-color: #000000;\">C2: Interpretar el present a partir de l\u2019an\u00e0lisi dels canvis i continu\u00eftats al llarg del temps, per comprendre la societat en qu\u00e8 vivim<\/td>\n<\/tr>\n<tr style=\"height: 170px;\">\n<td style=\"width: 119.633px; height: 170px; border-style: solid; border-color: #000000;\">Objectius:<\/td>\n<td style=\"height: 170px; border-style: solid; border-color: #000000;\" colspan=\"2\">\u00b7\u00a0\u00a0\u00a0\u00a0\u00a0\u00a0\u00a0\u00a0 Con\u00e8ixer de primera m\u00e0 el primer establiment dels grecs a la costa catalana i el comtat medieval del qual Sant Mart\u00ed en fou la principal seu.<\/p>\n<p>\u00b7\u00a0\u00a0\u00a0\u00a0\u00a0\u00a0\u00a0\u00a0 Aprendre a valorar l\u2019her\u00e8ncia grega i medieval de la cultura catalana.<\/p>\n<p>\u00b7\u00a0\u00a0\u00a0\u00a0\u00a0\u00a0\u00a0\u00a0 Fer-se c\u00e0rrec del treball dels arque\u00f2legs i restauradors com a possible opci\u00f3 laboral de futur.<\/td>\n<\/tr>\n<tr>\n<td style=\"width: 119.633px; border-style: solid; border-color: #000000;\">CONTINGUTS CLAU<\/td>\n<td style=\"width: 687.367px; border-style: solid; border-color: #000000;\" colspan=\"2\">. Passat, present i futur de les societats i comunitats culturals.<\/p>\n<p>\u2022El passat i present de Catalunya en el context d\u2019Es-panya i d\u2019Europa.<\/p>\n<p>\u2022El patrimoni cultural: her\u00e8ncia del passat i llegat per al futur.<\/p>\n<p>\u2022El temps a la hist\u00f2ria: unitats de mesura, etapes, per\u00edodes, durada, cicle, ritme, successi\u00f3, simulta-ne\u00eftat, causalitat, passat, present, futurs&#8230;<\/p>\n<p>\u2022Les civilitzacions: la societat, l\u2019economia, la tecno-logia, la cultura, les idees, les religions, les expres-sions art\u00edstiques, els invisibles (les dones, les mino-ries, els infants).<\/td>\n<\/tr>\n<\/tbody>\n<\/table>\n<p>Per dur a terme aquesta activitat partirem de la pregunta guia:<\/p>\n<p><a href=\"https:\/\/serveiseducatius.xtec.cat\/cda-empuries\/wp-content\/uploads\/usu1383\/2019\/07\/pregunta-SME.png\"><img loading=\"lazy\" decoding=\"async\" class=\"alignnone size-full wp-image-9504\" src=\"https:\/\/serveiseducatius.xtec.cat\/cda-empuries\/wp-content\/uploads\/usu1383\/2019\/07\/pregunta-SME.png\" alt=\"\" width=\"1007\" height=\"182\" srcset=\"https:\/\/serveiseducatius.xtec.cat\/cda-empuries\/wp-content\/uploads\/usu1383\/2019\/07\/pregunta-SME.png 1007w, https:\/\/serveiseducatius.xtec.cat\/cda-empuries\/wp-content\/uploads\/usu1383\/2019\/07\/pregunta-SME-300x54.png 300w, https:\/\/serveiseducatius.xtec.cat\/cda-empuries\/wp-content\/uploads\/usu1383\/2019\/07\/pregunta-SME-768x139.png 768w\" sizes=\"auto, (max-width: 1007px) 100vw, 1007px\" \/><\/a><\/p>\n<p>Recomanem que mireu la presentaci\u00f3 que us enviem per tal de comen\u00e7ar a preparar el terreny i crear inter\u00e8s i curiositat.<\/p>\n<p><a href=\"https:\/\/serveiseducatius.xtec.cat\/cda-empuries\/moment-1-sant-marti-dempuries-primaria\/\"><img loading=\"lazy\" decoding=\"async\" class=\"alignnone size-full wp-image-9050\" src=\"https:\/\/serveiseducatius.xtec.cat\/cda-empuries\/wp-content\/uploads\/usu1383\/2019\/06\/1.jpg\" alt=\"\" width=\"207\" height=\"289\" \/><\/a> \u00a0 \u00a0 \u00a0\u00a0<img loading=\"lazy\" decoding=\"async\" class=\"alignnone wp-image-9101 size-full\" src=\"https:\/\/serveiseducatius.xtec.cat\/cda-empuries\/wp-content\/uploads\/usu1383\/2019\/06\/moment-2-pina.png\" alt=\"\" width=\"214\" height=\"293\" \/> \u00a0\u00a0 \u00a0\u00a0 <a href=\"https:\/\/serveiseducatius.xtec.cat\/cda-empuries\/wp-admin\/post.php?post=12384&amp;action=edit\"><img loading=\"lazy\" decoding=\"async\" class=\"alignnone size-full wp-image-9052\" src=\"https:\/\/serveiseducatius.xtec.cat\/cda-empuries\/wp-content\/uploads\/usu1383\/2019\/06\/3.jpg\" alt=\"\" width=\"205\" height=\"289\" \/><\/a><\/p>\n<p>Aquesta activitat est\u00e0 relacionada directament amb:<\/p>\n<ul>\n<li>Jaciment grecorom\u00e0 d\u2019Emp\u00faries i Museu<\/li>\n<li>Emp\u00faries, de la m\u00e0 dels d\u00e9us (Mitologia a Emp\u00faries)<\/li>\n<li>Jaciment ib\u00e8ric d\u2019Ullastret i Museu<\/li>\n<li>Sistema Dunar d\u2019Emp\u00faries<\/li>\n<\/ul>\n<p><img loading=\"lazy\" decoding=\"async\" class=\"alignnone wp-image-1667\" src=\"http:\/\/blocs.xtec.cat\/cdaempuries\/files\/2016\/01\/Espig\u00f31735Petit.jpg\" alt=\"Espig\u00f31735Petit\" width=\"175\" height=\"133\" \/><\/p>\n<p style=\"text-align: center;\"><a href=\"https:\/\/serveiseducatius.xtec.cat\/cda-empuries\/activitats-de-sant-marti-dempuries\/\">Torna a activitats de Sant Mart\u00ed d&#8217;Emp\u00faries<\/a><\/p>\n<\/div>\n","protected":false},"excerpt":{"rendered":"<p>Nivells educatius: Cicles Mitj\u00e0 i Superior de Prim\u00e0ria Codi de l\u2019activitat: Em1 Sant Mart\u00ed d\u2019Emp\u00faries actualment \u00e9s un petit nucli tur\u00edstic, per\u00f2 ocupa la primera zona on s\u2019establiren els grecs a la seva arribada al pa\u00eds i on fundaren la polis d\u2019Emp\u00f2rion al segle VI aC. Aquesta, despr\u00e9s del segle III d.C., quedaria com a [&hellip;]<\/p>\n","protected":false},"author":1,"featured_media":0,"parent":0,"menu_order":0,"comment_status":"closed","ping_status":"closed","template":"","meta":{"_bbp_topic_count":0,"_bbp_reply_count":0,"_bbp_total_topic_count":0,"_bbp_total_reply_count":0,"_bbp_voice_count":0,"_bbp_anonymous_reply_count":0,"_bbp_topic_count_hidden":0,"_bbp_reply_count_hidden":0,"_bbp_forum_subforum_count":0,"site-sidebar-layout":"default","site-content-layout":"","ast-site-content-layout":"default","site-content-style":"default","site-sidebar-style":"default","ast-global-header-display":"","ast-banner-title-visibility":"","ast-main-header-display":"","ast-hfb-above-header-display":"","ast-hfb-below-header-display":"","ast-hfb-mobile-header-display":"","site-post-title":"","ast-breadcrumbs-content":"","ast-featured-img":"","footer-sml-layout":"","theme-transparent-header-meta":"default","adv-header-id-meta":"","stick-header-meta":"","header-above-stick-meta":"","header-main-stick-meta":"","header-below-stick-meta":"","astra-migrate-meta-layouts":"set","ast-page-background-enabled":"default","ast-page-background-meta":{"desktop":{"background-color":"var(--ast-global-color-4)","background-image":"","background-repeat":"repeat","background-position":"center center","background-size":"auto","background-attachment":"scroll","background-type":"","background-media":"","overlay-type":"","overlay-color":"","overlay-opacity":"","overlay-gradient":""},"tablet":{"background-color":"","background-image":"","background-repeat":"repeat","background-position":"center center","background-size":"auto","background-attachment":"scroll","background-type":"","background-media":"","overlay-type":"","overlay-color":"","overlay-opacity":"","overlay-gradient":""},"mobile":{"background-color":"","background-image":"","background-repeat":"repeat","background-position":"center center","background-size":"auto","background-attachment":"scroll","background-type":"","background-media":"","overlay-type":"","overlay-color":"","overlay-opacity":"","overlay-gradient":""}},"ast-content-background-meta":{"desktop":{"background-color":"var(--ast-global-color-5)","background-image":"","background-repeat":"repeat","background-position":"center center","background-size":"auto","background-attachment":"scroll","background-type":"","background-media":"","overlay-type":"","overlay-color":"","overlay-opacity":"","overlay-gradient":""},"tablet":{"background-color":"var(--ast-global-color-5)","background-image":"","background-repeat":"repeat","background-position":"center center","background-size":"auto","background-attachment":"scroll","background-type":"","background-media":"","overlay-type":"","overlay-color":"","overlay-opacity":"","overlay-gradient":""},"mobile":{"background-color":"var(--ast-global-color-5)","background-image":"","background-repeat":"repeat","background-position":"center center","background-size":"auto","background-attachment":"scroll","background-type":"","background-media":"","overlay-type":"","overlay-color":"","overlay-opacity":"","overlay-gradient":""}},"footnotes":""},"class_list":["post-9423","page","type-page","status-publish","hentry"],"post_mailing_queue_ids":[],"_links":{"self":[{"href":"https:\/\/serveiseducatius.xtec.cat\/cda-empuries\/wp-json\/wp\/v2\/pages\/9423","targetHints":{"allow":["GET"]}}],"collection":[{"href":"https:\/\/serveiseducatius.xtec.cat\/cda-empuries\/wp-json\/wp\/v2\/pages"}],"about":[{"href":"https:\/\/serveiseducatius.xtec.cat\/cda-empuries\/wp-json\/wp\/v2\/types\/page"}],"author":[{"embeddable":true,"href":"https:\/\/serveiseducatius.xtec.cat\/cda-empuries\/wp-json\/wp\/v2\/users\/1"}],"replies":[{"embeddable":true,"href":"https:\/\/serveiseducatius.xtec.cat\/cda-empuries\/wp-json\/wp\/v2\/comments?post=9423"}],"version-history":[{"count":5,"href":"https:\/\/serveiseducatius.xtec.cat\/cda-empuries\/wp-json\/wp\/v2\/pages\/9423\/revisions"}],"predecessor-version":[{"id":12390,"href":"https:\/\/serveiseducatius.xtec.cat\/cda-empuries\/wp-json\/wp\/v2\/pages\/9423\/revisions\/12390"}],"wp:attachment":[{"href":"https:\/\/serveiseducatius.xtec.cat\/cda-empuries\/wp-json\/wp\/v2\/media?parent=9423"}],"curies":[{"name":"wp","href":"https:\/\/api.w.org\/{rel}","templated":true}]}}