{"id":9419,"date":"2019-06-30T10:01:17","date_gmt":"2019-06-30T08:01:17","guid":{"rendered":"http:\/\/serveiseducatius.xtec.cat\/cda-empuries\/?page_id=9419"},"modified":"2021-04-15T16:28:24","modified_gmt":"2021-04-15T14:28:24","slug":"museu-de-lanxova-i-de-la-sal-de-lescala-masle","status":"publish","type":"page","link":"https:\/\/serveiseducatius.xtec.cat\/cda-empuries\/museu-de-lanxova-i-de-la-sal-de-lescala-masle\/","title":{"rendered":"Museu de l\u2019Anxova i de la Sal de l\u2019Escala (MASLE)"},"content":{"rendered":"<div id=\"main\">\n<div id=\"primary\">\n<div id=\"content\" role=\"main\">\n<article id=\"post-1569\" class=\"post-1569 page type-page status-publish hentry\">\n<div class=\"entry-content\">\n<p class=\"Estilo2\" style=\"text-align: left;\"><strong>Nivell educatiu: <\/strong>Cicle Mitj\u00e0 i adaptable a Cicle Superior de <span class=\"Estilo10\">Prim\u00e0ria<br \/>\n<\/span><\/p>\n<p class=\"Estilo2\"><strong>Codi de l\u2019activitat:<\/strong> Es2<\/p>\n<p class=\"Estilo2\" align=\"justify\">Visita al <strong>MASLE<\/strong> de l\u2019Escala que esdev\u00e9 un espai idoni per a con\u00e8ixer les arts de pesca locals i la perviv\u00e8ncia de la ind\u00fastria de la sala\u00f3, a trav\u00e9s de les peces exposades i explicades en sales contextuals, i il\u00b7lustrades amb l\u2019ajut d\u2019un audiovisual. El Museu compta, a m\u00e9s, amb plafons informatius interactius sobre el patrimoni de la zona.<\/p>\n<p class=\"Estilo2\" align=\"justify\">Per als alumnes de Prim\u00e0ria la visita acaba amb la realitzaci\u00f3 d\u2019un joc de pistes pel Museu i confecci\u00f3 d\u2019un \u00e0lbum amb l\u2019<em>Auca de l\u2019anxova.<\/em><\/p>\n<p class=\"Estilo2\">La durada de la visita \u00e9s de 2 hores.<\/p>\n<p>Per poder preparar l&#8217;activitat aniria b\u00e9 que mir\u00e9ssiu els materials que us adjuntem:<\/p>\n<p><a href=\"https:\/\/serveiseducatius.xtec.cat\/cda-empuries\/masle-moment-1\/\"><img loading=\"lazy\" decoding=\"async\" class=\"size-full wp-image-9050 alignleft\" src=\"https:\/\/serveiseducatius.xtec.cat\/cda-empuries\/wp-content\/uploads\/usu1383\/2019\/06\/1.jpg\" alt=\"\" width=\"207\" height=\"289\" \/><\/a>\u00a0 <a href=\"https:\/\/serveiseducatius.xtec.cat\/cda-empuries\/moment-2-masle\/\"><img loading=\"lazy\" decoding=\"async\" class=\"alignnone size-full wp-image-9051\" src=\"https:\/\/serveiseducatius.xtec.cat\/cda-empuries\/wp-content\/uploads\/usu1383\/2019\/06\/2.jpg\" alt=\"\" width=\"206\" height=\"290\" \/><\/a> \u00a0 \u00a0\u00a0 <a href=\"https:\/\/serveiseducatius.xtec.cat\/cda-empuries\/masle-moment-3\/\" target=\"_blank\" rel=\"noopener noreferrer\"><img loading=\"lazy\" decoding=\"async\" class=\"alignnone size-full wp-image-9052\" src=\"https:\/\/serveiseducatius.xtec.cat\/cda-empuries\/wp-content\/uploads\/usu1383\/2019\/06\/3.jpg\" alt=\"\" width=\"205\" height=\"289\" \/><\/a><\/p>\n<p class=\"Estilo2\">Aquesta activitat est\u00e0 directament relacionada amb:<\/p>\n<ul>\n<li class=\"Estilo2\"><a href=\"https:\/\/serveiseducatius.xtec.cat\/cda-empuries\/activitats-de-sant-marti-dempuries\/\" target=\"_blank\" rel=\"noopener noreferrer\">Sant Mart\u00ed d\u2019Emp\u00faries i Espig\u00f3 hel\u00b7len\u00edstic<\/a><\/li>\n<li class=\"Estilo2\"><a href=\"https:\/\/serveiseducatius.xtec.cat\/cda-empuries\/la-duna-dempuries\/\" target=\"_blank\" rel=\"noopener noreferrer\">Sistema Dunar d\u2019Emp\u00faries<\/a><\/li>\n<li class=\"Estilo2\"><a href=\"https:\/\/serveiseducatius.xtec.cat\/cda-empuries\/activitats-de-lescala-per-nivells\/\" target=\"_blank\" rel=\"noopener noreferrer\">Cales de l\u2019Escala<\/a><\/li>\n<\/ul>\n<p class=\"Estilo2\" align=\"center\"><img loading=\"lazy\" decoding=\"async\" class=\"\" src=\"http:\/\/www.xtec.cat\/cda-empuries\/Imatges\/Museu01.jpg\" alt=\"\" width=\"179\" height=\"137\" \/><img loading=\"lazy\" decoding=\"async\" class=\"\" src=\"http:\/\/www.xtec.cat\/cda-empuries\/Imatges\/Museu02.jpg\" alt=\"\" width=\"179\" height=\"137\" \/><img loading=\"lazy\" decoding=\"async\" class=\"\" src=\"http:\/\/www.xtec.cat\/cda-empuries\/Imatges\/Museu03.jpg\" alt=\"\" width=\"179\" height=\"137\" \/><\/p>\n<h2 style=\"text-align: center;\"><a href=\"https:\/\/serveiseducatius.xtec.cat\/cda-empuries\/oferta-pedagogica\/\">Torna a activitats per \u00e0mbits<\/a><\/h2>\n<\/div>\n<footer class=\"entry-meta\"><\/footer>\n<\/article>\n<div id=\"comments\"><\/div>\n<\/div>\n<\/div>\n<\/div>\n<footer id=\"colophon\" role=\"contentinfo\">\n<div id=\"supplementary\" class=\"three\"><\/div>\n<\/footer>\n","protected":false},"excerpt":{"rendered":"<p>Nivell educatiu: Cicle Mitj\u00e0 i adaptable a Cicle Superior de Prim\u00e0ria Codi de l\u2019activitat: Es2 Visita al MASLE de l\u2019Escala que esdev\u00e9 un espai idoni per a con\u00e8ixer les arts de pesca locals i la perviv\u00e8ncia de la ind\u00fastria de la sala\u00f3, a trav\u00e9s de les peces exposades i explicades en sales contextuals, i il\u00b7lustrades [&hellip;]<\/p>\n","protected":false},"author":1,"featured_media":0,"parent":0,"menu_order":0,"comment_status":"closed","ping_status":"closed","template":"","meta":{"_bbp_topic_count":0,"_bbp_reply_count":0,"_bbp_total_topic_count":0,"_bbp_total_reply_count":0,"_bbp_voice_count":0,"_bbp_anonymous_reply_count":0,"_bbp_topic_count_hidden":0,"_bbp_reply_count_hidden":0,"_bbp_forum_subforum_count":0,"site-sidebar-layout":"default","site-content-layout":"","ast-site-content-layout":"","site-content-style":"default","site-sidebar-style":"default","ast-global-header-display":"","ast-banner-title-visibility":"","ast-main-header-display":"","ast-hfb-above-header-display":"","ast-hfb-below-header-display":"","ast-hfb-mobile-header-display":"","site-post-title":"","ast-breadcrumbs-content":"","ast-featured-img":"","footer-sml-layout":"","theme-transparent-header-meta":"","adv-header-id-meta":"","stick-header-meta":"","header-above-stick-meta":"","header-main-stick-meta":"","header-below-stick-meta":"","astra-migrate-meta-layouts":"default","ast-page-background-enabled":"default","ast-page-background-meta":{"desktop":{"background-color":"var(--ast-global-color-4)","background-image":"","background-repeat":"repeat","background-position":"center center","background-size":"auto","background-attachment":"scroll","background-type":"","background-media":"","overlay-type":"","overlay-color":"","overlay-opacity":"","overlay-gradient":""},"tablet":{"background-color":"","background-image":"","background-repeat":"repeat","background-position":"center center","background-size":"auto","background-attachment":"scroll","background-type":"","background-media":"","overlay-type":"","overlay-color":"","overlay-opacity":"","overlay-gradient":""},"mobile":{"background-color":"","background-image":"","background-repeat":"repeat","background-position":"center center","background-size":"auto","background-attachment":"scroll","background-type":"","background-media":"","overlay-type":"","overlay-color":"","overlay-opacity":"","overlay-gradient":""}},"ast-content-background-meta":{"desktop":{"background-color":"var(--ast-global-color-5)","background-image":"","background-repeat":"repeat","background-position":"center center","background-size":"auto","background-attachment":"scroll","background-type":"","background-media":"","overlay-type":"","overlay-color":"","overlay-opacity":"","overlay-gradient":""},"tablet":{"background-color":"var(--ast-global-color-5)","background-image":"","background-repeat":"repeat","background-position":"center center","background-size":"auto","background-attachment":"scroll","background-type":"","background-media":"","overlay-type":"","overlay-color":"","overlay-opacity":"","overlay-gradient":""},"mobile":{"background-color":"var(--ast-global-color-5)","background-image":"","background-repeat":"repeat","background-position":"center center","background-size":"auto","background-attachment":"scroll","background-type":"","background-media":"","overlay-type":"","overlay-color":"","overlay-opacity":"","overlay-gradient":""}},"footnotes":""},"class_list":["post-9419","page","type-page","status-publish","hentry"],"post_mailing_queue_ids":[],"_links":{"self":[{"href":"https:\/\/serveiseducatius.xtec.cat\/cda-empuries\/wp-json\/wp\/v2\/pages\/9419","targetHints":{"allow":["GET"]}}],"collection":[{"href":"https:\/\/serveiseducatius.xtec.cat\/cda-empuries\/wp-json\/wp\/v2\/pages"}],"about":[{"href":"https:\/\/serveiseducatius.xtec.cat\/cda-empuries\/wp-json\/wp\/v2\/types\/page"}],"author":[{"embeddable":true,"href":"https:\/\/serveiseducatius.xtec.cat\/cda-empuries\/wp-json\/wp\/v2\/users\/1"}],"replies":[{"embeddable":true,"href":"https:\/\/serveiseducatius.xtec.cat\/cda-empuries\/wp-json\/wp\/v2\/comments?post=9419"}],"version-history":[{"count":3,"href":"https:\/\/serveiseducatius.xtec.cat\/cda-empuries\/wp-json\/wp\/v2\/pages\/9419\/revisions"}],"predecessor-version":[{"id":11232,"href":"https:\/\/serveiseducatius.xtec.cat\/cda-empuries\/wp-json\/wp\/v2\/pages\/9419\/revisions\/11232"}],"wp:attachment":[{"href":"https:\/\/serveiseducatius.xtec.cat\/cda-empuries\/wp-json\/wp\/v2\/media?parent=9419"}],"curies":[{"name":"wp","href":"https:\/\/api.w.org\/{rel}","templated":true}]}}