{"id":9412,"date":"2019-06-30T09:48:11","date_gmt":"2019-06-30T07:48:11","guid":{"rendered":"http:\/\/serveiseducatius.xtec.cat\/cda-empuries\/?page_id=9412"},"modified":"2025-11-07T10:35:49","modified_gmt":"2025-11-07T09:35:49","slug":"riba-dreta-del-riu-fluvia-curs-baix","status":"publish","type":"page","link":"https:\/\/serveiseducatius.xtec.cat\/cda-empuries\/riba-dreta-del-riu-fluvia-curs-baix\/","title":{"rendered":"Riba dreta del riu Fluvi\u00e0 (curs baix)"},"content":{"rendered":"<div id=\"main\">\n<div id=\"primary\">\n<div id=\"content\" role=\"main\">\n<article id=\"post-1597\" class=\"post-1597 page type-page status-publish hentry\">\n<div class=\"entry-content\">\n<p class=\"Estilo2\"><strong>Nivell educatiu:<\/strong> <span class=\"Estilo10\">Cicle Mitj\u00e0 i Superior de Prim\u00e0ria (adaptable a 1r i 2n d&#8217;ESO)<br \/>\n<\/span><\/p>\n<p class=\"Estilo2\"><strong>Codi de l\u2019activitat:<\/strong> Ns3<\/p>\n<p class=\"Estilo2\">Resseguint la riba dreta del Fluvi\u00e0 des de St. Pere Pescador fins a la gola, es poden observar quatre ecosistemes ben diferents: els camps de conreu, la vegetaci\u00f3 de ribera, les salsures i, finalment, els sorrals, platges i dunes. S\u2019identifiquen les esp\u00e8cies vegetals de cadascun dels ecosistemes, aix\u00ed com els animals que s\u2019hi observen, ja sigui directament o a trav\u00e9s dels rastres que deixen.<\/p>\n<p class=\"Estilo2\">Les mesures de la salinitat i de la temperatura de l\u2019aigua del riu ens permeten treure conclusions sobre la influ\u00e8ncia del mar i de la meteorologia en l\u2019ecosistema fluvial. Aix\u00ed mateix, l\u2019observaci\u00f3 de la gola ens ajuda a comprendre com s\u2019han format la plana de l\u2019Empord\u00e0 i les zones d\u2019aiguamolls.<\/p>\n<p class=\"Estilo2\">La durada de l\u2019activitat \u00e9s d&#8217;unes 4 hores.<\/p>\n<p>Per dur a terme aquesta activitat partirem de la pregunta guia:<\/p>\n<p><a href=\"https:\/\/serveiseducatius.xtec.cat\/cda-empuries\/wp-content\/uploads\/usu1383\/2019\/12\/pregunta-Fluvi\u00e0.png\"><img loading=\"lazy\" decoding=\"async\" class=\"alignnone size-full wp-image-10362\" src=\"https:\/\/serveiseducatius.xtec.cat\/cda-empuries\/wp-content\/uploads\/usu1383\/2019\/12\/pregunta-Fluvi\u00e0.png\" alt=\"\" width=\"656\" height=\"137\" srcset=\"https:\/\/serveiseducatius.xtec.cat\/cda-empuries\/wp-content\/uploads\/usu1383\/2019\/12\/pregunta-Fluvi\u00e0.png 656w, https:\/\/serveiseducatius.xtec.cat\/cda-empuries\/wp-content\/uploads\/usu1383\/2019\/12\/pregunta-Fluvi\u00e0-300x63.png 300w\" sizes=\"auto, (max-width: 656px) 100vw, 656px\" \/><\/a><\/p>\n<p>\u00c9s important que mireu amb els alumnes la presentaci\u00f3 que us enllacem per tal de comen\u00e7ar a preparar el terreny i crear inter\u00e8s i curiositat.<\/p>\n<p class=\"Estilo2\"><a href=\"https:\/\/serveiseducatius.xtec.cat\/cda-empuries\/moment-1-fluvia\/\" target=\"_blank\" rel=\"noopener noreferrer\"><img loading=\"lazy\" decoding=\"async\" class=\"alignnone size-full wp-image-9050\" src=\"https:\/\/serveiseducatius.xtec.cat\/cda-empuries\/wp-content\/uploads\/usu1383\/2019\/06\/1.jpg\" alt=\"\" width=\"207\" height=\"289\" \/><\/a> <a href=\"https:\/\/drive.google.com\/file\/d\/16JlFyQs1xwiQsKIRBVf0D9D1tvd9ZthX\/view?usp=sharing\" target=\"_blank\" rel=\"noopener noreferrer\"><img loading=\"lazy\" decoding=\"async\" class=\"alignnone size-full wp-image-9051\" src=\"https:\/\/serveiseducatius.xtec.cat\/cda-empuries\/wp-content\/uploads\/usu1383\/2019\/06\/2.jpg\" alt=\"\" width=\"206\" height=\"290\" \/><\/a> <a href=\"https:\/\/serveiseducatius.xtec.cat\/cda-empuries\/moment-3-fluvia\/\"><img loading=\"lazy\" decoding=\"async\" class=\"alignnone size-full wp-image-9052\" src=\"https:\/\/serveiseducatius.xtec.cat\/cda-empuries\/wp-content\/uploads\/usu1383\/2019\/06\/3.jpg\" alt=\"\" width=\"205\" height=\"289\" \/><\/a><\/p>\n<p class=\"Estilo2\">Aquesta activitat est\u00e0 directament relacionada amb:<\/p>\n<ul>\n<li class=\"Estilo2\"><a href=\"https:\/\/serveiseducatius.xtec.cat\/cda-empuries\/lemporda-a-vista-docell-nord-sud\/\">L\u2019Empord\u00e0 a vol d\u2019ocell, Nord-Sud<\/a><\/li>\n<li class=\"Estilo2\"><a href=\"https:\/\/serveiseducatius.xtec.cat\/cda-empuries\/activitats-als-aiguamolls-per-nivells\/\">Aiguamolls de l\u2019Empord\u00e0<\/a><\/li>\n<li class=\"Estilo2\"><a href=\"https:\/\/serveiseducatius.xtec.cat\/cda-empuries\/la-duna-dempuries\/\">Sistema Dunar d\u201dEmp\u00faries<\/a><\/li>\n<\/ul>\n<\/div>\n<\/article>\n<\/div>\n<\/div>\n<\/div>\n<footer id=\"colophon\" role=\"contentinfo\">\n<div id=\"supplementary\" class=\"three\">\n<p class=\"Estilo2\" align=\"center\">\n<h2 style=\"text-align: center;\"><a href=\"https:\/\/serveiseducatius.xtec.cat\/cda-empuries\/oferta-pedagogica\/\">Torna a activitats per \u00e0mbits<\/a><\/h2>\n<\/div>\n<\/footer>\n","protected":false},"excerpt":{"rendered":"<p>Nivell educatiu: Cicle Mitj\u00e0 i Superior de Prim\u00e0ria (adaptable a 1r i 2n d&#8217;ESO) Codi de l\u2019activitat: Ns3 Resseguint la riba dreta del Fluvi\u00e0 des de St. Pere Pescador fins a la gola, es poden observar quatre ecosistemes ben diferents: els camps de conreu, la vegetaci\u00f3 de ribera, les salsures i, finalment, els sorrals, platges [&hellip;]<\/p>\n","protected":false},"author":1,"featured_media":0,"parent":0,"menu_order":0,"comment_status":"closed","ping_status":"closed","template":"","meta":{"_bbp_topic_count":0,"_bbp_reply_count":0,"_bbp_total_topic_count":0,"_bbp_total_reply_count":0,"_bbp_voice_count":0,"_bbp_anonymous_reply_count":0,"_bbp_topic_count_hidden":0,"_bbp_reply_count_hidden":0,"_bbp_forum_subforum_count":0,"site-sidebar-layout":"default","site-content-layout":"","ast-site-content-layout":"default","site-content-style":"default","site-sidebar-style":"default","ast-global-header-display":"","ast-banner-title-visibility":"","ast-main-header-display":"","ast-hfb-above-header-display":"","ast-hfb-below-header-display":"","ast-hfb-mobile-header-display":"","site-post-title":"","ast-breadcrumbs-content":"","ast-featured-img":"","footer-sml-layout":"","theme-transparent-header-meta":"default","adv-header-id-meta":"","stick-header-meta":"","header-above-stick-meta":"","header-main-stick-meta":"","header-below-stick-meta":"","astra-migrate-meta-layouts":"set","ast-page-background-enabled":"default","ast-page-background-meta":{"desktop":{"background-color":"var(--ast-global-color-4)","background-image":"","background-repeat":"repeat","background-position":"center center","background-size":"auto","background-attachment":"scroll","background-type":"","background-media":"","overlay-type":"","overlay-color":"","overlay-opacity":"","overlay-gradient":""},"tablet":{"background-color":"","background-image":"","background-repeat":"repeat","background-position":"center center","background-size":"auto","background-attachment":"scroll","background-type":"","background-media":"","overlay-type":"","overlay-color":"","overlay-opacity":"","overlay-gradient":""},"mobile":{"background-color":"","background-image":"","background-repeat":"repeat","background-position":"center center","background-size":"auto","background-attachment":"scroll","background-type":"","background-media":"","overlay-type":"","overlay-color":"","overlay-opacity":"","overlay-gradient":""}},"ast-content-background-meta":{"desktop":{"background-color":"var(--ast-global-color-5)","background-image":"","background-repeat":"repeat","background-position":"center center","background-size":"auto","background-attachment":"scroll","background-type":"","background-media":"","overlay-type":"","overlay-color":"","overlay-opacity":"","overlay-gradient":""},"tablet":{"background-color":"var(--ast-global-color-5)","background-image":"","background-repeat":"repeat","background-position":"center center","background-size":"auto","background-attachment":"scroll","background-type":"","background-media":"","overlay-type":"","overlay-color":"","overlay-opacity":"","overlay-gradient":""},"mobile":{"background-color":"var(--ast-global-color-5)","background-image":"","background-repeat":"repeat","background-position":"center center","background-size":"auto","background-attachment":"scroll","background-type":"","background-media":"","overlay-type":"","overlay-color":"","overlay-opacity":"","overlay-gradient":""}},"footnotes":""},"class_list":["post-9412","page","type-page","status-publish","hentry"],"post_mailing_queue_ids":[],"_links":{"self":[{"href":"https:\/\/serveiseducatius.xtec.cat\/cda-empuries\/wp-json\/wp\/v2\/pages\/9412","targetHints":{"allow":["GET"]}}],"collection":[{"href":"https:\/\/serveiseducatius.xtec.cat\/cda-empuries\/wp-json\/wp\/v2\/pages"}],"about":[{"href":"https:\/\/serveiseducatius.xtec.cat\/cda-empuries\/wp-json\/wp\/v2\/types\/page"}],"author":[{"embeddable":true,"href":"https:\/\/serveiseducatius.xtec.cat\/cda-empuries\/wp-json\/wp\/v2\/users\/1"}],"replies":[{"embeddable":true,"href":"https:\/\/serveiseducatius.xtec.cat\/cda-empuries\/wp-json\/wp\/v2\/comments?post=9412"}],"version-history":[{"count":6,"href":"https:\/\/serveiseducatius.xtec.cat\/cda-empuries\/wp-json\/wp\/v2\/pages\/9412\/revisions"}],"predecessor-version":[{"id":12526,"href":"https:\/\/serveiseducatius.xtec.cat\/cda-empuries\/wp-json\/wp\/v2\/pages\/9412\/revisions\/12526"}],"wp:attachment":[{"href":"https:\/\/serveiseducatius.xtec.cat\/cda-empuries\/wp-json\/wp\/v2\/media?parent=9412"}],"curies":[{"name":"wp","href":"https:\/\/api.w.org\/{rel}","templated":true}]}}