{"id":9408,"date":"2019-06-30T09:39:27","date_gmt":"2019-06-30T07:39:27","guid":{"rendered":"http:\/\/serveiseducatius.xtec.cat\/cda-empuries\/?page_id=9408"},"modified":"2025-11-24T10:43:33","modified_gmt":"2025-11-24T09:43:33","slug":"cap-de-creus-2","status":"publish","type":"page","link":"https:\/\/serveiseducatius.xtec.cat\/cda-empuries\/cap-de-creus-2\/","title":{"rendered":"Cap de Creus"},"content":{"rendered":"<div id=\"main\">\n<div id=\"primary\">\n<div id=\"content\" role=\"main\">\n<article id=\"post-1581\" class=\"post-1581 page type-page status-publish hentry\">\n<div class=\"entry-content\">\n<p class=\"Estilo2\"><strong>Nivell educatiu:<\/strong><span class=\"Estilo11\">\u00a0Cicle Superior de Prim\u00e0ria (adaptat), ESO\u00a0i Batxillerat<\/span><\/p>\n<p class=\"Estilo2\"><strong>Codi de l\u2019activitat:<\/strong> Ns2<\/p>\n<p class=\"Estilo2\" align=\"justify\">Visita a la punta oriental del Cap de Creus en qu\u00e8 es treballen les indissolubles relacions entre meteorologia, proc\u00e9s geol\u00f2gic, adaptacions de la vegetaci\u00f3, esdeveniments hist\u00f2rics, i tamb\u00e9 els valors culturals que se\u2019n deriven i que diversos artistes han posat de manifest.<\/p>\n<p class=\"Estilo2\" align=\"justify\">Format per les roques m\u00e9s antigues que es poden veure a Catalunya, el Cap de Creus ens ofereix un paisatge diferent i caracter\u00edstic que dispara la imaginaci\u00f3 i que ha servit d\u2019inspiraci\u00f3 a artistes consagrats. Alhora, tamb\u00e9 posseeix una gran diversitat d\u2019ecosistemes que permeten veure, en dist\u00e0ncies curtes, caracter\u00edstiques t\u00edpiques del mar i de la muntanya pirinenca. La humanitzaci\u00f3 tamb\u00e9 es fa palesa en el far, en el conreu de l\u2019olivera, en les construccions fetes amb pedra seca i en la pres\u00e8ncia del turisme en les urbanitzacions i al club Med, que es troba, avui dia, totalment deconstru\u00eft i que ha perm\u00e8s recuperar el Paratge Tudela.<\/p>\n<p class=\"Estilo2\" align=\"justify\">La durada de l\u2019activitat \u00e9s de 6 a 7 hores.<\/p>\n<p class=\"Estilo2\">Cal tenir en compte que aquest recorregut pot comportar un cert risc en cas de pluja intensa o vent fort,\u00a0i que, per tant, en aquests casos, l\u2019activitat pot ser anul\u00b7lada.<\/p>\n<p>Vegeu el Quadernet de Camp d\u2019ESO (el de Batxillerat est\u00e0 en proc\u00e9s de revisi\u00f3)\u00a0 en aquest <a href=\"https:\/\/drive.google.com\/file\/d\/1ha4T00E_BXRRtgoq-sLXa9MzSzDMAoPG\/view?usp=sharing\">enlla\u00e7<\/a>.<\/p>\n<p>&nbsp;<\/p>\n<p style=\"text-align: center;\"><a href=\"https:\/\/serveiseducatius.xtec.cat\/cda-empuries\/oferta-pedagogica\/\">Torna a activitats per \u00e0mbits<\/a><\/p>\n<\/div>\n<footer class=\"entry-meta\"><\/footer>\n<\/article>\n<div id=\"comments\"><\/div>\n<\/div>\n<\/div>\n<\/div>\n<footer id=\"colophon\" role=\"contentinfo\">\n<div id=\"supplementary\" class=\"three\"><\/div>\n<\/footer>\n","protected":false},"excerpt":{"rendered":"<p>Nivell educatiu:\u00a0Cicle Superior de Prim\u00e0ria (adaptat), ESO\u00a0i Batxillerat Codi de l\u2019activitat: Ns2 Visita a la punta oriental del Cap de Creus en qu\u00e8 es treballen les indissolubles relacions entre meteorologia, proc\u00e9s geol\u00f2gic, adaptacions de la vegetaci\u00f3, esdeveniments hist\u00f2rics, i tamb\u00e9 els valors culturals que se\u2019n deriven i que diversos artistes han posat de manifest. Format [&hellip;]<\/p>\n","protected":false},"author":1,"featured_media":0,"parent":0,"menu_order":0,"comment_status":"closed","ping_status":"closed","template":"","meta":{"_bbp_topic_count":0,"_bbp_reply_count":0,"_bbp_total_topic_count":0,"_bbp_total_reply_count":0,"_bbp_voice_count":0,"_bbp_anonymous_reply_count":0,"_bbp_topic_count_hidden":0,"_bbp_reply_count_hidden":0,"_bbp_forum_subforum_count":0,"site-sidebar-layout":"default","site-content-layout":"","ast-site-content-layout":"default","site-content-style":"default","site-sidebar-style":"default","ast-global-header-display":"","ast-banner-title-visibility":"","ast-main-header-display":"","ast-hfb-above-header-display":"","ast-hfb-below-header-display":"","ast-hfb-mobile-header-display":"","site-post-title":"","ast-breadcrumbs-content":"","ast-featured-img":"","footer-sml-layout":"","theme-transparent-header-meta":"default","adv-header-id-meta":"","stick-header-meta":"","header-above-stick-meta":"","header-main-stick-meta":"","header-below-stick-meta":"","astra-migrate-meta-layouts":"set","ast-page-background-enabled":"default","ast-page-background-meta":{"desktop":{"background-color":"var(--ast-global-color-4)","background-image":"","background-repeat":"repeat","background-position":"center center","background-size":"auto","background-attachment":"scroll","background-type":"","background-media":"","overlay-type":"","overlay-color":"","overlay-opacity":"","overlay-gradient":""},"tablet":{"background-color":"","background-image":"","background-repeat":"repeat","background-position":"center center","background-size":"auto","background-attachment":"scroll","background-type":"","background-media":"","overlay-type":"","overlay-color":"","overlay-opacity":"","overlay-gradient":""},"mobile":{"background-color":"","background-image":"","background-repeat":"repeat","background-position":"center center","background-size":"auto","background-attachment":"scroll","background-type":"","background-media":"","overlay-type":"","overlay-color":"","overlay-opacity":"","overlay-gradient":""}},"ast-content-background-meta":{"desktop":{"background-color":"var(--ast-global-color-5)","background-image":"","background-repeat":"repeat","background-position":"center center","background-size":"auto","background-attachment":"scroll","background-type":"","background-media":"","overlay-type":"","overlay-color":"","overlay-opacity":"","overlay-gradient":""},"tablet":{"background-color":"var(--ast-global-color-5)","background-image":"","background-repeat":"repeat","background-position":"center center","background-size":"auto","background-attachment":"scroll","background-type":"","background-media":"","overlay-type":"","overlay-color":"","overlay-opacity":"","overlay-gradient":""},"mobile":{"background-color":"var(--ast-global-color-5)","background-image":"","background-repeat":"repeat","background-position":"center center","background-size":"auto","background-attachment":"scroll","background-type":"","background-media":"","overlay-type":"","overlay-color":"","overlay-opacity":"","overlay-gradient":""}},"footnotes":""},"class_list":["post-9408","page","type-page","status-publish","hentry"],"post_mailing_queue_ids":[],"_links":{"self":[{"href":"https:\/\/serveiseducatius.xtec.cat\/cda-empuries\/wp-json\/wp\/v2\/pages\/9408","targetHints":{"allow":["GET"]}}],"collection":[{"href":"https:\/\/serveiseducatius.xtec.cat\/cda-empuries\/wp-json\/wp\/v2\/pages"}],"about":[{"href":"https:\/\/serveiseducatius.xtec.cat\/cda-empuries\/wp-json\/wp\/v2\/types\/page"}],"author":[{"embeddable":true,"href":"https:\/\/serveiseducatius.xtec.cat\/cda-empuries\/wp-json\/wp\/v2\/users\/1"}],"replies":[{"embeddable":true,"href":"https:\/\/serveiseducatius.xtec.cat\/cda-empuries\/wp-json\/wp\/v2\/comments?post=9408"}],"version-history":[{"count":3,"href":"https:\/\/serveiseducatius.xtec.cat\/cda-empuries\/wp-json\/wp\/v2\/pages\/9408\/revisions"}],"predecessor-version":[{"id":12553,"href":"https:\/\/serveiseducatius.xtec.cat\/cda-empuries\/wp-json\/wp\/v2\/pages\/9408\/revisions\/12553"}],"wp:attachment":[{"href":"https:\/\/serveiseducatius.xtec.cat\/cda-empuries\/wp-json\/wp\/v2\/media?parent=9408"}],"curies":[{"name":"wp","href":"https:\/\/api.w.org\/{rel}","templated":true}]}}