{"id":9391,"date":"2019-06-30T09:10:40","date_gmt":"2019-06-30T07:10:40","guid":{"rendered":"http:\/\/serveiseducatius.xtec.cat\/cda-empuries\/?page_id=9391"},"modified":"2025-10-14T10:45:12","modified_gmt":"2025-10-14T08:45:12","slug":"itinerari-cientific-a-la-duna-dempuries","status":"publish","type":"page","link":"https:\/\/serveiseducatius.xtec.cat\/cda-empuries\/itinerari-cientific-a-la-duna-dempuries\/","title":{"rendered":"Itinerari cient\u00edfic a la Duna d\u2019Emp\u00faries"},"content":{"rendered":"<div class=\"entry-content\">\n<p class=\"Estilo2\"><strong>Nivell educatiu:<\/strong> <span class=\"Estilo10\">Batxillerat (i adaptable a 4rt d\u2019ESO)<br \/>\n<\/span><\/p>\n<p class=\"Estilo2\"><strong>Codi de l\u2019activitat:<\/strong> Pn5<\/p>\n<p>El boc\u00ed de Costa Brava que ressegueix les dunes des de l\u2019Escala fins al jaciment d\u2019Emp\u00faries \u00e9s d\u2019incomparable bellesa i ens permet treballar alguns continguts del batxillerat cient\u00edfic: fem qu\u00edmica a la platja, treballem geologia i paisatge a l\u2019indret de Les Coves, ens fixem en la biodiversitat i en adaptacions a la platja del Portitxol i treballem la gesti\u00f3 del paisatge al llarg del cam\u00ed forestal.<\/p>\n<p>\u00c9s imp<span style=\"font-family: inherit; font-size: 1em;\">ortant que mireu amb els alumnes els materials que us enllacem per tal de comen\u00e7ar a preparar el terreny i crear inter\u00e8s i curiositat.<\/span><\/p>\n<p><a href=\"https:\/\/serveiseducatius.xtec.cat\/cda-empuries\/itinerari-cientific-a-la-duna-dempuries-moment-1\/\" target=\"_blank\" rel=\"noopener noreferrer\"><img loading=\"lazy\" decoding=\"async\" class=\"alignnone wp-image-9050 size-full\" src=\"https:\/\/serveiseducatius.xtec.cat\/cda-empuries\/wp-content\/uploads\/usu1383\/2019\/06\/1.jpg\" alt=\"\" width=\"207\" height=\"289\" \/><\/a> <strong><a href=\"https:\/\/serveiseducatius.xtec.cat\/cda-empuries\/itinerari-cientific-a-la-duna-dempuries-m2-quaderns\/\"><img loading=\"lazy\" decoding=\"async\" class=\"alignnone wp-image-12302 size-full\" src=\"https:\/\/serveiseducatius.xtec.cat\/cda-empuries\/wp-content\/uploads\/usu1383\/2025\/10\/moment2senseQuadern2.jpg\" alt=\"\" width=\"206\" height=\"290\" \/><\/a><\/strong> <a href=\"https:\/\/serveiseducatius.xtec.cat\/cda-empuries\/propostes-de-treball-posterior\/\" target=\"_blank\" rel=\"noopener noreferrer\"><img loading=\"lazy\" decoding=\"async\" class=\"alignnone size-full wp-image-9052\" src=\"https:\/\/serveiseducatius.xtec.cat\/cda-empuries\/wp-content\/uploads\/usu1383\/2019\/06\/3.jpg\" alt=\"\" width=\"205\" height=\"289\" \/><\/a><\/p>\n<p>IMPORTANT! Si voleu incloure aquesta sortida a la programaci\u00f3 did\u00e0ctica de la vostra assignatura, <a href=\"https:\/\/drive.google.com\/file\/d\/1K4KUPrOzI-EGV4hq2Yt2hca1V0gQ6rHu\/view?usp=sharing\" target=\"_blank\" rel=\"noopener noreferrer\">en aquest enlla\u00e7<\/a> trobareu la programaci\u00f3 de la sortida contemplada com una Unitat Did\u00e0ctica (est\u00e0 plantejada per a 4t d&#8217;ESO, per\u00f2 amb un editor de pdf podeu canviar el que us convingui)<\/p>\n<p class=\"Estilo2\">En cas d\u2019instituts petits que aix\u00ed ho desitgin i per tal d\u2019optimitzar el despla\u00e7ament a Emp\u00faries, es pot combinar aquesta activitat amb la titulada \u00abLa paraula en el vent: itineraris hist\u00f2ricoliterari a Emp\u00faries\u00bb, adre\u00e7ada preferentment a alumnes que cursin grec i llat\u00ed, de manera que ambdues activitats es poden realitzar paral\u00b7lelament.<\/p>\n<p class=\"Estilo2\">Aquesta activitat est\u00e0 directament relacionada amb:<\/p>\n<ul>\n<li class=\"Estilo2\">La paraula en el vent: <a href=\"https:\/\/serveiseducatius.xtec.cat\/cda-empuries\/la-paraula-en-el-vent-itinerari-historicoliterari-a-empuries\/\">Itinerari: Itinerari hist\u00f2ricoliterari a Emp\u00faries<\/a><\/li>\n<\/ul>\n<p class=\"Estilo2\">\n<\/div>\n<p style=\"text-align: center;\"><a href=\"https:\/\/serveiseducatius.xtec.cat\/cda-empuries\/la-duna-dempuries\/\">Torna a la duna d&#8217;Emp\u00faries<\/a><\/p>\n<div class=\"entry-content\">\n<p>&nbsp;<\/p>\n<\/div>\n","protected":false},"excerpt":{"rendered":"<p>Nivell educatiu: Batxillerat (i adaptable a 4rt d\u2019ESO) Codi de l\u2019activitat: Pn5 El boc\u00ed de Costa Brava que ressegueix les dunes des de l\u2019Escala fins al jaciment d\u2019Emp\u00faries \u00e9s d\u2019incomparable bellesa i ens permet treballar alguns continguts del batxillerat cient\u00edfic: fem qu\u00edmica a la platja, treballem geologia i paisatge a l\u2019indret de Les Coves, ens [&hellip;]<\/p>\n","protected":false},"author":1,"featured_media":0,"parent":0,"menu_order":0,"comment_status":"closed","ping_status":"closed","template":"","meta":{"_bbp_topic_count":0,"_bbp_reply_count":0,"_bbp_total_topic_count":0,"_bbp_total_reply_count":0,"_bbp_voice_count":0,"_bbp_anonymous_reply_count":0,"_bbp_topic_count_hidden":0,"_bbp_reply_count_hidden":0,"_bbp_forum_subforum_count":0,"site-sidebar-layout":"default","site-content-layout":"","ast-site-content-layout":"default","site-content-style":"default","site-sidebar-style":"default","ast-global-header-display":"","ast-banner-title-visibility":"","ast-main-header-display":"","ast-hfb-above-header-display":"","ast-hfb-below-header-display":"","ast-hfb-mobile-header-display":"","site-post-title":"","ast-breadcrumbs-content":"","ast-featured-img":"","footer-sml-layout":"","theme-transparent-header-meta":"default","adv-header-id-meta":"","stick-header-meta":"","header-above-stick-meta":"","header-main-stick-meta":"","header-below-stick-meta":"","astra-migrate-meta-layouts":"set","ast-page-background-enabled":"default","ast-page-background-meta":{"desktop":{"background-color":"var(--ast-global-color-4)","background-image":"","background-repeat":"repeat","background-position":"center center","background-size":"auto","background-attachment":"scroll","background-type":"","background-media":"","overlay-type":"","overlay-color":"","overlay-opacity":"","overlay-gradient":""},"tablet":{"background-color":"","background-image":"","background-repeat":"repeat","background-position":"center center","background-size":"auto","background-attachment":"scroll","background-type":"","background-media":"","overlay-type":"","overlay-color":"","overlay-opacity":"","overlay-gradient":""},"mobile":{"background-color":"","background-image":"","background-repeat":"repeat","background-position":"center center","background-size":"auto","background-attachment":"scroll","background-type":"","background-media":"","overlay-type":"","overlay-color":"","overlay-opacity":"","overlay-gradient":""}},"ast-content-background-meta":{"desktop":{"background-color":"var(--ast-global-color-5)","background-image":"","background-repeat":"repeat","background-position":"center center","background-size":"auto","background-attachment":"scroll","background-type":"","background-media":"","overlay-type":"","overlay-color":"","overlay-opacity":"","overlay-gradient":""},"tablet":{"background-color":"var(--ast-global-color-5)","background-image":"","background-repeat":"repeat","background-position":"center center","background-size":"auto","background-attachment":"scroll","background-type":"","background-media":"","overlay-type":"","overlay-color":"","overlay-opacity":"","overlay-gradient":""},"mobile":{"background-color":"var(--ast-global-color-5)","background-image":"","background-repeat":"repeat","background-position":"center center","background-size":"auto","background-attachment":"scroll","background-type":"","background-media":"","overlay-type":"","overlay-color":"","overlay-opacity":"","overlay-gradient":""}},"footnotes":""},"class_list":["post-9391","page","type-page","status-publish","hentry"],"post_mailing_queue_ids":[],"_links":{"self":[{"href":"https:\/\/serveiseducatius.xtec.cat\/cda-empuries\/wp-json\/wp\/v2\/pages\/9391","targetHints":{"allow":["GET"]}}],"collection":[{"href":"https:\/\/serveiseducatius.xtec.cat\/cda-empuries\/wp-json\/wp\/v2\/pages"}],"about":[{"href":"https:\/\/serveiseducatius.xtec.cat\/cda-empuries\/wp-json\/wp\/v2\/types\/page"}],"author":[{"embeddable":true,"href":"https:\/\/serveiseducatius.xtec.cat\/cda-empuries\/wp-json\/wp\/v2\/users\/1"}],"replies":[{"embeddable":true,"href":"https:\/\/serveiseducatius.xtec.cat\/cda-empuries\/wp-json\/wp\/v2\/comments?post=9391"}],"version-history":[{"count":5,"href":"https:\/\/serveiseducatius.xtec.cat\/cda-empuries\/wp-json\/wp\/v2\/pages\/9391\/revisions"}],"predecessor-version":[{"id":12425,"href":"https:\/\/serveiseducatius.xtec.cat\/cda-empuries\/wp-json\/wp\/v2\/pages\/9391\/revisions\/12425"}],"wp:attachment":[{"href":"https:\/\/serveiseducatius.xtec.cat\/cda-empuries\/wp-json\/wp\/v2\/media?parent=9391"}],"curies":[{"name":"wp","href":"https:\/\/api.w.org\/{rel}","templated":true}]}}