{"id":9380,"date":"2019-06-30T08:54:35","date_gmt":"2019-06-30T06:54:35","guid":{"rendered":"http:\/\/serveiseducatius.xtec.cat\/cda-empuries\/?page_id=9380"},"modified":"2022-06-28T12:52:06","modified_gmt":"2022-06-28T10:52:06","slug":"sistema-dunar","status":"publish","type":"page","link":"https:\/\/serveiseducatius.xtec.cat\/cda-empuries\/sistema-dunar\/","title":{"rendered":"Sistema Dunar"},"content":{"rendered":"<div class=\"entry-content\">\n<p class=\"Estilo2\"><strong>Nivells educatius: <\/strong>Cicle Mitj\u00e0 i Superior de\u00a0<span class=\"Estilo10\">Prim\u00e0ria i ESO<br \/>\n<\/span><\/p>\n<p class=\"Estilo2\"><strong>Codi de l\u2019activitat:<\/strong> Pn3<\/p>\n<p class=\"Estilo2\" align=\"justify\">Presentaci\u00f3 del proc\u00e9s hist\u00f2ric que va portar a l\u2019inici dels treballs de fixaci\u00f3 i conservaci\u00f3 de les dunes d\u2019Emp\u00faries, a finals del segle XIX. Visita a la zona de dunes compresa entre la desembocadura del Rec del Mol\u00ed (l\u2019antic Ter) i el Portitxol. Sistema Dunar ent\u00e8s com a ecosistema fortament humanitzat. Influ\u00e8ncia d\u2019aquest sistema dunar en aspectes ben diversos, com la conservaci\u00f3 de les ru\u00efnes d\u2019Emp\u00faries o com la formaci\u00f3 de zones d\u2019aiguamolls.<\/p>\n<p class=\"Estilo2\" align=\"justify\">Una altra versi\u00f3 de l\u2019activitat (recomanable a partir de cicle superior de Prim\u00e0ria) incorpora l\u2019\u00fas del GPS, la recerca aut\u00f2noma amb grups redu\u00efts, i la posada en com\u00fa posterior.<\/p>\n<p class=\"Estilo2\">La durada de l\u2019activitat\u00a0\u00e9s de 3 hores.<\/p>\n<p>&nbsp;<\/p>\n<p>Recomanem que mireu la presentaci\u00f3 que us enviem per tal de comen\u00e7ar a preparar el terreny i crear inter\u00e8s i curiositat. Els alumnes s\u2019hauran de plantejar noves preguntes i trobar respostes fins a poder resoldre la pregunta guia que els plantegem.<\/p>\n<p><a href=\"https:\/\/serveiseducatius.xtec.cat\/cda-empuries\/moment-1-dunes-amb-gps\/\" target=\"_blank\" rel=\"noopener noreferrer\"><img loading=\"lazy\" decoding=\"async\" class=\"alignnone wp-image-9050 size-full\" src=\"https:\/\/serveiseducatius.xtec.cat\/cda-empuries\/wp-content\/uploads\/usu1383\/2019\/06\/1.jpg\" alt=\"\" width=\"207\" height=\"289\" \/><\/a> <a href=\"https:\/\/serveiseducatius.xtec.cat\/cda-empuries\/moment-2-sistema-dunar\/\"><img loading=\"lazy\" decoding=\"async\" class=\"alignnone size-full wp-image-9051\" src=\"https:\/\/serveiseducatius.xtec.cat\/cda-empuries\/wp-content\/uploads\/usu1383\/2019\/06\/2.jpg\" alt=\"\" width=\"206\" height=\"290\" \/><\/a> <a href=\"https:\/\/drive.google.com\/file\/d\/1Z0OK2ecu-S4qJmmg_fEgmf_63soNyzUz\/view?usp=sharing\" target=\"_blank\" rel=\"noopener\"><img loading=\"lazy\" decoding=\"async\" class=\"alignnone size-full wp-image-9052\" src=\"https:\/\/serveiseducatius.xtec.cat\/cda-empuries\/wp-content\/uploads\/usu1383\/2019\/06\/3.jpg\" alt=\"\" width=\"205\" height=\"289\" \/><\/a><\/p>\n<\/div>\n<div class=\"entry-content\">\n<p>&nbsp;<\/p>\n<p>Aquesta activitat est\u00e0 directament relacionada amb:<\/p>\n<ul>\n<li class=\"Estilo2\">Sant Mart\u00ed d\u2019Emp\u00faries i Espig\u00f3 hel\u00b7len\u00edstic<\/li>\n<li class=\"Estilo2\">Aiguamolls de l\u2019Empord\u00e0<\/li>\n<li class=\"Estilo2\">Cales de l\u2019Escala<\/li>\n<li class=\"Estilo2\">Taller de Sorra<\/li>\n<\/ul>\n<p class=\"Estilo2\" align=\"center\">\n<\/div>\n<p style=\"text-align: center;\" align=\"center\"><a href=\"https:\/\/serveiseducatius.xtec.cat\/cda-empuries\/la-duna-dempuries\/\">Torna a la duna d&#8217;Emp\u00faries<\/a><\/p>\n","protected":false},"excerpt":{"rendered":"<p>Nivells educatius: Cicle Mitj\u00e0 i Superior de\u00a0Prim\u00e0ria i ESO Codi de l\u2019activitat: Pn3 Presentaci\u00f3 del proc\u00e9s hist\u00f2ric que va portar a l\u2019inici dels treballs de fixaci\u00f3 i conservaci\u00f3 de les dunes d\u2019Emp\u00faries, a finals del segle XIX. Visita a la zona de dunes compresa entre la desembocadura del Rec del Mol\u00ed (l\u2019antic Ter) i el [&hellip;]<\/p>\n","protected":false},"author":1,"featured_media":0,"parent":0,"menu_order":0,"comment_status":"closed","ping_status":"closed","template":"","meta":{"_bbp_topic_count":0,"_bbp_reply_count":0,"_bbp_total_topic_count":0,"_bbp_total_reply_count":0,"_bbp_voice_count":0,"_bbp_anonymous_reply_count":0,"_bbp_topic_count_hidden":0,"_bbp_reply_count_hidden":0,"_bbp_forum_subforum_count":0,"site-sidebar-layout":"default","site-content-layout":"","ast-site-content-layout":"","site-content-style":"default","site-sidebar-style":"default","ast-global-header-display":"","ast-banner-title-visibility":"","ast-main-header-display":"","ast-hfb-above-header-display":"","ast-hfb-below-header-display":"","ast-hfb-mobile-header-display":"","site-post-title":"","ast-breadcrumbs-content":"","ast-featured-img":"","footer-sml-layout":"","theme-transparent-header-meta":"","adv-header-id-meta":"","stick-header-meta":"","header-above-stick-meta":"","header-main-stick-meta":"","header-below-stick-meta":"","astra-migrate-meta-layouts":"default","ast-page-background-enabled":"default","ast-page-background-meta":{"desktop":{"background-color":"var(--ast-global-color-4)","background-image":"","background-repeat":"repeat","background-position":"center center","background-size":"auto","background-attachment":"scroll","background-type":"","background-media":"","overlay-type":"","overlay-color":"","overlay-opacity":"","overlay-gradient":""},"tablet":{"background-color":"","background-image":"","background-repeat":"repeat","background-position":"center center","background-size":"auto","background-attachment":"scroll","background-type":"","background-media":"","overlay-type":"","overlay-color":"","overlay-opacity":"","overlay-gradient":""},"mobile":{"background-color":"","background-image":"","background-repeat":"repeat","background-position":"center center","background-size":"auto","background-attachment":"scroll","background-type":"","background-media":"","overlay-type":"","overlay-color":"","overlay-opacity":"","overlay-gradient":""}},"ast-content-background-meta":{"desktop":{"background-color":"var(--ast-global-color-5)","background-image":"","background-repeat":"repeat","background-position":"center center","background-size":"auto","background-attachment":"scroll","background-type":"","background-media":"","overlay-type":"","overlay-color":"","overlay-opacity":"","overlay-gradient":""},"tablet":{"background-color":"var(--ast-global-color-5)","background-image":"","background-repeat":"repeat","background-position":"center center","background-size":"auto","background-attachment":"scroll","background-type":"","background-media":"","overlay-type":"","overlay-color":"","overlay-opacity":"","overlay-gradient":""},"mobile":{"background-color":"var(--ast-global-color-5)","background-image":"","background-repeat":"repeat","background-position":"center center","background-size":"auto","background-attachment":"scroll","background-type":"","background-media":"","overlay-type":"","overlay-color":"","overlay-opacity":"","overlay-gradient":""}},"footnotes":""},"class_list":["post-9380","page","type-page","status-publish","hentry"],"post_mailing_queue_ids":[],"_links":{"self":[{"href":"https:\/\/serveiseducatius.xtec.cat\/cda-empuries\/wp-json\/wp\/v2\/pages\/9380","targetHints":{"allow":["GET"]}}],"collection":[{"href":"https:\/\/serveiseducatius.xtec.cat\/cda-empuries\/wp-json\/wp\/v2\/pages"}],"about":[{"href":"https:\/\/serveiseducatius.xtec.cat\/cda-empuries\/wp-json\/wp\/v2\/types\/page"}],"author":[{"embeddable":true,"href":"https:\/\/serveiseducatius.xtec.cat\/cda-empuries\/wp-json\/wp\/v2\/users\/1"}],"replies":[{"embeddable":true,"href":"https:\/\/serveiseducatius.xtec.cat\/cda-empuries\/wp-json\/wp\/v2\/comments?post=9380"}],"version-history":[{"count":4,"href":"https:\/\/serveiseducatius.xtec.cat\/cda-empuries\/wp-json\/wp\/v2\/pages\/9380\/revisions"}],"predecessor-version":[{"id":11748,"href":"https:\/\/serveiseducatius.xtec.cat\/cda-empuries\/wp-json\/wp\/v2\/pages\/9380\/revisions\/11748"}],"wp:attachment":[{"href":"https:\/\/serveiseducatius.xtec.cat\/cda-empuries\/wp-json\/wp\/v2\/media?parent=9380"}],"curies":[{"name":"wp","href":"https:\/\/api.w.org\/{rel}","templated":true}]}}