{"id":9304,"date":"2019-06-28T18:39:28","date_gmt":"2019-06-28T16:39:28","guid":{"rendered":"http:\/\/serveiseducatius.xtec.cat\/cda-empuries\/?page_id=9304"},"modified":"2025-11-07T10:45:08","modified_gmt":"2025-11-07T09:45:08","slug":"sorra-i-dunes","status":"publish","type":"page","link":"https:\/\/serveiseducatius.xtec.cat\/cda-empuries\/sorra-i-dunes\/","title":{"rendered":"Sorra i Dunes"},"content":{"rendered":"<div class=\"entry-content\">\n<p><strong>Nivell educatiu:<\/strong> Cicle Inicial de Prim\u00e0ria (i adaptable a Cicle Mitj\u00e0)<\/p>\n<p><strong>Codi de l\u2019activitat:<\/strong> Pn1<\/p>\n<p>L\u2019activitat consisteix en un recorregut pels seg\u00fcents espais: Platja del Rec, el Pedrigolet, l\u2019Arc del Portitxol, Ru\u00efnes d\u2019Emp\u00faries (vistes des del Cam\u00ed Forestal)<\/p>\n<p>El recorregut t\u00e9 una durada de dues hores. Es completa amb una activitat de s\u00edntesi que t\u00e9 una durada de vint minuts.<\/p>\n<p>A cadascun dels espais es faran un seguit d\u2019observacions i petites experi\u00e8ncies condu\u00efdes amb la intenci\u00f3 d\u2019arribar a unes conclusions concretes.\u00a0Les conclusions s\u00f3n recollides en unes etiquetes. A cada etiqueta hi ha la frase i una imatge que ajuda a recordar-ne el sentit, en cas de no tenir-ne la lectura prou assolida.<\/p>\n<p>Per dur a terme aquesta activitat partirem de la pregunta guia:<\/p>\n<p><a href=\"https:\/\/serveiseducatius.xtec.cat\/cda-empuries\/wp-content\/uploads\/usu1383\/2019\/06\/sorra-CI.png\"><img loading=\"lazy\" decoding=\"async\" class=\"alignnone size-full wp-image-9305\" src=\"https:\/\/serveiseducatius.xtec.cat\/cda-empuries\/wp-content\/uploads\/usu1383\/2019\/06\/sorra-CI.png\" alt=\"\" width=\"528\" height=\"110\" srcset=\"https:\/\/serveiseducatius.xtec.cat\/cda-empuries\/wp-content\/uploads\/usu1383\/2019\/06\/sorra-CI.png 528w, https:\/\/serveiseducatius.xtec.cat\/cda-empuries\/wp-content\/uploads\/usu1383\/2019\/06\/sorra-CI-300x63.png 300w\" sizes=\"auto, (max-width: 528px) 100vw, 528px\" \/><\/a><\/p>\n<p>Recomanem que mireu la presentaci\u00f3 que us enviem per tal de comen\u00e7ar a preparar el terreny i crear inter\u00e8s i curiositat.<\/p>\n<p>Els alumnes s\u2019hauran de plantejar noves preguntes i cercar respostes fins a poder resoldre la pregunta guia que els plantegem.<\/p>\n<p>Aquesta activitat es du a terme amb unes <strong>FITXES<\/strong> que els professors poden treballar a l&#8217;aula abans de l&#8217;activitat o b\u00e9 en el mateix moment del recorregut.<\/p>\n<p><a href=\"https:\/\/serveiseducatius.xtec.cat\/cda-empuries\/treballs-previs-de-lactivitat-sorra-i-dunes\/\" target=\"_blank\" rel=\"noopener noreferrer\"><img loading=\"lazy\" decoding=\"async\" class=\"alignnone size-full wp-image-9050\" src=\"https:\/\/serveiseducatius.xtec.cat\/cda-empuries\/wp-content\/uploads\/usu1383\/2019\/06\/1.jpg\" alt=\"\" width=\"207\" height=\"289\" \/><\/a> <a href=\"https:\/\/serveiseducatius.xtec.cat\/cda-empuries\/sorra-i-dunes-moment-2\/\"><img loading=\"lazy\" decoding=\"async\" class=\"alignnone wp-image-12302 size-full\" src=\"https:\/\/serveiseducatius.xtec.cat\/cda-empuries\/wp-content\/uploads\/usu1383\/2025\/10\/moment2senseQuadern2.jpg\" alt=\"\" width=\"206\" height=\"290\" \/><\/a><a href=\"https:\/\/serveiseducatius.xtec.cat\/cda-empuries\/propostes-de-treball-posterior-de-lactivitat-sorra-i-dunes\/\" target=\"_blank\" rel=\"noopener noreferrer\"><img loading=\"lazy\" decoding=\"async\" class=\"alignnone size-full wp-image-9052\" src=\"https:\/\/serveiseducatius.xtec.cat\/cda-empuries\/wp-content\/uploads\/usu1383\/2019\/06\/3.jpg\" alt=\"\" width=\"205\" height=\"289\" \/><\/a><\/p>\n<p>&nbsp;<\/p>\n<p>Aquesta activitat est\u00e0 directament relacionada amb:<\/p>\n<ul>\n<li>Aiguamolls de l\u2019Empord\u00e0<\/li>\n<li>Taller de Petxines<\/li>\n<\/ul>\n<p>&nbsp;<\/p>\n<\/div>\n<h4 style=\"text-align: center;\"><a href=\"https:\/\/serveiseducatius.xtec.cat\/cda-empuries\/la-duna-dempuries\/\">Torna a la duna d&#8217;Emp\u00faries<\/a><\/h4>\n","protected":false},"excerpt":{"rendered":"<p>Nivell educatiu: Cicle Inicial de Prim\u00e0ria (i adaptable a Cicle Mitj\u00e0) Codi de l\u2019activitat: Pn1 L\u2019activitat consisteix en un recorregut pels seg\u00fcents espais: Platja del Rec, el Pedrigolet, l\u2019Arc del Portitxol, Ru\u00efnes d\u2019Emp\u00faries (vistes des del Cam\u00ed Forestal) El recorregut t\u00e9 una durada de dues hores. Es completa amb una activitat de s\u00edntesi que t\u00e9 [&hellip;]<\/p>\n","protected":false},"author":1,"featured_media":0,"parent":0,"menu_order":0,"comment_status":"closed","ping_status":"closed","template":"","meta":{"_bbp_topic_count":0,"_bbp_reply_count":0,"_bbp_total_topic_count":0,"_bbp_total_reply_count":0,"_bbp_voice_count":0,"_bbp_anonymous_reply_count":0,"_bbp_topic_count_hidden":0,"_bbp_reply_count_hidden":0,"_bbp_forum_subforum_count":0,"site-sidebar-layout":"default","site-content-layout":"","ast-site-content-layout":"default","site-content-style":"default","site-sidebar-style":"default","ast-global-header-display":"","ast-banner-title-visibility":"","ast-main-header-display":"","ast-hfb-above-header-display":"","ast-hfb-below-header-display":"","ast-hfb-mobile-header-display":"","site-post-title":"","ast-breadcrumbs-content":"","ast-featured-img":"","footer-sml-layout":"","theme-transparent-header-meta":"default","adv-header-id-meta":"","stick-header-meta":"","header-above-stick-meta":"","header-main-stick-meta":"","header-below-stick-meta":"","astra-migrate-meta-layouts":"set","ast-page-background-enabled":"default","ast-page-background-meta":{"desktop":{"background-color":"var(--ast-global-color-4)","background-image":"","background-repeat":"repeat","background-position":"center center","background-size":"auto","background-attachment":"scroll","background-type":"","background-media":"","overlay-type":"","overlay-color":"","overlay-opacity":"","overlay-gradient":""},"tablet":{"background-color":"","background-image":"","background-repeat":"repeat","background-position":"center center","background-size":"auto","background-attachment":"scroll","background-type":"","background-media":"","overlay-type":"","overlay-color":"","overlay-opacity":"","overlay-gradient":""},"mobile":{"background-color":"","background-image":"","background-repeat":"repeat","background-position":"center center","background-size":"auto","background-attachment":"scroll","background-type":"","background-media":"","overlay-type":"","overlay-color":"","overlay-opacity":"","overlay-gradient":""}},"ast-content-background-meta":{"desktop":{"background-color":"var(--ast-global-color-5)","background-image":"","background-repeat":"repeat","background-position":"center center","background-size":"auto","background-attachment":"scroll","background-type":"","background-media":"","overlay-type":"","overlay-color":"","overlay-opacity":"","overlay-gradient":""},"tablet":{"background-color":"var(--ast-global-color-5)","background-image":"","background-repeat":"repeat","background-position":"center center","background-size":"auto","background-attachment":"scroll","background-type":"","background-media":"","overlay-type":"","overlay-color":"","overlay-opacity":"","overlay-gradient":""},"mobile":{"background-color":"var(--ast-global-color-5)","background-image":"","background-repeat":"repeat","background-position":"center center","background-size":"auto","background-attachment":"scroll","background-type":"","background-media":"","overlay-type":"","overlay-color":"","overlay-opacity":"","overlay-gradient":""}},"footnotes":""},"class_list":["post-9304","page","type-page","status-publish","hentry"],"post_mailing_queue_ids":[],"_links":{"self":[{"href":"https:\/\/serveiseducatius.xtec.cat\/cda-empuries\/wp-json\/wp\/v2\/pages\/9304","targetHints":{"allow":["GET"]}}],"collection":[{"href":"https:\/\/serveiseducatius.xtec.cat\/cda-empuries\/wp-json\/wp\/v2\/pages"}],"about":[{"href":"https:\/\/serveiseducatius.xtec.cat\/cda-empuries\/wp-json\/wp\/v2\/types\/page"}],"author":[{"embeddable":true,"href":"https:\/\/serveiseducatius.xtec.cat\/cda-empuries\/wp-json\/wp\/v2\/users\/1"}],"replies":[{"embeddable":true,"href":"https:\/\/serveiseducatius.xtec.cat\/cda-empuries\/wp-json\/wp\/v2\/comments?post=9304"}],"version-history":[{"count":5,"href":"https:\/\/serveiseducatius.xtec.cat\/cda-empuries\/wp-json\/wp\/v2\/pages\/9304\/revisions"}],"predecessor-version":[{"id":12532,"href":"https:\/\/serveiseducatius.xtec.cat\/cda-empuries\/wp-json\/wp\/v2\/pages\/9304\/revisions\/12532"}],"wp:attachment":[{"href":"https:\/\/serveiseducatius.xtec.cat\/cda-empuries\/wp-json\/wp\/v2\/media?parent=9304"}],"curies":[{"name":"wp","href":"https:\/\/api.w.org\/{rel}","templated":true}]}}