{"id":9285,"date":"2019-06-28T18:04:00","date_gmt":"2019-06-28T16:04:00","guid":{"rendered":"http:\/\/serveiseducatius.xtec.cat\/cda-empuries\/?page_id=9285"},"modified":"2022-10-10T13:45:34","modified_gmt":"2022-10-10T11:45:34","slug":"jaciment-iberic-dullastret-i-museu-2","status":"publish","type":"page","link":"https:\/\/serveiseducatius.xtec.cat\/cda-empuries\/jaciment-iberic-dullastret-i-museu-2\/","title":{"rendered":"Jaciment ib\u00e8ric d\u2019Ullastret i Museu"},"content":{"rendered":"<h3>Jaciment ib\u00e8ric d\u2019Ullastret i Museu<\/h3>\n<p>La ciutat ib\u00e8rica d\u2019Ullastret va constituir, entre els segles VI i II aC, una de les majors concentracions de poblaci\u00f3 preromana de la pen\u00ednsula Ib\u00e8rica i, durant aquest per\u00edode, va esdevenir la capital del poble dels indigets.<\/p>\n<p>El conjunt arqueol\u00f2gic d&#8217;Ullastret est\u00e0 format, b\u00e0sicament, pels assentaments del Puig de Sant Andreu i l\u2019Illa d&#8217;en Reixac (Ullastret), aix\u00ed com la necr\u00f2polis del Puig de Serra (Serra de Dar\u00f3). El Puig de Sant Andreu \u00e9s l&#8217;\u00fanic jaciment visitable actualment i alberga la seu d\u2019Ullastret del Museu d&#8217;Arqueologia de Catalunya (MAC).<\/p>\n<p>La visita al conjunt d\u2019Ullastret permet descobrir com era la vida en un poblat neol\u00edtic i quins s\u00f3n els trets fonamentals d\u2019aquesta cultura al nord-est de Catalunya, mitjan\u00e7ant un itinerari senyalitzat amb restitucions i la visita a l\u2019exposici\u00f3 permanent del Museu.<\/p>\n<p>Des del CdA Emp\u00faries treballem l&#8217;activitat tant a prim\u00e0ria com a l&#8217;ESO i a batxillerat.<\/p>\n<p>Les nostres activitats s\u00f3n:<\/p>\n<table style=\"border-collapse: collapse; width: 29.9354%; height: 65px;\">\n<tbody>\n<tr style=\"height: 33px;\">\n<td style=\"width: 17.0168%; height: 33px;\">\u00a0 \u00a0CS\u00a0 PRIM\u00c0RIA i ESO<\/td>\n<td style=\"width: 13.8655%;\">BATXILLERAT<\/td>\n<\/tr>\n<tr style=\"height: 32px;\">\n<td style=\"width: 17.0168%; height: 32px;\"><img loading=\"lazy\" decoding=\"async\" class=\"alignnone wp-image-11743\" src=\"https:\/\/serveiseducatius.xtec.cat\/cda-empuries\/wp-content\/uploads\/usu1383\/2022\/06\/ullastret.jpg\" alt=\"\" width=\"130\" height=\"123\" srcset=\"https:\/\/serveiseducatius.xtec.cat\/cda-empuries\/wp-content\/uploads\/usu1383\/2022\/06\/ullastret.jpg 511w, https:\/\/serveiseducatius.xtec.cat\/cda-empuries\/wp-content\/uploads\/usu1383\/2022\/06\/ullastret-300x282.jpg 300w\" sizes=\"auto, (max-width: 130px) 100vw, 130px\" \/><\/p>\n<p><a style=\"color: #2795b6;\" href=\"https:\/\/serveiseducatius.xtec.cat\/cda-empuries\/ullastret-un-poblat-dels-ibers\/\" target=\"_blank\" rel=\"noopener\">Ullastret, l&#8217;enigma iber<\/a><\/td>\n<td style=\"width: 13.8655%;\"><a href=\"https:\/\/drive.google.com\/file\/d\/1Tc7ZEOAQv35b7b8DVQNk8rg0siQUAz_W\/view?usp=sharing\" target=\"_blank\" rel=\"noopener\"><img loading=\"lazy\" decoding=\"async\" class=\"alignnone wp-image-9300 size-full\" src=\"https:\/\/serveiseducatius.xtec.cat\/cda-empuries\/wp-content\/uploads\/usu1383\/2019\/06\/indiketes.png\" alt=\"\" width=\"383\" height=\"390\" srcset=\"https:\/\/serveiseducatius.xtec.cat\/cda-empuries\/wp-content\/uploads\/usu1383\/2019\/06\/indiketes.png 383w, https:\/\/serveiseducatius.xtec.cat\/cda-empuries\/wp-content\/uploads\/usu1383\/2019\/06\/indiketes-295x300.png 295w\" sizes=\"auto, (max-width: 383px) 100vw, 383px\" \/><\/a><\/td>\n<\/tr>\n<\/tbody>\n<\/table>\n<p>&nbsp;<\/p>\n<h5><a href=\"https:\/\/serveiseducatius.xtec.cat\/cda-empuries\/oferta-pedagogica\/\">\u00a0 \u00a0 \u00a0 \u00a0 \u00a0 \u00a0 \u00a0 \u00a0 \u00a0 \u00a0 \u00a0 \u00a0 \u00a0 \u00a0 \u00a0 \u00a0 \u00a0 \u00a0 \u00a0 \u00a0 \u00a0 \u00a0 \u00a0 \u00a0 \u00a0 \u00a0 \u00a0 \u00a0 \u00a0Torna a activitats per \u00e0mbits<\/a><\/h5>\n","protected":false},"excerpt":{"rendered":"<p>Jaciment ib\u00e8ric d\u2019Ullastret i Museu La ciutat ib\u00e8rica d\u2019Ullastret va constituir, entre els segles VI i II aC, una de les majors concentracions de poblaci\u00f3 preromana de la pen\u00ednsula Ib\u00e8rica i, durant aquest per\u00edode, va esdevenir la capital del poble dels indigets. El conjunt arqueol\u00f2gic d&#8217;Ullastret est\u00e0 format, b\u00e0sicament, pels assentaments del Puig de Sant [&hellip;]<\/p>\n","protected":false},"author":1,"featured_media":0,"parent":0,"menu_order":0,"comment_status":"closed","ping_status":"closed","template":"","meta":{"_bbp_topic_count":0,"_bbp_reply_count":0,"_bbp_total_topic_count":0,"_bbp_total_reply_count":0,"_bbp_voice_count":0,"_bbp_anonymous_reply_count":0,"_bbp_topic_count_hidden":0,"_bbp_reply_count_hidden":0,"_bbp_forum_subforum_count":0,"site-sidebar-layout":"default","site-content-layout":"","ast-site-content-layout":"","site-content-style":"default","site-sidebar-style":"default","ast-global-header-display":"","ast-banner-title-visibility":"","ast-main-header-display":"","ast-hfb-above-header-display":"","ast-hfb-below-header-display":"","ast-hfb-mobile-header-display":"","site-post-title":"","ast-breadcrumbs-content":"","ast-featured-img":"","footer-sml-layout":"","theme-transparent-header-meta":"","adv-header-id-meta":"","stick-header-meta":"","header-above-stick-meta":"","header-main-stick-meta":"","header-below-stick-meta":"","astra-migrate-meta-layouts":"default","ast-page-background-enabled":"default","ast-page-background-meta":{"desktop":{"background-color":"var(--ast-global-color-4)","background-image":"","background-repeat":"repeat","background-position":"center center","background-size":"auto","background-attachment":"scroll","background-type":"","background-media":"","overlay-type":"","overlay-color":"","overlay-opacity":"","overlay-gradient":""},"tablet":{"background-color":"","background-image":"","background-repeat":"repeat","background-position":"center center","background-size":"auto","background-attachment":"scroll","background-type":"","background-media":"","overlay-type":"","overlay-color":"","overlay-opacity":"","overlay-gradient":""},"mobile":{"background-color":"","background-image":"","background-repeat":"repeat","background-position":"center center","background-size":"auto","background-attachment":"scroll","background-type":"","background-media":"","overlay-type":"","overlay-color":"","overlay-opacity":"","overlay-gradient":""}},"ast-content-background-meta":{"desktop":{"background-color":"var(--ast-global-color-5)","background-image":"","background-repeat":"repeat","background-position":"center center","background-size":"auto","background-attachment":"scroll","background-type":"","background-media":"","overlay-type":"","overlay-color":"","overlay-opacity":"","overlay-gradient":""},"tablet":{"background-color":"var(--ast-global-color-5)","background-image":"","background-repeat":"repeat","background-position":"center center","background-size":"auto","background-attachment":"scroll","background-type":"","background-media":"","overlay-type":"","overlay-color":"","overlay-opacity":"","overlay-gradient":""},"mobile":{"background-color":"var(--ast-global-color-5)","background-image":"","background-repeat":"repeat","background-position":"center center","background-size":"auto","background-attachment":"scroll","background-type":"","background-media":"","overlay-type":"","overlay-color":"","overlay-opacity":"","overlay-gradient":""}},"footnotes":""},"class_list":["post-9285","page","type-page","status-publish","hentry"],"post_mailing_queue_ids":[],"_links":{"self":[{"href":"https:\/\/serveiseducatius.xtec.cat\/cda-empuries\/wp-json\/wp\/v2\/pages\/9285","targetHints":{"allow":["GET"]}}],"collection":[{"href":"https:\/\/serveiseducatius.xtec.cat\/cda-empuries\/wp-json\/wp\/v2\/pages"}],"about":[{"href":"https:\/\/serveiseducatius.xtec.cat\/cda-empuries\/wp-json\/wp\/v2\/types\/page"}],"author":[{"embeddable":true,"href":"https:\/\/serveiseducatius.xtec.cat\/cda-empuries\/wp-json\/wp\/v2\/users\/1"}],"replies":[{"embeddable":true,"href":"https:\/\/serveiseducatius.xtec.cat\/cda-empuries\/wp-json\/wp\/v2\/comments?post=9285"}],"version-history":[{"count":4,"href":"https:\/\/serveiseducatius.xtec.cat\/cda-empuries\/wp-json\/wp\/v2\/pages\/9285\/revisions"}],"predecessor-version":[{"id":11787,"href":"https:\/\/serveiseducatius.xtec.cat\/cda-empuries\/wp-json\/wp\/v2\/pages\/9285\/revisions\/11787"}],"wp:attachment":[{"href":"https:\/\/serveiseducatius.xtec.cat\/cda-empuries\/wp-json\/wp\/v2\/media?parent=9285"}],"curies":[{"name":"wp","href":"https:\/\/api.w.org\/{rel}","templated":true}]}}