{"id":9280,"date":"2019-06-28T17:49:40","date_gmt":"2019-06-28T15:49:40","guid":{"rendered":"http:\/\/serveiseducatius.xtec.cat\/cda-empuries\/?page_id=9280"},"modified":"2019-10-17T10:44:27","modified_gmt":"2019-10-17T08:44:27","slug":"treballs-previs-ullastret-eso","status":"publish","type":"page","link":"https:\/\/serveiseducatius.xtec.cat\/cda-empuries\/treballs-previs-ullastret-eso\/","title":{"rendered":"Treballs previs Ullastret ESO"},"content":{"rendered":"<div class=\"entry-content\">\n<h1>ESO<\/h1>\n<table style=\"width: 819px;\">\n<tbody>\n<tr>\n<td style=\"width: 813px;\">\n<h2>MATERIAL PER L\u2019ALUMNAT<\/h2>\n<p><a href=\"http:\/\/www.xtec.cat\/cda-empuries\/MPUllastret.pps\" target=\"_blank\" rel=\"noopener noreferrer\"><img loading=\"lazy\" decoding=\"async\" class=\"size-full wp-image-9249 alignleft\" src=\"https:\/\/serveiseducatius.xtec.cat\/cda-empuries\/wp-content\/uploads\/usu1383\/2019\/06\/ULLASTRET-ALUMNES.jpg\" alt=\"\" width=\"242\" height=\"139\" \/><\/a><\/p>\n<h2><a href=\"http:\/\/www.xtec.cat\/cda-empuries\/MPUllastret1c.pps\" target=\"_blank\" rel=\"noopener noreferrer\">PRESENTACI\u00d3 ULLASTRET<\/a><\/h2>\n<p>&nbsp;<\/td>\n<\/tr>\n<tr>\n<td style=\"width: 813px;\">\n<h2><a href=\"http:\/\/www.xtec.cat\/cda-empuries\/GDUllastret+Natura1c.pdf\" target=\"_blank\" rel=\"noopener noreferrer\"><img loading=\"lazy\" decoding=\"async\" class=\"size-full wp-image-9251 alignleft\" src=\"https:\/\/serveiseducatius.xtec.cat\/cda-empuries\/wp-content\/uploads\/usu1383\/2019\/06\/GUIA-DID\u00c0CTICA-ULLASTRET.jpg\" alt=\"\" width=\"261\" height=\"125\" \/><\/a><\/h2>\n<h2><a href=\"http:\/\/www.xtec.cat\/cda-empuries\/GDUllastret+Natura1c.pdf\" target=\"_blank\" rel=\"noopener noreferrer\">GUIA DID\u00c0CTICA PEL DOCENT<\/a> (per acompanyar la presentaci\u00f3)<\/h2>\n<\/td>\n<\/tr>\n<\/tbody>\n<\/table>\n<h2>Altres v\u00eddeos interessants:<\/h2>\n<p><a href=\"https:\/\/www.ccma.cat\/tv3\/alacarta\/el-lloc-dels-fets\/el-tresor-de-liber-poblat-iber-dullastret\/video\/5671336\/\" target=\"_blank\" rel=\"noopener noreferrer\"><img loading=\"lazy\" decoding=\"async\" class=\"alignnone size-full wp-image-9252\" src=\"https:\/\/serveiseducatius.xtec.cat\/cda-empuries\/wp-content\/uploads\/usu1383\/2019\/06\/VIDEO-INTERESSANT.jpg\" sizes=\"auto, (max-width: 307px) 100vw, 307px\" srcset=\"https:\/\/serveiseducatius.xtec.cat\/cda-empuries\/wp-content\/uploads\/usu1383\/2019\/06\/VIDEO-INTERESSANT.jpg 307w, https:\/\/serveiseducatius.xtec.cat\/cda-empuries\/wp-content\/uploads\/usu1383\/2019\/06\/VIDEO-INTERESSANT-300x159.jpg 300w\" alt=\"\" width=\"307\" height=\"163\" \/><\/a><\/p>\n<h2 style=\"text-align: center;\"><a href=\"https:\/\/serveiseducatius.xtec.cat\/cda-empuries\/ullastret-un-poblat-dels-ibers\/\">Torna a Ullastret, un poblat dels ibers<\/a><\/h2>\n<\/div>\n","protected":false},"excerpt":{"rendered":"<p>ESO MATERIAL PER L\u2019ALUMNAT PRESENTACI\u00d3 ULLASTRET &nbsp; GUIA DID\u00c0CTICA PEL DOCENT (per acompanyar la presentaci\u00f3) Altres v\u00eddeos interessants: Torna a Ullastret, un poblat dels ibers<\/p>\n","protected":false},"author":1,"featured_media":0,"parent":0,"menu_order":0,"comment_status":"closed","ping_status":"closed","template":"","meta":{"_bbp_topic_count":0,"_bbp_reply_count":0,"_bbp_total_topic_count":0,"_bbp_total_reply_count":0,"_bbp_voice_count":0,"_bbp_anonymous_reply_count":0,"_bbp_topic_count_hidden":0,"_bbp_reply_count_hidden":0,"_bbp_forum_subforum_count":0,"site-sidebar-layout":"default","site-content-layout":"","ast-site-content-layout":"","site-content-style":"default","site-sidebar-style":"default","ast-global-header-display":"","ast-banner-title-visibility":"","ast-main-header-display":"","ast-hfb-above-header-display":"","ast-hfb-below-header-display":"","ast-hfb-mobile-header-display":"","site-post-title":"","ast-breadcrumbs-content":"","ast-featured-img":"","footer-sml-layout":"","theme-transparent-header-meta":"","adv-header-id-meta":"","stick-header-meta":"","header-above-stick-meta":"","header-main-stick-meta":"","header-below-stick-meta":"","astra-migrate-meta-layouts":"default","ast-page-background-enabled":"default","ast-page-background-meta":{"desktop":{"background-color":"var(--ast-global-color-4)","background-image":"","background-repeat":"repeat","background-position":"center center","background-size":"auto","background-attachment":"scroll","background-type":"","background-media":"","overlay-type":"","overlay-color":"","overlay-opacity":"","overlay-gradient":""},"tablet":{"background-color":"","background-image":"","background-repeat":"repeat","background-position":"center center","background-size":"auto","background-attachment":"scroll","background-type":"","background-media":"","overlay-type":"","overlay-color":"","overlay-opacity":"","overlay-gradient":""},"mobile":{"background-color":"","background-image":"","background-repeat":"repeat","background-position":"center center","background-size":"auto","background-attachment":"scroll","background-type":"","background-media":"","overlay-type":"","overlay-color":"","overlay-opacity":"","overlay-gradient":""}},"ast-content-background-meta":{"desktop":{"background-color":"var(--ast-global-color-5)","background-image":"","background-repeat":"repeat","background-position":"center center","background-size":"auto","background-attachment":"scroll","background-type":"","background-media":"","overlay-type":"","overlay-color":"","overlay-opacity":"","overlay-gradient":""},"tablet":{"background-color":"var(--ast-global-color-5)","background-image":"","background-repeat":"repeat","background-position":"center center","background-size":"auto","background-attachment":"scroll","background-type":"","background-media":"","overlay-type":"","overlay-color":"","overlay-opacity":"","overlay-gradient":""},"mobile":{"background-color":"var(--ast-global-color-5)","background-image":"","background-repeat":"repeat","background-position":"center center","background-size":"auto","background-attachment":"scroll","background-type":"","background-media":"","overlay-type":"","overlay-color":"","overlay-opacity":"","overlay-gradient":""}},"footnotes":""},"class_list":["post-9280","page","type-page","status-publish","hentry"],"post_mailing_queue_ids":[],"_links":{"self":[{"href":"https:\/\/serveiseducatius.xtec.cat\/cda-empuries\/wp-json\/wp\/v2\/pages\/9280","targetHints":{"allow":["GET"]}}],"collection":[{"href":"https:\/\/serveiseducatius.xtec.cat\/cda-empuries\/wp-json\/wp\/v2\/pages"}],"about":[{"href":"https:\/\/serveiseducatius.xtec.cat\/cda-empuries\/wp-json\/wp\/v2\/types\/page"}],"author":[{"embeddable":true,"href":"https:\/\/serveiseducatius.xtec.cat\/cda-empuries\/wp-json\/wp\/v2\/users\/1"}],"replies":[{"embeddable":true,"href":"https:\/\/serveiseducatius.xtec.cat\/cda-empuries\/wp-json\/wp\/v2\/comments?post=9280"}],"version-history":[{"count":2,"href":"https:\/\/serveiseducatius.xtec.cat\/cda-empuries\/wp-json\/wp\/v2\/pages\/9280\/revisions"}],"predecessor-version":[{"id":10134,"href":"https:\/\/serveiseducatius.xtec.cat\/cda-empuries\/wp-json\/wp\/v2\/pages\/9280\/revisions\/10134"}],"wp:attachment":[{"href":"https:\/\/serveiseducatius.xtec.cat\/cda-empuries\/wp-json\/wp\/v2\/media?parent=9280"}],"curies":[{"name":"wp","href":"https:\/\/api.w.org\/{rel}","templated":true}]}}