{"id":9240,"date":"2019-06-28T08:29:36","date_gmt":"2019-06-28T06:29:36","guid":{"rendered":"http:\/\/serveiseducatius.xtec.cat\/cda-empuries\/?page_id=9240"},"modified":"2024-09-05T11:37:12","modified_gmt":"2024-09-05T09:37:12","slug":"jaciment-grecoroma-dempuries-i-museu","status":"publish","type":"page","link":"https:\/\/serveiseducatius.xtec.cat\/cda-empuries\/jaciment-grecoroma-dempuries-i-museu\/","title":{"rendered":"Jaciment grecorom\u00e0 d\u2019Emp\u00faries i Museu"},"content":{"rendered":"<div class=\"entry-content\">\n<p class=\"Estilo9\"><strong>Nivell educatiu: <\/strong>Cicle Superior de\u00a0Prim\u00e0ria, ESO, Batxillerat i Cicles Formatius<\/p>\n<p class=\"Estilo9\"><strong>Codi de l\u2019activitat:<\/strong> Ea6<\/p>\n<p class=\"Estilo2\" align=\"justify\">Aquesta activitat consisteix en una visita a les ru\u00efnes grecoromanes des d\u2019un punt de vista exclusivament hist\u00f2ric i arqueol\u00f2gic.<\/p>\n<p class=\"Estilo2\" align=\"justify\">Per a batxillerat s\u2019introdueixen continguts propis de les mat\u00e8ries d\u2019hist\u00f2ria i d\u2019hist\u00f2ria de l\u2019art. Tamb\u00e9 \u00e9s possible fer adaptacions aprofundint en aspectes concrets d\u2019inter\u00e8s del centre (mitologia i creences, costums \u2026).<\/p>\n<p class=\"Estilo2\">Per aquells que desitgin combinar la visita estrictament hist\u00f2rica amb l\u2019antiga mitologia o la literatura cl\u00e0ssica, poden consultar les activitats titulades <a href=\"https:\/\/serveiseducatius.xtec.cat\/cda-empuries\/mitologia-a-empuries\/\">Mitologia a Emp\u00faries<\/a> i <a href=\"https:\/\/serveiseducatius.xtec.cat\/cda-empuries\/empuries-de-la-ma-dels-deus\/\">Emp\u00faries de la m\u00e0 dels d\u00e9us <\/a>(per a la primera opci\u00f3) i <a href=\"https:\/\/serveiseducatius.xtec.cat\/cda-empuries\/la-paraula-en-el-vent-itinerari-historicoliterari-a-empuries\/\">La paraula en el vent<\/a> (per a la segona)<\/p>\n<p>\u00a0 <a href=\"https:\/\/serveiseducatius.xtec.cat\/cda-empuries\/moment-1-jaciment-empuries-i-museu\/\"><img loading=\"lazy\" decoding=\"async\" class=\"alignnone size-full wp-image-9050\" src=\"https:\/\/serveiseducatius.xtec.cat\/cda-empuries\/wp-content\/uploads\/usu1383\/2019\/06\/1.jpg\" alt=\"\" width=\"207\" height=\"289\" \/><\/a><a href=\"https:\/\/serveiseducatius.xtec.cat\/cda-empuries\/wp-content\/uploads\/usu1383\/2019\/06\/2.jpg\"> \u00a0 \u00a0 \u00a0 \u00a0 \u00a0 \u00a0 \u00a0 \u00a0\u00a0 <\/a><a href=\"https:\/\/serveiseducatius.xtec.cat\/cda-empuries\/wp-content\/uploads\/usu1383\/2019\/06\/moment-2-pina.png\"><img loading=\"lazy\" decoding=\"async\" class=\"alignnone size-full wp-image-9101\" src=\"https:\/\/serveiseducatius.xtec.cat\/cda-empuries\/wp-content\/uploads\/usu1383\/2019\/06\/moment-2-pina.png\" alt=\"\" width=\"214\" height=\"293\" \/><\/a><a href=\"https:\/\/serveiseducatius.xtec.cat\/cda-empuries\/wp-content\/uploads\/usu1383\/2019\/06\/2.jpg\">\u00a0 \u00a0 \u00a0 \u00a0 \u00a0 \u00a0 \u00a0 \u00a0\u00a0<\/a><a href=\"https:\/\/serveiseducatius.xtec.cat\/cda-empuries\/moment-3-jaciment-greco-roma-empuries\/\"><img loading=\"lazy\" decoding=\"async\" class=\"alignnone size-full wp-image-9052\" src=\"https:\/\/serveiseducatius.xtec.cat\/cda-empuries\/wp-content\/uploads\/usu1383\/2019\/06\/3.jpg\" alt=\"\" width=\"205\" height=\"289\" \/><\/a><\/p>\n<p class=\"Estilo2\">La visita t\u00e9 una durada d\u2019unes <strong>3 hores<\/strong>.<\/p>\n<div id=\"gallery-1\" class=\"gallery galleryid-1473 gallery-columns-3 gallery-size-thumbnail\">\n<dl class=\"gallery-item\">\n<dt class=\"gallery-icon landscape\"><a href=\"https:\/\/blocs.xtec.cat\/cdaempuries\/totes-les-activitats\/marius-dempuries\/em01\/\"><img loading=\"lazy\" decoding=\"async\" class=\"attachment-thumbnail size-thumbnail\" src=\"https:\/\/blocs.xtec.cat\/cdaempuries\/files\/2015\/12\/em01-150x141.jpg\" alt=\"\" width=\"150\" height=\"141\" \/><\/a><a href=\"https:\/\/blocs.xtec.cat\/cdaempuries\/totes-les-activitats\/marius-dempuries\/em03\/\"><img loading=\"lazy\" decoding=\"async\" class=\"attachment-thumbnail size-thumbnail\" src=\"https:\/\/blocs.xtec.cat\/cdaempuries\/files\/2015\/12\/em03-150x141.jpg\" alt=\"\" width=\"150\" height=\"141\" \/><\/a><a href=\"https:\/\/blocs.xtec.cat\/cdaempuries\/totes-les-activitats\/marius-dempuries\/em02\/\"><img loading=\"lazy\" decoding=\"async\" class=\"attachment-thumbnail size-thumbnail\" src=\"https:\/\/blocs.xtec.cat\/cdaempuries\/files\/2015\/12\/em02-150x141.jpg\" alt=\"\" width=\"150\" height=\"141\" \/><\/a><\/dt>\n<\/dl>\n<dl class=\"gallery-item\">\n<dt class=\"gallery-icon landscape\"><\/dt>\n<\/dl>\n<dl class=\"gallery-item\">\n<dt class=\"gallery-icon landscape\"><\/dt>\n<\/dl>\n<\/div>\n<p>&nbsp;<\/p>\n<p>Aquesta activitat est\u00e0 directament relacionada amb:<\/p>\n<ul>\n<li><a href=\"https:\/\/serveiseducatius.xtec.cat\/cda-empuries\/la-duna-dempuries\/\">Sistema Dunar d\u2019Emp\u00faries<\/a><\/li>\n<li><a href=\"https:\/\/serveiseducatius.xtec.cat\/cda-empuries\/jaciment-iberic-dullastret-i-museu-2\/\">Jaciment ib\u00e8ric d\u2019Ullastret i Museu<\/a><\/li>\n<li><a href=\"https:\/\/serveiseducatius.xtec.cat\/cda-empuries\/activitats-de-sant-marti-dempuries\/\">Sant Mart\u00ed d\u2019Emp\u00faries i espig\u00f3 hel\u00b7len\u00edstic<\/a><\/li>\n<\/ul>\n<h3 style=\"text-align: center;\"><a href=\"https:\/\/serveiseducatius.xtec.cat\/cda-empuries\/empuries-un-pont-de-mar-blava-2\/\">Torna a Emp\u00faries, un pont de mar blava<\/a><\/h3>\n<\/div>\n","protected":false},"excerpt":{"rendered":"<p>Nivell educatiu: Cicle Superior de\u00a0Prim\u00e0ria, ESO, Batxillerat i Cicles Formatius Codi de l\u2019activitat: Ea6 Aquesta activitat consisteix en una visita a les ru\u00efnes grecoromanes des d\u2019un punt de vista exclusivament hist\u00f2ric i arqueol\u00f2gic. Per a batxillerat s\u2019introdueixen continguts propis de les mat\u00e8ries d\u2019hist\u00f2ria i d\u2019hist\u00f2ria de l\u2019art. Tamb\u00e9 \u00e9s possible fer adaptacions aprofundint en aspectes [&hellip;]<\/p>\n","protected":false},"author":1,"featured_media":0,"parent":0,"menu_order":0,"comment_status":"closed","ping_status":"closed","template":"","meta":{"_bbp_topic_count":0,"_bbp_reply_count":0,"_bbp_total_topic_count":0,"_bbp_total_reply_count":0,"_bbp_voice_count":0,"_bbp_anonymous_reply_count":0,"_bbp_topic_count_hidden":0,"_bbp_reply_count_hidden":0,"_bbp_forum_subforum_count":0,"site-sidebar-layout":"default","site-content-layout":"","ast-site-content-layout":"","site-content-style":"default","site-sidebar-style":"default","ast-global-header-display":"","ast-banner-title-visibility":"","ast-main-header-display":"","ast-hfb-above-header-display":"","ast-hfb-below-header-display":"","ast-hfb-mobile-header-display":"","site-post-title":"","ast-breadcrumbs-content":"","ast-featured-img":"","footer-sml-layout":"","theme-transparent-header-meta":"","adv-header-id-meta":"","stick-header-meta":"","header-above-stick-meta":"","header-main-stick-meta":"","header-below-stick-meta":"","astra-migrate-meta-layouts":"default","ast-page-background-enabled":"default","ast-page-background-meta":{"desktop":{"background-color":"var(--ast-global-color-4)","background-image":"","background-repeat":"repeat","background-position":"center center","background-size":"auto","background-attachment":"scroll","background-type":"","background-media":"","overlay-type":"","overlay-color":"","overlay-opacity":"","overlay-gradient":""},"tablet":{"background-color":"","background-image":"","background-repeat":"repeat","background-position":"center center","background-size":"auto","background-attachment":"scroll","background-type":"","background-media":"","overlay-type":"","overlay-color":"","overlay-opacity":"","overlay-gradient":""},"mobile":{"background-color":"","background-image":"","background-repeat":"repeat","background-position":"center center","background-size":"auto","background-attachment":"scroll","background-type":"","background-media":"","overlay-type":"","overlay-color":"","overlay-opacity":"","overlay-gradient":""}},"ast-content-background-meta":{"desktop":{"background-color":"var(--ast-global-color-5)","background-image":"","background-repeat":"repeat","background-position":"center center","background-size":"auto","background-attachment":"scroll","background-type":"","background-media":"","overlay-type":"","overlay-color":"","overlay-opacity":"","overlay-gradient":""},"tablet":{"background-color":"var(--ast-global-color-5)","background-image":"","background-repeat":"repeat","background-position":"center center","background-size":"auto","background-attachment":"scroll","background-type":"","background-media":"","overlay-type":"","overlay-color":"","overlay-opacity":"","overlay-gradient":""},"mobile":{"background-color":"var(--ast-global-color-5)","background-image":"","background-repeat":"repeat","background-position":"center center","background-size":"auto","background-attachment":"scroll","background-type":"","background-media":"","overlay-type":"","overlay-color":"","overlay-opacity":"","overlay-gradient":""}},"footnotes":""},"class_list":["post-9240","page","type-page","status-publish","hentry"],"post_mailing_queue_ids":[],"_links":{"self":[{"href":"https:\/\/serveiseducatius.xtec.cat\/cda-empuries\/wp-json\/wp\/v2\/pages\/9240","targetHints":{"allow":["GET"]}}],"collection":[{"href":"https:\/\/serveiseducatius.xtec.cat\/cda-empuries\/wp-json\/wp\/v2\/pages"}],"about":[{"href":"https:\/\/serveiseducatius.xtec.cat\/cda-empuries\/wp-json\/wp\/v2\/types\/page"}],"author":[{"embeddable":true,"href":"https:\/\/serveiseducatius.xtec.cat\/cda-empuries\/wp-json\/wp\/v2\/users\/1"}],"replies":[{"embeddable":true,"href":"https:\/\/serveiseducatius.xtec.cat\/cda-empuries\/wp-json\/wp\/v2\/comments?post=9240"}],"version-history":[{"count":4,"href":"https:\/\/serveiseducatius.xtec.cat\/cda-empuries\/wp-json\/wp\/v2\/pages\/9240\/revisions"}],"predecessor-version":[{"id":12004,"href":"https:\/\/serveiseducatius.xtec.cat\/cda-empuries\/wp-json\/wp\/v2\/pages\/9240\/revisions\/12004"}],"wp:attachment":[{"href":"https:\/\/serveiseducatius.xtec.cat\/cda-empuries\/wp-json\/wp\/v2\/media?parent=9240"}],"curies":[{"name":"wp","href":"https:\/\/api.w.org\/{rel}","templated":true}]}}