{"id":9196,"date":"2019-06-27T16:13:30","date_gmt":"2019-06-27T14:13:30","guid":{"rendered":"http:\/\/serveiseducatius.xtec.cat\/cda-empuries\/?page_id=9196"},"modified":"2022-09-19T11:32:52","modified_gmt":"2022-09-19T09:32:52","slug":"https-serveiseducatius-xtec-cat-cda-empuries-moment-1-mitologia-a-empuries","status":"publish","type":"page","link":"https:\/\/serveiseducatius.xtec.cat\/cda-empuries\/https-serveiseducatius-xtec-cat-cda-empuries-moment-1-mitologia-a-empuries\/","title":{"rendered":"Mitologia a Emp\u00faries"},"content":{"rendered":"<p><strong>Nivell educatiu:<\/strong>\u00a0 Cicle Superior de Prim\u00e0ria (i adaptable a 1r i 2n d\u2019ESO)<\/p>\n<p><strong>Codi de l\u2019activitat:<\/strong> Ea4<\/p>\n<p>Aquesta activitat pret\u00e9n combinar la visita guiada tradicional a la ciutat grega d\u2019Emp\u00faries i al seu Museu amb l\u2019explicaci\u00f3 de sis mites grecs relacionats amb els espais visitats o amb alguns objectes especialment rellevants del Museu.<\/p>\n<p>Les principals parades i objectes del Museu s\u2019expliquen\u00a0amb el suport d\u2019imatges antigues procedents de cer\u00e0miques i est\u00e0tues.<\/p>\n<table style=\"height: 461px;\" width=\"717\">\n<tbody>\n<tr style=\"height: 75px;\">\n<td style=\"height: 75px; width: 711px;\" colspan=\"3\"><strong>\u00a0<\/strong><\/p>\n<p><strong>Per vincular a la programaci\u00f3 del centre<\/strong><\/td>\n<\/tr>\n<tr style=\"height: 33px;\">\n<td style=\"height: 33px; width: 121.9px;\"><strong>\u00c0MBIT<\/strong><\/td>\n<td style=\"height: 33px; width: 104.7px;\">DIMENSI\u00d3<\/td>\n<td style=\"height: 33px; width: 480.4px;\">COMPET\u00c8NCIA<\/td>\n<\/tr>\n<tr style=\"height: 164px;\">\n<td style=\"height: 164px; width: 121.9px;\">\u00c0mbit de Coneixement del medi.<\/p>\n<p>Medi social i cultural.<\/td>\n<td style=\"height: 164px; width: 104.7px;\"><strong>M\u00f3n actual<\/strong><\/td>\n<td style=\"height: 164px; width: 480.4px;\">Compet\u00e8ncia 2: Interpretar el present a partir de l\u2019an\u00e0lisi dels canvis i continu\u00eftats al llarg del temps, per comprendre la societat en qu\u00e8 vivim<\/td>\n<\/tr>\n<tr style=\"height: 33px;\">\n<td style=\"height: 33px; width: 711px;\" colspan=\"3\"><strong>Objectius:<\/strong><\/td>\n<\/tr>\n<tr style=\"height: 140px;\">\n<td style=\"height: 140px; width: 711px;\" colspan=\"3\">\u00b7<\/p>\n<ul>\n<li>Apreciar la import\u00e0ncia de con\u00e8ixer de primera m\u00e0 l\u2019\u00fanica ciutat grega conservada a la Pen\u00ednsula Ib\u00e8rica.<\/li>\n<li>Descobrir i aprendre a valorar l\u2019her\u00e8ncia grega de la cultura catalana.<\/li>\n<li>Con\u00e8ixer alguns dels principals mites de l\u2019antiga Gr\u00e8cia vinculats, directament o indirecta, amb espais i objectes del jaciment emporit\u00e0, aix\u00ed com la seva influ\u00e8ncia en l\u2019art i la literatura occidentals.<\/li>\n<\/ul>\n<\/td>\n<\/tr>\n<\/tbody>\n<\/table>\n<p>Per dur a terme aquesta activitat partirem de la pregunta guia:<\/p>\n<p><a href=\"https:\/\/serveiseducatius.xtec.cat\/cda-empuries\/wp-content\/uploads\/usu1383\/2019\/06\/mites.jpg\"><img loading=\"lazy\" decoding=\"async\" class=\"alignnone size-full wp-image-9197\" src=\"https:\/\/serveiseducatius.xtec.cat\/cda-empuries\/wp-content\/uploads\/usu1383\/2019\/06\/mites.jpg\" alt=\"\" width=\"560\" height=\"91\" srcset=\"https:\/\/serveiseducatius.xtec.cat\/cda-empuries\/wp-content\/uploads\/usu1383\/2019\/06\/mites.jpg 560w, https:\/\/serveiseducatius.xtec.cat\/cda-empuries\/wp-content\/uploads\/usu1383\/2019\/06\/mites-300x49.jpg 300w\" sizes=\"auto, (max-width: 560px) 100vw, 560px\" \/><\/a><\/p>\n<p>\u00c9s important que mireu amb els alumnes la presentaci\u00f3 que us enllacem per tal de comen\u00e7ar a preparar el terreny i crear inter\u00e8s i curiositat.<\/p>\n<p><a href=\"https:\/\/serveiseducatius.xtec.cat\/cda-empuries\/moment-1-mitologia-a-empuries\/\" target=\"_blank\" rel=\"noopener noreferrer\"><img loading=\"lazy\" decoding=\"async\" class=\"alignnone wp-image-9050 size-full\" src=\"https:\/\/serveiseducatius.xtec.cat\/cda-empuries\/wp-content\/uploads\/usu1383\/2019\/06\/1.jpg\" alt=\"\" width=\"207\" height=\"289\" \/><\/a> <a href=\"https:\/\/drive.google.com\/file\/d\/17rDu1cm7Re_HcBTeMRFJagJPcPEFAJET\/view?usp=sharing\" target=\"_blank\" rel=\"noopener noreferrer\"><img loading=\"lazy\" decoding=\"async\" class=\"alignnone size-full wp-image-9051\" src=\"https:\/\/serveiseducatius.xtec.cat\/cda-empuries\/wp-content\/uploads\/usu1383\/2019\/06\/2.jpg\" alt=\"\" width=\"206\" height=\"290\" \/><\/a> <a href=\"https:\/\/serveiseducatius.xtec.cat\/cda-empuries\/treball-posterior-mitologia-a-empuries\/\" target=\"_blank\" rel=\"noopener\"><img loading=\"lazy\" decoding=\"async\" class=\"alignnone wp-image-9052 size-full\" src=\"https:\/\/serveiseducatius.xtec.cat\/cda-empuries\/wp-content\/uploads\/usu1383\/2019\/06\/3.jpg\" alt=\"\" width=\"205\" height=\"289\" \/><\/a><\/p>\n<p><a href=\"http:\/\/blocs.xtec.cat\/cdaempuries\/files\/2016\/01\/Asclepi3-2.jpg\"><img loading=\"lazy\" decoding=\"async\" class=\" wp-image-1598 alignleft\" src=\"http:\/\/blocs.xtec.cat\/cdaempuries\/files\/2016\/01\/Asclepi3-2-768x1024.jpg\" alt=\"Asclepi3 (2)\" width=\"153\" height=\"204\" \/><\/a>\u00a0 \u00a0 \u00a0 \u00a0 \u00a0 \u00a0 \u00a0 \u00a0 \u00a0 \u00a0 \u00a0 \u00a0 \u00a0 \u00a0 \u00a0 \u00a0 \u00a0 \u00a0 \u00a0 \u00a0 \u00a0 \u00a0 \u00a0 \u00a0 \u00a0 \u00a0 \u00a0 \u00a0 \u00a0 \u00a0 \u00a0 \u00a0 \u00a0 \u00a0 \u00a0 \u00a0 \u00a0 \u00a0 \u00a0 \u00a0 \u00a0 \u00a0 \u00a0 \u00a0 \u00a0 \u00a0 \u00a0 \u00a0 \u00a0 \u00a0 \u00a0 \u00a0 \u00a0 \u00a0 \u00a0\u00a0<a href=\"http:\/\/blocs.xtec.cat\/cdaempuries\/files\/2016\/01\/IMG_6856-petit.jpg\"><img loading=\"lazy\" decoding=\"async\" class=\"alignnone wp-image-1602\" src=\"http:\/\/blocs.xtec.cat\/cdaempuries\/files\/2016\/01\/250px-SerapisHellenistic.jpg\" alt=\"250px-SerapisHellenistic\" width=\"138\" height=\"201\" \/><\/a><\/p>\n<p style=\"text-align: center;\"><a href=\"https:\/\/serveiseducatius.xtec.cat\/cda-empuries\/empuries-un-pont-de-mar-blava-2\/\">Torna a: Emp\u00faries, un pont de mar blava<\/a><\/p>\n","protected":false},"excerpt":{"rendered":"<p>Nivell educatiu:\u00a0 Cicle Superior de Prim\u00e0ria (i adaptable a 1r i 2n d\u2019ESO) Codi de l\u2019activitat: Ea4 Aquesta activitat pret\u00e9n combinar la visita guiada tradicional a la ciutat grega d\u2019Emp\u00faries i al seu Museu amb l\u2019explicaci\u00f3 de sis mites grecs relacionats amb els espais visitats o amb alguns objectes especialment rellevants del Museu. Les principals [&hellip;]<\/p>\n","protected":false},"author":1,"featured_media":0,"parent":0,"menu_order":0,"comment_status":"closed","ping_status":"closed","template":"","meta":{"_bbp_topic_count":0,"_bbp_reply_count":0,"_bbp_total_topic_count":0,"_bbp_total_reply_count":0,"_bbp_voice_count":0,"_bbp_anonymous_reply_count":0,"_bbp_topic_count_hidden":0,"_bbp_reply_count_hidden":0,"_bbp_forum_subforum_count":0,"site-sidebar-layout":"default","site-content-layout":"","ast-site-content-layout":"","site-content-style":"default","site-sidebar-style":"default","ast-global-header-display":"","ast-banner-title-visibility":"","ast-main-header-display":"","ast-hfb-above-header-display":"","ast-hfb-below-header-display":"","ast-hfb-mobile-header-display":"","site-post-title":"","ast-breadcrumbs-content":"","ast-featured-img":"","footer-sml-layout":"","theme-transparent-header-meta":"","adv-header-id-meta":"","stick-header-meta":"","header-above-stick-meta":"","header-main-stick-meta":"","header-below-stick-meta":"","astra-migrate-meta-layouts":"default","ast-page-background-enabled":"default","ast-page-background-meta":{"desktop":{"background-color":"var(--ast-global-color-4)","background-image":"","background-repeat":"repeat","background-position":"center center","background-size":"auto","background-attachment":"scroll","background-type":"","background-media":"","overlay-type":"","overlay-color":"","overlay-opacity":"","overlay-gradient":""},"tablet":{"background-color":"","background-image":"","background-repeat":"repeat","background-position":"center center","background-size":"auto","background-attachment":"scroll","background-type":"","background-media":"","overlay-type":"","overlay-color":"","overlay-opacity":"","overlay-gradient":""},"mobile":{"background-color":"","background-image":"","background-repeat":"repeat","background-position":"center center","background-size":"auto","background-attachment":"scroll","background-type":"","background-media":"","overlay-type":"","overlay-color":"","overlay-opacity":"","overlay-gradient":""}},"ast-content-background-meta":{"desktop":{"background-color":"var(--ast-global-color-5)","background-image":"","background-repeat":"repeat","background-position":"center center","background-size":"auto","background-attachment":"scroll","background-type":"","background-media":"","overlay-type":"","overlay-color":"","overlay-opacity":"","overlay-gradient":""},"tablet":{"background-color":"var(--ast-global-color-5)","background-image":"","background-repeat":"repeat","background-position":"center center","background-size":"auto","background-attachment":"scroll","background-type":"","background-media":"","overlay-type":"","overlay-color":"","overlay-opacity":"","overlay-gradient":""},"mobile":{"background-color":"var(--ast-global-color-5)","background-image":"","background-repeat":"repeat","background-position":"center center","background-size":"auto","background-attachment":"scroll","background-type":"","background-media":"","overlay-type":"","overlay-color":"","overlay-opacity":"","overlay-gradient":""}},"footnotes":""},"class_list":["post-9196","page","type-page","status-publish","hentry"],"post_mailing_queue_ids":[],"_links":{"self":[{"href":"https:\/\/serveiseducatius.xtec.cat\/cda-empuries\/wp-json\/wp\/v2\/pages\/9196","targetHints":{"allow":["GET"]}}],"collection":[{"href":"https:\/\/serveiseducatius.xtec.cat\/cda-empuries\/wp-json\/wp\/v2\/pages"}],"about":[{"href":"https:\/\/serveiseducatius.xtec.cat\/cda-empuries\/wp-json\/wp\/v2\/types\/page"}],"author":[{"embeddable":true,"href":"https:\/\/serveiseducatius.xtec.cat\/cda-empuries\/wp-json\/wp\/v2\/users\/1"}],"replies":[{"embeddable":true,"href":"https:\/\/serveiseducatius.xtec.cat\/cda-empuries\/wp-json\/wp\/v2\/comments?post=9196"}],"version-history":[{"count":4,"href":"https:\/\/serveiseducatius.xtec.cat\/cda-empuries\/wp-json\/wp\/v2\/pages\/9196\/revisions"}],"predecessor-version":[{"id":11775,"href":"https:\/\/serveiseducatius.xtec.cat\/cda-empuries\/wp-json\/wp\/v2\/pages\/9196\/revisions\/11775"}],"wp:attachment":[{"href":"https:\/\/serveiseducatius.xtec.cat\/cda-empuries\/wp-json\/wp\/v2\/media?parent=9196"}],"curies":[{"name":"wp","href":"https:\/\/api.w.org\/{rel}","templated":true}]}}