{"id":9178,"date":"2019-06-27T10:31:02","date_gmt":"2019-06-27T08:31:02","guid":{"rendered":"http:\/\/serveiseducatius.xtec.cat\/cda-empuries\/?page_id=9178"},"modified":"2022-06-09T11:33:25","modified_gmt":"2022-06-09T09:33:25","slug":"treballs-previs-de-lactivitat-en-marius-iu-la-pina","status":"publish","type":"page","link":"https:\/\/serveiseducatius.xtec.cat\/cda-empuries\/treballs-previs-de-lactivitat-en-marius-iu-la-pina\/","title":{"rendered":"Treballs previs de l&#8217;activitat: En M\u00e0rius i la Pina"},"content":{"rendered":"<p>Per dur a terme aquesta activitat partirem de la pregunta guia:<\/p>\n<p><a href=\"https:\/\/serveiseducatius.xtec.cat\/cda-empuries\/wp-content\/uploads\/usu1383\/2019\/06\/pina.jpg\"><img loading=\"lazy\" decoding=\"async\" class=\"alignnone size-full wp-image-9185\" src=\"https:\/\/serveiseducatius.xtec.cat\/cda-empuries\/wp-content\/uploads\/usu1383\/2019\/06\/pina.jpg\" alt=\"\" width=\"549\" height=\"124\" srcset=\"https:\/\/serveiseducatius.xtec.cat\/cda-empuries\/wp-content\/uploads\/usu1383\/2019\/06\/pina.jpg 549w, https:\/\/serveiseducatius.xtec.cat\/cda-empuries\/wp-content\/uploads\/usu1383\/2019\/06\/pina-300x68.jpg 300w\" sizes=\"auto, (max-width: 549px) 100vw, 549px\" \/><\/a><\/p>\n<p>\u00c9s important que mireu amb els alumnes la presentaci\u00f3 que us enviem per tal de comen\u00e7ar a preparar el terreny i crear inter\u00e8s i curiositat.<\/p>\n<p><strong>TREBALLS PREVIS B\u00c0SICS<\/strong><\/p>\n<p><strong>ALUMNES (Conte d\u2019en M\u00e0rius d\u2019Emp\u00faries)<br \/>\n<\/strong><\/p>\n<p>Del conte hi ha dues versions, en funci\u00f3 de si es vol simplement aprofitar el\u00a0<a href=\"https:\/\/docs.google.com\/presentation\/d\/1VbNP19To586XW5ziBz1yfgFqf251FU4G\/edit?usp=sharing&amp;ouid=110692370880931138189&amp;rtpof=true&amp;sd=true\" target=\"_blank\" rel=\"noopener noreferrer\">suport gr\u00e0fic<\/a>\u00a0per explicar la hist\u00f2ria, o si es vol fer una\u00a0<a href=\"http:\/\/www.xtec.cat\/cda-empuries\/MPMariusPina1ab.pdf\" target=\"_blank\" rel=\"noopener noreferrer\">activitat de lectura, personal o col\u00b7lectiva<\/a>.<\/p>\n<p><a href=\"http:\/\/www.xtec.cat\/cda-empuries\/GPAviaPina01a.pdf\" target=\"_blank\" rel=\"noopener noreferrer\"><strong>DOCENTS (Guia per acompanyar la presentaci\u00f3)<\/strong><\/a><\/p>\n<p><a href=\"https:\/\/serveiseducatius.xtec.cat\/cda-empuries\/en-marius-i-la-pina\/\">Torna a l\u2019activitat: En M\u00e0rius i la Pina<\/a><\/p>\n","protected":false},"excerpt":{"rendered":"<p>Per dur a terme aquesta activitat partirem de la pregunta guia: \u00c9s important que mireu amb els alumnes la presentaci\u00f3 que us enviem per tal de comen\u00e7ar a preparar el terreny i crear inter\u00e8s i curiositat. TREBALLS PREVIS B\u00c0SICS ALUMNES (Conte d\u2019en M\u00e0rius d\u2019Emp\u00faries) Del conte hi ha dues versions, en funci\u00f3 de si es [&hellip;]<\/p>\n","protected":false},"author":1,"featured_media":0,"parent":0,"menu_order":0,"comment_status":"closed","ping_status":"closed","template":"","meta":{"_bbp_topic_count":0,"_bbp_reply_count":0,"_bbp_total_topic_count":0,"_bbp_total_reply_count":0,"_bbp_voice_count":0,"_bbp_anonymous_reply_count":0,"_bbp_topic_count_hidden":0,"_bbp_reply_count_hidden":0,"_bbp_forum_subforum_count":0,"site-sidebar-layout":"default","site-content-layout":"","ast-site-content-layout":"","site-content-style":"default","site-sidebar-style":"default","ast-global-header-display":"","ast-banner-title-visibility":"","ast-main-header-display":"","ast-hfb-above-header-display":"","ast-hfb-below-header-display":"","ast-hfb-mobile-header-display":"","site-post-title":"","ast-breadcrumbs-content":"","ast-featured-img":"","footer-sml-layout":"","theme-transparent-header-meta":"","adv-header-id-meta":"","stick-header-meta":"","header-above-stick-meta":"","header-main-stick-meta":"","header-below-stick-meta":"","astra-migrate-meta-layouts":"default","ast-page-background-enabled":"default","ast-page-background-meta":{"desktop":{"background-color":"var(--ast-global-color-4)","background-image":"","background-repeat":"repeat","background-position":"center center","background-size":"auto","background-attachment":"scroll","background-type":"","background-media":"","overlay-type":"","overlay-color":"","overlay-opacity":"","overlay-gradient":""},"tablet":{"background-color":"","background-image":"","background-repeat":"repeat","background-position":"center center","background-size":"auto","background-attachment":"scroll","background-type":"","background-media":"","overlay-type":"","overlay-color":"","overlay-opacity":"","overlay-gradient":""},"mobile":{"background-color":"","background-image":"","background-repeat":"repeat","background-position":"center center","background-size":"auto","background-attachment":"scroll","background-type":"","background-media":"","overlay-type":"","overlay-color":"","overlay-opacity":"","overlay-gradient":""}},"ast-content-background-meta":{"desktop":{"background-color":"var(--ast-global-color-5)","background-image":"","background-repeat":"repeat","background-position":"center center","background-size":"auto","background-attachment":"scroll","background-type":"","background-media":"","overlay-type":"","overlay-color":"","overlay-opacity":"","overlay-gradient":""},"tablet":{"background-color":"var(--ast-global-color-5)","background-image":"","background-repeat":"repeat","background-position":"center center","background-size":"auto","background-attachment":"scroll","background-type":"","background-media":"","overlay-type":"","overlay-color":"","overlay-opacity":"","overlay-gradient":""},"mobile":{"background-color":"var(--ast-global-color-5)","background-image":"","background-repeat":"repeat","background-position":"center center","background-size":"auto","background-attachment":"scroll","background-type":"","background-media":"","overlay-type":"","overlay-color":"","overlay-opacity":"","overlay-gradient":""}},"footnotes":""},"class_list":["post-9178","page","type-page","status-publish","hentry"],"post_mailing_queue_ids":[],"_links":{"self":[{"href":"https:\/\/serveiseducatius.xtec.cat\/cda-empuries\/wp-json\/wp\/v2\/pages\/9178","targetHints":{"allow":["GET"]}}],"collection":[{"href":"https:\/\/serveiseducatius.xtec.cat\/cda-empuries\/wp-json\/wp\/v2\/pages"}],"about":[{"href":"https:\/\/serveiseducatius.xtec.cat\/cda-empuries\/wp-json\/wp\/v2\/types\/page"}],"author":[{"embeddable":true,"href":"https:\/\/serveiseducatius.xtec.cat\/cda-empuries\/wp-json\/wp\/v2\/users\/1"}],"replies":[{"embeddable":true,"href":"https:\/\/serveiseducatius.xtec.cat\/cda-empuries\/wp-json\/wp\/v2\/comments?post=9178"}],"version-history":[{"count":3,"href":"https:\/\/serveiseducatius.xtec.cat\/cda-empuries\/wp-json\/wp\/v2\/pages\/9178\/revisions"}],"predecessor-version":[{"id":11707,"href":"https:\/\/serveiseducatius.xtec.cat\/cda-empuries\/wp-json\/wp\/v2\/pages\/9178\/revisions\/11707"}],"wp:attachment":[{"href":"https:\/\/serveiseducatius.xtec.cat\/cda-empuries\/wp-json\/wp\/v2\/media?parent=9178"}],"curies":[{"name":"wp","href":"https:\/\/api.w.org\/{rel}","templated":true}]}}