{"id":9089,"date":"2019-06-22T10:19:11","date_gmt":"2019-06-22T08:19:11","guid":{"rendered":"http:\/\/serveiseducatius.xtec.cat\/cda-empuries\/?page_id=9089"},"modified":"2023-08-19T12:51:36","modified_gmt":"2023-08-19T10:51:36","slug":"empuries-de-la-ma-dels-deus","status":"publish","type":"page","link":"https:\/\/serveiseducatius.xtec.cat\/cda-empuries\/empuries-de-la-ma-dels-deus\/","title":{"rendered":"Taller de Mitologia II"},"content":{"rendered":"<div class=\"entry-content\">\n<p><strong>Nivell educatiu:<\/strong>\u00a0 3r i 4t d&#8217;ESO (adaptable a 1r i 2n d&#8217;ESO).<\/p>\n<p><strong>Codi de l\u2019activitat:<\/strong> Ea5<\/p>\n<p>Aquesta activitat pret\u00e9n completar la visita al jaciment grecorom\u00e0 d&#8217;Emp\u00faries amb l\u2019explicaci\u00f3 de deu mites grecs estretament relacionats amb els espais visitats o amb alguns objectes especialment rellevants del Museu.<\/p>\n<p>Per tal de dur-lo a terme, \u00e9s necessari haver visitant previament el jaciment.<\/p>\n<table style=\"height: 269px;\" width=\"709\">\n<tbody>\n<tr style=\"height: 57px;\">\n<td style=\"height: 57px; width: 703px;\" colspan=\"3\"><strong>Per vincular a la programaci\u00f3 del centre<\/strong><\/td>\n<\/tr>\n<tr style=\"height: 57px;\">\n<td style=\"height: 57px; width: 119.717px;\"><strong>\u00c0MBIT<\/strong><\/td>\n<td style=\"height: 57px; width: 103.567px;\">DIMENSI\u00d3<\/td>\n<td style=\"height: 57px; width: 475.717px;\">COMPET\u00c8NCIA<\/td>\n<\/tr>\n<tr style=\"height: 60px;\">\n<td style=\"height: 60px; width: 119.717px;\"><strong>\u00a0<\/strong>\u00c0mbit Social.<\/td>\n<td style=\"height: 60px; width: 103.567px;\">Hist\u00f2rica<\/td>\n<td style=\"height: 60px; width: 475.717px;\">Compet\u00e8ncia 2: Interpretar el present a partir de l\u2019an\u00e0lisi dels canvis i continu\u00eftats al llarg del temps, per comprendre la societat en qu\u00e8 vivim<\/td>\n<\/tr>\n<tr style=\"height: 57px;\">\n<td style=\"height: 57px; width: 703px;\" colspan=\"3\"><strong>Objectius:<\/strong><\/td>\n<\/tr>\n<tr style=\"height: 57px;\">\n<td style=\"height: 38px; width: 703px;\" colspan=\"3\">\n<ul>\n<li>Discriminar el funcionament del pensament m\u00edtic <em>versus <\/em>el racional<\/li>\n<li>Apreciar i comparar les principals caracter\u00edstiques d\u2019una ciutat grega i romana antiga.<\/li>\n<li>Aprendre a valorar l\u2019her\u00e8ncia grega de la cultura catalana.<\/li>\n<li>Con\u00e8ixer alguns els principals mites de l\u2019antiga Gr\u00e8cia vinculats, directament o indirecta, amb espais i objectes del jaciment emporit\u00e0, aix\u00ed com la seva influencia en l\u2019art i la literatura occidentals.<\/li>\n<\/ul>\n<\/td>\n<\/tr>\n<\/tbody>\n<\/table>\n<p>Per dur a terme aquesta activitat partirem de la pregunta guia:<\/p>\n<p><a href=\"https:\/\/serveiseducatius.xtec.cat\/cda-empuries\/wp-content\/uploads\/usu1383\/2019\/06\/D\u00c9US.jpg\"><img loading=\"lazy\" decoding=\"async\" class=\"alignnone size-full wp-image-9207\" src=\"https:\/\/serveiseducatius.xtec.cat\/cda-empuries\/wp-content\/uploads\/usu1383\/2019\/06\/D\u00c9US.jpg\" alt=\"\" width=\"553\" height=\"117\" srcset=\"https:\/\/serveiseducatius.xtec.cat\/cda-empuries\/wp-content\/uploads\/usu1383\/2019\/06\/D\u00c9US.jpg 553w, https:\/\/serveiseducatius.xtec.cat\/cda-empuries\/wp-content\/uploads\/usu1383\/2019\/06\/D\u00c9US-300x63.jpg 300w\" sizes=\"auto, (max-width: 553px) 100vw, 553px\" \/><\/a><\/p>\n<p>Clicant en aquest <a href=\"https:\/\/drive.google.com\/file\/d\/1qKkMRHs82s7mbLwsXxjKUNbWAIA5EGmm\/view?usp=sharing\">enlla\u00e7<\/a> podeu descarregar-vos els mites treballats a l&#8217;activitat.<\/p>\n<p>Aquesta activitat es pot fer amb o sense quadernet, segons s&#8217;hagi acordat amb els docents del CdA. Aqu\u00ed el teniu <a href=\"https:\/\/drive.google.com\/file\/d\/1pGR-KvUA6UO2PXYcLG9Vv8JbUnsy6wgn\/view?usp=share_link\">enlla\u00e7at<\/a>.<\/p>\n<p>&nbsp;<\/p>\n<table style=\"height: 248px;\" width=\"695\">\n<tbody>\n<tr>\n<td style=\"width: 689px;\">\n<h2>Altres textos i v\u00eddeos per saber-ne m\u00e9s:<\/h2>\n<\/td>\n<\/tr>\n<tr>\n<td style=\"width: 689px;\"><a href=\"https:\/\/www.youtube.com\/watch?v=yI7hRnSMmdw\" target=\"_blank\" rel=\"noopener noreferrer\">La vida d&#8217;Ulisses (v\u00eddeo)<\/a><\/p>\n<p><a href=\"https:\/\/www.filmaffinity.com\/es\/film564615.html\" target=\"_blank\" rel=\"noopener noreferrer\">Trailer pel.l\u00edcula Troya<\/a><\/p>\n<p><a href=\"https:\/\/www.youtube.com\/watch?v=2paSWX2hdNI\" target=\"_blank\" rel=\"noopener noreferrer\">Trailer pel.l\u00edcula La Odissea<\/a><\/td>\n<\/tr>\n<\/tbody>\n<\/table>\n<ul>\n<li><\/li>\n<\/ul>\n<p><a href=\"http:\/\/blocs.xtec.cat\/cdaempuries\/files\/2016\/01\/Asclepi3-2.jpg\"><img loading=\"lazy\" decoding=\"async\" class=\" wp-image-1598 alignleft\" src=\"http:\/\/blocs.xtec.cat\/cdaempuries\/files\/2016\/01\/Asclepi3-2-768x1024.jpg\" alt=\"Asclepi3 (2)\" width=\"158\" height=\"211\" \/><\/a>\u00a0 \u00a0 \u00a0 \u00a0 \u00a0 \u00a0 <a href=\"https:\/\/serveiseducatius.xtec.cat\/cda-empuries\/wp-content\/uploads\/usu1383\/2022\/02\/004-5-1.jpg\"><img loading=\"lazy\" decoding=\"async\" class=\"alignnone wp-image-11646\" src=\"https:\/\/serveiseducatius.xtec.cat\/cda-empuries\/wp-content\/uploads\/usu1383\/2022\/02\/004-5-1-1024x576.jpg\" alt=\"\" width=\"353\" height=\"198\" srcset=\"https:\/\/serveiseducatius.xtec.cat\/cda-empuries\/wp-content\/uploads\/usu1383\/2022\/02\/004-5-1-1024x576.jpg 1024w, https:\/\/serveiseducatius.xtec.cat\/cda-empuries\/wp-content\/uploads\/usu1383\/2022\/02\/004-5-1-300x169.jpg 300w, https:\/\/serveiseducatius.xtec.cat\/cda-empuries\/wp-content\/uploads\/usu1383\/2022\/02\/004-5-1-768x432.jpg 768w, https:\/\/serveiseducatius.xtec.cat\/cda-empuries\/wp-content\/uploads\/usu1383\/2022\/02\/004-5-1-1536x864.jpg 1536w, https:\/\/serveiseducatius.xtec.cat\/cda-empuries\/wp-content\/uploads\/usu1383\/2022\/02\/004-5-1.jpg 1920w\" sizes=\"auto, (max-width: 353px) 100vw, 353px\" \/><\/a><a href=\"http:\/\/blocs.xtec.cat\/cdaempuries\/files\/2016\/01\/Asclepi3-2.jpg\">\u00a0 \u00a0 \u00a0 \u00a0 \u00a0\u00a0<\/a><a href=\"http:\/\/blocs.xtec.cat\/cdaempuries\/files\/2016\/01\/IMG_6856-petit.jpg\"><img loading=\"lazy\" decoding=\"async\" class=\"alignnone wp-image-1602\" src=\"http:\/\/blocs.xtec.cat\/cdaempuries\/files\/2016\/01\/250px-SerapisHellenistic.jpg\" alt=\"250px-SerapisHellenistic\" width=\"151\" height=\"220\" \/><\/a><\/p>\n<p style=\"text-align: center;\"><a href=\"https:\/\/serveiseducatius.xtec.cat\/cda-empuries\/empuries-un-pont-de-mar-blava-2\/\">Torna a Emp\u00faries, un pont de mar blava<\/a><\/p>\n<\/div>\n","protected":false},"excerpt":{"rendered":"<p>Nivell educatiu:\u00a0 3r i 4t d&#8217;ESO (adaptable a 1r i 2n d&#8217;ESO). Codi de l\u2019activitat: Ea5 Aquesta activitat pret\u00e9n completar la visita al jaciment grecorom\u00e0 d&#8217;Emp\u00faries amb l\u2019explicaci\u00f3 de deu mites grecs estretament relacionats amb els espais visitats o amb alguns objectes especialment rellevants del Museu. Per tal de dur-lo a terme, \u00e9s necessari haver [&hellip;]<\/p>\n","protected":false},"author":1,"featured_media":0,"parent":0,"menu_order":0,"comment_status":"closed","ping_status":"closed","template":"","meta":{"_bbp_topic_count":0,"_bbp_reply_count":0,"_bbp_total_topic_count":0,"_bbp_total_reply_count":0,"_bbp_voice_count":0,"_bbp_anonymous_reply_count":0,"_bbp_topic_count_hidden":0,"_bbp_reply_count_hidden":0,"_bbp_forum_subforum_count":0,"site-sidebar-layout":"default","site-content-layout":"","ast-site-content-layout":"","site-content-style":"default","site-sidebar-style":"default","ast-global-header-display":"","ast-banner-title-visibility":"","ast-main-header-display":"","ast-hfb-above-header-display":"","ast-hfb-below-header-display":"","ast-hfb-mobile-header-display":"","site-post-title":"","ast-breadcrumbs-content":"","ast-featured-img":"","footer-sml-layout":"","theme-transparent-header-meta":"","adv-header-id-meta":"","stick-header-meta":"","header-above-stick-meta":"","header-main-stick-meta":"","header-below-stick-meta":"","astra-migrate-meta-layouts":"default","ast-page-background-enabled":"default","ast-page-background-meta":{"desktop":{"background-color":"var(--ast-global-color-4)","background-image":"","background-repeat":"repeat","background-position":"center center","background-size":"auto","background-attachment":"scroll","background-type":"","background-media":"","overlay-type":"","overlay-color":"","overlay-opacity":"","overlay-gradient":""},"tablet":{"background-color":"","background-image":"","background-repeat":"repeat","background-position":"center center","background-size":"auto","background-attachment":"scroll","background-type":"","background-media":"","overlay-type":"","overlay-color":"","overlay-opacity":"","overlay-gradient":""},"mobile":{"background-color":"","background-image":"","background-repeat":"repeat","background-position":"center center","background-size":"auto","background-attachment":"scroll","background-type":"","background-media":"","overlay-type":"","overlay-color":"","overlay-opacity":"","overlay-gradient":""}},"ast-content-background-meta":{"desktop":{"background-color":"var(--ast-global-color-5)","background-image":"","background-repeat":"repeat","background-position":"center center","background-size":"auto","background-attachment":"scroll","background-type":"","background-media":"","overlay-type":"","overlay-color":"","overlay-opacity":"","overlay-gradient":""},"tablet":{"background-color":"var(--ast-global-color-5)","background-image":"","background-repeat":"repeat","background-position":"center center","background-size":"auto","background-attachment":"scroll","background-type":"","background-media":"","overlay-type":"","overlay-color":"","overlay-opacity":"","overlay-gradient":""},"mobile":{"background-color":"var(--ast-global-color-5)","background-image":"","background-repeat":"repeat","background-position":"center center","background-size":"auto","background-attachment":"scroll","background-type":"","background-media":"","overlay-type":"","overlay-color":"","overlay-opacity":"","overlay-gradient":""}},"footnotes":""},"class_list":["post-9089","page","type-page","status-publish","hentry"],"post_mailing_queue_ids":[],"_links":{"self":[{"href":"https:\/\/serveiseducatius.xtec.cat\/cda-empuries\/wp-json\/wp\/v2\/pages\/9089","targetHints":{"allow":["GET"]}}],"collection":[{"href":"https:\/\/serveiseducatius.xtec.cat\/cda-empuries\/wp-json\/wp\/v2\/pages"}],"about":[{"href":"https:\/\/serveiseducatius.xtec.cat\/cda-empuries\/wp-json\/wp\/v2\/types\/page"}],"author":[{"embeddable":true,"href":"https:\/\/serveiseducatius.xtec.cat\/cda-empuries\/wp-json\/wp\/v2\/users\/1"}],"replies":[{"embeddable":true,"href":"https:\/\/serveiseducatius.xtec.cat\/cda-empuries\/wp-json\/wp\/v2\/comments?post=9089"}],"version-history":[{"count":4,"href":"https:\/\/serveiseducatius.xtec.cat\/cda-empuries\/wp-json\/wp\/v2\/pages\/9089\/revisions"}],"predecessor-version":[{"id":11967,"href":"https:\/\/serveiseducatius.xtec.cat\/cda-empuries\/wp-json\/wp\/v2\/pages\/9089\/revisions\/11967"}],"wp:attachment":[{"href":"https:\/\/serveiseducatius.xtec.cat\/cda-empuries\/wp-json\/wp\/v2\/media?parent=9089"}],"curies":[{"name":"wp","href":"https:\/\/api.w.org\/{rel}","templated":true}]}}