{"id":9082,"date":"2019-06-22T10:07:07","date_gmt":"2019-06-22T08:07:07","guid":{"rendered":"http:\/\/serveiseducatius.xtec.cat\/cda-empuries\/?page_id=9082"},"modified":"2025-11-25T11:20:51","modified_gmt":"2025-11-25T10:20:51","slug":"els-jocs-de-lantiguitat","status":"publish","type":"page","link":"https:\/\/serveiseducatius.xtec.cat\/cda-empuries\/els-jocs-de-lantiguitat\/","title":{"rendered":"Els jocs de l&#8217;antiguitat"},"content":{"rendered":"<p>&nbsp;<\/p>\n<p><strong>Nivell educatiu:<\/strong> Cicle Inicial i Cicle Mitj\u00e0 de Prim\u00e0ria<\/p>\n<p><strong>Codi de l\u2019activitat:<\/strong> Ea3<\/p>\n<p>L\u2019objectiu principal d\u2019aquesta activitat \u00e9s que l\u2019alumnat de Cicle Inicial o Mitj\u00e0 de Prim\u00e0ria conegui com jugaven, fa molt de temps, nens i nenes com ells, i\u00a0 que se adonin que aquests docs no eren tan diferents dels actuals, on molts han perdurar.<\/p>\n<p>L\u2019activitat consisteix en un circuit amb diferents estacions de joc per les que van passant tots els grups. S&#8217;aconsella complementar aquesta activitat amb la visita al jaciment d&#8217;Emp\u00faries.<\/p>\n<table style=\"height: 336px;\" width=\"709\">\n<tbody>\n<tr style=\"height: 137px;\">\n<td style=\"height: 137px; width: 703px;\" colspan=\"3\"><strong>\u00a0<\/strong><\/p>\n<p><strong>Per vincular a la programaci\u00f3 del centre<\/strong><\/p>\n<p><strong>\u00a0<\/strong><\/td>\n<\/tr>\n<tr style=\"height: 57px;\">\n<td style=\"height: 57px; width: 179.25px;\"><strong>\u00c0MBIT<\/strong><\/td>\n<td style=\"height: 57px; width: 131.183px;\">DIMENSI\u00d3<\/td>\n<td style=\"height: 57px; width: 388.567px;\">COMPET\u00c8NCIA<\/td>\n<\/tr>\n<tr style=\"height: 53px;\">\n<td style=\"height: 53px; width: 179.25px;\"><strong>\u00a0<\/strong>\u00c0mbit de Coneixement del medi.<\/p>\n<p>Medi social i cultural. Educaci\u00f3 F\u00edsica<\/td>\n<td style=\"height: 53px; width: 131.183px;\">M\u00f3n actual<\/td>\n<td style=\"height: 53px; width: 388.567px;\">Compet\u00e8ncia 2: Interpretar el present a partir de l\u2019an\u00e0lisi dels canvis i continu\u00eftats al llarg del temps, per comprendre la societat en qu\u00e8 vivim.<\/td>\n<\/tr>\n<tr style=\"height: 32px;\">\n<td style=\"height: 32px; width: 703px;\" colspan=\"3\"><strong>Objectius:<\/strong><\/td>\n<\/tr>\n<tr style=\"height: 57px;\">\n<td style=\"height: 57px; width: 703px;\" colspan=\"3\">\n<ul>\n<li>\u00b7Con\u00e8ixer alguns jocs dels grecs i romans i descobrir la relaci\u00f3 amb algun joc dels que juguem actualment.<\/li>\n<li>Fer-se preguntes sobre com devia ser la vida en aquell temps i contrastar el que en pensen amb la informaci\u00f3 rebuda.<\/li>\n<\/ul>\n<p><strong>Entendre el funcionament d\u2019un joc i explicar-lo als companys.<\/strong><\/td>\n<\/tr>\n<\/tbody>\n<\/table>\n<p><a href=\"https:\/\/docs.google.com\/presentation\/d\/1XxonhPs99HLFO2va1p_NlpH0tse-HzP215gUpEy9jpY\/edit?usp=sharing\" target=\"_blank\" rel=\"noopener\"><img loading=\"lazy\" decoding=\"async\" class=\"alignnone wp-image-9050 size-full\" src=\"https:\/\/serveiseducatius.xtec.cat\/cda-empuries\/wp-content\/uploads\/usu1383\/2019\/06\/1.jpg\" alt=\"\" width=\"207\" height=\"289\" \/><\/a><a href=\"https:\/\/drive.google.com\/file\/d\/1668vwgpHYctYZtdXgclhAQ-4W-fQ9vaw\/view?usp=sharing\" target=\"_blank\" rel=\"noopener noreferrer\"><img loading=\"lazy\" decoding=\"async\" class=\"alignnone size-full wp-image-9051\" src=\"https:\/\/serveiseducatius.xtec.cat\/cda-empuries\/wp-content\/uploads\/usu1383\/2019\/06\/2.jpg\" alt=\"\" width=\"206\" height=\"290\" \/><\/a><a href=\"https:\/\/serveiseducatius.xtec.cat\/cda-empuries\/moment-1\/\"><img loading=\"lazy\" decoding=\"async\" class=\"alignnone wp-image-9052 size-full\" src=\"https:\/\/serveiseducatius.xtec.cat\/cda-empuries\/wp-content\/uploads\/usu1383\/2019\/06\/3.jpg\" alt=\"\" width=\"205\" height=\"289\" \/><\/a><\/p>\n<p style=\"text-align: center;\"><a href=\"https:\/\/serveiseducatius.xtec.cat\/cda-empuries\/empuries-un-pont-de-mar-blava-2\/\">Torna a : Emp\u00faries, un pont de mar blava<\/a><\/p>\n","protected":false},"excerpt":{"rendered":"<p>&nbsp; Nivell educatiu: Cicle Inicial i Cicle Mitj\u00e0 de Prim\u00e0ria Codi de l\u2019activitat: Ea3 L\u2019objectiu principal d\u2019aquesta activitat \u00e9s que l\u2019alumnat de Cicle Inicial o Mitj\u00e0 de Prim\u00e0ria conegui com jugaven, fa molt de temps, nens i nenes com ells, i\u00a0 que se adonin que aquests docs no eren tan diferents dels actuals, on molts [&hellip;]<\/p>\n","protected":false},"author":1,"featured_media":0,"parent":0,"menu_order":0,"comment_status":"closed","ping_status":"closed","template":"","meta":{"_bbp_topic_count":0,"_bbp_reply_count":0,"_bbp_total_topic_count":0,"_bbp_total_reply_count":0,"_bbp_voice_count":0,"_bbp_anonymous_reply_count":0,"_bbp_topic_count_hidden":0,"_bbp_reply_count_hidden":0,"_bbp_forum_subforum_count":0,"site-sidebar-layout":"default","site-content-layout":"","ast-site-content-layout":"default","site-content-style":"default","site-sidebar-style":"default","ast-global-header-display":"","ast-banner-title-visibility":"","ast-main-header-display":"","ast-hfb-above-header-display":"","ast-hfb-below-header-display":"","ast-hfb-mobile-header-display":"","site-post-title":"","ast-breadcrumbs-content":"","ast-featured-img":"","footer-sml-layout":"","theme-transparent-header-meta":"default","adv-header-id-meta":"","stick-header-meta":"","header-above-stick-meta":"","header-main-stick-meta":"","header-below-stick-meta":"","astra-migrate-meta-layouts":"set","ast-page-background-enabled":"default","ast-page-background-meta":{"desktop":{"background-color":"var(--ast-global-color-4)","background-image":"","background-repeat":"repeat","background-position":"center center","background-size":"auto","background-attachment":"scroll","background-type":"","background-media":"","overlay-type":"","overlay-color":"","overlay-opacity":"","overlay-gradient":""},"tablet":{"background-color":"","background-image":"","background-repeat":"repeat","background-position":"center center","background-size":"auto","background-attachment":"scroll","background-type":"","background-media":"","overlay-type":"","overlay-color":"","overlay-opacity":"","overlay-gradient":""},"mobile":{"background-color":"","background-image":"","background-repeat":"repeat","background-position":"center center","background-size":"auto","background-attachment":"scroll","background-type":"","background-media":"","overlay-type":"","overlay-color":"","overlay-opacity":"","overlay-gradient":""}},"ast-content-background-meta":{"desktop":{"background-color":"var(--ast-global-color-5)","background-image":"","background-repeat":"repeat","background-position":"center center","background-size":"auto","background-attachment":"scroll","background-type":"","background-media":"","overlay-type":"","overlay-color":"","overlay-opacity":"","overlay-gradient":""},"tablet":{"background-color":"var(--ast-global-color-5)","background-image":"","background-repeat":"repeat","background-position":"center center","background-size":"auto","background-attachment":"scroll","background-type":"","background-media":"","overlay-type":"","overlay-color":"","overlay-opacity":"","overlay-gradient":""},"mobile":{"background-color":"var(--ast-global-color-5)","background-image":"","background-repeat":"repeat","background-position":"center center","background-size":"auto","background-attachment":"scroll","background-type":"","background-media":"","overlay-type":"","overlay-color":"","overlay-opacity":"","overlay-gradient":""}},"footnotes":""},"class_list":["post-9082","page","type-page","status-publish","hentry"],"post_mailing_queue_ids":[],"_links":{"self":[{"href":"https:\/\/serveiseducatius.xtec.cat\/cda-empuries\/wp-json\/wp\/v2\/pages\/9082","targetHints":{"allow":["GET"]}}],"collection":[{"href":"https:\/\/serveiseducatius.xtec.cat\/cda-empuries\/wp-json\/wp\/v2\/pages"}],"about":[{"href":"https:\/\/serveiseducatius.xtec.cat\/cda-empuries\/wp-json\/wp\/v2\/types\/page"}],"author":[{"embeddable":true,"href":"https:\/\/serveiseducatius.xtec.cat\/cda-empuries\/wp-json\/wp\/v2\/users\/1"}],"replies":[{"embeddable":true,"href":"https:\/\/serveiseducatius.xtec.cat\/cda-empuries\/wp-json\/wp\/v2\/comments?post=9082"}],"version-history":[{"count":4,"href":"https:\/\/serveiseducatius.xtec.cat\/cda-empuries\/wp-json\/wp\/v2\/pages\/9082\/revisions"}],"predecessor-version":[{"id":9134,"href":"https:\/\/serveiseducatius.xtec.cat\/cda-empuries\/wp-json\/wp\/v2\/pages\/9082\/revisions\/9134"}],"wp:attachment":[{"href":"https:\/\/serveiseducatius.xtec.cat\/cda-empuries\/wp-json\/wp\/v2\/media?parent=9082"}],"curies":[{"name":"wp","href":"https:\/\/api.w.org\/{rel}","templated":true}]}}