{"id":9076,"date":"2019-06-22T09:48:28","date_gmt":"2019-06-22T07:48:28","guid":{"rendered":"http:\/\/serveiseducatius.xtec.cat\/cda-empuries\/?page_id=9076"},"modified":"2022-02-04T18:52:31","modified_gmt":"2022-02-04T17:52:31","slug":"marius-dempuries","status":"publish","type":"page","link":"https:\/\/serveiseducatius.xtec.cat\/cda-empuries\/marius-dempuries\/","title":{"rendered":"M\u00e0rius d\u2019Emp\u00faries"},"content":{"rendered":"<div class=\"entry-content\">\n<p><strong>Nivell educatiu:<\/strong> Cicle Mitj\u00e0 de Prim\u00e0ria (i adaptable a Cicle Inicial)<\/p>\n<p><strong>Codi de l\u2019activitat:<\/strong> Ea2<\/p>\n<p class=\"Estilo2\" align=\"justify\">La visita de les ru\u00efnes grecoromanes es contextualitza a partir de les activitats quotidianes d\u2019un noi d\u2019Emp\u00faries, en M\u00e0rius, en el segle I dC, i els seus amics, els germans Tiberi i Gal\u00b7la, romans. En aquesta narraci\u00f3 s\u2019expliquen molts dels detalls de l\u2019\u00e8poca que despr\u00e9s els alumnes han d\u2019intentar ubicar a les ru\u00efnes. El personatge principal de les narracions, en M\u00e0rius, \u00e9s de l\u2019edat dels alumnes que realitzen la visita. D\u2019aquesta manera varien els continguts i el recorregut segons el nivell dels visitants.<\/p>\n<p>L\u2019objectiu principal d\u2019aquesta activitat, doncs, \u00e9s que l\u2019alumnat de Cicle Mitj\u00e0 de Prim\u00e0ria percebi l\u2019espai de les ru\u00efnes d\u2019Emp\u00faries com una ciutat on vivia, ja fa molt de temps, gent com ells, tot i que tenien usos i costums diferents.<\/p>\n<p>L\u2019activitat consisteix en una visita per la ciutat grega (Ne\u00e0polis) i la ciutat romana on es realitzen una s\u00e8rie de jocs documentats en \u00e8poca romana.<\/p>\n<table style=\"height: 234px; width: 823px;\" width=\"709\">\n<tbody>\n<tr style=\"height: 33px;\">\n<td style=\"width: 817px; height: 33px;\" colspan=\"3\"><strong>Per vincular a la programaci\u00f3 del centre<\/strong><\/td>\n<\/tr>\n<tr style=\"height: 33px;\">\n<td style=\"width: 118.667px; height: 33px;\">\u00c0MBIT<\/td>\n<td style=\"width: 101.667px; height: 33px;\">DIMENSI\u00d3<\/td>\n<td style=\"width: 592.667px; height: 33px;\">COMPET\u00c8NCIA<\/td>\n<\/tr>\n<tr style=\"height: 49px;\">\n<td style=\"width: 118.667px; height: 49px;\">Coneixement del medi<\/td>\n<td style=\"width: 101.667px; height: 49px;\">M\u00f3n actual<\/td>\n<td style=\"width: 592.667px; height: 49px;\">C2: Interpretar el present a partir de l\u2019an\u00e0lisi dels canvis i continu\u00eftats al llarg del temps, per comprendre la societat en qu\u00e8 vivim<\/td>\n<\/tr>\n<tr style=\"height: 119px;\">\n<td style=\"width: 118.667px; height: 119px;\">Objectius:<\/td>\n<td style=\"width: 696.333px; height: 119px;\" colspan=\"2\">\u00b7\u00a0\u00a0\u00a0\u00a0\u00a0\u00a0\u00a0\u00a0 Con\u00e8ixer de primera m\u00e0 alguns jocs t\u00ecpics dels nostres avantpassats.<\/p>\n<p>\u00b7\u00a0\u00a0\u00a0\u00a0\u00a0\u00a0\u00a0\u00a0 Con\u00e8ixer la manera de viure dels grecs i romans i establir la similitud amb la nostra.<\/td>\n<\/tr>\n<\/tbody>\n<\/table>\n<p>Per dur a terme aquesta activitat partirem de la pregunta guia:<\/p>\n<p><a href=\"https:\/\/serveiseducatius.xtec.cat\/cda-empuries\/wp-content\/uploads\/usu1383\/2019\/06\/pregunta-guia-m\u00e0rius.png\"><img loading=\"lazy\" decoding=\"async\" class=\"alignnone size-full wp-image-9106\" src=\"https:\/\/serveiseducatius.xtec.cat\/cda-empuries\/wp-content\/uploads\/usu1383\/2019\/06\/pregunta-guia-m\u00e0rius.png\" alt=\"\" width=\"555\" height=\"102\" srcset=\"https:\/\/serveiseducatius.xtec.cat\/cda-empuries\/wp-content\/uploads\/usu1383\/2019\/06\/pregunta-guia-m\u00e0rius.png 555w, https:\/\/serveiseducatius.xtec.cat\/cda-empuries\/wp-content\/uploads\/usu1383\/2019\/06\/pregunta-guia-m\u00e0rius-300x55.png 300w\" sizes=\"auto, (max-width: 555px) 100vw, 555px\" \/><\/a><\/p>\n<p><a href=\"https:\/\/serveiseducatius.xtec.cat\/cda-empuries\/wp-content\/uploads\/usu1383\/2022\/02\/Marius-dEmpuries.jpg\"><img loading=\"lazy\" decoding=\"async\" class=\"size-full wp-image-11643 alignnone\" src=\"https:\/\/serveiseducatius.xtec.cat\/cda-empuries\/wp-content\/uploads\/usu1383\/2022\/02\/Marius-dEmpuries.jpg\" alt=\"\" width=\"256\" height=\"177\" \/><\/a><\/p>\n<p>&nbsp;<\/p>\n<p>\u00c9s important que mireu amb els alumnes la presentaci\u00f3 que us enllacem per tal de comen\u00e7ar a preparar el terreny i crear inter\u00e8s i curiositat.<\/p>\n<p>&nbsp;<\/p>\n<p><a href=\"https:\/\/serveiseducatius.xtec.cat\/cda-empuries\/moment-1-en-marius-i-la-pina\/\" target=\"_blank\" rel=\"noopener noreferrer\"><img loading=\"lazy\" decoding=\"async\" class=\"alignnone size-full wp-image-9050\" src=\"https:\/\/serveiseducatius.xtec.cat\/cda-empuries\/wp-content\/uploads\/usu1383\/2019\/06\/1.jpg\" alt=\"\" width=\"207\" height=\"289\" \/><\/a> \u00a0 \u00a0 \u00a0 \u00a0 <a href=\"https:\/\/drive.google.com\/file\/d\/1VSOvQNJDU4LxpwaBTs3Top7joPAETU3H\/view?usp=sharing\" target=\"_blank\" rel=\"noopener noreferrer\"><img loading=\"lazy\" decoding=\"async\" class=\"alignnone size-full wp-image-9051\" src=\"https:\/\/serveiseducatius.xtec.cat\/cda-empuries\/wp-content\/uploads\/usu1383\/2019\/06\/2.jpg\" alt=\"\" width=\"206\" height=\"290\" \/> \u00a0 \u00a0 \u00a0 \u00a0 \u00a0 <\/a><a href=\"https:\/\/serveiseducatius.xtec.cat\/cda-empuries\/moment-3-en-marius-dempuries\/\"><img loading=\"lazy\" decoding=\"async\" class=\"alignnone size-full wp-image-9052\" src=\"https:\/\/serveiseducatius.xtec.cat\/cda-empuries\/wp-content\/uploads\/usu1383\/2019\/06\/3.jpg\" alt=\"\" width=\"205\" height=\"289\" \/><\/a><\/p>\n<p>&nbsp;<\/p>\n<p>Aquesta activitat est\u00e0 directament relacionada amb:<\/p>\n<ul>\n<li>Sorra i Dunes<\/li>\n<li>Taller de Petxines<\/li>\n<\/ul>\n<p style=\"text-align: center;\"><a href=\"https:\/\/serveiseducatius.xtec.cat\/cda-empuries\/empuries-un-pont-de-mar-blava-2\/\">Torna a Emp\u00faries, un pont de mar blava<\/a><\/p>\n<\/div>\n","protected":false},"excerpt":{"rendered":"<p>Nivell educatiu: Cicle Mitj\u00e0 de Prim\u00e0ria (i adaptable a Cicle Inicial) Codi de l\u2019activitat: Ea2 La visita de les ru\u00efnes grecoromanes es contextualitza a partir de les activitats quotidianes d\u2019un noi d\u2019Emp\u00faries, en M\u00e0rius, en el segle I dC, i els seus amics, els germans Tiberi i Gal\u00b7la, romans. En aquesta narraci\u00f3 s\u2019expliquen molts dels [&hellip;]<\/p>\n","protected":false},"author":1,"featured_media":0,"parent":0,"menu_order":0,"comment_status":"closed","ping_status":"closed","template":"","meta":{"_bbp_topic_count":0,"_bbp_reply_count":0,"_bbp_total_topic_count":0,"_bbp_total_reply_count":0,"_bbp_voice_count":0,"_bbp_anonymous_reply_count":0,"_bbp_topic_count_hidden":0,"_bbp_reply_count_hidden":0,"_bbp_forum_subforum_count":0,"site-sidebar-layout":"default","site-content-layout":"","ast-site-content-layout":"","site-content-style":"default","site-sidebar-style":"default","ast-global-header-display":"","ast-banner-title-visibility":"","ast-main-header-display":"","ast-hfb-above-header-display":"","ast-hfb-below-header-display":"","ast-hfb-mobile-header-display":"","site-post-title":"","ast-breadcrumbs-content":"","ast-featured-img":"","footer-sml-layout":"","theme-transparent-header-meta":"","adv-header-id-meta":"","stick-header-meta":"","header-above-stick-meta":"","header-main-stick-meta":"","header-below-stick-meta":"","astra-migrate-meta-layouts":"default","ast-page-background-enabled":"default","ast-page-background-meta":{"desktop":{"background-color":"var(--ast-global-color-4)","background-image":"","background-repeat":"repeat","background-position":"center center","background-size":"auto","background-attachment":"scroll","background-type":"","background-media":"","overlay-type":"","overlay-color":"","overlay-opacity":"","overlay-gradient":""},"tablet":{"background-color":"","background-image":"","background-repeat":"repeat","background-position":"center center","background-size":"auto","background-attachment":"scroll","background-type":"","background-media":"","overlay-type":"","overlay-color":"","overlay-opacity":"","overlay-gradient":""},"mobile":{"background-color":"","background-image":"","background-repeat":"repeat","background-position":"center center","background-size":"auto","background-attachment":"scroll","background-type":"","background-media":"","overlay-type":"","overlay-color":"","overlay-opacity":"","overlay-gradient":""}},"ast-content-background-meta":{"desktop":{"background-color":"var(--ast-global-color-5)","background-image":"","background-repeat":"repeat","background-position":"center center","background-size":"auto","background-attachment":"scroll","background-type":"","background-media":"","overlay-type":"","overlay-color":"","overlay-opacity":"","overlay-gradient":""},"tablet":{"background-color":"var(--ast-global-color-5)","background-image":"","background-repeat":"repeat","background-position":"center center","background-size":"auto","background-attachment":"scroll","background-type":"","background-media":"","overlay-type":"","overlay-color":"","overlay-opacity":"","overlay-gradient":""},"mobile":{"background-color":"var(--ast-global-color-5)","background-image":"","background-repeat":"repeat","background-position":"center center","background-size":"auto","background-attachment":"scroll","background-type":"","background-media":"","overlay-type":"","overlay-color":"","overlay-opacity":"","overlay-gradient":""}},"footnotes":""},"class_list":["post-9076","page","type-page","status-publish","hentry"],"post_mailing_queue_ids":[],"_links":{"self":[{"href":"https:\/\/serveiseducatius.xtec.cat\/cda-empuries\/wp-json\/wp\/v2\/pages\/9076","targetHints":{"allow":["GET"]}}],"collection":[{"href":"https:\/\/serveiseducatius.xtec.cat\/cda-empuries\/wp-json\/wp\/v2\/pages"}],"about":[{"href":"https:\/\/serveiseducatius.xtec.cat\/cda-empuries\/wp-json\/wp\/v2\/types\/page"}],"author":[{"embeddable":true,"href":"https:\/\/serveiseducatius.xtec.cat\/cda-empuries\/wp-json\/wp\/v2\/users\/1"}],"replies":[{"embeddable":true,"href":"https:\/\/serveiseducatius.xtec.cat\/cda-empuries\/wp-json\/wp\/v2\/comments?post=9076"}],"version-history":[{"count":3,"href":"https:\/\/serveiseducatius.xtec.cat\/cda-empuries\/wp-json\/wp\/v2\/pages\/9076\/revisions"}],"predecessor-version":[{"id":11656,"href":"https:\/\/serveiseducatius.xtec.cat\/cda-empuries\/wp-json\/wp\/v2\/pages\/9076\/revisions\/11656"}],"wp:attachment":[{"href":"https:\/\/serveiseducatius.xtec.cat\/cda-empuries\/wp-json\/wp\/v2\/media?parent=9076"}],"curies":[{"name":"wp","href":"https:\/\/api.w.org\/{rel}","templated":true}]}}