{"id":9042,"date":"2019-06-20T19:17:16","date_gmt":"2019-06-20T17:17:16","guid":{"rendered":"http:\/\/serveiseducatius.xtec.cat\/cda-empuries\/?page_id=9042"},"modified":"2022-06-22T11:52:31","modified_gmt":"2022-06-22T09:52:31","slug":"moment-1-en-marius-i-la-pina","status":"publish","type":"page","link":"https:\/\/serveiseducatius.xtec.cat\/cda-empuries\/moment-1-en-marius-i-la-pina\/","title":{"rendered":"Treballs previs per l&#8217;activitat: En M\u00e0rius d&#8217;Emp\u00faries"},"content":{"rendered":"<p><strong>\u00a0<\/strong><\/p>\n<p>Per dur a terme aquesta activitat partirem de la pregunta guia:<\/p>\n<p><img loading=\"lazy\" decoding=\"async\" class=\"alignnone size-full wp-image-9106\" src=\"https:\/\/serveiseducatius.xtec.cat\/cda-empuries\/wp-content\/uploads\/usu1383\/2019\/06\/pregunta-guia-m\u00e0rius.png\" alt=\"\" width=\"555\" height=\"102\" srcset=\"https:\/\/serveiseducatius.xtec.cat\/cda-empuries\/wp-content\/uploads\/usu1383\/2019\/06\/pregunta-guia-m\u00e0rius.png 555w, https:\/\/serveiseducatius.xtec.cat\/cda-empuries\/wp-content\/uploads\/usu1383\/2019\/06\/pregunta-guia-m\u00e0rius-300x55.png 300w\" sizes=\"auto, (max-width: 555px) 100vw, 555px\" \/><\/p>\n<p>\u00c9s important que mireu amb els alumnes la presentaci\u00f3 que us enviem per tal de comen\u00e7ar a preparar el terreny i crear inter\u00e8s i curiositat.<\/p>\n<p><strong>TREBALLS PREVIS B\u00c0SICS<\/strong><\/p>\n<p>&nbsp;<\/p>\n<p><strong>ALUMNES (Conte d&#8217;en M\u00e0rius d&#8217;Emp\u00faries)<br \/>\n<\/strong><\/p>\n<p>Del conte hi ha dues versions, en funci\u00f3 de si es vol simplement aprofitar el <a href=\"http:\/\/www.xtec.cat\/cda-empuries\/MariusResum.pdf\" target=\"_blank\" rel=\"noopener noreferrer\">suport gr\u00e0fic<\/a> per explicar la hist\u00f2ria, o si es vol fer una <a href=\"http:\/\/www.xtec.cat\/cda-empuries\/MPMarius1bc.pdf\" target=\"_blank\" rel=\"noopener noreferrer\">activitat de lectura, personal o col\u00b7lectiva<\/a>.<\/p>\n<p><a href=\"https:\/\/drive.google.com\/file\/d\/1Qe9STRdL348rHPhHO98fKB9gfXDCWO9f\/view?usp=sharing\">Els utensilis d&#8217;en M\u00e0rius<\/a><\/p>\n<p><strong>DOCENTS<\/strong><\/p>\n<p><a href=\"http:\/\/www.xtec.cat\/cda-empuries\/GCEmpuries1bc.pdf\" target=\"_blank\" rel=\"noopener noreferrer\"><strong>Gui\u00f3 de continguts\u00a0<\/strong><\/a><\/p>\n<p><a href=\"https:\/\/serveiseducatius.xtec.cat\/cda-empuries\/marius-dempuries\/\">Torna a l&#8217;activitat: En M\u00e0rius d&#8217;Emp\u00faries<\/a><\/p>\n","protected":false},"excerpt":{"rendered":"<p>\u00a0 Per dur a terme aquesta activitat partirem de la pregunta guia: \u00c9s important que mireu amb els alumnes la presentaci\u00f3 que us enviem per tal de comen\u00e7ar a preparar el terreny i crear inter\u00e8s i curiositat. TREBALLS PREVIS B\u00c0SICS &nbsp; ALUMNES (Conte d&#8217;en M\u00e0rius d&#8217;Emp\u00faries) Del conte hi ha dues versions, en funci\u00f3 de [&hellip;]<\/p>\n","protected":false},"author":1,"featured_media":0,"parent":0,"menu_order":0,"comment_status":"closed","ping_status":"closed","template":"","meta":{"_bbp_topic_count":0,"_bbp_reply_count":0,"_bbp_total_topic_count":0,"_bbp_total_reply_count":0,"_bbp_voice_count":0,"_bbp_anonymous_reply_count":0,"_bbp_topic_count_hidden":0,"_bbp_reply_count_hidden":0,"_bbp_forum_subforum_count":0,"site-sidebar-layout":"default","site-content-layout":"","ast-site-content-layout":"","site-content-style":"default","site-sidebar-style":"default","ast-global-header-display":"","ast-banner-title-visibility":"","ast-main-header-display":"","ast-hfb-above-header-display":"","ast-hfb-below-header-display":"","ast-hfb-mobile-header-display":"","site-post-title":"","ast-breadcrumbs-content":"","ast-featured-img":"","footer-sml-layout":"","theme-transparent-header-meta":"","adv-header-id-meta":"","stick-header-meta":"","header-above-stick-meta":"","header-main-stick-meta":"","header-below-stick-meta":"","astra-migrate-meta-layouts":"default","ast-page-background-enabled":"default","ast-page-background-meta":{"desktop":{"background-color":"var(--ast-global-color-4)","background-image":"","background-repeat":"repeat","background-position":"center center","background-size":"auto","background-attachment":"scroll","background-type":"","background-media":"","overlay-type":"","overlay-color":"","overlay-opacity":"","overlay-gradient":""},"tablet":{"background-color":"","background-image":"","background-repeat":"repeat","background-position":"center center","background-size":"auto","background-attachment":"scroll","background-type":"","background-media":"","overlay-type":"","overlay-color":"","overlay-opacity":"","overlay-gradient":""},"mobile":{"background-color":"","background-image":"","background-repeat":"repeat","background-position":"center center","background-size":"auto","background-attachment":"scroll","background-type":"","background-media":"","overlay-type":"","overlay-color":"","overlay-opacity":"","overlay-gradient":""}},"ast-content-background-meta":{"desktop":{"background-color":"var(--ast-global-color-5)","background-image":"","background-repeat":"repeat","background-position":"center center","background-size":"auto","background-attachment":"scroll","background-type":"","background-media":"","overlay-type":"","overlay-color":"","overlay-opacity":"","overlay-gradient":""},"tablet":{"background-color":"var(--ast-global-color-5)","background-image":"","background-repeat":"repeat","background-position":"center center","background-size":"auto","background-attachment":"scroll","background-type":"","background-media":"","overlay-type":"","overlay-color":"","overlay-opacity":"","overlay-gradient":""},"mobile":{"background-color":"var(--ast-global-color-5)","background-image":"","background-repeat":"repeat","background-position":"center center","background-size":"auto","background-attachment":"scroll","background-type":"","background-media":"","overlay-type":"","overlay-color":"","overlay-opacity":"","overlay-gradient":""}},"footnotes":""},"class_list":["post-9042","page","type-page","status-publish","hentry"],"post_mailing_queue_ids":[],"_links":{"self":[{"href":"https:\/\/serveiseducatius.xtec.cat\/cda-empuries\/wp-json\/wp\/v2\/pages\/9042","targetHints":{"allow":["GET"]}}],"collection":[{"href":"https:\/\/serveiseducatius.xtec.cat\/cda-empuries\/wp-json\/wp\/v2\/pages"}],"about":[{"href":"https:\/\/serveiseducatius.xtec.cat\/cda-empuries\/wp-json\/wp\/v2\/types\/page"}],"author":[{"embeddable":true,"href":"https:\/\/serveiseducatius.xtec.cat\/cda-empuries\/wp-json\/wp\/v2\/users\/1"}],"replies":[{"embeddable":true,"href":"https:\/\/serveiseducatius.xtec.cat\/cda-empuries\/wp-json\/wp\/v2\/comments?post=9042"}],"version-history":[{"count":3,"href":"https:\/\/serveiseducatius.xtec.cat\/cda-empuries\/wp-json\/wp\/v2\/pages\/9042\/revisions"}],"predecessor-version":[{"id":11732,"href":"https:\/\/serveiseducatius.xtec.cat\/cda-empuries\/wp-json\/wp\/v2\/pages\/9042\/revisions\/11732"}],"wp:attachment":[{"href":"https:\/\/serveiseducatius.xtec.cat\/cda-empuries\/wp-json\/wp\/v2\/media?parent=9042"}],"curies":[{"name":"wp","href":"https:\/\/api.w.org\/{rel}","templated":true}]}}