{"id":9034,"date":"2019-06-20T18:58:16","date_gmt":"2019-06-20T16:58:16","guid":{"rendered":"http:\/\/serveiseducatius.xtec.cat\/cda-empuries\/?page_id=9034"},"modified":"2022-02-04T18:53:19","modified_gmt":"2022-02-04T17:53:19","slug":"en-marius-i-la-pina","status":"publish","type":"page","link":"https:\/\/serveiseducatius.xtec.cat\/cda-empuries\/en-marius-i-la-pina\/","title":{"rendered":"En M\u00e0rius i la Pina"},"content":{"rendered":"<div class=\"entry-content\">\n<p><strong>Nivell educatiu:<\/strong> Cicle Inicial de Prim\u00e0ria (i adaptable a Cicle Mitj\u00e0)<\/p>\n<p><strong>Codi de l\u2019activitat:<\/strong> Ea1<\/p>\n<p>L\u2019objectiu principal d\u2019aquesta activitat \u00e9s que l\u2019alumnat de Cicle Inicial de Prim\u00e0ria percebi l\u2019espai de les ru\u00efnes d\u2019Emp\u00faries com una ciutat on vivia, ja fa molt de temps, gent com ells, tot i que tenien usos i costums diferents.<\/p>\n<p>L\u2019activitat consisteix en una visita per la ciutat grega (Ne\u00e0polis) on realitzen una s\u00e8rie de jocs que ajuden els alumnes a entendre com vivien els grecs i romans fa m\u00e9s de vint segles.<\/p>\n<p>Per tal de preparar convenientment l\u2019activitat, es demana que l\u2019alumnat conegui el conte de <em>L\u2019\u00e0via Pina i en M\u00e0rius d\u2019Emp\u00faries,<\/em> que els posa en antecedents de com vestien i vivien els nens i nenes fa dos mil anys i, a m\u00e9s, permet treballar una s\u00e8rie de valors com ara l\u2019amistat, el respecte mutu o la solidaritat.<\/p>\n<table class=\" aligncenter\" style=\"height: 160px; width: 728px;\" width=\"709\">\n<tbody>\n<tr style=\"height: 137px;\">\n<td style=\"height: 35px; width: 722px;\" colspan=\"3\"><strong>Per vincular a la programaci\u00f3 del centre<\/strong><\/td>\n<\/tr>\n<tr style=\"height: 57px;\">\n<td style=\"height: 44px; width: 119.167px;\"><strong>\u00c0MBIT<\/strong><\/td>\n<td style=\"height: 44px; width: 102.15px;\">DIMENSI\u00d3<\/td>\n<td style=\"height: 44px; width: 496.683px;\">COMPET\u00c8NCIA<\/td>\n<\/tr>\n<tr style=\"height: 80px;\">\n<td style=\"height: 43px; width: 119.167px;\"><strong> Coneixement del medi<\/strong><\/td>\n<td style=\"height: 43px; width: 102.15px;\">M\u00f3n actual<\/td>\n<td style=\"height: 43px; width: 496.683px;\">Compet\u00e8ncia 2: Interpretar el present a partir de l\u2019an\u00e0lisi dels canvis i continu\u00eftats al llarg del temps, per comprendre la societat en qu\u00e8 vivim<\/td>\n<\/tr>\n<tr style=\"height: 34px;\">\n<td style=\"height: 28px; width: 722px;\" colspan=\"3\"><strong>Objectius:<\/strong><\/td>\n<\/tr>\n<tr style=\"height: 57px;\">\n<td style=\"height: 10px; width: 722px;\" colspan=\"3\">\n<ul style=\"list-style-type: disc;\">\n<li>Con\u00e8ixer la manera de viure dels nostres avantpassats i\u00a0 comparar-la amb la seva vida quotidiana.<\/li>\n<li>Realitzar jocs t\u00edpics grecoromans i adonar-se de la similitut amb els jocs que ells coneixen<\/li>\n<\/ul>\n<\/td>\n<\/tr>\n<\/tbody>\n<\/table>\n<p>&nbsp;<\/p>\n<p>&nbsp;<\/p>\n<p>&nbsp;<\/p>\n<p>&nbsp;<\/p>\n<p>&nbsp;<\/p>\n<p>&nbsp;<\/p>\n<p style=\"text-align: left;\">Per dur a terme aquesta activitat partirem de la pregunta guia:<\/p>\n<p><a href=\"https:\/\/serveiseducatius.xtec.cat\/cda-empuries\/wp-content\/uploads\/usu1383\/2019\/06\/pina.jpg\"><img loading=\"lazy\" decoding=\"async\" class=\"size-full wp-image-9185 aligncenter\" src=\"https:\/\/serveiseducatius.xtec.cat\/cda-empuries\/wp-content\/uploads\/usu1383\/2019\/06\/pina.jpg\" alt=\"\" width=\"549\" height=\"124\" srcset=\"https:\/\/serveiseducatius.xtec.cat\/cda-empuries\/wp-content\/uploads\/usu1383\/2019\/06\/pina.jpg 549w, https:\/\/serveiseducatius.xtec.cat\/cda-empuries\/wp-content\/uploads\/usu1383\/2019\/06\/pina-300x68.jpg 300w\" sizes=\"auto, (max-width: 549px) 100vw, 549px\" \/><\/a><\/p>\n<p>\u00c9s important que mireu amb els alumnes la presentaci\u00f3 que us enviem per tal de comen\u00e7ar a preparar el terreny i crear inter\u00e8s i curiositat.<\/p>\n<p><a href=\"https:\/\/serveiseducatius.xtec.cat\/cda-empuries\/treballs-previs-de-lactivitat-en-marius-iu-la-pina\/\" target=\"_blank\" rel=\"noopener noreferrer\"><img loading=\"lazy\" decoding=\"async\" class=\"alignnone size-full wp-image-9050\" src=\"https:\/\/serveiseducatius.xtec.cat\/cda-empuries\/wp-content\/uploads\/usu1383\/2019\/06\/1.jpg\" alt=\"\" width=\"207\" height=\"289\" \/><\/a> \u00a0 \u00a0\u00a0 \u00a0\u00a0 <img loading=\"lazy\" decoding=\"async\" class=\"alignnone wp-image-9101\" src=\"https:\/\/serveiseducatius.xtec.cat\/cda-empuries\/wp-content\/uploads\/usu1383\/2019\/06\/moment-2-pina.png\" alt=\"\" width=\"214\" height=\"293\" \/> \u00a0 \u00a0 \u00a0 \u00a0 <a href=\"https:\/\/serveiseducatius.xtec.cat\/cda-empuries\/treballs-posteriors-2\/\"><img loading=\"lazy\" decoding=\"async\" class=\"alignnone size-full wp-image-9052\" src=\"https:\/\/serveiseducatius.xtec.cat\/cda-empuries\/wp-content\/uploads\/usu1383\/2019\/06\/3.jpg\" alt=\"\" width=\"205\" height=\"289\" \/><\/a><a href=\"https:\/\/serveiseducatius.xtec.cat\/cda-empuries\/wp-content\/uploads\/usu1383\/2022\/02\/Marius-i-Pina.jpg\"><img loading=\"lazy\" decoding=\"async\" class=\"size-full wp-image-11644 aligncenter\" src=\"https:\/\/serveiseducatius.xtec.cat\/cda-empuries\/wp-content\/uploads\/usu1383\/2022\/02\/Marius-i-Pina.jpg\" alt=\"\" width=\"259\" height=\"194\" srcset=\"https:\/\/serveiseducatius.xtec.cat\/cda-empuries\/wp-content\/uploads\/usu1383\/2022\/02\/Marius-i-Pina.jpg 259w, https:\/\/serveiseducatius.xtec.cat\/cda-empuries\/wp-content\/uploads\/usu1383\/2022\/02\/Marius-i-Pina-200x150.jpg 200w\" sizes=\"auto, (max-width: 259px) 100vw, 259px\" \/><\/a><\/p>\n<p><a href=\"https:\/\/serveiseducatius.xtec.cat\/cda-empuries\/empuries-un-pont-de-mar-blava-2\/\">Torna a Emp\u00faries: un pont de mar blava<\/a><\/p>\n<p>Aquesta activitat est\u00e0 directament relacionada amb:<\/p>\n<ul>\n<li>Sorra i Dunes<\/li>\n<li>Taller de Petxines<\/li>\n<\/ul>\n<\/div>\n","protected":false},"excerpt":{"rendered":"<p>Nivell educatiu: Cicle Inicial de Prim\u00e0ria (i adaptable a Cicle Mitj\u00e0) Codi de l\u2019activitat: Ea1 L\u2019objectiu principal d\u2019aquesta activitat \u00e9s que l\u2019alumnat de Cicle Inicial de Prim\u00e0ria percebi l\u2019espai de les ru\u00efnes d\u2019Emp\u00faries com una ciutat on vivia, ja fa molt de temps, gent com ells, tot i que tenien usos i costums diferents. L\u2019activitat [&hellip;]<\/p>\n","protected":false},"author":1,"featured_media":0,"parent":0,"menu_order":0,"comment_status":"closed","ping_status":"closed","template":"","meta":{"_bbp_topic_count":0,"_bbp_reply_count":0,"_bbp_total_topic_count":0,"_bbp_total_reply_count":0,"_bbp_voice_count":0,"_bbp_anonymous_reply_count":0,"_bbp_topic_count_hidden":0,"_bbp_reply_count_hidden":0,"_bbp_forum_subforum_count":0,"site-sidebar-layout":"default","site-content-layout":"","ast-site-content-layout":"","site-content-style":"default","site-sidebar-style":"default","ast-global-header-display":"","ast-banner-title-visibility":"","ast-main-header-display":"","ast-hfb-above-header-display":"","ast-hfb-below-header-display":"","ast-hfb-mobile-header-display":"","site-post-title":"","ast-breadcrumbs-content":"","ast-featured-img":"","footer-sml-layout":"","theme-transparent-header-meta":"","adv-header-id-meta":"","stick-header-meta":"","header-above-stick-meta":"","header-main-stick-meta":"","header-below-stick-meta":"","astra-migrate-meta-layouts":"default","ast-page-background-enabled":"default","ast-page-background-meta":{"desktop":{"background-color":"var(--ast-global-color-4)","background-image":"","background-repeat":"repeat","background-position":"center center","background-size":"auto","background-attachment":"scroll","background-type":"","background-media":"","overlay-type":"","overlay-color":"","overlay-opacity":"","overlay-gradient":""},"tablet":{"background-color":"","background-image":"","background-repeat":"repeat","background-position":"center center","background-size":"auto","background-attachment":"scroll","background-type":"","background-media":"","overlay-type":"","overlay-color":"","overlay-opacity":"","overlay-gradient":""},"mobile":{"background-color":"","background-image":"","background-repeat":"repeat","background-position":"center center","background-size":"auto","background-attachment":"scroll","background-type":"","background-media":"","overlay-type":"","overlay-color":"","overlay-opacity":"","overlay-gradient":""}},"ast-content-background-meta":{"desktop":{"background-color":"var(--ast-global-color-5)","background-image":"","background-repeat":"repeat","background-position":"center center","background-size":"auto","background-attachment":"scroll","background-type":"","background-media":"","overlay-type":"","overlay-color":"","overlay-opacity":"","overlay-gradient":""},"tablet":{"background-color":"var(--ast-global-color-5)","background-image":"","background-repeat":"repeat","background-position":"center center","background-size":"auto","background-attachment":"scroll","background-type":"","background-media":"","overlay-type":"","overlay-color":"","overlay-opacity":"","overlay-gradient":""},"mobile":{"background-color":"var(--ast-global-color-5)","background-image":"","background-repeat":"repeat","background-position":"center center","background-size":"auto","background-attachment":"scroll","background-type":"","background-media":"","overlay-type":"","overlay-color":"","overlay-opacity":"","overlay-gradient":""}},"footnotes":""},"class_list":["post-9034","page","type-page","status-publish","hentry"],"post_mailing_queue_ids":[],"_links":{"self":[{"href":"https:\/\/serveiseducatius.xtec.cat\/cda-empuries\/wp-json\/wp\/v2\/pages\/9034","targetHints":{"allow":["GET"]}}],"collection":[{"href":"https:\/\/serveiseducatius.xtec.cat\/cda-empuries\/wp-json\/wp\/v2\/pages"}],"about":[{"href":"https:\/\/serveiseducatius.xtec.cat\/cda-empuries\/wp-json\/wp\/v2\/types\/page"}],"author":[{"embeddable":true,"href":"https:\/\/serveiseducatius.xtec.cat\/cda-empuries\/wp-json\/wp\/v2\/users\/1"}],"replies":[{"embeddable":true,"href":"https:\/\/serveiseducatius.xtec.cat\/cda-empuries\/wp-json\/wp\/v2\/comments?post=9034"}],"version-history":[{"count":3,"href":"https:\/\/serveiseducatius.xtec.cat\/cda-empuries\/wp-json\/wp\/v2\/pages\/9034\/revisions"}],"predecessor-version":[{"id":11657,"href":"https:\/\/serveiseducatius.xtec.cat\/cda-empuries\/wp-json\/wp\/v2\/pages\/9034\/revisions\/11657"}],"wp:attachment":[{"href":"https:\/\/serveiseducatius.xtec.cat\/cda-empuries\/wp-json\/wp\/v2\/media?parent=9034"}],"curies":[{"name":"wp","href":"https:\/\/api.w.org\/{rel}","templated":true}]}}