{"id":9004,"date":"2019-06-18T14:19:27","date_gmt":"2019-06-18T12:19:27","guid":{"rendered":"http:\/\/serveiseducatius.xtec.cat\/cda-empuries\/?page_id=9004"},"modified":"2025-11-07T10:42:06","modified_gmt":"2025-11-07T09:42:06","slug":"la-duna-dempuries","status":"publish","type":"page","link":"https:\/\/serveiseducatius.xtec.cat\/cda-empuries\/la-duna-dempuries\/","title":{"rendered":"La duna d&#8217;Emp\u00faries"},"content":{"rendered":"<h2>Activitats de la Duna d&#8217;Emp\u00faries per nivells<\/h2>\n<p>&nbsp;<\/p>\n<table style=\"width: 89.1738%; border-collapse: collapse; border-style: solid; border-color: #000000;\">\n<tbody>\n<tr style=\"border-color: #000000;\">\n<td style=\"width: 30.5787%; border-style: solid; border-color: #000000;\">PRIM\u00c0RIA<\/td>\n<td style=\"width: 30.5786%; border-style: solid; border-color: #000000;\">SECUND\u00c0RIA<\/td>\n<td style=\"width: 27.6059%; border-style: solid; border-color: #000000;\">BATXILLERAT (adaptable 4 ESO)<\/td>\n<\/tr>\n<tr>\n<td style=\"width: 30.5787%; border-style: solid; border-color: #000000;\"><a href=\"https:\/\/serveiseducatius.xtec.cat\/cda-empuries\/sorra-i-dunes\/\"><img loading=\"lazy\" decoding=\"async\" class=\"alignnone size-full wp-image-9009\" src=\"https:\/\/serveiseducatius.xtec.cat\/cda-empuries\/wp-content\/uploads\/usu1383\/2019\/06\/SORRA.png\" alt=\"\" width=\"300\" height=\"254\" \/><\/a><\/td>\n<td style=\"width: 30.5786%; border-style: solid; border-color: #000000;\"><a href=\"https:\/\/serveiseducatius.xtec.cat\/cda-empuries\/descobrim-la-duna-dempuries\/\"><img loading=\"lazy\" decoding=\"async\" class=\"alignnone size-full wp-image-11755\" src=\"https:\/\/serveiseducatius.xtec.cat\/cda-empuries\/wp-content\/uploads\/usu1383\/2022\/07\/descobrim-duna.png\" alt=\"\" width=\"282\" height=\"244\" \/><\/a><\/td>\n<td style=\"width: 27.6059%; border-style: solid; border-color: #000000;\"><a href=\"https:\/\/serveiseducatius.xtec.cat\/cda-empuries\/itinerari-cientific-a-la-duna-dempuries\/\" target=\"_blank\" rel=\"noopener noreferrer\"><img loading=\"lazy\" decoding=\"async\" class=\"alignnone wp-image-11358\" src=\"https:\/\/serveiseducatius.xtec.cat\/cda-empuries\/wp-content\/uploads\/usu1383\/2021\/05\/Batx.-Itinerari-cient\u00edfic.jpg\" alt=\"\" width=\"231\" height=\"340\" srcset=\"https:\/\/serveiseducatius.xtec.cat\/cda-empuries\/wp-content\/uploads\/usu1383\/2021\/05\/Batx.-Itinerari-cient\u00edfic.jpg 404w, https:\/\/serveiseducatius.xtec.cat\/cda-empuries\/wp-content\/uploads\/usu1383\/2021\/05\/Batx.-Itinerari-cient\u00edfic-204x300.jpg 204w\" sizes=\"auto, (max-width: 231px) 100vw, 231px\" \/><\/a><\/td>\n<\/tr>\n<tr>\n<td style=\"width: 30.5787%; border-style: solid; border-color: #000000;\"><a href=\"https:\/\/serveiseducatius.xtec.cat\/cda-empuries\/sorra-i-petxines\/\"><img loading=\"lazy\" decoding=\"async\" class=\"alignnone wp-image-9008 size-full\" src=\"https:\/\/serveiseducatius.xtec.cat\/cda-empuries\/wp-content\/uploads\/usu1383\/2019\/06\/PETXINES.png\" alt=\"\" width=\"284\" height=\"295\" \/><\/a><\/td>\n<td style=\"width: 30.5786%; border-style: solid; border-color: #000000;\"><a href=\"https:\/\/serveiseducatius.xtec.cat\/cda-empuries\/sistema-dunar-2\/\"><img loading=\"lazy\" decoding=\"async\" class=\"alignnone wp-image-9606 size-full\" src=\"https:\/\/serveiseducatius.xtec.cat\/cda-empuries\/wp-content\/uploads\/usu1383\/2019\/07\/sistema-dunar-CS-ESO.png\" alt=\"\" width=\"291\" height=\"284\" \/><\/a><\/td>\n<td style=\"width: 27.6059%; border-style: solid; border-color: #000000;\"><a href=\"https:\/\/serveiseducatius.xtec.cat\/cda-empuries\/geologia-i-biodiversitat-de-la-duna\/\"><img loading=\"lazy\" decoding=\"async\" class=\"alignnone wp-image-12451\" src=\"https:\/\/serveiseducatius.xtec.cat\/cda-empuries\/wp-content\/uploads\/usu1383\/2025\/10\/portada-219x300.png\" alt=\"\" width=\"234\" height=\"321\" srcset=\"https:\/\/serveiseducatius.xtec.cat\/cda-empuries\/wp-content\/uploads\/usu1383\/2025\/10\/portada-219x300.png 219w, https:\/\/serveiseducatius.xtec.cat\/cda-empuries\/wp-content\/uploads\/usu1383\/2025\/10\/portada.png 589w\" sizes=\"auto, (max-width: 234px) 100vw, 234px\" \/><\/a><\/td>\n<\/tr>\n<tr>\n<td style=\"width: 30.5787%; border-style: solid; border-color: #000000;\">\n<h4><a href=\"https:\/\/serveiseducatius.xtec.cat\/cda-empuries\/explorem-la-sorra-ci\/\"><img loading=\"lazy\" decoding=\"async\" class=\"wp-image-12454 size-medium alignnone\" src=\"https:\/\/serveiseducatius.xtec.cat\/cda-empuries\/wp-content\/uploads\/usu1383\/2025\/10\/portada-1-300x259.png\" alt=\"\" width=\"300\" height=\"259\" srcset=\"https:\/\/serveiseducatius.xtec.cat\/cda-empuries\/wp-content\/uploads\/usu1383\/2025\/10\/portada-1-300x259.png 300w, https:\/\/serveiseducatius.xtec.cat\/cda-empuries\/wp-content\/uploads\/usu1383\/2025\/10\/portada-1.png 579w\" sizes=\"auto, (max-width: 300px) 100vw, 300px\" \/><\/a><\/h4>\n<h4 style=\"background-color: #ffffff;\"><\/h4>\n<\/td>\n<td style=\"width: 30.5786%; border-style: solid; border-color: #000000;\">\n<h4 style=\"background-color: #ffffff;\"><a href=\"https:\/\/serveiseducatius.xtec.cat\/cda-empuries\/explorem-la-sorra-ci\/\"><img loading=\"lazy\" decoding=\"async\" class=\"wp-image-12453 size-medium alignnone\" src=\"https:\/\/serveiseducatius.xtec.cat\/cda-empuries\/wp-content\/uploads\/usu1383\/2025\/10\/investigant-sorra-300x261.jpg\" alt=\"\" width=\"300\" height=\"261\" srcset=\"https:\/\/serveiseducatius.xtec.cat\/cda-empuries\/wp-content\/uploads\/usu1383\/2025\/10\/investigant-sorra-300x261.jpg 300w, https:\/\/serveiseducatius.xtec.cat\/cda-empuries\/wp-content\/uploads\/usu1383\/2025\/10\/investigant-sorra.jpg 752w\" sizes=\"auto, (max-width: 300px) 100vw, 300px\" \/><\/a><\/h4>\n<\/td>\n<td style=\"width: 27.6059%; border-style: solid; border-color: #000000;\">\n<h4 style=\"background-color: #ffffff;\">\u00a0<a href=\"https:\/\/drive.google.com\/file\/d\/1v68a1GF2uL-5taR2FaQjQqD-95g51pac\/view?usp=sharing\" target=\"_blank\" rel=\"noopener\"><img loading=\"lazy\" decoding=\"async\" class=\"wp-image-11666 alignnone\" src=\"https:\/\/serveiseducatius.xtec.cat\/cda-empuries\/wp-content\/uploads\/usu1383\/2022\/02\/sorra.jpg\" alt=\"\" width=\"219\" height=\"314\" srcset=\"https:\/\/serveiseducatius.xtec.cat\/cda-empuries\/wp-content\/uploads\/usu1383\/2022\/02\/sorra.jpg 519w, https:\/\/serveiseducatius.xtec.cat\/cda-empuries\/wp-content\/uploads\/usu1383\/2022\/02\/sorra-209x300.jpg 209w\" sizes=\"auto, (max-width: 219px) 100vw, 219px\" \/><\/a><\/h4>\n<\/td>\n<\/tr>\n<\/tbody>\n<\/table>\n<p class=\"Estilo2\">Aquesta activitat est\u00e0 directament relacionada amb:<\/p>\n<ul>\n<li class=\"Estilo2\"><a href=\"https:\/\/serveiseducatius.xtec.cat\/cda-empuries\/activitats-als-aiguamolls-per-nivells\/\" target=\"_blank\" rel=\"noopener noreferrer\">Aiguamolls de l\u2019Empord\u00e0<\/a><\/li>\n<li class=\"Estilo2\"><a href=\"https:\/\/serveiseducatius.xtec.cat\/cda-empuries\/riba-dreta-del-riu-fluvia-curs-baix\/\" target=\"_blank\" rel=\"noopener noreferrer\">Riba dreta del Fluvia (curs baix)<\/a><\/li>\n<li><a href=\"https:\/\/serveiseducatius.xtec.cat\/cda-empuries\/lemporda-a-vista-docell-nord-sud\/\">L&#8217;Empord\u00e0 a vista d&#8217;ocell. Nord-Sud<\/a><\/li>\n<\/ul>\n<p style=\"text-align: center;\"><a href=\"https:\/\/serveiseducatius.xtec.cat\/cda-empuries\/oferta-pedagogica\/\">Torna a activitats per \u00e0mbits<\/a><\/p>\n","protected":false},"excerpt":{"rendered":"<p>Activitats de la Duna d&#8217;Emp\u00faries per nivells &nbsp; PRIM\u00c0RIA SECUND\u00c0RIA BATXILLERAT (adaptable 4 ESO) \u00a0 Aquesta activitat est\u00e0 directament relacionada amb: Aiguamolls de l\u2019Empord\u00e0 Riba dreta del Fluvia (curs baix) L&#8217;Empord\u00e0 a vista d&#8217;ocell. Nord-Sud Torna a activitats per \u00e0mbits<\/p>\n","protected":false},"author":1,"featured_media":0,"parent":0,"menu_order":0,"comment_status":"closed","ping_status":"closed","template":"","meta":{"_bbp_topic_count":0,"_bbp_reply_count":0,"_bbp_total_topic_count":0,"_bbp_total_reply_count":0,"_bbp_voice_count":0,"_bbp_anonymous_reply_count":0,"_bbp_topic_count_hidden":0,"_bbp_reply_count_hidden":0,"_bbp_forum_subforum_count":0,"site-sidebar-layout":"default","site-content-layout":"","ast-site-content-layout":"default","site-content-style":"default","site-sidebar-style":"default","ast-global-header-display":"","ast-banner-title-visibility":"","ast-main-header-display":"","ast-hfb-above-header-display":"","ast-hfb-below-header-display":"","ast-hfb-mobile-header-display":"","site-post-title":"","ast-breadcrumbs-content":"","ast-featured-img":"","footer-sml-layout":"","theme-transparent-header-meta":"default","adv-header-id-meta":"","stick-header-meta":"","header-above-stick-meta":"","header-main-stick-meta":"","header-below-stick-meta":"","astra-migrate-meta-layouts":"set","ast-page-background-enabled":"default","ast-page-background-meta":{"desktop":{"background-color":"var(--ast-global-color-4)","background-image":"","background-repeat":"repeat","background-position":"center center","background-size":"auto","background-attachment":"scroll","background-type":"","background-media":"","overlay-type":"","overlay-color":"","overlay-opacity":"","overlay-gradient":""},"tablet":{"background-color":"","background-image":"","background-repeat":"repeat","background-position":"center center","background-size":"auto","background-attachment":"scroll","background-type":"","background-media":"","overlay-type":"","overlay-color":"","overlay-opacity":"","overlay-gradient":""},"mobile":{"background-color":"","background-image":"","background-repeat":"repeat","background-position":"center center","background-size":"auto","background-attachment":"scroll","background-type":"","background-media":"","overlay-type":"","overlay-color":"","overlay-opacity":"","overlay-gradient":""}},"ast-content-background-meta":{"desktop":{"background-color":"var(--ast-global-color-5)","background-image":"","background-repeat":"repeat","background-position":"center center","background-size":"auto","background-attachment":"scroll","background-type":"","background-media":"","overlay-type":"","overlay-color":"","overlay-opacity":"","overlay-gradient":""},"tablet":{"background-color":"var(--ast-global-color-5)","background-image":"","background-repeat":"repeat","background-position":"center center","background-size":"auto","background-attachment":"scroll","background-type":"","background-media":"","overlay-type":"","overlay-color":"","overlay-opacity":"","overlay-gradient":""},"mobile":{"background-color":"var(--ast-global-color-5)","background-image":"","background-repeat":"repeat","background-position":"center center","background-size":"auto","background-attachment":"scroll","background-type":"","background-media":"","overlay-type":"","overlay-color":"","overlay-opacity":"","overlay-gradient":""}},"footnotes":""},"class_list":["post-9004","page","type-page","status-publish","hentry"],"post_mailing_queue_ids":[],"_links":{"self":[{"href":"https:\/\/serveiseducatius.xtec.cat\/cda-empuries\/wp-json\/wp\/v2\/pages\/9004","targetHints":{"allow":["GET"]}}],"collection":[{"href":"https:\/\/serveiseducatius.xtec.cat\/cda-empuries\/wp-json\/wp\/v2\/pages"}],"about":[{"href":"https:\/\/serveiseducatius.xtec.cat\/cda-empuries\/wp-json\/wp\/v2\/types\/page"}],"author":[{"embeddable":true,"href":"https:\/\/serveiseducatius.xtec.cat\/cda-empuries\/wp-json\/wp\/v2\/users\/1"}],"replies":[{"embeddable":true,"href":"https:\/\/serveiseducatius.xtec.cat\/cda-empuries\/wp-json\/wp\/v2\/comments?post=9004"}],"version-history":[{"count":6,"href":"https:\/\/serveiseducatius.xtec.cat\/cda-empuries\/wp-json\/wp\/v2\/pages\/9004\/revisions"}],"predecessor-version":[{"id":12527,"href":"https:\/\/serveiseducatius.xtec.cat\/cda-empuries\/wp-json\/wp\/v2\/pages\/9004\/revisions\/12527"}],"wp:attachment":[{"href":"https:\/\/serveiseducatius.xtec.cat\/cda-empuries\/wp-json\/wp\/v2\/media?parent=9004"}],"curies":[{"name":"wp","href":"https:\/\/api.w.org\/{rel}","templated":true}]}}