{"id":8421,"date":"2019-06-10T09:24:59","date_gmt":"2019-06-10T07:24:59","guid":{"rendered":"http:\/\/serveiseducatius.xtec.cat\/cda-empuries\/?page_id=8421"},"modified":"2021-01-28T13:16:52","modified_gmt":"2021-01-28T12:16:52","slug":"enllacos-interessants","status":"publish","type":"page","link":"https:\/\/serveiseducatius.xtec.cat\/cda-empuries\/enllacos-interessants\/","title":{"rendered":"L&#8217;entorn d&#8217;Emp\u00faries"},"content":{"rendered":"<p style=\"text-align: left;\">Emp\u00faries va ser el\u00a0 lloc triat pels primers grecs que van arribar a la pen\u00ednsula, i aix\u00ed ens ho demostren les ru\u00efnes que podem visitar. Per\u00f2 a m\u00e9s de la ciutat greco-romana tenim el privilegi d&#8217;estar envoltats d&#8217;un munt de llocs interessant\u00edssims, tant a nivell hist\u00f2ric, com cultural i natural, i sense deixar de banda L\u2019Escala, un poble de pescadors amb molt d\u2019encant!<\/p>\n<p><a href=\"http:\/\/www.macempuries.cat\/\" target=\"_blank\" rel=\"noopener noreferrer\"><img loading=\"lazy\" decoding=\"async\" class=\"wp-image-9726 alignleft\" src=\"https:\/\/serveiseducatius.xtec.cat\/cda-empuries\/wp-content\/uploads\/usu1383\/2019\/07\/EMP\u00daRIES-1.png\" alt=\"\" width=\"305\" height=\"216\" \/><\/a><a href=\"http:\/\/www.visitlescala.com\/\" target=\"_blank\" rel=\"noopener noreferrer\"><img loading=\"lazy\" decoding=\"async\" class=\"wp-image-8889 alignnone\" src=\"https:\/\/serveiseducatius.xtec.cat\/cda-empuries\/wp-content\/uploads\/usu1383\/2019\/06\/lescala-1.png\" alt=\"\" width=\"321\" height=\"198\" srcset=\"https:\/\/serveiseducatius.xtec.cat\/cda-empuries\/wp-content\/uploads\/usu1383\/2019\/06\/lescala-1.png 449w, https:\/\/serveiseducatius.xtec.cat\/cda-empuries\/wp-content\/uploads\/usu1383\/2019\/06\/lescala-1-300x185.png 300w\" sizes=\"auto, (max-width: 321px) 100vw, 321px\" \/><\/a><\/p>\n<p>&nbsp;<\/p>\n<p style=\"text-align: left;\"><a href=\"http:\/\/parcsnaturals.gencat.cat\/ca\/xarxa-de-parcs\/aiguamolls-emporda\/inici\/index.html\" target=\"_blank\" rel=\"noopener noreferrer\"><img loading=\"lazy\" decoding=\"async\" class=\"wp-image-8888 alignleft\" src=\"https:\/\/serveiseducatius.xtec.cat\/cda-empuries\/wp-content\/uploads\/usu1383\/2019\/06\/PNAE.png\" alt=\"\" width=\"310\" height=\"204\" \/><\/a><a href=\"http:\/\/old.parcsnaturals.gencat.cat\/ca\/illes-medes\/\" target=\"_blank\" rel=\"noopener noreferrer\"><img loading=\"lazy\" decoding=\"async\" class=\"alignnone wp-image-8887\" src=\"https:\/\/serveiseducatius.xtec.cat\/cda-empuries\/wp-content\/uploads\/usu1383\/2019\/06\/montgr\u00ed-parc-natural.png\" alt=\"\" width=\"308\" height=\"191\" srcset=\"https:\/\/serveiseducatius.xtec.cat\/cda-empuries\/wp-content\/uploads\/usu1383\/2019\/06\/montgr\u00ed-parc-natural.png 445w, https:\/\/serveiseducatius.xtec.cat\/cda-empuries\/wp-content\/uploads\/usu1383\/2019\/06\/montgr\u00ed-parc-natural-300x186.png 300w\" sizes=\"auto, (max-width: 308px) 100vw, 308px\" \/>\u00a0\u00a0 <\/a><a href=\"http:\/\/old.parcsnaturals.gencat.cat\/ca\/cap-creus\/\" target=\"_blank\" rel=\"noopener noreferrer\"><img loading=\"lazy\" decoding=\"async\" class=\"alignnone wp-image-8886\" src=\"https:\/\/serveiseducatius.xtec.cat\/cda-empuries\/wp-content\/uploads\/usu1383\/2019\/06\/CAP-DE-CREUS1.png\" alt=\"\" width=\"325\" height=\"197\" \/><\/a><a href=\"https:\/\/www.visitlescala.com\/es\/sant-marti-dempuries\" target=\"_blank\" rel=\"noopener noreferrer\"><img loading=\"lazy\" decoding=\"async\" class=\"alignnone wp-image-8890\" src=\"https:\/\/serveiseducatius.xtec.cat\/cda-empuries\/wp-content\/uploads\/usu1383\/2019\/06\/SME.png\" alt=\"\" width=\"299\" height=\"187\" srcset=\"https:\/\/serveiseducatius.xtec.cat\/cda-empuries\/wp-content\/uploads\/usu1383\/2019\/06\/SME.png 409w, https:\/\/serveiseducatius.xtec.cat\/cda-empuries\/wp-content\/uploads\/usu1383\/2019\/06\/SME-300x188.png 300w\" sizes=\"auto, (max-width: 299px) 100vw, 299px\" \/><\/a> <a href=\"http:\/\/patrimoni.gencat.cat\/ca\/coleccio\/monestir-de-sant-pere-de-rodes\" target=\"_blank\" rel=\"noopener noreferrer\"><img loading=\"lazy\" decoding=\"async\" class=\"alignnone wp-image-8891\" src=\"https:\/\/serveiseducatius.xtec.cat\/cda-empuries\/wp-content\/uploads\/usu1383\/2019\/06\/SPR-1.png\" alt=\"\" width=\"285\" height=\"189\" srcset=\"https:\/\/serveiseducatius.xtec.cat\/cda-empuries\/wp-content\/uploads\/usu1383\/2019\/06\/SPR-1.png 394w, https:\/\/serveiseducatius.xtec.cat\/cda-empuries\/wp-content\/uploads\/usu1383\/2019\/06\/SPR-1-300x199.png 300w\" sizes=\"auto, (max-width: 285px) 100vw, 285px\" \/><\/a><a href=\"http:\/\/parcsnaturals.gencat.cat\/ca\/illes-medes\" target=\"_blank\" rel=\"noopener noreferrer\"> \u00a0 <\/a><a href=\"http:\/\/www.macullastret.cat\/\" target=\"_blank\" rel=\"noopener noreferrer\"><img loading=\"lazy\" decoding=\"async\" class=\"alignnone wp-image-8892\" src=\"https:\/\/serveiseducatius.xtec.cat\/cda-empuries\/wp-content\/uploads\/usu1383\/2019\/06\/ULLASTRET1.png\" alt=\"\" width=\"284\" height=\"193\" srcset=\"https:\/\/serveiseducatius.xtec.cat\/cda-empuries\/wp-content\/uploads\/usu1383\/2019\/06\/ULLASTRET1.png 465w, https:\/\/serveiseducatius.xtec.cat\/cda-empuries\/wp-content\/uploads\/usu1383\/2019\/06\/ULLASTRET1-300x204.png 300w\" sizes=\"auto, (max-width: 284px) 100vw, 284px\" \/><\/a><\/p>\n<p>&nbsp;<\/p>\n<p style=\"text-align: left;\"><a href=\"http:\/\/parcsnaturals.gencat.cat\/ca\/cap-creus\" target=\"_blank\" rel=\"noopener noreferrer\">\u00a0\u00a0 \u00a0\u00a0<\/a><a href=\"http:\/\/parcsnaturals.gencat.cat\/ca\/illes-medes\" target=\"_blank\" rel=\"noopener noreferrer\">\u00a0<\/a><\/p>\n<header class=\"entry-header\"><\/header>\n<p style=\"text-align: left;\">\n","protected":false},"excerpt":{"rendered":"<p>Emp\u00faries va ser el\u00a0 lloc triat pels primers grecs que van arribar a la pen\u00ednsula, i aix\u00ed ens ho demostren les ru\u00efnes que podem visitar. Per\u00f2 a m\u00e9s de la ciutat greco-romana tenim el privilegi d&#8217;estar envoltats d&#8217;un munt de llocs interessant\u00edssims, tant a nivell hist\u00f2ric, com cultural i natural, i sense deixar de banda [&hellip;]<\/p>\n","protected":false},"author":1,"featured_media":0,"parent":0,"menu_order":0,"comment_status":"closed","ping_status":"closed","template":"","meta":{"_bbp_topic_count":0,"_bbp_reply_count":0,"_bbp_total_topic_count":0,"_bbp_total_reply_count":0,"_bbp_voice_count":0,"_bbp_anonymous_reply_count":0,"_bbp_topic_count_hidden":0,"_bbp_reply_count_hidden":0,"_bbp_forum_subforum_count":0,"site-sidebar-layout":"default","site-content-layout":"","ast-site-content-layout":"","site-content-style":"default","site-sidebar-style":"default","ast-global-header-display":"","ast-banner-title-visibility":"","ast-main-header-display":"","ast-hfb-above-header-display":"","ast-hfb-below-header-display":"","ast-hfb-mobile-header-display":"","site-post-title":"","ast-breadcrumbs-content":"","ast-featured-img":"","footer-sml-layout":"","theme-transparent-header-meta":"","adv-header-id-meta":"","stick-header-meta":"","header-above-stick-meta":"","header-main-stick-meta":"","header-below-stick-meta":"","astra-migrate-meta-layouts":"default","ast-page-background-enabled":"default","ast-page-background-meta":{"desktop":{"background-color":"var(--ast-global-color-4)","background-image":"","background-repeat":"repeat","background-position":"center center","background-size":"auto","background-attachment":"scroll","background-type":"","background-media":"","overlay-type":"","overlay-color":"","overlay-opacity":"","overlay-gradient":""},"tablet":{"background-color":"","background-image":"","background-repeat":"repeat","background-position":"center center","background-size":"auto","background-attachment":"scroll","background-type":"","background-media":"","overlay-type":"","overlay-color":"","overlay-opacity":"","overlay-gradient":""},"mobile":{"background-color":"","background-image":"","background-repeat":"repeat","background-position":"center center","background-size":"auto","background-attachment":"scroll","background-type":"","background-media":"","overlay-type":"","overlay-color":"","overlay-opacity":"","overlay-gradient":""}},"ast-content-background-meta":{"desktop":{"background-color":"var(--ast-global-color-5)","background-image":"","background-repeat":"repeat","background-position":"center center","background-size":"auto","background-attachment":"scroll","background-type":"","background-media":"","overlay-type":"","overlay-color":"","overlay-opacity":"","overlay-gradient":""},"tablet":{"background-color":"var(--ast-global-color-5)","background-image":"","background-repeat":"repeat","background-position":"center center","background-size":"auto","background-attachment":"scroll","background-type":"","background-media":"","overlay-type":"","overlay-color":"","overlay-opacity":"","overlay-gradient":""},"mobile":{"background-color":"var(--ast-global-color-5)","background-image":"","background-repeat":"repeat","background-position":"center center","background-size":"auto","background-attachment":"scroll","background-type":"","background-media":"","overlay-type":"","overlay-color":"","overlay-opacity":"","overlay-gradient":""}},"footnotes":""},"class_list":["post-8421","page","type-page","status-publish","hentry"],"post_mailing_queue_ids":[],"_links":{"self":[{"href":"https:\/\/serveiseducatius.xtec.cat\/cda-empuries\/wp-json\/wp\/v2\/pages\/8421","targetHints":{"allow":["GET"]}}],"collection":[{"href":"https:\/\/serveiseducatius.xtec.cat\/cda-empuries\/wp-json\/wp\/v2\/pages"}],"about":[{"href":"https:\/\/serveiseducatius.xtec.cat\/cda-empuries\/wp-json\/wp\/v2\/types\/page"}],"author":[{"embeddable":true,"href":"https:\/\/serveiseducatius.xtec.cat\/cda-empuries\/wp-json\/wp\/v2\/users\/1"}],"replies":[{"embeddable":true,"href":"https:\/\/serveiseducatius.xtec.cat\/cda-empuries\/wp-json\/wp\/v2\/comments?post=8421"}],"version-history":[{"count":3,"href":"https:\/\/serveiseducatius.xtec.cat\/cda-empuries\/wp-json\/wp\/v2\/pages\/8421\/revisions"}],"predecessor-version":[{"id":10971,"href":"https:\/\/serveiseducatius.xtec.cat\/cda-empuries\/wp-json\/wp\/v2\/pages\/8421\/revisions\/10971"}],"wp:attachment":[{"href":"https:\/\/serveiseducatius.xtec.cat\/cda-empuries\/wp-json\/wp\/v2\/media?parent=8421"}],"curies":[{"name":"wp","href":"https:\/\/api.w.org\/{rel}","templated":true}]}}