{"id":8225,"date":"2016-06-20T17:21:25","date_gmt":"2016-06-20T16:21:25","guid":{"rendered":"http:\/\/serveiseducatius.xtec.cat\/cda-empuries\/?page_id=8225"},"modified":"2025-09-24T18:42:23","modified_gmt":"2025-09-24T16:42:23","slug":"el-camp","status":"publish","type":"page","link":"https:\/\/serveiseducatius.xtec.cat\/cda-empuries\/el-camp\/","title":{"rendered":"Qui som i qu\u00e8 fem"},"content":{"rendered":"<p align=\"justify\">Som un equip de tres docents amb llarga experi\u00e8ncia a escoles i instituts amb il\u00b7lusi\u00f3 i ganes de donar a con\u00e8ixer la gran riquesa hist\u00f2rica, natural i cultural del nostre entorn, als alumnes que ens visiten.<\/p>\n<p><a href=\"https:\/\/serveiseducatius.xtec.cat\/cda-empuries\/wp-content\/uploads\/usu1383\/2024\/12\/PresentacioMar-2.gif\"><img loading=\"lazy\" decoding=\"async\" class=\"alignnone wp-image-12047 size-full\" src=\"https:\/\/serveiseducatius.xtec.cat\/cda-empuries\/wp-content\/uploads\/usu1383\/2024\/12\/PresentacioMar-2.gif\" alt=\"\" width=\"1024\" height=\"576\" \/><\/a><\/p>\n<p align=\"justify\">Som un servei educatiu de refor\u00e7 curricular del Departament d\u2019Educaci\u00f3. Oferim als centres docents la possibilitat de desenvolupar projectes de treball innovadors per a l\u2019estudi i l\u2019experimentaci\u00f3 en un medi tan singular de Catalunya com \u00e9s Emp\u00faries i els seus voltants.<\/p>\n<p align=\"justify\">La nostra oferta pedag\u00f2gica fa un enfocament global i integrador al tractament dels diferents patrimonis (natural, hist\u00f2ric i cultural), incidint en aspectes com adaptaci\u00f3 al medi, sostenibilitat, patrimoni col\u00b7lectiu i paisatge cultural, i ens adaptem als\u00a0 aprenentatges curriculars.<\/p>\n<p align=\"justify\">Atenem alumnes\u00a0 de <strong>Prim\u00e0ria<\/strong>,<strong> ESO <\/strong>i <strong>Batxillerat<\/strong><\/p>\n<p align=\"justify\">Tenim quatre <strong>modalitats<\/strong> d&#8217;activitats:<\/p>\n<ul style=\"list-style-type: disc;\">\n<li><strong>SORTIDES<\/strong> d&#8217;un sol dia<\/li>\n<li><strong>ESTADES<\/strong> de 2 a 5 dies, en qu\u00e8 l&#8217;alumnat s&#8217;allotja a l&#8217;alberg Emp\u00faries.<\/li>\n<li><strong>PROJECTES COMPARTITS<\/strong> amb els centres educatius.<\/li>\n<li><strong>TALLERS<\/strong> de dues hores al centres educatius<\/li>\n<\/ul>\n<p><em>\u00a0<\/em>Per veure totes les activitats que oferim cliqueu <a href=\"https:\/\/serveiseducatius.xtec.cat\/cda-empuries\/totes-les-activitats-per-nivells\/\">l&#8217;enlla\u00e7<\/a>.<\/p>\n<p><a href=\"https:\/\/serveiseducatius.xtec.cat\/cda-empuries\/\">Torna a l&#8217;inici<\/a><\/p>\n<p>&nbsp;<\/p>\n","protected":false},"excerpt":{"rendered":"<p>Som un equip de tres docents amb llarga experi\u00e8ncia a escoles i instituts amb il\u00b7lusi\u00f3 i ganes de donar a con\u00e8ixer la gran riquesa hist\u00f2rica, natural i cultural del nostre entorn, als alumnes que ens visiten. Som un servei educatiu de refor\u00e7 curricular del Departament d\u2019Educaci\u00f3. Oferim als centres docents la possibilitat de desenvolupar projectes [&hellip;]<\/p>\n","protected":false},"author":1,"featured_media":0,"parent":0,"menu_order":0,"comment_status":"closed","ping_status":"closed","template":"","meta":{"_bbp_topic_count":0,"_bbp_reply_count":0,"_bbp_total_topic_count":0,"_bbp_total_reply_count":0,"_bbp_voice_count":0,"_bbp_anonymous_reply_count":0,"_bbp_topic_count_hidden":0,"_bbp_reply_count_hidden":0,"_bbp_forum_subforum_count":0,"site-sidebar-layout":"default","site-content-layout":"","ast-site-content-layout":"default","site-content-style":"default","site-sidebar-style":"default","ast-global-header-display":"","ast-banner-title-visibility":"","ast-main-header-display":"","ast-hfb-above-header-display":"","ast-hfb-below-header-display":"","ast-hfb-mobile-header-display":"","site-post-title":"","ast-breadcrumbs-content":"","ast-featured-img":"","footer-sml-layout":"","theme-transparent-header-meta":"default","adv-header-id-meta":"","stick-header-meta":"","header-above-stick-meta":"","header-main-stick-meta":"","header-below-stick-meta":"","astra-migrate-meta-layouts":"set","ast-page-background-enabled":"default","ast-page-background-meta":{"desktop":{"background-color":"var(--ast-global-color-4)","background-image":"","background-repeat":"repeat","background-position":"center center","background-size":"auto","background-attachment":"scroll","background-type":"","background-media":"","overlay-type":"","overlay-color":"","overlay-opacity":"","overlay-gradient":""},"tablet":{"background-color":"","background-image":"","background-repeat":"repeat","background-position":"center center","background-size":"auto","background-attachment":"scroll","background-type":"","background-media":"","overlay-type":"","overlay-color":"","overlay-opacity":"","overlay-gradient":""},"mobile":{"background-color":"","background-image":"","background-repeat":"repeat","background-position":"center center","background-size":"auto","background-attachment":"scroll","background-type":"","background-media":"","overlay-type":"","overlay-color":"","overlay-opacity":"","overlay-gradient":""}},"ast-content-background-meta":{"desktop":{"background-color":"var(--ast-global-color-5)","background-image":"","background-repeat":"repeat","background-position":"center center","background-size":"auto","background-attachment":"scroll","background-type":"","background-media":"","overlay-type":"","overlay-color":"","overlay-opacity":"","overlay-gradient":""},"tablet":{"background-color":"var(--ast-global-color-5)","background-image":"","background-repeat":"repeat","background-position":"center center","background-size":"auto","background-attachment":"scroll","background-type":"","background-media":"","overlay-type":"","overlay-color":"","overlay-opacity":"","overlay-gradient":""},"mobile":{"background-color":"var(--ast-global-color-5)","background-image":"","background-repeat":"repeat","background-position":"center center","background-size":"auto","background-attachment":"scroll","background-type":"","background-media":"","overlay-type":"","overlay-color":"","overlay-opacity":"","overlay-gradient":""}},"footnotes":""},"class_list":["post-8225","page","type-page","status-publish","hentry"],"post_mailing_queue_ids":[],"_links":{"self":[{"href":"https:\/\/serveiseducatius.xtec.cat\/cda-empuries\/wp-json\/wp\/v2\/pages\/8225","targetHints":{"allow":["GET"]}}],"collection":[{"href":"https:\/\/serveiseducatius.xtec.cat\/cda-empuries\/wp-json\/wp\/v2\/pages"}],"about":[{"href":"https:\/\/serveiseducatius.xtec.cat\/cda-empuries\/wp-json\/wp\/v2\/types\/page"}],"author":[{"embeddable":true,"href":"https:\/\/serveiseducatius.xtec.cat\/cda-empuries\/wp-json\/wp\/v2\/users\/1"}],"replies":[{"embeddable":true,"href":"https:\/\/serveiseducatius.xtec.cat\/cda-empuries\/wp-json\/wp\/v2\/comments?post=8225"}],"version-history":[{"count":6,"href":"https:\/\/serveiseducatius.xtec.cat\/cda-empuries\/wp-json\/wp\/v2\/pages\/8225\/revisions"}],"predecessor-version":[{"id":12158,"href":"https:\/\/serveiseducatius.xtec.cat\/cda-empuries\/wp-json\/wp\/v2\/pages\/8225\/revisions\/12158"}],"wp:attachment":[{"href":"https:\/\/serveiseducatius.xtec.cat\/cda-empuries\/wp-json\/wp\/v2\/media?parent=8225"}],"curies":[{"name":"wp","href":"https:\/\/api.w.org\/{rel}","templated":true}]}}