{"id":12650,"date":"2026-04-22T10:46:25","date_gmt":"2026-04-22T08:46:25","guid":{"rendered":"https:\/\/serveiseducatius.xtec.cat\/cda-empuries\/?page_id=12650"},"modified":"2026-04-22T10:46:25","modified_gmt":"2026-04-22T08:46:25","slug":"moment-2-espai-geologic-del-far-de-roses","status":"publish","type":"page","link":"https:\/\/serveiseducatius.xtec.cat\/cda-empuries\/moment-2-espai-geologic-del-far-de-roses\/","title":{"rendered":"Moment 2. Espai geol\u00f2gic del Far de Roses"},"content":{"rendered":"<p>El recorregut es fa seguint la franja litoral de poc m\u00e9s de 500 m amb les millors estructures menors associades a l\u2019empla\u00e7ament sintect\u00f2nic d\u2019un granitoide de Catalunya.<\/p>\n<table style=\"border-collapse: collapse; width: 100%; height: 267px;\">\n<tbody>\n<tr style=\"height: 267px;\">\n<td style=\"width: 63.9162%; height: 267px;\">S\u00f3n afloraments molt accessibles i de gran inter\u00e8s tant per les zones de cisalla com per les morfologies gran\u00edtiques. L\u2019itinerari i les activitats tenen com a objectiu conseguir la comprensi\u00f3 de conceptes b\u00e0sics com la cristal\u00b7litzaci\u00f3 fraccionada, processos litorals (Erosi\u00f3 i sedimentaci\u00f3) i metamorfisme<\/p>\n<p>La metodologia es basa en fer l&#8217;tinerari establint quatre parades\/estacions on a partir d&#8217;observacions i experimentacions es treballen diferents conceptes. No es fa servir dossier<\/td>\n<td style=\"width: 36.0838%; height: 267px;\">&nbsp;<\/p>\n<p><a href=\"https:\/\/serveiseducatius.xtec.cat\/cda-empuries\/wp-content\/uploads\/usu1383\/2026\/04\/per-Web2.png\"><img loading=\"lazy\" decoding=\"async\" class=\"wp-image-12653 aligncenter\" src=\"https:\/\/serveiseducatius.xtec.cat\/cda-empuries\/wp-content\/uploads\/usu1383\/2026\/04\/per-Web2-300x169.png\" alt=\"\" width=\"366\" height=\"206\" srcset=\"https:\/\/serveiseducatius.xtec.cat\/cda-empuries\/wp-content\/uploads\/usu1383\/2026\/04\/per-Web2-300x169.png 300w, https:\/\/serveiseducatius.xtec.cat\/cda-empuries\/wp-content\/uploads\/usu1383\/2026\/04\/per-Web2-1024x576.png 1024w, https:\/\/serveiseducatius.xtec.cat\/cda-empuries\/wp-content\/uploads\/usu1383\/2026\/04\/per-Web2-768x432.png 768w, https:\/\/serveiseducatius.xtec.cat\/cda-empuries\/wp-content\/uploads\/usu1383\/2026\/04\/per-Web2.png 1280w\" sizes=\"auto, (max-width: 366px) 100vw, 366px\" \/><\/a><\/td>\n<\/tr>\n<\/tbody>\n<\/table>\n<p>&nbsp;<\/p>\n<table style=\"height: 578px; width: 99.9108%; border-color: #000000; border-style: solid;\" width=\"99.9108%\">\n<tbody>\n<tr style=\"height: 114px;\">\n<td style=\"width: 28.9286%; height: 228px; border-style: solid; border-color: #000000;\" rowspan=\"2\" width=\"31\"><strong>\u00a0<\/strong><strong>ESTACI\u00d3 1<\/strong><\/p>\n<p><a href=\"https:\/\/serveiseducatius.xtec.cat\/cda-empuries\/wp-content\/uploads\/usu1383\/2026\/04\/Figura-2.jpg\"><img loading=\"lazy\" decoding=\"async\" class=\"alignnone size-medium wp-image-12646\" src=\"https:\/\/serveiseducatius.xtec.cat\/cda-empuries\/wp-content\/uploads\/usu1383\/2026\/04\/Figura-2-300x284.jpg\" alt=\"\" width=\"300\" height=\"284\" srcset=\"https:\/\/serveiseducatius.xtec.cat\/cda-empuries\/wp-content\/uploads\/usu1383\/2026\/04\/Figura-2-300x284.jpg 300w, https:\/\/serveiseducatius.xtec.cat\/cda-empuries\/wp-content\/uploads\/usu1383\/2026\/04\/Figura-2-768x728.jpg 768w, https:\/\/serveiseducatius.xtec.cat\/cda-empuries\/wp-content\/uploads\/usu1383\/2026\/04\/Figura-2.jpg 938w\" sizes=\"auto, (max-width: 300px) 100vw, 300px\" \/><\/a><\/p>\n<p><a href=\"https:\/\/serveiseducatius.xtec.cat\/cda-empuries\/wp-content\/uploads\/usu1383\/2026\/04\/Figura-3.jpg\"><img loading=\"lazy\" decoding=\"async\" class=\"alignnone size-medium wp-image-12643\" src=\"https:\/\/serveiseducatius.xtec.cat\/cda-empuries\/wp-content\/uploads\/usu1383\/2026\/04\/Figura-3-300x262.jpg\" alt=\"\" width=\"300\" height=\"262\" srcset=\"https:\/\/serveiseducatius.xtec.cat\/cda-empuries\/wp-content\/uploads\/usu1383\/2026\/04\/Figura-3-300x262.jpg 300w, https:\/\/serveiseducatius.xtec.cat\/cda-empuries\/wp-content\/uploads\/usu1383\/2026\/04\/Figura-3-768x670.jpg 768w, https:\/\/serveiseducatius.xtec.cat\/cda-empuries\/wp-content\/uploads\/usu1383\/2026\/04\/Figura-3.jpg 826w\" sizes=\"auto, (max-width: 300px) 100vw, 300px\" \/><\/a><\/td>\n<td style=\"width: 70.9821%; height: 114px; border-style: solid; border-color: #000000;\" width=\"302\"><strong>Sedimentaci\u00f3 de la sorra<\/strong><\/p>\n<p>Es determina granolumetria amb tamisos i litologia amb l&#8217;ajuda de lupes, vidre, iman i altres materials auxiliars<\/td>\n<\/tr>\n<tr style=\"height: 114px;\">\n<td style=\"width: 70.9821%; height: 114px; border-style: solid; border-color: #000000;\" width=\"302\"><strong>Cristal\u00b7lizaci\u00f3 fraccionada<\/strong><\/p>\n<p>Es fa una simulaci\u00f3 teatralitzada de la cristal\u00b7litaci\u00f3 de la granodiorita aflorant i es contextualixa a la zona<\/td>\n<\/tr>\n<tr style=\"height: 82px;\">\n<td style=\"width: 28.9286%; height: 82px; border-style: solid; border-color: #000000;\" width=\"31\"><strong>ESTACI\u00d3 2<\/strong><\/p>\n<p><a href=\"https:\/\/serveiseducatius.xtec.cat\/cda-empuries\/wp-content\/uploads\/usu1383\/2026\/04\/Figura4.jpg\"><img loading=\"lazy\" decoding=\"async\" class=\"alignnone size-medium wp-image-12645\" src=\"https:\/\/serveiseducatius.xtec.cat\/cda-empuries\/wp-content\/uploads\/usu1383\/2026\/04\/Figura4-272x300.jpg\" alt=\"\" width=\"272\" height=\"300\" srcset=\"https:\/\/serveiseducatius.xtec.cat\/cda-empuries\/wp-content\/uploads\/usu1383\/2026\/04\/Figura4-272x300.jpg 272w, https:\/\/serveiseducatius.xtec.cat\/cda-empuries\/wp-content\/uploads\/usu1383\/2026\/04\/Figura4-768x846.jpg 768w, https:\/\/serveiseducatius.xtec.cat\/cda-empuries\/wp-content\/uploads\/usu1383\/2026\/04\/Figura4.jpg 839w\" sizes=\"auto, (max-width: 272px) 100vw, 272px\" \/><\/a><\/td>\n<td style=\"width: 70.9821%; height: 82px; border-style: solid; border-color: #000000;\" width=\"302\"><strong>Hist\u00f2ria geol\u00f2gica<\/strong><\/p>\n<p>A partir del paisatge i amb l\u00e0mines de la hist\u00f2ria geol\u00f2gica es fa deduir a l&#8217;alumnat la situaci\u00f3 geol\u00f2gica de l&#8217;itinerari que estant fent<\/td>\n<\/tr>\n<tr style=\"height: 128px;\">\n<td style=\"width: 28.9286%; height: 128px; border-style: solid; border-color: #000000;\" width=\"31\"><strong>ESTACI\u00d3 3<\/strong><\/p>\n<p><a href=\"https:\/\/serveiseducatius.xtec.cat\/cda-empuries\/wp-content\/uploads\/usu1383\/2026\/04\/Figura-5.jpg\"><img loading=\"lazy\" decoding=\"async\" class=\"alignnone size-medium wp-image-12642\" src=\"https:\/\/serveiseducatius.xtec.cat\/cda-empuries\/wp-content\/uploads\/usu1383\/2026\/04\/Figura-5-300x277.jpg\" alt=\"\" width=\"300\" height=\"277\" srcset=\"https:\/\/serveiseducatius.xtec.cat\/cda-empuries\/wp-content\/uploads\/usu1383\/2026\/04\/Figura-5-300x277.jpg 300w, https:\/\/serveiseducatius.xtec.cat\/cda-empuries\/wp-content\/uploads\/usu1383\/2026\/04\/Figura-5-768x708.jpg 768w, https:\/\/serveiseducatius.xtec.cat\/cda-empuries\/wp-content\/uploads\/usu1383\/2026\/04\/Figura-5.jpg 1002w\" sizes=\"auto, (max-width: 300px) 100vw, 300px\" \/><\/a><\/td>\n<td style=\"width: 70.9821%; height: 128px; border-style: solid; border-color: #000000;\" width=\"302\"><strong>Metamorfisme<\/strong><\/p>\n<p>Es fan petites simulacions del comportament dels materials durant el metamorfisme per comprendre les franges milon\u00edtiques presents i diferents estructures<\/td>\n<\/tr>\n<tr style=\"height: 87px;\">\n<td style=\"width: 28.9286%; height: 87px; border-style: solid; border-color: #000000;\" width=\"31\"><strong>ESTACI\u00d3 4<\/strong><\/p>\n<p><a href=\"https:\/\/serveiseducatius.xtec.cat\/cda-empuries\/wp-content\/uploads\/usu1383\/2026\/04\/Figura6.jpg\"><img loading=\"lazy\" decoding=\"async\" class=\"alignnone size-medium wp-image-12641\" src=\"https:\/\/serveiseducatius.xtec.cat\/cda-empuries\/wp-content\/uploads\/usu1383\/2026\/04\/Figura6-283x300.jpg\" alt=\"\" width=\"283\" height=\"300\" srcset=\"https:\/\/serveiseducatius.xtec.cat\/cda-empuries\/wp-content\/uploads\/usu1383\/2026\/04\/Figura6-283x300.jpg 283w, https:\/\/serveiseducatius.xtec.cat\/cda-empuries\/wp-content\/uploads\/usu1383\/2026\/04\/Figura6-768x815.jpg 768w, https:\/\/serveiseducatius.xtec.cat\/cda-empuries\/wp-content\/uploads\/usu1383\/2026\/04\/Figura6.jpg 924w\" sizes=\"auto, (max-width: 283px) 100vw, 283px\" \/><\/a><\/td>\n<td style=\"width: 70.9821%; height: 87px; border-style: solid; border-color: #000000;\" width=\"302\"><strong>Meteorizaci\u00f3<\/strong><\/p>\n<p>Es fa una cerca lliure i despr\u00e8s explicativa de diferents exemples de modelat granitic com els tafonni, cassoletes d&#8217;erosi\u00f3 o alveols.<\/td>\n<\/tr>\n<\/tbody>\n<\/table>\n","protected":false},"excerpt":{"rendered":"<p>El recorregut es fa seguint la franja litoral de poc m\u00e9s de 500 m amb les millors estructures menors associades a l\u2019empla\u00e7ament sintect\u00f2nic d\u2019un granitoide de Catalunya. S\u00f3n afloraments molt accessibles i de gran inter\u00e8s tant per les zones de cisalla com per les morfologies gran\u00edtiques. L\u2019itinerari i les activitats tenen com a objectiu conseguir [&hellip;]<\/p>\n","protected":false},"author":1,"featured_media":0,"parent":0,"menu_order":0,"comment_status":"closed","ping_status":"closed","template":"","meta":{"_bbp_topic_count":0,"_bbp_reply_count":0,"_bbp_total_topic_count":0,"_bbp_total_reply_count":0,"_bbp_voice_count":0,"_bbp_anonymous_reply_count":0,"_bbp_topic_count_hidden":0,"_bbp_reply_count_hidden":0,"_bbp_forum_subforum_count":0,"site-sidebar-layout":"default","site-content-layout":"","ast-site-content-layout":"default","site-content-style":"default","site-sidebar-style":"default","ast-global-header-display":"","ast-banner-title-visibility":"","ast-main-header-display":"","ast-hfb-above-header-display":"","ast-hfb-below-header-display":"","ast-hfb-mobile-header-display":"","site-post-title":"","ast-breadcrumbs-content":"","ast-featured-img":"","footer-sml-layout":"","theme-transparent-header-meta":"default","adv-header-id-meta":"","stick-header-meta":"","header-above-stick-meta":"","header-main-stick-meta":"","header-below-stick-meta":"","astra-migrate-meta-layouts":"set","ast-page-background-enabled":"default","ast-page-background-meta":{"desktop":{"background-color":"var(--ast-global-color-4)","background-image":"","background-repeat":"repeat","background-position":"center center","background-size":"auto","background-attachment":"scroll","background-type":"","background-media":"","overlay-type":"","overlay-color":"","overlay-opacity":"","overlay-gradient":""},"tablet":{"background-color":"","background-image":"","background-repeat":"repeat","background-position":"center center","background-size":"auto","background-attachment":"scroll","background-type":"","background-media":"","overlay-type":"","overlay-color":"","overlay-opacity":"","overlay-gradient":""},"mobile":{"background-color":"","background-image":"","background-repeat":"repeat","background-position":"center center","background-size":"auto","background-attachment":"scroll","background-type":"","background-media":"","overlay-type":"","overlay-color":"","overlay-opacity":"","overlay-gradient":""}},"ast-content-background-meta":{"desktop":{"background-color":"var(--ast-global-color-5)","background-image":"","background-repeat":"repeat","background-position":"center center","background-size":"auto","background-attachment":"scroll","background-type":"","background-media":"","overlay-type":"","overlay-color":"","overlay-opacity":"","overlay-gradient":""},"tablet":{"background-color":"var(--ast-global-color-5)","background-image":"","background-repeat":"repeat","background-position":"center center","background-size":"auto","background-attachment":"scroll","background-type":"","background-media":"","overlay-type":"","overlay-color":"","overlay-opacity":"","overlay-gradient":""},"mobile":{"background-color":"var(--ast-global-color-5)","background-image":"","background-repeat":"repeat","background-position":"center center","background-size":"auto","background-attachment":"scroll","background-type":"","background-media":"","overlay-type":"","overlay-color":"","overlay-opacity":"","overlay-gradient":""}},"footnotes":""},"class_list":["post-12650","page","type-page","status-publish","hentry"],"post_mailing_queue_ids":[],"_links":{"self":[{"href":"https:\/\/serveiseducatius.xtec.cat\/cda-empuries\/wp-json\/wp\/v2\/pages\/12650","targetHints":{"allow":["GET"]}}],"collection":[{"href":"https:\/\/serveiseducatius.xtec.cat\/cda-empuries\/wp-json\/wp\/v2\/pages"}],"about":[{"href":"https:\/\/serveiseducatius.xtec.cat\/cda-empuries\/wp-json\/wp\/v2\/types\/page"}],"author":[{"embeddable":true,"href":"https:\/\/serveiseducatius.xtec.cat\/cda-empuries\/wp-json\/wp\/v2\/users\/1"}],"replies":[{"embeddable":true,"href":"https:\/\/serveiseducatius.xtec.cat\/cda-empuries\/wp-json\/wp\/v2\/comments?post=12650"}],"version-history":[{"count":4,"href":"https:\/\/serveiseducatius.xtec.cat\/cda-empuries\/wp-json\/wp\/v2\/pages\/12650\/revisions"}],"predecessor-version":[{"id":12656,"href":"https:\/\/serveiseducatius.xtec.cat\/cda-empuries\/wp-json\/wp\/v2\/pages\/12650\/revisions\/12656"}],"wp:attachment":[{"href":"https:\/\/serveiseducatius.xtec.cat\/cda-empuries\/wp-json\/wp\/v2\/media?parent=12650"}],"curies":[{"name":"wp","href":"https:\/\/api.w.org\/{rel}","templated":true}]}}